{"id":31,"date":"2024-04-04T02:55:51","date_gmt":"2024-04-03T23:55:51","guid":{"rendered":"https:\/\/sisu.ut.ee\/zooloogiaring\/2015-2016\/"},"modified":"2024-04-04T02:58:09","modified_gmt":"2024-04-03T23:58:09","slug":"2015-2016","status":"publish","type":"page","link":"https:\/\/sisu.ut.ee\/zooloogiaring\/2015-2016\/","title":{"rendered":"2015-2016"},"content":{"rendered":"<p class=\"style1\"><span style=\"font-family: verdana, geneva\">2015-2016 \u00f5ppeaasta teemad<\/span><\/p>\n<ol>\n<li><span style=\"font-family: verdana, geneva\">sipelga\u00f5gijad<\/span><\/li>\n<li><span style=\"font-family: verdana, geneva\">sookilpkonn<\/span><\/li>\n<li><span style=\"font-family: verdana, geneva\">aksolotl<\/span><\/li>\n<li><span style=\"font-family: verdana, geneva\">maaerakv\u00e4hid<\/span><\/li>\n<li><span style=\"font-family: verdana, geneva\">babirussa<\/span><\/li>\n<li><span style=\"font-family: verdana, geneva\">leeguan<\/span><\/li>\n<li><span style=\"font-family: verdana, geneva\">sarvikraid ja merisarvikud<\/span><\/li>\n<li><span style=\"font-family: verdana, geneva\">\u00fchiselulised herilased<\/span><\/li>\n<li><span style=\"font-family: verdana, geneva\">hallhaigur ja h\u00f5behaigur<\/span><\/li>\n<li><span style=\"font-family: verdana, geneva\">metssiga<\/span><\/li>\n<li><span style=\"font-family: verdana, geneva\">jaanalind<\/span><\/li>\n<li><span style=\"font-family: verdana, geneva\">p\u00e4evagekod<\/span><\/li>\n<li><span style=\"font-family: verdana, geneva\">L\u00e4\u00e4nemere loomad<\/span><\/li>\n<li><span style=\"font-family: verdana, geneva\">imikalad<\/span><\/li>\n<li><span style=\"font-family: verdana, geneva\">k\u00fc\u00fclik<\/span><\/li>\n<li><span style=\"font-family: verdana, geneva\">kiivid<\/span><\/li>\n<li><span style=\"font-family: verdana, geneva\">nosulanguurid<\/span><\/li>\n<li><span style=\"font-family: verdana, geneva\">fennek<\/span><\/li>\n<li><span style=\"font-family: verdana, geneva\">tarantel<\/span><\/li>\n<li><span style=\"font-family: verdana, geneva\">vasarhaid<\/span><\/li>\n<li><span style=\"font-family: verdana, geneva\">hallh\u00fcljes ja viigerh\u00fcljes<\/span><\/li>\n<li><span style=\"font-family: verdana, geneva\">h\u00e4rgkonnad, koljatkonn ja aaga<\/span><\/li>\n<li><span style=\"font-family: verdana, geneva\">lehtlalinnud<\/span><\/li>\n<li><span style=\"font-family: verdana, geneva\">mandrill ja drill<\/span><\/li>\n<li><span style=\"font-family: verdana, geneva\">harp\u00fcia<\/span><\/li>\n<li><span style=\"font-family: verdana, geneva\">liuskurid<\/span><\/li>\n<li><span style=\"font-family: verdana, geneva\">kvollid<\/span><\/li>\n<li><span style=\"font-family: verdana, geneva\">suulad<\/span><\/li>\n<li><span style=\"font-family: verdana, geneva\">pronksmaod, liaanimaod, v\u00f5ramaod<\/span><\/li>\n<li><span style=\"font-family: verdana, geneva\">merisutt, j\u00f5esilm, ojasilm<\/span><\/li>\n<\/ol>\n","protected":false},"excerpt":{"rendered":"<p>2015-2016 \u00f5ppeaasta teemad sipelga\u00f5gijad sookilpkonn aksolotl maaerakv\u00e4hid babirussa leeguan sarvikraid ja merisarvikud \u00fchiselulised herilased hallhaigur ja h\u00f5behaigur metssiga jaanalind p\u00e4evagekod L\u00e4\u00e4nemere loomad imikalad k\u00fc\u00fclik kiivid nosulanguurid fennek tarantel vasarhaid hallh\u00fcljes ja viigerh\u00fcljes h\u00e4rgkonnad, koljatkonn ja aaga lehtlalinnud mandrill ja drill &#8230;<\/p>\n","protected":false},"author":88,"featured_media":0,"parent":0,"menu_order":0,"comment_status":"closed","ping_status":"closed","template":"","meta":{"_acf_changed":false,"inline_featured_image":false,"footnotes":""},"class_list":["post-31","page","type-page","status-publish","hentry"],"acf":[],"_links":{"self":[{"href":"https:\/\/sisu.ut.ee\/zooloogiaring\/wp-json\/wp\/v2\/pages\/31","targetHints":{"allow":["GET"]}}],"collection":[{"href":"https:\/\/sisu.ut.ee\/zooloogiaring\/wp-json\/wp\/v2\/pages"}],"about":[{"href":"https:\/\/sisu.ut.ee\/zooloogiaring\/wp-json\/wp\/v2\/types\/page"}],"author":[{"embeddable":true,"href":"https:\/\/sisu.ut.ee\/zooloogiaring\/wp-json\/wp\/v2\/users\/88"}],"replies":[{"embeddable":true,"href":"https:\/\/sisu.ut.ee\/zooloogiaring\/wp-json\/wp\/v2\/comments?post=31"}],"version-history":[{"count":1,"href":"https:\/\/sisu.ut.ee\/zooloogiaring\/wp-json\/wp\/v2\/pages\/31\/revisions"}],"predecessor-version":[{"id":790,"href":"https:\/\/sisu.ut.ee\/zooloogiaring\/wp-json\/wp\/v2\/pages\/31\/revisions\/790"}],"wp:attachment":[{"href":"https:\/\/sisu.ut.ee\/zooloogiaring\/wp-json\/wp\/v2\/media?parent=31"}],"curies":[{"name":"wp","href":"https:\/\/api.w.org\/{rel}","templated":true}]}}