{"id":3,"date":"2024-04-04T02:55:49","date_gmt":"2024-04-03T23:55:49","guid":{"rendered":"https:\/\/sisu.ut.ee\/zooloogiaring\/kik-2017\/"},"modified":"2024-04-19T01:49:46","modified_gmt":"2024-04-18T22:49:46","slug":"kik-2017","status":"publish","type":"page","link":"https:\/\/sisu.ut.ee\/zooloogiaring\/kik-2017\/","title":{"rendered":"zooloogiaringi v\u00e4lipraktikumid 2017. aastal"},"content":{"rendered":"<p><span style=\"font-size: 26px;\"><strong><span style=\"font-family: Verdana,Geneva,sans-serif;\">Palup\u00f5hja 4.-5. veebruar 2017<\/span><\/strong><\/span><\/p>\n\n\n\n<p><span style=\"font-size: 16px;\"><span style=\"font-family: Verdana,Geneva,sans-serif;\">Sobiv ilm lubas palju \u00f5ues olla, loodust uurida ja matkata.<\/span><\/span><\/p>\n\n\n\n<figure class=\"wp-block-image\"><img decoding=\"async\" src=\"https:\/\/sisu.ut.ee\/wp-content\/uploads\/sites\/427\/poo1-10.jpg\" alt=\"\"><\/figure>\n\n\n\n<p><span style=\"font-size: 16px;\"><span style=\"font-family: Verdana,Geneva,sans-serif;\"><\/span><\/span><\/p>\n\n\n\n<p><span style=\"font-size: 16px;\"><span style=\"font-family: Verdana,Geneva,sans-serif;\">Ruumis olles \u00f5ppisime tundma Eesti pisikiskjaid nahkade j\u00e4rgi,\u00a0v\u00f5rdlesime ja uurisime erinevate loomade tegevusj\u00e4lgede n\u00e4idiseid.<\/span><\/span><\/p>\n\n\n\n<figure class=\"wp-block-image\"><img decoding=\"async\" src=\"https:\/\/sisu.ut.ee\/wp-content\/uploads\/sites\/427\/poo1-14.jpg\" alt=\"\"><\/figure>\n\n\n\n<p><span style=\"font-size: 16px;\"><span style=\"font-family: Verdana,Geneva,sans-serif;\"><\/span><\/span><\/p>\n\n\n\n<p><span style=\"font-size: 16px;\"><span style=\"font-family: Verdana,Geneva,sans-serif;\">L\u00f5puks koostasime loomade nimestiku, keda me n\u00e4gime, kuulsime\u00a0v\u00f5i tegime kindlaks nende tegevusj\u00e4lgede j\u00e4rgi.<\/span><\/span><\/p>\n\n\n\n<p><span style=\"font-size: 14px;\"><span style=\"font-family: Verdana,Geneva,sans-serif;\"><a title=\"\" href=\"https:\/\/sisu.ut.ee\/wp-content\/uploads\/sites\/178\/loomade_nimestik_palupohja_4.-5.02.2017.pdf\" target=\"_blank\" rel=\"noopener\" data-url=\"https:\/\/sisu.ut.ee\/wp-content\/uploads\/sites\/178\/loomade_nimestik_palupohja_4.-5.02.2017.pdf\">Loomade nimestik\u00a0Palup\u00f5hja 4.-5.02.2017 &gt;&gt;<\/a><\/span><\/span><\/p>\n\n\n\n<p><span style=\"font-size: 14px;\"><span style=\"font-family: Verdana,Geneva,sans-serif;\"><strong><a title=\"\" href=\"https:\/\/sisu.ut.ee\/zrpildid\/palupohja-4-5-02-2017\" target=\"_blank\" rel=\"noopener\" data-url=\"https:\/\/sisu.ut.ee\/zrpildid\/palupohja-4-5-02-2017\">pildid &gt;&gt;<\/a><\/strong><\/span><\/span><br>\u00a0<\/p>\n\n\n\n<hr class=\"wp-block-separator has-alpha-channel-opacity\">\n\n\n\n<p><br><strong><span style=\"font-size: 26px;\"><span style=\"font-family: Verdana,Geneva,sans-serif;\">Palup\u00f5hja 18.-19. veebruar 2017<\/span><\/span><\/strong><\/p>\n\n\n\n<p><span style=\"font-size: 16px;\"><span style=\"font-family: Verdana,Geneva,sans-serif;\">\u00d5ppek\u00e4ikudel uurisime loomade talviseid tegevusj\u00e4lgi, vaatlesime ja kuulasime linde. Kaasas olid loomade jalaj\u00e4lgede m\u00e4\u00e4ramislehed, joonlauad, binoklid, karbid ja kilekotid n\u00e4idiste kogumiseks.<\/span><\/span><\/p>\n\n\n\n<figure class=\"wp-block-image\"><img decoding=\"async\" src=\"https:\/\/sisu.ut.ee\/wp-content\/uploads\/sites\/427\/poo2-18.jpg\" alt=\"\"><\/figure>\n\n\n\n<p><span style=\"font-size: 16px;\"><span style=\"font-family: Verdana,Geneva,sans-serif;\"><\/span><\/span><\/p>\n\n\n\n<p><span style=\"font-size: 16px;\"><span style=\"font-family: Verdana,Geneva,sans-serif;\">Tegevus toimus kahes r\u00fchmas.\u00a0Juhendajateks olid Mirjam Grosberg, Jakob Oetjen ja Aivo Tamm.\u00a0<\/span><\/span><span style=\"font-size: 16px;\"><span style=\"font-family: Verdana,Geneva,sans-serif;\">Ruumis m\u00e4\u00e4rasime imetajaid nahkade j\u00e4rgi ja uurisime loomade tegevusj\u00e4lgede n\u00e4idiseid.<\/span><\/span><\/p>\n\n\n\n<figure class=\"wp-block-image\"><img decoding=\"async\" src=\"https:\/\/sisu.ut.ee\/wp-content\/uploads\/sites\/427\/poo2-13.jpg\" alt=\"\"><\/figure>\n\n\n\n<p><span style=\"font-size: 16px;\"><span style=\"font-family: Verdana,Geneva,sans-serif;\"><\/span><\/span><\/p>\n\n\n\n<p><span style=\"font-size: 16px;\"><span style=\"font-family: Verdana,Geneva,sans-serif;\">Koostasime \u00fclevaated erinevatesr loomadest ning esitlesime neid teistele.\u00a0Selleks kasutasime kohapeal olevat raamatukogu ning loomafe fotosid ja tegevusj\u00e4lgede n\u00e4idiseid.<\/span><\/span><\/p>\n\n\n\n<figure class=\"wp-block-image\"><img decoding=\"async\" src=\"https:\/\/sisu.ut.ee\/wp-content\/uploads\/sites\/427\/poo2-07.jpg\" alt=\"\"><\/figure>\n\n\n\n<p><span style=\"font-size: 16px;\"><span style=\"font-family: Verdana,Geneva,sans-serif;\"><\/span><\/span><\/p>\n\n\n\n<figure class=\"wp-block-image\"><img decoding=\"async\" src=\"https:\/\/sisu.ut.ee\/wp-content\/uploads\/sites\/427\/poo2-15.jpg\" alt=\"\"><\/figure>\n\n\n\n<p><span style=\"font-size: 16px;\"><span style=\"font-family: Verdana,Geneva,sans-serif;\"><\/span><\/span><\/p>\n\n\n\n<p><span style=\"font-size: 16px;\"><span style=\"font-family: Verdana,Geneva,sans-serif;\">L\u00f5puks koostasime loomade nimestiku, keda me n\u00e4gime, kuulsime\u00a0v\u00f5i tegime kindlaks nende tegevusj\u00e4lgede j\u00e4rgi.<\/span><\/span><\/p>\n\n\n\n<p><span style=\"font-size: 14px;\"><span style=\"font-family: Verdana,Geneva,sans-serif;\"><a title=\"\" href=\"https:\/\/sisu.ut.ee\/wp-content\/uploads\/sites\/178\/loomade_nimestik_palupohja_18.-19.02.2017.pdf\" target=\"_blank\" rel=\"noopener\" data-url=\"https:\/\/sisu.ut.ee\/wp-content\/uploads\/sites\/178\/loomade_nimestik_palupohja_18.-19.02.2017.pdf\">Loomade nimestik\u00a0Palup\u00f5hja 18.-19.02.2017\u00a0&gt;&gt;<\/a><\/span><\/span><\/p>\n\n\n\n<p><span style=\"font-size: 14px;\"><span style=\"font-family: Verdana,Geneva,sans-serif;\"><strong><a title=\"\" href=\"https:\/\/sisu.ut.ee\/zrpildid\/palupohja-18-19-02-2017\" target=\"_blank\" rel=\"noopener\" data-url=\"https:\/\/sisu.ut.ee\/zrpildid\/palupohja-18-19-02-2017\">pildid &gt;&gt;<\/a><\/strong><\/span><\/span><\/p>\n\n\n\n<hr class=\"wp-block-separator has-alpha-channel-opacity\">\n\n\n\n<p><br><strong><span style=\"font-size: 26px;\"><span style=\"font-family: Verdana,Geneva,sans-serif;\">J\u00e4rvselja 11.-13. juuli 2017<\/span><\/span><\/strong><\/p>\n\n\n\n<p><span style=\"font-size: 16px;\"><span style=\"font-family: Verdana,Geneva,sans-serif;\">Tegutsesime J\u00e4rvselja \u00d5ppe- ja katsemetskonna \u00fchiselamutes.\u00a0<\/span><\/span><\/p>\n\n\n\n<figure class=\"wp-block-image\"><img decoding=\"async\" src=\"https:\/\/sisu.ut.ee\/wp-content\/uploads\/sites\/178\/jarvs1_23m.jpg\" alt=\"\"><\/figure>\n\n\n\n<p><span style=\"font-size: 16px;\"><span style=\"font-family: Verdana,Geneva,sans-serif;\"><\/span><\/span><\/p>\n\n\n\n<p><span style=\"font-size: 16px;\"><span style=\"font-family: Verdana,Geneva,sans-serif;\">Bioloog ja loodushelide salvestaja Veljo Runnel r\u00e4\u00e4kis ja n\u00e4itas, kuidas loodushelisid salvestatakse.\u00a0Kuulsime vaaaluseid helisid ning nahkhiire h\u00e4\u00e4li detektori abil.<\/span><\/span><\/p>\n\n\n\n<figure class=\"wp-block-image\"><img decoding=\"async\" src=\"https:\/\/sisu.ut.ee\/wp-content\/uploads\/sites\/427\/jarvs1_04_0.jpg\" alt=\"\"><\/figure>\n\n\n\n<p><span style=\"font-size: 16px;\"><span style=\"font-family: Verdana,Geneva,sans-serif;\"><\/span><\/span><\/p>\n\n\n\n<p><span style=\"font-size: 16px;\"><span style=\"font-family: Verdana,Geneva,sans-serif;\">P\u00fc\u00fcdsime veeloomi ning uurisime veekogu \u00f6kos\u00fcsteemi.<\/span><\/span><\/p>\n\n\n\n<figure class=\"wp-block-image\"><img decoding=\"async\" src=\"https:\/\/sisu.ut.ee\/wp-content\/uploads\/sites\/427\/jarvs1_09_0.jpg\" alt=\"\"><\/figure>\n\n\n\n<p><span style=\"font-size: 16px;\"><span style=\"font-family: Verdana,Geneva,sans-serif;\"><\/span><\/span><\/p>\n\n\n\n<p><span style=\"font-size: 16px;\"><span style=\"font-family: Verdana,Geneva,sans-serif;\">P\u00fc\u00fcdsime putukaid p\u00e4eval ja \u00f6\u00f6sel.<\/span><\/span><\/p>\n\n\n\n<figure class=\"wp-block-image\"><img decoding=\"async\" src=\"https:\/\/sisu.ut.ee\/wp-content\/uploads\/sites\/178\/jarvs1_24m.jpg\" alt=\"\"><\/figure>\n\n\n\n<p><span style=\"font-size: 16px;\"><span style=\"font-family: Verdana,Geneva,sans-serif;\"><\/span><\/span><\/p>\n\n\n\n<p><span style=\"font-size: 16px;\"><span style=\"font-family: Verdana,Geneva,sans-serif;\">R\u00fchmat\u00f6\u00f6 \u00fclesandeks oli ideekavand uurimust\u00f6\u00f6ks looduses.\u00a0Millist zooloogiateemalist uurimust\u00f6\u00f6d sooviksin teha. Mida uuriksin?<\/span><\/span><\/p>\n\n\n\n<figure class=\"wp-block-image\"><img decoding=\"async\" src=\"https:\/\/sisu.ut.ee\/wp-content\/uploads\/sites\/178\/mager_jalg1.jpg\" alt=\"\"><\/figure>\n\n\n\n<p><span style=\"font-size: 16px;\"><span style=\"font-family: Verdana,Geneva,sans-serif;\">Esimest korda zooloogiaringi laagrites proovisime teha looma j\u00e4ljest kipsj\u00e4ljendit.<\/span><\/span><\/p>\n\n\n\n<figure class=\"wp-block-image\"><img decoding=\"async\" src=\"https:\/\/sisu.ut.ee\/wp-content\/uploads\/sites\/427\/jarvs1_17_0.jpg\" alt=\"\"><\/figure>\n\n\n\n<p><span style=\"font-size: 16px;\"><span style=\"font-family: Verdana,Geneva,sans-serif;\"><\/span><\/span><\/p>\n\n\n\n<p><span style=\"font-size: 16px;\"><span style=\"font-family: Verdana,Geneva,sans-serif;\">L\u00f5puks koostasime loomade nimestiku, keda me n\u00e4gime, kuulsime\u00a0v\u00f5i tegime kindlaks nende tegevusj\u00e4lgede j\u00e4rgi.<\/span><\/span><\/p>\n\n\n\n<p><span style=\"font-size: 14px;\"><span style=\"font-family: Verdana,Geneva,sans-serif;\"><a title=\"\" href=\"https:\/\/sisu.ut.ee\/wp-content\/uploads\/sites\/178\/loomade_nimestik_jarvselja_11.-13.07.2017.pdf\" target=\"_blank\" rel=\"noopener\" data-url=\"https:\/\/sisu.ut.ee\/wp-content\/uploads\/sites\/178\/loomade_nimestik_jarvselja_11.-13.07.2017.pdf\">Loomade nimestik\u00a0J\u00e4rvselja 11.-13.07.2017 &gt;&gt;<\/a><\/span><\/span><\/p>\n\n\n\n<p><span style=\"font-size: 14px;\"><span style=\"font-family: Verdana,Geneva,sans-serif;\"><strong><a title=\"\" href=\"https:\/\/sisu.ut.ee\/zrpildid\/jarvselja-11-13-07-2017\" target=\"_blank\" rel=\"noopener\" data-url=\"https:\/\/sisu.ut.ee\/zrpildid\/jarvselja-11-13-07-2017\">pildid &gt;&gt;<\/a><\/strong><\/span><\/span><br>\u00a0<\/p>\n\n\n\n<hr class=\"wp-block-separator has-alpha-channel-opacity\">\n\n\n\n<p><br><strong><span style=\"font-size: 26px;\"><span style=\"font-family: Verdana,Geneva,sans-serif;\">J\u00e4rvselja 17.-19. juuli 2017<\/span><\/span><\/strong><\/p>\n\n\n\n<p><span style=\"font-size: 16px;\"><span style=\"font-family: Verdana,Geneva,sans-serif;\">Tegutsesime J\u00e4rvselja \u00d5ppe- ja katsemetskonna \u00fchiselamutes.<\/span><\/span><\/p>\n\n\n\n<p><span style=\"font-size: 16px;\"><span style=\"font-family: Verdana,Geneva,sans-serif;\">Tegevus toimus kahes r\u00fchmas, mis omakorda olis kaheks jaotatud.\u00a0Kasutada oli neli fotokaamerat, millega said r\u00fchmade \u00f5pilased oma tegevust\u00a0ning kohatud loomi ja nende tegevusj\u00e4lgi pildistada.<\/span><\/span><\/p>\n\n\n\n<p><span style=\"font-size: 16px;\"><span style=\"font-family: Verdana,Geneva,sans-serif;\">Kahjuks ei soosinud ilmastik meie tegevusi ja me ei saanud olla v\u00e4ljas niipalju kui oleksime soovinud.\u00a0K\u00e4isime \u00f5ppek\u00e4ikudel J\u00e4rvselja \u00dcrgmetsas.<\/span><\/span><\/p>\n\n\n\n<figure class=\"wp-block-image\"><img decoding=\"async\" src=\"https:\/\/sisu.ut.ee\/wp-content\/uploads\/sites\/178\/jarvs2_24m.jpg\" alt=\"\"><\/figure>\n\n\n\n<p><span style=\"font-size: 16px;\"><span style=\"font-family: Verdana,Geneva,sans-serif;\"><\/span><\/span><\/p>\n\n\n\n<p><span style=\"font-size: 16px;\"><span style=\"font-family: Verdana,Geneva,sans-serif;\">Huvilised said vaadata ja putukate prepareerimisel ja liblikate sirutamisel k\u00e4tt harjutada.<\/span><\/span><\/p>\n\n\n\n<figure class=\"wp-block-image\"><img decoding=\"async\" src=\"https:\/\/sisu.ut.ee\/wp-content\/uploads\/sites\/427\/jarvs2_12.jpg\" alt=\"\"><\/figure>\n\n\n\n<p><span style=\"font-size: 16px;\"><span style=\"font-family: Verdana,Geneva,sans-serif;\"><\/span><\/span><\/p>\n\n\n\n<p><span style=\"font-size: 16px;\"><span style=\"font-family: Verdana,Geneva,sans-serif;\">\u00d6\u00f6sel vaatlesime ja p\u00fc\u00fcdsime \u00f6\u00f6liblikaid \u2026<\/span><\/span><\/p>\n\n\n\n<figure class=\"wp-block-image\"><img decoding=\"async\" src=\"https:\/\/sisu.ut.ee\/wp-content\/uploads\/sites\/427\/jarvs2_15.jpg\" alt=\"\"><\/figure>\n\n\n\n<p><span style=\"font-size: 16px;\"><span style=\"font-family: Verdana,Geneva,sans-serif;\"><\/span><\/span><\/p>\n\n\n\n<figure class=\"wp-block-image\"><img decoding=\"async\" src=\"https:\/\/sisu.ut.ee\/wp-content\/uploads\/sites\/178\/jarvs2_25m.jpg\" alt=\"\"><\/figure>\n\n\n\n<p><span style=\"font-size: 16px;\"><span style=\"font-family: Verdana,Geneva,sans-serif;\"><\/span><\/span><\/p>\n\n\n\n<p><span style=\"font-size: 16px;\"><span style=\"font-family: Verdana,Geneva,sans-serif;\">P\u00fc\u00fcdsime ja uurisime veeloomi.<\/span><\/span><\/p>\n\n\n\n<figure class=\"wp-block-image\"><img decoding=\"async\" src=\"https:\/\/sisu.ut.ee\/wp-content\/uploads\/sites\/427\/jarvs2_04.jpg\" alt=\"\"><\/figure>\n\n\n\n<p><span style=\"font-size: 16px;\"><span style=\"font-family: Verdana,Geneva,sans-serif;\"><\/span><\/span><\/p>\n\n\n\n<p><span style=\"font-size: 16px;\"><span style=\"font-family: Verdana,Geneva,sans-serif;\">Teine r\u00fchm k\u00e4is samal ajal Mirjamiga metsa- ja niiduelustikku uurimas.<\/span><\/span><\/p>\n\n\n\n<figure class=\"wp-block-image\"><img decoding=\"async\" src=\"https:\/\/sisu.ut.ee\/wp-content\/uploads\/sites\/178\/jarvs2_26m.jpg\" alt=\"\"><\/figure>\n\n\n\n<p><span style=\"font-size: 16px;\"><span style=\"font-family: Verdana,Geneva,sans-serif;\"><\/span><\/span><\/p>\n\n\n\n<p><span style=\"font-size: 16px;\"><span style=\"font-family: Verdana,Geneva,sans-serif;\">Aega j\u00e4i ka m\u00e4ngimiseks.<\/span><\/span><\/p>\n\n\n\n<figure class=\"wp-block-image\"><img decoding=\"async\" src=\"https:\/\/sisu.ut.ee\/wp-content\/uploads\/sites\/427\/jarvs2_10.jpg\" alt=\"\"><\/figure>\n\n\n\n<p><span style=\"font-size: 16px;\"><span style=\"font-family: Verdana,Geneva,sans-serif;\"><\/span><\/span><\/p>\n\n\n\n<p><span style=\"font-size: 16px;\"><span style=\"font-family: Verdana,Geneva,sans-serif;\">Pisikesi loomi ja liblika tiiba uurisime digimikroskoobiga.<\/span><\/span><\/p>\n\n\n\n<p><span style=\"font-size: 16px;\"><span style=\"font-family: Verdana,Geneva,sans-serif;\"><img decoding=\"async\" src=\"https:\/\/sisu.ut.ee\/wp-content\/uploads\/sites\/178\/vesikirbud_a070.jpg\" alt=\"\"><\/span><\/span><br><span style=\"font-size: 14px;\"><span style=\"font-family: Verdana,Geneva,sans-serif;\">Vesikirbud<\/span><\/span><\/p>\n\n\n\n<p><span style=\"font-size: 14px;\"><span style=\"font-family: Verdana,Geneva,sans-serif;\"><img decoding=\"async\" src=\"https:\/\/sisu.ut.ee\/wp-content\/uploads\/sites\/427\/harilik_tumesilmik_tiib_a201_0.jpg\" alt=\"\"><br>Hariliku tumesilmiku tiiva alak\u00fclg<\/span><\/span><\/p>\n\n\n\n<p><span style=\"font-size: 16px;\"><span style=\"font-family: Verdana,Geneva,sans-serif;\">L\u00f5puks koostasime loomade nimestiku, keda me n\u00e4gime, kuulsime\u00a0v\u00f5i tegime kindlaks nende tegevusj\u00e4lgede j\u00e4rgi.<\/span><\/span><\/p>\n\n\n\n<p><span style=\"font-size: 14px;\"><span style=\"font-family: Verdana,Geneva,sans-serif;\"><a title=\"\" href=\"https:\/\/sisu.ut.ee\/wp-content\/uploads\/sites\/178\/loomade_nimestik_jarvselja_17.-19.07.2017.pdf\" target=\"_blank\" rel=\"noopener\" data-url=\"https:\/\/sisu.ut.ee\/wp-content\/uploads\/sites\/178\/loomade_nimestik_jarvselja_17.-19.07.2017.pdf\">Loomade nimestik\u00a0J\u00e4rvselja 17.-19.07.2017 &gt;&gt;<\/a><\/span><\/span><\/p>\n\n\n\n<p><span style=\"font-size: 14px;\"><span style=\"font-family: Verdana,Geneva,sans-serif;\"><strong><a title=\"\" href=\"https:\/\/sisu.ut.ee\/zrpildid\/jarvselja-17-19-07-2017\" target=\"_blank\" rel=\"noopener\" data-url=\"https:\/\/sisu.ut.ee\/zrpildid\/jarvselja-17-19-07-2017\">pildid &gt;&gt;<\/a><\/strong><\/span><\/span><\/p>\n\n\n\n<p><span style=\"font-size: 16px;\"><span style=\"font-family: Verdana,Geneva,sans-serif;\">praktikumide l\u00e4biviimist toetas\u00a0<a href=\"http:\/\/www.kik.ee\/\" target=\"_blank\" rel=\"noopener\">KIK<\/a><\/span><\/span><\/p>\n\n\n\n<figure class=\"wp-block-image size-full\"><a href=\"https:\/\/kik.ee\/et\" target=\"_blank\" rel=\"noopener\"><img loading=\"lazy\" decoding=\"async\" width=\"496\" height=\"539\" src=\"https:\/\/sisu.ut.ee\/wp-content\/uploads\/sites\/178\/kik_logo_rgb-1.jpg\" alt=\"\" class=\"wp-image-274\" srcset=\"https:\/\/sisu.ut.ee\/wp-content\/uploads\/sites\/178\/kik_logo_rgb-1.jpg 496w, https:\/\/sisu.ut.ee\/wp-content\/uploads\/sites\/178\/kik_logo_rgb-1-276x300.jpg 276w\" sizes=\"auto, (max-width: 496px) 100vw, 496px\"><\/a><\/figure>\n\n\n\n<p><span style=\"font-size: 14px;\"><span style=\"font-size: 16px;\"><span style=\"font-family: Verdana,Geneva,sans-serif;\"><\/span><\/span><\/span><br>\u00a0<\/p>\n","protected":false},"excerpt":{"rendered":"<p>Palup\u00f5hja 4.-5. veebruar 2017 Sobiv ilm lubas palju \u00f5ues olla, loodust uurida ja matkata. Ruumis olles \u00f5ppisime tundma Eesti pisikiskjaid nahkade j\u00e4rgi,\u00a0v\u00f5rdlesime ja uurisime erinevate loomade tegevusj\u00e4lgede n\u00e4idiseid. L\u00f5puks koostasime loomade nimestiku, keda me n\u00e4gime, kuulsime\u00a0v\u00f5i tegime kindlaks nende tegevusj\u00e4lgede &#8230;<\/p>\n","protected":false},"author":88,"featured_media":0,"parent":0,"menu_order":0,"comment_status":"closed","ping_status":"closed","template":"","meta":{"_acf_changed":false,"inline_featured_image":false,"footnotes":""},"class_list":["post-3","page","type-page","status-publish","hentry"],"acf":[],"_links":{"self":[{"href":"https:\/\/sisu.ut.ee\/zooloogiaring\/wp-json\/wp\/v2\/pages\/3","targetHints":{"allow":["GET"]}}],"collection":[{"href":"https:\/\/sisu.ut.ee\/zooloogiaring\/wp-json\/wp\/v2\/pages"}],"about":[{"href":"https:\/\/sisu.ut.ee\/zooloogiaring\/wp-json\/wp\/v2\/types\/page"}],"author":[{"embeddable":true,"href":"https:\/\/sisu.ut.ee\/zooloogiaring\/wp-json\/wp\/v2\/users\/88"}],"replies":[{"embeddable":true,"href":"https:\/\/sisu.ut.ee\/zooloogiaring\/wp-json\/wp\/v2\/comments?post=3"}],"version-history":[{"count":2,"href":"https:\/\/sisu.ut.ee\/zooloogiaring\/wp-json\/wp\/v2\/pages\/3\/revisions"}],"predecessor-version":[{"id":998,"href":"https:\/\/sisu.ut.ee\/zooloogiaring\/wp-json\/wp\/v2\/pages\/3\/revisions\/998"}],"wp:attachment":[{"href":"https:\/\/sisu.ut.ee\/zooloogiaring\/wp-json\/wp\/v2\/media?parent=3"}],"curies":[{"name":"wp","href":"https:\/\/api.w.org\/{rel}","templated":true}]}}