{"id":29,"date":"2024-04-04T02:55:51","date_gmt":"2024-04-03T23:55:51","guid":{"rendered":"https:\/\/sisu.ut.ee\/zooloogiaring\/2014-2015\/"},"modified":"2024-04-04T02:58:09","modified_gmt":"2024-04-03T23:58:09","slug":"2014-2015","status":"publish","type":"page","link":"https:\/\/sisu.ut.ee\/zooloogiaring\/2014-2015\/","title":{"rendered":"2014-2015"},"content":{"rendered":"<p class=\"style1\"><span style=\"font-family: verdana, geneva\">2014-2015 \u00f5ppeaasta teemad<\/span><\/p>\n<ol>\n<li><span style=\"font-family: verdana, geneva\">tuhnik<\/span><\/li>\n<li><span style=\"font-family: verdana, geneva\">raagritsikad<\/span><\/li>\n<li><span style=\"font-family: verdana, geneva\">k\u00fcttkalad<\/span><\/li>\n<li><span style=\"font-family: verdana, geneva\">p\u00f6ialpoiss<\/span><\/li>\n<li><span style=\"font-family: verdana, geneva\">sadajalgsed<\/span><\/li>\n<li><span style=\"font-family: verdana, geneva\">meriveislased<\/span><\/li>\n<li><span style=\"font-family: verdana, geneva\">l\u00f5gismaod<\/span><\/li>\n<li><span style=\"font-family: verdana, geneva\">ogalik, luukarits, raudkiisk<\/span><\/li>\n<li><span style=\"font-family: verdana, geneva\">tarantel, \u00e4mbliku siseehitus<\/span><\/li>\n<li><span style=\"font-family: verdana, geneva\">dinosaurused, AHHAA n\u00e4ituse teemadel\u00a0<\/span><\/li>\n<li><span style=\"font-family: verdana, geneva\">s\u00fcvamere kalad<\/span><\/li>\n<li><span style=\"font-family: verdana, geneva\">v\u00f6\u00f6lased<\/span><\/li>\n<li><span style=\"font-family: verdana, geneva\">j\u00e4\u00e4lind<\/span><\/li>\n<li><span style=\"font-family: verdana, geneva\">ninaahv<\/span><\/li>\n<li><span style=\"font-family: verdana, geneva\">p\u00fc\u00fctonid<\/span><\/li>\n<li><span style=\"font-family: verdana, geneva\">punapanda<\/span><\/li>\n<li><span style=\"font-family: verdana, geneva\">basilisk<\/span><\/li>\n<li><span style=\"font-family: verdana, geneva\">kookosevaras<\/span><\/li>\n<li><span style=\"font-family: verdana, geneva\">soomusloomad<\/span><\/li>\n<li><span style=\"font-family: verdana, geneva\">kerakalad ja siilkalad<\/span><\/li>\n<li><span style=\"font-family: verdana, geneva\">j\u00f5esead<\/span><\/li>\n<li><span style=\"font-family: verdana, geneva\">h\u00fcpik\u00e4mblikud<\/span><\/li>\n<li><span style=\"font-family: verdana, geneva\">emu<\/span><\/li>\n<li><span style=\"font-family: verdana, geneva\">majasoomukas<\/span><\/li>\n<li><span style=\"font-family: verdana, geneva\">t\u00fc\u00fcgassead<\/span><\/li>\n<li><span style=\"font-family: verdana, geneva\">tuhatjalgsed<\/span><\/li>\n<li><span style=\"font-family: verdana, geneva\">katta ehk kassleemur<\/span><\/li>\n<li><span style=\"font-family: verdana, geneva\">h\u00fc\u00fcp<\/span><\/li>\n<li><span style=\"font-family: verdana, geneva\">h\u00fc\u00e4\u00e4nkoer<\/span><\/li>\n<li><span style=\"font-family: verdana, geneva\">lapsuliblikas, p\u00f5ualiblikas, kapsaliblikad, naeriliblikas, sinepiliblikas<\/span><\/li>\n<li><span style=\"font-family: verdana, geneva\">varaanid<\/span><\/li>\n<\/ol>\n","protected":false},"excerpt":{"rendered":"<p>2014-2015 \u00f5ppeaasta teemad tuhnik raagritsikad k\u00fcttkalad p\u00f6ialpoiss sadajalgsed meriveislased l\u00f5gismaod ogalik, luukarits, raudkiisk tarantel, \u00e4mbliku siseehitus dinosaurused, AHHAA n\u00e4ituse teemadel\u00a0 s\u00fcvamere kalad v\u00f6\u00f6lased j\u00e4\u00e4lind ninaahv p\u00fc\u00fctonid punapanda basilisk kookosevaras soomusloomad kerakalad ja siilkalad j\u00f5esead h\u00fcpik\u00e4mblikud emu majasoomukas t\u00fc\u00fcgassead tuhatjalgsed katta &#8230;<\/p>\n","protected":false},"author":88,"featured_media":0,"parent":0,"menu_order":0,"comment_status":"closed","ping_status":"closed","template":"","meta":{"_acf_changed":false,"inline_featured_image":false,"footnotes":""},"class_list":["post-29","page","type-page","status-publish","hentry"],"acf":[],"_links":{"self":[{"href":"https:\/\/sisu.ut.ee\/zooloogiaring\/wp-json\/wp\/v2\/pages\/29","targetHints":{"allow":["GET"]}}],"collection":[{"href":"https:\/\/sisu.ut.ee\/zooloogiaring\/wp-json\/wp\/v2\/pages"}],"about":[{"href":"https:\/\/sisu.ut.ee\/zooloogiaring\/wp-json\/wp\/v2\/types\/page"}],"author":[{"embeddable":true,"href":"https:\/\/sisu.ut.ee\/zooloogiaring\/wp-json\/wp\/v2\/users\/88"}],"replies":[{"embeddable":true,"href":"https:\/\/sisu.ut.ee\/zooloogiaring\/wp-json\/wp\/v2\/comments?post=29"}],"version-history":[{"count":1,"href":"https:\/\/sisu.ut.ee\/zooloogiaring\/wp-json\/wp\/v2\/pages\/29\/revisions"}],"predecessor-version":[{"id":792,"href":"https:\/\/sisu.ut.ee\/zooloogiaring\/wp-json\/wp\/v2\/pages\/29\/revisions\/792"}],"wp:attachment":[{"href":"https:\/\/sisu.ut.ee\/zooloogiaring\/wp-json\/wp\/v2\/media?parent=29"}],"curies":[{"name":"wp","href":"https:\/\/api.w.org\/{rel}","templated":true}]}}