{"id":28,"date":"2024-04-04T02:55:51","date_gmt":"2024-04-03T23:55:51","guid":{"rendered":"https:\/\/sisu.ut.ee\/zooloogiaring\/mardikate-maaramine\/"},"modified":"2024-04-04T02:58:09","modified_gmt":"2024-04-03T23:58:09","slug":"mardikate-maaramine","status":"publish","type":"page","link":"https:\/\/sisu.ut.ee\/zooloogiaring\/mardikate-maaramine\/","title":{"rendered":"Mardikate m\u00e4\u00e4ramine"},"content":{"rendered":"<p>\r\n\t<span style=\"font-size:16px\"><span style=\"font-family:Verdana,Geneva,sans-serif\"><strong><span style=\"color:#008080\">Mardikaid iseloomustab\u00a0enamasti tugev keha ja tugevad kattetiivad, mis v\u00f5ivad olla m\u00f5nikord l\u00fchenenud.<\/span><\/strong><\/span><\/span>\r\n<\/p>\r\n\r\n<p>\r\n\t<span style=\"font-size:16px\"><span style=\"font-family:Verdana,Geneva,sans-serif\"><strong><span style=\"color:#008080\">Mardikaid saab eristada nende keha ning\u00a0 kehaosade (pea, tundlate, eesselja, kattetiibade ja jalgade) suuruse, kuju,\u00a0v\u00e4rvuse ja mustri j\u00e4rgi.<\/span><\/strong><\/span><\/span>\r\n<\/p>\r\n\r\n<p>\r\n\t<span style=\"font-size:16px\"><span style=\"font-family:Verdana,Geneva,sans-serif\"><img decoding=\"async\" alt=\"\" src=\"https:\/\/sisu.ut.ee\/wp-content\/uploads\/sites\/178\/k_3.jpg\"><\/span><\/span>\r\n<\/p>\r\n\r\n<p>\r\n\t<span style=\"font-size:16px\"><span style=\"font-family:Verdana,Geneva,sans-serif\"><strong><span style=\"color:#2f4f4f\">Siin on valik Eesti tavalisemaid mardikaid.<\/span><\/strong><\/span><\/span>\r\n<\/p>\r\n\r\n<p>\r\n\t<span style=\"font-size:16px\"><span style=\"font-family:Verdana,Geneva,sans-serif\"><strong><span style=\"color:#2f4f4f\">Kas Sa oled neid n\u00e4inud ja tunned neid?<\/span><\/strong><\/span><\/span>\r\n<\/p>\r\n\r\n<p>\r\n\t<span style=\"font-size:16px\"><span style=\"font-family:Verdana,Geneva,sans-serif\"><span style=\"color:#8b4513\"><strong>Allpool on \u00fclesanne.<\/strong><\/span><\/span><\/span>\r\n<\/p>\r\n\r\n<p>\r\n\t\u00a0\r\n<\/p>\r\n\r\n<p>\r\n\t<span style=\"font-size:16px\"><span style=\"font-family:Verdana,Geneva,sans-serif\"><img decoding=\"async\" alt=\"\" src=\"https:\/\/sisu.ut.ee\/wp-content\/uploads\/sites\/178\/mardikad.png\" style=\"width: 755px;height: 1084px\"><\/span><\/span>\r\n<\/p>\r\n\r\n<p>\r\n\t<span style=\"font-size:16px\"><span style=\"font-family:Verdana,Geneva,sans-serif\"><strong><span style=\"color:#8b4513\">\u00dclesandes tuleb m\u00e4\u00e4rata fotodel olevad mardikad.<br>Valida tuleb \u00f5ige mardikar\u00fchm (sugukond) ja liik.<\/span><\/strong><\/span><\/span>\r\n<\/p>\r\n\r\n<p>\r\n\t<span style=\"font-size:16px\"><span style=\"font-family:Verdana,Geneva,sans-serif\"><span style=\"color:#8b4513\">Seekord on \u00fclesanne koostatud nii, et p\u00e4rast vastamist saab kohe teada \u00f5iged ja valed vastused.\u00a0Kui osa vastuseid on valed, siis soovitan uuesti vastata, kuni k\u00f5ik vastused on \u00f5iged ja saab t\u00e4ispuktid.\u00a0Nii on v\u00f5imalik ka mardikaid paremini tundma \u00f5ppida.<\/span><\/span><\/span>\r\n<\/p>\r\n\r\n<p>\r\n\t<span style=\"font-size:16px\"><span style=\"font-family:Verdana,Geneva,sans-serif\"><span style=\"color:#8b4513\">Sellel lehek\u00fclje all\u00a0on sama pildim\u00e4\u00e4raja pdf-fail, mille\u00a0v\u00f5id avada ja mardikate nimede j\u00e4rgi internetist pilte otsida.<\/span><\/span><\/span>\r\n<\/p>\r\n\r\n<p>\r\n\t<span style=\"font-size:16px\"><span style=\"font-family:Verdana,Geneva,sans-serif\"><strong><span style=\"color:#8b4513\">V\u00f5imalik on valida kaks raskustaset.<\/span><\/strong><\/span><\/span>\r\n<\/p>\r\n\r\n<p>\r\n\t<span style=\"font-size:16px\"><span style=\"font-family:Verdana,Geneva,sans-serif\"><span style=\"color:#8b4513\">Lihtsam variant: tuleb valida \u00f5ige liik.<\/span><\/span><\/span><br><span style=\"font-size:18px\"><span style=\"font-family:Verdana,Geneva,sans-serif\">VASTAN:\u00a0<a data-url=\"https:\/\/docs.google.com\/forms\/d\/e\/1FAIpQLSdAzlQUTSICrihL-dNBksCeGOk8kJG2IIDCGDklUsPPoX03GA\/viewform\" href=\"https:\/\/docs.google.com\/forms\/d\/e\/1FAIpQLSdAzlQUTSICrihL-dNBksCeGOk8kJG2IIDCGDklUsPPoX03GA\/viewform\" target=\"_blank\" title=\"\" rel=\"noopener\">LIHTSAM VARIANT &gt;&gt;<\/a><\/span><\/span>\r\n<\/p>\r\n\r\n<p>\r\n\t<span style=\"font-size:16px\"><span style=\"font-family:Verdana,Geneva,sans-serif\"><span style=\"color:#8b4513\">Keerulisem variant: tuleb kirjutada \u00f5ige liik. Lisaks uleb valida r\u00fchma\/sugukonna nimetus.<br>Kirjuta eesti keelne nimetus. <strong>KONTROLLI \u00d5IGEKIRJA!<\/strong> \u00a0<br>Kui on sidekriips, siis \u00e4ra j\u00e4ta t\u00fchikut vahele!\u00a0<br>N\u00e4iteks on \u00f5ige suur-\u00f5iesikk. \u00d5iged ei ole\u00a0suur \u2013 \u00f5iesikk, ega suur- \u00f5iesikk ega ka suur \u00f5iesikk.<br>V\u00f5ib olla suur v\u00f5i v\u00e4ike algust\u00e4ht.<\/span><\/span><\/span><br><span style=\"font-size:18px\"><span style=\"font-family:Verdana,Geneva,sans-serif\">VASTAN: <a data-url=\"https:\/\/docs.google.com\/forms\/d\/e\/1FAIpQLSd50UZuTW8hr3ytm6vBz6L-gtNuK7CGRlZ-sjLtIJ2_uNA_eA\/viewform\" href=\"https:\/\/docs.google.com\/forms\/d\/e\/1FAIpQLSd50UZuTW8hr3ytm6vBz6L-gtNuK7CGRlZ-sjLtIJ2_uNA_eA\/viewform\" target=\"_blank\" title=\"\" rel=\"noopener\">KEERULISEM VARIANT &gt;&gt;<\/a><\/span><\/span>\r\n<\/p>\r\n\r\n<p>\r\n\t<span style=\"color:#8b4513\"><span style=\"font-size:16px\"><span style=\"font-family:Verdana,Geneva,sans-serif\">P\u00e4rast vastamist kliki lingil: Kuva tulemus.<br><strong>Vasta mitu korda, kuni k\u00f5ik vastused on \u00f5iged!<\/strong><\/span><\/span><\/span>\r\n<\/p>\r\n\r\n<p>\r\n\t<span style=\"font-size:13px\"><font face=\"Verdana, Geneva, sans-serif\">Vaata juhendit:<\/font><\/span><br><a data-url=\"https:\/\/sisu.ut.ee\/wp-content\/uploads\/sites\/178\/vaata_tulemust_b1.jpg\" href=\"https:\/\/sisu.ut.ee\/wp-content\/uploads\/sites\/178\/vaata_tulemust_b1.jpg\" target=\"_blank\" title=\"\" rel=\"noopener\">pilt 1<\/a><span style=\"font-size:13px\"><font face=\"Verdana, Geneva, sans-serif\">\u00a0 \u00a0 <\/font><\/span><a data-url=\"https:\/\/sisu.ut.ee\/wp-content\/uploads\/sites\/178\/vaata_tulemust_b2a.jpg\" href=\"https:\/\/sisu.ut.ee\/wp-content\/uploads\/sites\/178\/vaata_tulemust_b2a.jpg\" target=\"_blank\" title=\"\" rel=\"noopener\">pilt 2<\/a><span style=\"font-size:13px\"><font face=\"Verdana, Geneva, sans-serif\">\u00a0 \u00a0 <\/font><\/span><a data-url=\"https:\/\/sisu.ut.ee\/wp-content\/uploads\/sites\/178\/vaata_tulemust_b3a.jpg\" href=\"https:\/\/sisu.ut.ee\/wp-content\/uploads\/sites\/178\/vaata_tulemust_b3a.jpg\" target=\"_blank\" title=\"\" rel=\"noopener\">pilt 3<\/a>\r\n<\/p>\r\n\r\n<p>\r\n\t\u00a0\r\n<\/p>\r\n<br><div class=\"wp-block-group attached-files-group is-layout-constrained wp-block-group-is-layout-constrained\"><div class=\"wp-block-file\"><a href=\"https:\/\/sisu.ut.ee\/wp-content\/uploads\/sites\/178\/mardikad.pdf\" target=\"_blank\" rel=\"noreferrer noopener\">mardikad.pdf<\/a><\/div><\/div>","protected":false},"excerpt":{"rendered":"<p>Mardikaid iseloomustab\u00a0enamasti tugev keha ja tugevad kattetiivad, mis v\u00f5ivad olla m\u00f5nikord l\u00fchenenud. Mardikaid saab eristada nende keha ning\u00a0 kehaosade (pea, tundlate, eesselja, kattetiibade ja jalgade) suuruse, kuju,\u00a0v\u00e4rvuse ja mustri j\u00e4rgi. Siin on valik Eesti tavalisemaid mardikaid. Kas Sa oled neid &#8230;<\/p>\n","protected":false},"author":88,"featured_media":0,"parent":0,"menu_order":0,"comment_status":"closed","ping_status":"closed","template":"","meta":{"_acf_changed":false,"inline_featured_image":false,"footnotes":""},"class_list":["post-28","page","type-page","status-publish","hentry"],"acf":[],"_links":{"self":[{"href":"https:\/\/sisu.ut.ee\/zooloogiaring\/wp-json\/wp\/v2\/pages\/28","targetHints":{"allow":["GET"]}}],"collection":[{"href":"https:\/\/sisu.ut.ee\/zooloogiaring\/wp-json\/wp\/v2\/pages"}],"about":[{"href":"https:\/\/sisu.ut.ee\/zooloogiaring\/wp-json\/wp\/v2\/types\/page"}],"author":[{"embeddable":true,"href":"https:\/\/sisu.ut.ee\/zooloogiaring\/wp-json\/wp\/v2\/users\/88"}],"replies":[{"embeddable":true,"href":"https:\/\/sisu.ut.ee\/zooloogiaring\/wp-json\/wp\/v2\/comments?post=28"}],"version-history":[{"count":2,"href":"https:\/\/sisu.ut.ee\/zooloogiaring\/wp-json\/wp\/v2\/pages\/28\/revisions"}],"predecessor-version":[{"id":823,"href":"https:\/\/sisu.ut.ee\/zooloogiaring\/wp-json\/wp\/v2\/pages\/28\/revisions\/823"}],"wp:attachment":[{"href":"https:\/\/sisu.ut.ee\/zooloogiaring\/wp-json\/wp\/v2\/media?parent=28"}],"curies":[{"name":"wp","href":"https:\/\/api.w.org\/{rel}","templated":true}]}}