{"id":27,"date":"2024-04-04T02:55:51","date_gmt":"2024-04-03T23:55:51","guid":{"rendered":"https:\/\/sisu.ut.ee\/zooloogiaring\/2022-2023\/"},"modified":"2024-04-04T02:58:09","modified_gmt":"2024-04-03T23:58:09","slug":"2022-2023","status":"publish","type":"page","link":"https:\/\/sisu.ut.ee\/zooloogiaring\/2022-2023\/","title":{"rendered":"2022-2023"},"content":{"rendered":"<p>\n\t2022-2023 \u00f5ppeaasta teemad\n<\/p>\n<ol>\n<li>\n\t\tk\u00e4hrik\n\t<\/li>\n<li>\n\t\tviirpapagoi\n\t<\/li>\n<li>\n\t\tp\u00f5drak\u00e4rbes\n\t<\/li>\n<li>\n\t\taksolotl ehk mehhiko t\u00f6mpsuu\n\t<\/li>\n<li>\n\t\ttarantlid\n\t<\/li>\n<li>\n\t\tkarakal\n\t<\/li>\n<li>\n\t\ttonthai\n\t<\/li>\n<li>\n\t\t\u00e4nlased\n\t<\/li>\n<li>\n\t\tkaljukitsed\n\t<\/li>\n<li>\n\t\tanakondad\n\t<\/li>\n<li>\n\t\tloimurud\n\t<\/li>\n<li>\n\t\tvombatid\n\t<\/li>\n<li>\n\t\tlunn, kr\u00fc\u00fcsel, alk, tirgud\n\t<\/li>\n<li>\n\t\ttantsulinnud\n\t<\/li>\n<li>\n\t\tmorsk\n\t<\/li>\n<li>\n\t\tlinnutiib-liblikad\n\t<\/li>\n<li>\n\t\tsiugkonnalised\n\t<\/li>\n<li>\n\t\tviiksj\u00e4nesed\n\t<\/li>\n<li>\n\t\tturakod\n\t<\/li>\n<li>\n\t\tnastik, r\u00e4stik ja silenastik\n\t<\/li>\n<li>\n\t\tv\u00f5sakoer\n\t<\/li>\n<li>\n\t\tvaskuss\n\t<\/li>\n<li>\n\t\tkea (keapapagoi)\n\t<\/li>\n<li>\n\t\tingelhaid\n\t<\/li>\n<li>\n\t\tkolmk\u00fc\u00fcniskilpkonnad\n\t<\/li>\n<li>\n\t\tnaksurlased\n\t<\/li>\n<li>\n\t\tk\u00e4rp ja nirk\n\t<\/li>\n<li>\n\t\tleopard\n\t<\/li>\n<li>\n\t\tleopardgeko\n\t<\/li>\n<li>\n\t\tmudakonn\n\t<\/li>\n<li>\n\t\t\u00f5uetunnid\n\t<\/li>\n<\/ol>\n","protected":false},"excerpt":{"rendered":"<p>2022-2023 \u00f5ppeaasta teemad k\u00e4hrik viirpapagoi p\u00f5drak\u00e4rbes aksolotl ehk mehhiko t\u00f6mpsuu tarantlid karakal tonthai \u00e4nlased kaljukitsed anakondad loimurud vombatid lunn, kr\u00fc\u00fcsel, alk, tirgud tantsulinnud morsk linnutiib-liblikad siugkonnalised viiksj\u00e4nesed turakod nastik, r\u00e4stik ja silenastik v\u00f5sakoer vaskuss kea (keapapagoi) ingelhaid kolmk\u00fc\u00fcniskilpkonnad naksurlased k\u00e4rp &#8230;<\/p>\n","protected":false},"author":88,"featured_media":0,"parent":0,"menu_order":0,"comment_status":"closed","ping_status":"closed","template":"","meta":{"_acf_changed":false,"inline_featured_image":false,"footnotes":""},"class_list":["post-27","page","type-page","status-publish","hentry"],"acf":[],"_links":{"self":[{"href":"https:\/\/sisu.ut.ee\/zooloogiaring\/wp-json\/wp\/v2\/pages\/27","targetHints":{"allow":["GET"]}}],"collection":[{"href":"https:\/\/sisu.ut.ee\/zooloogiaring\/wp-json\/wp\/v2\/pages"}],"about":[{"href":"https:\/\/sisu.ut.ee\/zooloogiaring\/wp-json\/wp\/v2\/types\/page"}],"author":[{"embeddable":true,"href":"https:\/\/sisu.ut.ee\/zooloogiaring\/wp-json\/wp\/v2\/users\/88"}],"replies":[{"embeddable":true,"href":"https:\/\/sisu.ut.ee\/zooloogiaring\/wp-json\/wp\/v2\/comments?post=27"}],"version-history":[{"count":1,"href":"https:\/\/sisu.ut.ee\/zooloogiaring\/wp-json\/wp\/v2\/pages\/27\/revisions"}],"predecessor-version":[{"id":794,"href":"https:\/\/sisu.ut.ee\/zooloogiaring\/wp-json\/wp\/v2\/pages\/27\/revisions\/794"}],"wp:attachment":[{"href":"https:\/\/sisu.ut.ee\/zooloogiaring\/wp-json\/wp\/v2\/media?parent=27"}],"curies":[{"name":"wp","href":"https:\/\/api.w.org\/{rel}","templated":true}]}}