{"id":26,"date":"2024-04-04T02:55:51","date_gmt":"2024-04-03T23:55:51","guid":{"rendered":"https:\/\/sisu.ut.ee\/zooloogiaring\/saaremaa-oppeekskursioon-4-13-08-2009\/"},"modified":"2024-04-04T02:58:09","modified_gmt":"2024-04-03T23:58:09","slug":"saaremaa-oppeekskursioon-4-13-08-2009","status":"publish","type":"page","link":"https:\/\/sisu.ut.ee\/zooloogiaring\/saaremaa-oppeekskursioon-4-13-08-2009\/","title":{"rendered":"Saaremaa ja Vilsandi saar 4.-13. august 2009"},"content":{"rendered":"<p>\n\t<span style=\"font-size:16px\"><span style=\"font-family:Verdana,Geneva,sans-serif\"><strong><a data-url=\"https:\/\/sisu.ut.ee\/zrpildid\/saaremaa-4-13-08-2009\" href=\"https:\/\/sisu.ut.ee\/zrpildid\/saaremaa-4-13-08-2009\" target=\"_blank\" title=\"\" rel=\"noopener\"><span style=\"color:#008080\">pildid &gt;&gt;<\/span><\/a><\/strong><\/span><\/span>\n<\/p>\n<p>\n\t<span style=\"font-size:16px\"><span style=\"font-family:Verdana,Geneva,sans-serif\">Osales 14 \u00f5pilast. Saaremaal oli baasiks Viidum\u00e4e loodusmaja. Saaremal liiguti ratastega. K\u00fclastati Viidum\u00e4e Looduskaitseala keskust ja S\u00f5rve linnujaama. Matkati Kuusn\u00f5mme poolsaarel, Pilguse m\u00f5isa \u00fcmbruses, pikem matk oli S\u00f5rve poolsaarele. Kolm p\u00e4eva uuriti loodust Vilsandi saarel.<\/span><\/span>\n<\/p>\n<p>\n\t<span style=\"font-size:16px\"><span style=\"font-family:Verdana,Geneva,sans-serif\">Viidum\u00e4el juhendas maismaatigude uurimist Tiina Talvi. Saarema loodusest ja looduse kaitsest r\u00e4\u00e4kis T\u00f5nu Talvi. S\u00f5rve linnujaamas juhendas linnuvaatlust ja tutvustas muuseumi Mati Martinson.<\/span><\/span>\n<\/p>\n<p>\n\t<span style=\"font-size:14px\"><span style=\"font-family:Verdana,Geneva,sans-serif\"><img decoding=\"async\" alt=\"\" src=\"https:\/\/sisu.ut.ee\/wp-content\/uploads\/sites\/427\/sar14.jpg\" style=\"width: 800px;height: 533px\"><\/span><\/span>\n<\/p>\n<p>\n\t<span style=\"font-size:14px\"><span style=\"font-family:Verdana,Geneva,sans-serif\"><em>04.08.2009 Mark<\/em><\/span><\/span>\n<\/p>\n<p>\n\t<span style=\"font-size:14px\"><span style=\"font-family:Verdana,Geneva,sans-serif\">J\u00f5udsime kohale, asusime Viidum\u00e4e LK keskuse juures Audakul asuvasse loodusmajja sisse. \u00d5htul panime 1000W lambi v\u00e4lja ja proovisime liblikaid juurde meelitada, neid v\u00e4ga h\u00e4sti ei tulnud, k\u00fcll aga huikas l\u00e4hedal kodukakk, kelle T\u00f5nis sai h\u00e4\u00e4leimitatsiooniga ka l\u00e4hemale meelitada. Lindu ennast me vist siiski ei n\u00e4inud.<\/span><\/span><br>\u00a0\n<\/p>\n<p>\n\t<span style=\"font-size:18px\"><span style=\"font-family:Verdana,Geneva,sans-serif\"><strong>Kuusn\u00f5mme \u2013 Loona \u2013 Kihelkonna\u00a0\u00a0<\/strong> \u00a0<\/span><\/span><br><span style=\"font-size:14px\"><span style=\"font-family:Verdana,Geneva,sans-serif\"><em>5.08.2009 <\/em>\u00a0Eveli<\/span><\/span>\n<\/p>\n<p>\n\t<span style=\"font-size:14px\"><span style=\"font-family:Verdana,Geneva,sans-serif\">Olles hommikul Kristiina valmistatud pudrust k\u00f5hu t\u00e4is s\u00f6\u00f6nud (v\u00e4lja arvatud m\u00f5ned eriti suure maoga meessoost isikud, kelle k\u00f5ht vist kunagi t\u00e4is ei saanud) asusime sellel p\u00e4ikselisel viienda augusti hommikul oma kaherattalistega teele. Kuid veel enne suuremat kihutamist \u00fctlesime m\u00f5neks ajaks \u201cAidaa\u201d Saugale, kes alustas teed hoopis enamv\u00e4hem vastassuunas, et kohtuda Kuressaares oma vahvate kaasbioloogidega. Seej\u00e4rel asusime muretult v\u00e4ntama, kuigi peagi kaotasime Rudolfi ja Margi \u2013 ning sugugi mitte efemeerseteks viivudeks, vaid palju pikemaks ajaks. P\u00e4rast kolmeliikmelist seltskonna v\u00e4henemist (siiski circa 21% meist) ja m\u00f5ningast vuramist sooja P\u00e4ikese all, t\u00e4nu millele k\u00f5ik lausa s\u00e4ras k\u00fc\u00fctlevates kiirtes, otsustasime, et oleks hea aeg end \u2026 <a data-url=\"https:\/\/sisu.ut.ee\/wp-content\/uploads\/sites\/178\/kuusnomme_5.08.2009_eveli.pdf\" href=\"https:\/\/sisu.ut.ee\/wp-content\/uploads\/sites\/178\/kuusnomme_5.08.2009_eveli.pdf\" target=\"_blank\" title=\"\" rel=\"noopener\">loe edasi<\/a><\/span><\/span>\n<\/p>\n<p>\n\t<span style=\"font-size:14px\"><span style=\"font-family:Verdana,Geneva,sans-serif\"><img decoding=\"async\" alt=\"\" src=\"https:\/\/sisu.ut.ee\/wp-content\/uploads\/sites\/427\/sar03.jpg\" style=\"width: 800px;height: 533px\"><br>Kuusn\u00f5mme vaatetorn<\/span><\/span>\n<\/p>\n<p>\n\t<a data-url=\"https:\/\/sisu.ut.ee\/wp-content\/uploads\/sites\/178\/kuusnomme_gps1.jpg\" href=\"https:\/\/sisu.ut.ee\/wp-content\/uploads\/sites\/178\/kuusnomme_gps1.jpg\" title=\"\"><img decoding=\"async\" alt=\"\" src=\"https:\/\/sisu.ut.ee\/wp-content\/uploads\/sites\/178\/kuusnomme_gps1.jpg\" style=\"width: 800px;height: 507px\"><\/a><br>\u00a0\n<\/p>\n<p>\n\t<strong><span style=\"font-size:18px\"><span style=\"font-family:Verdana,Geneva,sans-serif\">Pilguse \u2013 Pussa\u00a0\u00a0<\/span><\/span><\/strong><span style=\"font-size:14px\"><span style=\"font-family:Verdana,Geneva,sans-serif\"> \u00a0<br><em>6.08.2009 <\/em>Kristiina<\/span><\/span>\n<\/p>\n<p>\n\t<span style=\"font-size:14px\"><span style=\"font-family:Verdana,Geneva,sans-serif\">Kui k\u00f5igest m\u00f5ned p\u00e4evad Saaremaa pinnal veedetud olid, otsustati, et kogu zooloogiaringi matkaseltskond k\u00fclastab kollektiivselt kellegi Kristiina Tomassoni maakodu. M\u00f5eldud \u2013 tehtud, asusime siis hommikupoole k\u00f5igepealt L\u00fcmanda poole teele, kust oli plaanis natuke vorste ja salatimaterjali hankida. Kui tee \u00e4\u00e4res paistis olema m\u00f5ni huvitavama kooslusega koht, tegime peatuse ning vahelduseks v\u00e4ntamisele kas otsisime putukaid, pildistasime k\u00f5ike, mis objektiivi ette j\u00e4i, uurisime taimi v\u00f5i m\u00f5nel juhul \u00a0vaatasime lihtsalt jalgu k\u00f5lgutades \u2026 <a data-url=\"https:\/\/sisu.ut.ee\/wp-content\/uploads\/sites\/178\/saaremaa_matkal_6.08.2009_kristiina.pdf\" href=\"https:\/\/sisu.ut.ee\/wp-content\/uploads\/sites\/178\/saaremaa_matkal_6.08.2009_kristiina.pdf\" target=\"_blank\" title=\"\" rel=\"noopener\">loe edasi<\/a><\/span><\/span>\n<\/p>\n<p>\n\t<span style=\"font-size:14px\"><span style=\"font-family:Verdana,Geneva,sans-serif\"><img decoding=\"async\" alt=\"\" src=\"https:\/\/sisu.ut.ee\/wp-content\/uploads\/sites\/427\/sar17.jpg\" style=\"width: 800px;height: 533px\"><br>Kristiina suvekodu Pussal<\/span><\/span>\n<\/p>\n<p>\n\t<a data-url=\"https:\/\/sisu.ut.ee\/wp-content\/uploads\/sites\/178\/pilguse-pussa_gps.jpg\" href=\"https:\/\/sisu.ut.ee\/wp-content\/uploads\/sites\/178\/pilguse-pussa_gps.jpg\" title=\"\"><img decoding=\"async\" alt=\"\" src=\"https:\/\/sisu.ut.ee\/wp-content\/uploads\/sites\/178\/pilguse-pussa_gps.jpg\" style=\"width: 800px;height: 506px\"><\/a>\n<\/p>\n<p>\n\t<span style=\"font-size:14px\"><span style=\"font-family:Verdana,Geneva,sans-serif\"><em>06.08.2009 Mark<\/em><\/span><\/span>\n<\/p>\n<p>\n\t<span style=\"font-size:14px\"><span style=\"font-family:Verdana,Geneva,sans-serif\">Suundusime Kristiina maakodu poole Pussa k\u00fclas. Kolmveerand \u00fcks olime L\u00fcmandas ja umbes tunni aja p\u00e4rast Pilguse m\u00f5isas, kust polnud enam eriti palju minna. Arvestatava osa ajast veetsime laiseldes, kuid k\u00e4isime ka ujumas ja tegime l\u00f5ket. Meres vetikate vahel sukeldudes j\u00e4i mulle juustesse \u00fcks ogalik kinni\u2026 Tagasi Audakule s\u00f5ites l\u00e4ksid \u00a0osad inimesed m\u00f5neks ajaks kaduma, sest nad l\u00e4ksid teist kaudu.<\/span><\/span><br>\u00a0\n<\/p>\n<p>\n\t<span style=\"font-size:18px\"><span style=\"font-family:Verdana,Geneva,sans-serif\"><strong>Tehumardi \u2013 S\u00f5rve<\/strong><\/span><\/span><br><span style=\"font-size:14px\"><span style=\"font-family:Verdana,Geneva,sans-serif\"><em>07.08.2009<\/em> Mark<\/span><\/span>\n<\/p>\n<p>\n\t<span style=\"font-size:14px\"><span style=\"font-family:Verdana,Geneva,sans-serif\">Lauri ja Heiki alustasid hommikul vara \u00fcmber-Saaremaa-reisi, teistega koos nad oma teed sel p\u00e4eval ei j\u00e4tkanud. Meie alustasime oma teekonda S\u00f5rve s\u00e4\u00e4re tipu suunas 11:50, umbes tunni aja p\u00e4rast peatus meie juures buss, kust maha tulnud kaks inimest jagasid Jeesuse-teemalisi elukindlustuskaardikesi.<br>13:10 j\u00f5udsime Tehumardile, kus k\u00e4isime ka ujumas. Mere \u00e4\u00e4res oli merest eraldunud lomp, kus ujus mingi noor kajakas.<br>Salmesse j\u00f5udnuna k\u00e4isime poes ja olime veidi aega niisama poe ees. Teed j\u00e4tkasime alguses m\u00f6\u00f6da s\u00e4\u00e4re l\u00e4\u00e4nekallast Kaugatoma ja L\u00f5u lahe \u00e4\u00e4res, kus tegime m\u00f5ned p\u00f5iked randa, osa neist ka mitteplaanitud kohas. \u00dches sellises kohas alustasime (v\u00f5i j\u00e4tkasime) loomanimede nimetamise m\u00e4ngu, mis kestis l\u00f5puks k\u00fcllaltki pikka aega.<br>L\u00f5u kandis s\u00f5itsime \u00fcle s\u00e4\u00e4re ja j\u00e4tkasime \u2026 <a data-url=\"https:\/\/sisu.ut.ee\/wp-content\/uploads\/sites\/178\/ratastega_saaremaal_zr_07.08.2009_mark.pdf\" href=\"https:\/\/sisu.ut.ee\/wp-content\/uploads\/sites\/178\/ratastega_saaremaal_zr_07.08.2009_mark.pdf\" target=\"_blank\" title=\"\" rel=\"noopener\">loe edasi<\/a><\/span><\/span>\n<\/p>\n<p>\n\t<span style=\"font-size:14px\"><span style=\"font-family:Verdana,Geneva,sans-serif\"><img decoding=\"async\" alt=\"\" src=\"https:\/\/sisu.ut.ee\/wp-content\/uploads\/sites\/427\/sar31.jpg\" style=\"width: 800px;height: 533px\"><br>S\u00f5rve tuletorn<\/span><\/span>\n<\/p>\n<p>\n\t<span style=\"font-size:14px\"><span style=\"font-family:Verdana,Geneva,sans-serif\"><em>07.08.2009 Heiki<\/em><\/span><\/span>\n<\/p>\n<p>\n\t<span style=\"font-size:14px\"><span style=\"font-family:Verdana,Geneva,sans-serif\">Kell on 7\u00a0(AM). Lauri \u00e4ratab mind. T\u00f5usen kiiresti, pakin viimased asjad seljakotti ja l\u00e4heme alla k\u00f6\u00f6ki. S\u00f6\u00f6me \u0161okolaadimaitselisi hommikus\u00f6\u00f6gihelbeid, t\u00e4idame joogipudelid ning umbes kell 8 asume teele.<br>Hommik on k\u00fcllaltki jahe, kuid tuju r\u00f5\u00f5mus ning vaikselt juttu ajades l\u00e4hevad esimesed paark\u00fcmmend kilomeetrit \u00fcpris tempokalt, teisi liiklejaid kohtamata. Umbes kella 9 paiku on ilm soojemaks l\u00e4inud ning teeme v\u00e4ikese ristmikupausi, et v\u00f5tta lonks vedelikku, vaadata kaarti ning eemaldada palavust tekitavad pusad. J\u00e4rgnevad 60 kilomeetrit kulgevad umbes samas tempos, kuid tee peal on hakanud liikuma ka \u2026\u00a0<a data-url=\"https:\/\/sisu.ut.ee\/wp-content\/uploads\/sites\/178\/saaremaa_ringreis_heiki.pdf\" href=\"https:\/\/sisu.ut.ee\/wp-content\/uploads\/sites\/178\/saaremaa_ringreis_heiki.pdf\" target=\"_blank\" title=\"\" rel=\"noopener\">loe edasi<\/a><\/span><\/span>\n<\/p>\n<p>\n\t<span style=\"font-size:14px\"><span style=\"font-family:Verdana,Geneva,sans-serif\"><em>07.08.2009 Lauri<\/em><\/span><\/span>\n<\/p>\n<p>\n\t<span style=\"font-size:14px\"><span style=\"font-family:Verdana,Geneva,sans-serif\">Kell on 7\u00a0(AM). \u00c4rkan, v\u00f5tan eelmisel \u00f5htul pakitud koti ning hiilin teise tuppa. Proovin Heikit \u00fcles \u00e4ratada, kuid ta ei ole ilmselgelt harjunud vara \u00e4rkamisega. Ta veel pakib kotti ning marsib h\u00e4\u00e4lekalt ruumist v\u00e4lja. \u00d5nneks on teised hilja \u00f6\u00f6seni tutvunud putukate hingeeluga ja nad j\u00e4id s\u00fcgavasse unne.<br>Hommikul oli n\u00e4ha teel ka teisi jalgratastel liiklejaid, kes olid alati s\u00f5bralikud ja tervitasid meid. Ka teede olukord oli kiiduv\u00e4\u00e4rt, sest osad Regio atlases m\u00e4rgitud kruusateed olid juba progresseerunud asfaltteedeks. Viidum\u00e4elt Orissaarde on vaid 110km, kuid Heiki otsustab 5km enne Orissaareni j\u00f5udmist katkestada peatusteta s\u00f5idu ning \u2026\u00a0<\/span><\/span><a data-url=\"https:\/\/sisu.ut.ee\/wp-content\/uploads\/sites\/178\/saaremaa_ringreis_lauri.pdf\" href=\"https:\/\/sisu.ut.ee\/wp-content\/uploads\/sites\/178\/saaremaa_ringreis_lauri.pdf\" target=\"_blank\" title=\"\" rel=\"noopener\">loe edasi<\/a>\n<\/p>\n<p>\n\t<a data-url=\"https:\/\/sisu.ut.ee\/wp-content\/uploads\/sites\/178\/heiki_lauri_01.jpg\" href=\"https:\/\/sisu.ut.ee\/wp-content\/uploads\/sites\/178\/heiki_lauri_01.jpg\" title=\"\"><img decoding=\"async\" alt=\"\" src=\"https:\/\/sisu.ut.ee\/wp-content\/uploads\/sites\/178\/heiki_lauri_01.jpg\" style=\"width: 800px;height: 627px\"><\/a><br><span style=\"font-size:14px\"><span style=\"font-family:Verdana,Geneva,sans-serif\">Heiki ja Lauri \u00fcmber-Saaremaa-reis<\/span><\/span><br>\u00a0\n<\/p>\n<p>\n\t<span style=\"font-size:18px\"><span style=\"font-family:Verdana,Geneva,sans-serif\"><strong>S\u00f5rve linnujaam, S\u00f5rve s\u00e4\u00e4r, ajalootuba \u2013 Viidum\u00e4e LK keskus<\/strong><\/span><\/span><br><span style=\"font-size:14px\"><span style=\"font-family:Verdana,Geneva,sans-serif\"><em>8.08.2009<\/em> T\u00f5nis<\/span><\/span>\n<\/p>\n<p>\n\t<span style=\"font-size:14px\"><span style=\"font-family:Verdana,Geneva,sans-serif\">Hommikul \u00e4rkasime \u00fcles ja p\u00e4rast v\u00e4ikest hommikus\u00f6\u00f6ki l\u00e4ksime Mati Martinsoni juhtimisel linde vaatlema (roostikust tehtud varjend), edasi vaatasime poolsaare tippu ja seal olevaid rannakaitseehitisi, eemalt paistsid laiud hunniku kormoranidega.<br>S\u00f5rves oli ka ajalootuba, kus oli hulganisti k\u00f5iksugust s\u00f5javarustust (p\u00f5hiliselt kahe ilmas\u00f5ja p\u00e4evilt) \u00a0ja eeskujulik sule- ja putukakogu. \u00d6\u00f6ga oli valgusp\u00fc\u00fcnistesse tulnud palju \u00f6\u00f6liblikaid ja Rudolf v\u00f5ttis neid terve hunniku kaasa (p\u00e4rast unustas Viidum\u00e4ele). Edasine osa p\u00e4evast m\u00f6\u00f6duski Viidum\u00e4ele tagasi v\u00e4ndates, l\u00e4bi mitme ujumiskoha loomulikult, sest vesi oli v\u00e4ga m\u00f5nus. Kohale j\u00f5udes olid k\u00f5ik v\u00e4ntamisest v\u00e4sinud nii, et k\u00fctsime korraliku kuuma sauna\u2026<\/span><\/span>\n<\/p>\n<p>\n\t<span style=\"font-size:14px\"><span style=\"font-family:Verdana,Geneva,sans-serif\"><img decoding=\"async\" alt=\"\" src=\"https:\/\/sisu.ut.ee\/wp-content\/uploads\/sites\/427\/sar41.jpg\"><br>Linnuvaatlusi juhendab Mati Martinson<\/span><\/span>\n<\/p>\n<p>\n\t<span style=\"font-size:14px\"><span style=\"font-family:Verdana,Geneva,sans-serif\"><img decoding=\"async\" alt=\"\" src=\"https:\/\/sisu.ut.ee\/wp-content\/uploads\/sites\/427\/sar52.jpg\"><br>Ajalootuba S\u00f5rve linnujaamas<\/span><\/span>\n<\/p>\n<p>\n\t<span style=\"font-size:14px\"><span style=\"font-family:Verdana,Geneva,sans-serif\"><em>08.08.2009 Mark<\/em><\/span><\/span>\n<\/p>\n<p>\n\t<span style=\"font-size:14px\"><span style=\"font-family:Verdana,Geneva,sans-serif\">Hommikul k\u00e4is \u00fcks tuntud raadioh\u00e4\u00e4l varjendist linde pildistamas, meie r\u00fchmale anti ka v\u00f5imalus hommikupoole telkidest linde vahtida, kuid ilmselt keegi vist seda ei kasutanud. Mina, kes ma \u00e4rkasin k\u00fcmneringis, ilmselgelt mitte. Ennel\u00f5unal k\u00e4isime S\u00f5rve s\u00e4\u00e4re majaka juures, kus oli ka paar pildistamisaldist p\u00e4\u00e4susaba, ja p\u00e4ris-p\u00e4ris s\u00e4\u00e4re tipus. Isegi \u00fcks L\u00e4timaa majakas oli n\u00e4ha. Majaka kandist tagasij\u00f5udnuna k\u00fclastasime ka linnubaasi juures asuvat s\u00e4\u00e4re ajalootuba, kus oli \u2026\u00a0<a data-url=\"https:\/\/sisu.ut.ee\/wp-content\/uploads\/sites\/178\/ratastega_saaremaal_zr_07.08.2009_mark.pdf\" href=\"https:\/\/sisu.ut.ee\/wp-content\/uploads\/sites\/178\/ratastega_saaremaal_zr_07.08.2009_mark.pdf\" target=\"_blank\" title=\"\" rel=\"noopener\">loe edasi<\/a><\/span><\/span><br>\u00a0\n<\/p>\n<p>\n\t<span style=\"font-size:18px\"><span style=\"font-family:Verdana,Geneva,sans-serif\"><strong>Teop\u00e4ev Viidum\u00e4e LK keskuses ja Miku metsapark<\/strong><\/span><\/span><br><span style=\"font-size:14px\"><span style=\"font-family:Verdana,Geneva,sans-serif\"><em>09.08.2009<\/em> Sauk<\/span><\/span>\n<\/p>\n<p>\n\t<span style=\"font-size:14px\"><span style=\"font-family:Verdana,Geneva,sans-serif\">P\u00fchap\u00e4evale kohaselt magasid k\u00f5ik vaikselt \u00fcsna kaua. Kell 6 hommikul ei liikunud keegi ringi. Kuid p\u00e4rast hommikus\u00f6\u00f6ki, kui k\u00f5ik juba \u00e4rkvel olid, hakati meile tutvustama molluskite mitmekesist maailma. Keegi teo-t\u00e4di r\u00e4\u00e4kis meile alguses p\u00e4ris pikalt erinevaid tigude kogumise meetoditest ja umbes l\u00f5unaajal l\u00e4ksime me v\u00e4lit\u00f6\u00f6dele, et otsida metsa alt v\u00f5i niidult k\u00f5du. Oli kaks v\u00f5imalust. Kas v\u00f5tta ette ruutmeeter ja korjata sealt \u00fcles k\u00f5ik k\u00f5du, mis sealt leida v\u00f5is, v\u00f5i s\u00f5eluda k\u00f5du l\u00e4bi s\u00f5ela, et see purki pista. \u00dclej\u00e4\u00e4nud p\u00e4rastl\u00f5una me veetsime spaatliga k\u00f5du uurides ja sealt v\u00e4ikeseid tigusid otsides. Rudolf \u00fcritas sellest v\u00f5istlust teha, kes k\u00f5ige rohkem leiab, aga t\u00f5en\u00e4oliselt ei l\u00e4inud keegi selle v\u00f5istlusmomendiga kaasa. V\u00f5ideti hoopis eriauhindu: Kaarel ja Kristiina leidsid \u2026 <a data-url=\"https:\/\/sisu.ut.ee\/wp-content\/uploads\/sites\/178\/pyhapaev_09.08.2009_sauk.pdf\" href=\"https:\/\/sisu.ut.ee\/wp-content\/uploads\/sites\/178\/pyhapaev_09.08.2009_sauk.pdf\" target=\"_blank\" title=\"\" rel=\"noopener\">loe edasi<\/a><\/span><\/span>\n<\/p>\n<p>\n\t<span style=\"font-size:14px\"><span style=\"font-family:Verdana,Geneva,sans-serif\"><img decoding=\"async\" alt=\"\" src=\"https:\/\/sisu.ut.ee\/wp-content\/uploads\/sites\/427\/sar56.jpg\" style=\"width: 800px;height: 533px\"><br>Tiina Talvi r\u00e4\u00e4gib maismaatigudest<\/span><\/span>\n<\/p>\n<p>\n\t<span style=\"font-size:14px\"><span style=\"font-family:Verdana,Geneva,sans-serif\"><img decoding=\"async\" alt=\"\" src=\"https:\/\/sisu.ut.ee\/wp-content\/uploads\/sites\/427\/sar62.jpg\" style=\"width: 800px;height: 533px\"><br>K\u00f5du sorteerimine<\/span><\/span>\n<\/p>\n<p>\n\t<span style=\"font-size:14px\"><span style=\"font-family:Verdana,Geneva,sans-serif\"><img decoding=\"async\" alt=\"\" src=\"https:\/\/sisu.ut.ee\/wp-content\/uploads\/sites\/427\/sar68.jpg\" style=\"width: 800px;height: 533px\"><br>Miku metsapargis<\/span><\/span>\n<\/p>\n<p>\n\t<span style=\"font-size:14px\"><span style=\"font-family:Verdana,Geneva,sans-serif\"><img decoding=\"async\" alt=\"\" src=\"https:\/\/sisu.ut.ee\/wp-content\/uploads\/sites\/427\/sar77.jpg\" style=\"width: 800px;height: 533px\"><br>Kas elluj\u00e4\u00e4miskursused?<\/span><\/span><br>\u00a0\n<\/p>\n<p>\n\t<span style=\"font-size:18px\"><span style=\"font-family:Verdana,Geneva,sans-serif\"><strong>Vilsandi saarel<\/strong><\/span><\/span><br><span style=\"font-size:14px\"><span style=\"font-family:Verdana,Geneva,sans-serif\"><em>10.08.2009<\/em> Kaarel<\/span><\/span>\n<\/p>\n<p>\n\t<span style=\"font-size:14px\"><span style=\"font-family:Verdana,Geneva,sans-serif\">Hommikul kellelgi t\u00f5usmisega erilisi probleeme ei olnud erinevalt reisi algusest. Oma baasist Audakul v\u00e4ljusime umbes kella 11 paiku sihtkohaks Jaan T\u00e4tte kodusaar Vilsandi. enne Saaremaa pealt lahkumist k\u00e4isime Kihelkonna kaupluses, et osta toidukraami, h\u00e4biv\u00e4\u00e4rne on fakt, et poes oli ainult 3 S\u00e4\u00e4stu j\u00e4\u00e4tist, millest 2 sai Kaarel ja 1 \u201ewend Rudolf\u201c. Paadi juurde j\u00f5udsime v\u00e4ikese hilinemisega, kuid sellest polnud hullu, Aivo teavitas aegsasti paadimeest meie hilinemisest. Paadis\u00f5it kulges rahulikult: kes vahtis merd, kes l\u00e4henevat Vilsandit, Rudolf j\u00f5i Dr. Hellust, Mark lasi kuldsetel kiharatel tuules lehvida. Kui Vilsandi baasi j\u00f5udsime \u2026 <a data-url=\"https:\/\/sisu.ut.ee\/wp-content\/uploads\/sites\/178\/vilsandi_10.08.2009_kaarel.pdf\" href=\"https:\/\/sisu.ut.ee\/wp-content\/uploads\/sites\/178\/vilsandi_10.08.2009_kaarel.pdf\" target=\"_blank\" title=\"\" rel=\"noopener\">loe edasi<\/a><\/span><\/span>\n<\/p>\n<p>\n\t<a data-url=\"https:\/\/sisu.ut.ee\/wp-content\/uploads\/sites\/178\/vilsandi1_gps.jpg\" href=\"https:\/\/sisu.ut.ee\/wp-content\/uploads\/sites\/178\/vilsandi1_gps.jpg\" title=\"\"><img decoding=\"async\" alt=\"\" src=\"https:\/\/sisu.ut.ee\/wp-content\/uploads\/sites\/178\/vilsandi1_gps.jpg\" style=\"width: 800px;height: 426px\"><\/a>\n<\/p>\n<p>\n\t<a data-url=\"https:\/\/sisu.ut.ee\/wp-content\/uploads\/sites\/178\/vilsandi2_gps.jpg\" href=\"https:\/\/sisu.ut.ee\/wp-content\/uploads\/sites\/178\/vilsandi2_gps.jpg\" title=\"\"><img decoding=\"async\" alt=\"\" src=\"https:\/\/sisu.ut.ee\/wp-content\/uploads\/sites\/178\/vilsandi2_gps.jpg\" style=\"width: 800px;height: 427px\"><\/a>\n<\/p>\n<p>\n\t<span style=\"font-size:14px\"><span style=\"font-family:Verdana,Geneva,sans-serif\"><img decoding=\"async\" alt=\"\" src=\"https:\/\/sisu.ut.ee\/wp-content\/uploads\/sites\/427\/sar94.jpg\" style=\"width: 800px;height: 533px\"><br>Vilsandi tuletorn<\/span><\/span>\n<\/p>\n<p>\n\t<span style=\"font-size:14px\"><span style=\"font-family:Verdana,Geneva,sans-serif\"><img decoding=\"async\" alt=\"\" src=\"https:\/\/sisu.ut.ee\/wp-content\/uploads\/sites\/427\/sar101.jpg\" style=\"width: 800px;height: 533px\"><br>\u00d5htus\u00f6\u00f6k tuleb<\/span><\/span>\n<\/p>\n<p>\n\t<span style=\"font-size:14px\"><span style=\"font-family:Verdana,Geneva,sans-serif\"><em>11.08.2009<\/em> Silver<\/span><\/span>\n<\/p>\n<p>\n\t<span style=\"font-size:14px\"><span style=\"font-family:Verdana,Geneva,sans-serif\">Teine p\u00e4ev Vilsandil algas koos p\u00e4ikesepaistega, oli v\u00e4ga ilus ilm. Peale hommiku-s\u00f6\u00f6ki otsustasid enamus minna Aaperse randa, et end suplusega turgutada. Tee k\u00f5rval sai uudistada ka kadakaid, magedav\u00f5itu s\u00f5start ja vaatlustorni, mis j\u00e4i tee peale. Peale ujumist otsustasime minna Vesiloo saarele, mis asus saare p\u00f5hjaosas. Seal n\u00e4gime paljusid veelinde: kormoraane, kajakaid, luiki ja tiire. Ma leidsin isegi \u00fche tiiru tiiva. Meie grupp j\u00f5udis sealt tagasi just l\u00f5una ajaks. P\u00e4rast l\u00f5unat l\u00e4ksime mina ja mu kolm s\u00f5pra saare idatippu kohe Vilsandi tuletorni juurde ujuma. Me ujusime Mustpangale ja Alumisele Vaikale. \u00a0Kui me olime neil \u00e4ra k\u00e4inud, siis oli juba silmapiiril n\u00e4ha tumedaid pilvi kogunemas. Me kiirustasime tagasi Tolli tallu, kus me \u00f6\u00f6bisime. Samal ajal kui me saari uudistasime, k\u00e4is T\u00f5nis V\u00e4ike-Vilsandil \u00e4ra (Vilsandi l\u00e4\u00e4neosa, mida \u00fchendab \u00fclej\u00e4\u00e4nud saarega ainult kitsas maariba). Oma retke k\u00e4igus n\u00e4gi ta metssigu ja ka rebast. Kahjuks sadas vihma kogu \u00fclej\u00e4\u00e4nud p\u00e4eva ja me m\u00e4ngisime Tolli talu saunas kaarte, kuni uni meie \u00fcle v\u00f5imu v\u00f5ttis.<\/span><\/span>\n<\/p>\n<p>\n\t<span style=\"font-size:14px\"><span style=\"font-family:Verdana,Geneva,sans-serif\"><img decoding=\"async\" alt=\"\" src=\"https:\/\/sisu.ut.ee\/wp-content\/uploads\/sites\/427\/sar111.jpg\" style=\"width: 800px;height: 533px\"><br>Tigude uurimine j\u00e4tkus ka Vilsandil<\/span><\/span>\n<\/p>\n<p>\n\t<span style=\"font-size:14px\"><span style=\"font-family:Verdana,Geneva,sans-serif\"><img decoding=\"async\" alt=\"\" src=\"https:\/\/sisu.ut.ee\/wp-content\/uploads\/sites\/427\/sar119.jpg\" style=\"width: 800px;height: 533px\"><br>Tolli talukoht<\/span><\/span><br>\u00a0\n<\/p>\n<p>\n\t<span style=\"font-size:14px\"><span style=\"font-family:Verdana,Geneva,sans-serif\"><a data-url=\"https:\/\/sisu.ut.ee\/wp-content\/uploads\/sites\/178\/maismaatigude_nimestik_audaku_09.08.2009.pdf\" href=\"https:\/\/sisu.ut.ee\/wp-content\/uploads\/sites\/178\/maismaatigude_nimestik_audaku_09.08.2009.pdf\" target=\"_blank\" title=\"\" rel=\"noopener\">Maismaatigude nimestik Audakul 09.08.2009 &gt;&gt;<\/a><\/span><\/span>\n<\/p>\n<p>\n\t<span style=\"font-size:14px\"><span style=\"font-family:Verdana,Geneva,sans-serif\"><a data-url=\"https:\/\/sisu.ut.ee\/wp-content\/uploads\/sites\/178\/saaremaa_p-liblikad_2009.pdf\" href=\"https:\/\/sisu.ut.ee\/wp-content\/uploads\/sites\/178\/saaremaa_p-liblikad_2009.pdf\" target=\"_blank\" title=\"\" rel=\"noopener\">P\u00e4evaliblikate nimestik. Saaremaa ja Vilsandi saar. 4. \u2013 13. august 2009 &gt;&gt;<\/a><\/span><\/span><br>\u00a0\n<\/p>\n<p>\n\t<span style=\"font-size:14px\"><strong><span style=\"font-family:Verdana,Geneva,sans-serif\"><a data-url=\"https:\/\/sisu.ut.ee\/zrpildid\/saaremaa-4-13-08-2009\" href=\"https:\/\/sisu.ut.ee\/zrpildid\/saaremaa-4-13-08-2009\" target=\"_blank\" title=\"\" rel=\"noopener\"><span style=\"color:#008080\">pildid &gt;&gt;<\/span><\/a><\/span><\/strong><\/span>\n<\/p>\n<p>\n\t<br><span style=\"font-size:14px\"><span style=\"font-family:Verdana,Geneva,sans-serif\">V\u00e4lipraktikumide\u00a0l\u00e4biviimist toetas\u00a0<a href=\"http:\/\/www.kik.ee\/\" target=\"_blank\" rel=\"noopener\">KIK<\/a><\/span><\/span>\n<\/p>\n<p>\n\t<a data-url=\"https:\/\/www.kik.ee\/et\" href=\"https:\/\/www.kik.ee\/et\" target=\"_blank\" title=\"\" rel=\"noopener\"><img decoding=\"async\" alt=\"\" src=\"https:\/\/sisu.ut.ee\/wp-content\/uploads\/sites\/178\/kik_logo_rgb_0.jpg\" style=\"width: 496px;height: 539px\"><\/a><br>\u00a0\n<\/p>\n<p>\n\t\u00a0<\/p>\n","protected":false},"excerpt":{"rendered":"<p>pildid &gt;&gt; Osales 14 \u00f5pilast. Saaremaal oli baasiks Viidum\u00e4e loodusmaja. Saaremal liiguti ratastega. K\u00fclastati Viidum\u00e4e Looduskaitseala keskust ja S\u00f5rve linnujaama. Matkati Kuusn\u00f5mme poolsaarel, Pilguse m\u00f5isa \u00fcmbruses, pikem matk oli S\u00f5rve poolsaarele. Kolm p\u00e4eva uuriti loodust Vilsandi saarel. Viidum\u00e4el juhendas maismaatigude &#8230;<\/p>\n","protected":false},"author":88,"featured_media":0,"parent":0,"menu_order":0,"comment_status":"closed","ping_status":"closed","template":"","meta":{"_acf_changed":false,"inline_featured_image":false,"footnotes":""},"class_list":["post-26","page","type-page","status-publish","hentry"],"acf":[],"_links":{"self":[{"href":"https:\/\/sisu.ut.ee\/zooloogiaring\/wp-json\/wp\/v2\/pages\/26","targetHints":{"allow":["GET"]}}],"collection":[{"href":"https:\/\/sisu.ut.ee\/zooloogiaring\/wp-json\/wp\/v2\/pages"}],"about":[{"href":"https:\/\/sisu.ut.ee\/zooloogiaring\/wp-json\/wp\/v2\/types\/page"}],"author":[{"embeddable":true,"href":"https:\/\/sisu.ut.ee\/zooloogiaring\/wp-json\/wp\/v2\/users\/88"}],"replies":[{"embeddable":true,"href":"https:\/\/sisu.ut.ee\/zooloogiaring\/wp-json\/wp\/v2\/comments?post=26"}],"version-history":[{"count":1,"href":"https:\/\/sisu.ut.ee\/zooloogiaring\/wp-json\/wp\/v2\/pages\/26\/revisions"}],"predecessor-version":[{"id":795,"href":"https:\/\/sisu.ut.ee\/zooloogiaring\/wp-json\/wp\/v2\/pages\/26\/revisions\/795"}],"wp:attachment":[{"href":"https:\/\/sisu.ut.ee\/zooloogiaring\/wp-json\/wp\/v2\/media?parent=26"}],"curies":[{"name":"wp","href":"https:\/\/api.w.org\/{rel}","templated":true}]}}