{"id":25,"date":"2024-04-04T02:55:51","date_gmt":"2024-04-03T23:55:51","guid":{"rendered":"https:\/\/sisu.ut.ee\/zooloogiaring\/palupohja-oppeekskursioon-27-31-07-2009\/"},"modified":"2024-04-04T02:58:09","modified_gmt":"2024-04-03T23:58:09","slug":"palupohja-oppeekskursioon-27-31-07-2009","status":"publish","type":"page","link":"https:\/\/sisu.ut.ee\/zooloogiaring\/palupohja-oppeekskursioon-27-31-07-2009\/","title":{"rendered":"Palup\u00f5hja 27.-31. juuli 2009"},"content":{"rendered":"<p>\n\t<span style=\"font-family:Verdana,Geneva,sans-serif\"><span style=\"font-size:16px\"><strong><a data-url=\"https:\/\/sisu.ut.ee\/zrpildid\/palupohja-27-31-07-2009\" href=\"https:\/\/sisu.ut.ee\/zrpildid\/palupohja-27-31-07-2009\" target=\"_blank\" title=\"\" rel=\"noopener\">pildid &gt;&gt;<\/a><\/strong><\/span><\/span>\n<\/p>\n<p>\n\t<span style=\"font-size:16px\"><span style=\"font-family:Verdana,Geneva,sans-serif\">\u00d5ppeekskursioonid toimusid kahes r\u00fchmas. Uurisime vee-, metsa- ning niiduelustikku.\u00a0K\u00e4isime \u00f5ppematkal Seli-Sillaotsa matkaraja. \u00d5ppisime kanuude ja s\u00fcstadega liiklemist Emaj\u00f5el\u00a0ning vaatlesime elustikku Emaj\u00f5e \u00e4\u00e4res. Osalejaid oli 23.\u00a0Juhendajad olid Aivo Tamm, Robert Oetjen ja Rudolf Bichele.<\/span><\/span>\n<\/p>\n<p>\n\t<span style=\"font-size:16px\"><span style=\"font-family:Verdana,Geneva,sans-serif\"><img decoding=\"async\" alt=\"\" src=\"https:\/\/sisu.ut.ee\/wp-content\/uploads\/sites\/427\/papo5-01.jpg\" style=\"width: 800px;height: 533px\"><\/span><\/span><br><span style=\"font-size:14px\"><span style=\"font-family:Verdana,Geneva,sans-serif\">Palup\u00f5hja looduskoolis<\/span><\/span>\n<\/p>\n<p>\n\t<span style=\"font-size:16px\"><span style=\"font-family:Verdana,Geneva,sans-serif\"><img decoding=\"async\" alt=\"\" src=\"https:\/\/sisu.ut.ee\/wp-content\/uploads\/sites\/427\/papo5-27.jpg\" style=\"width: 800px;height: 533px\"><\/span><\/span><br><span style=\"font-size:14px\"><span style=\"font-family:Verdana,Geneva,sans-serif\">Palup\u00f5hja looduskool ja telkimisplats<\/span><\/span>\n<\/p>\n<p>\n\t<span style=\"font-size:16px\"><span style=\"font-family:Verdana,Geneva,sans-serif\"><img decoding=\"async\" alt=\"\" src=\"https:\/\/sisu.ut.ee\/wp-content\/uploads\/sites\/427\/papo5-02.jpg\" style=\"width: 800px;height: 533px\"><\/span><\/span><br><span style=\"font-size:14px\"><span style=\"font-family:Verdana,Geneva,sans-serif\">Robert r\u00e4\u00e4gib kuidas vee peal p\u00fcsida<\/span><\/span>\n<\/p>\n<p>\n\t<span style=\"font-size:16px\"><span style=\"font-family:Verdana,Geneva,sans-serif\"><img decoding=\"async\" alt=\"\" src=\"https:\/\/sisu.ut.ee\/wp-content\/uploads\/sites\/427\/papo5-14.jpg\" style=\"width: 800px;height: 533px\"><br>R<\/span><\/span><span style=\"font-size:14px\"><span style=\"font-family:Verdana,Geneva,sans-serif\">udolf \u00f5petab putukate prepareerimist ja liblikate sirutamist<\/span><\/span>\n<\/p>\n<p>\n\t<span style=\"font-size:16px\"><span style=\"font-family:Verdana,Geneva,sans-serif\"><img decoding=\"async\" alt=\"\" src=\"https:\/\/sisu.ut.ee\/wp-content\/uploads\/sites\/427\/papo5-43.jpg\" style=\"width: 800px;height: 533px\"><\/span><\/span><br><span style=\"font-size:14px\"><span style=\"font-family:Verdana,Geneva,sans-serif\">Valgusele kogunenud putukad<\/span><\/span>\n<\/p>\n<p>\n\t<span style=\"font-size:16px\"><span style=\"font-family:Verdana,Geneva,sans-serif\"><img decoding=\"async\" alt=\"\" src=\"https:\/\/sisu.ut.ee\/wp-content\/uploads\/sites\/427\/papo5-09.jpg\" style=\"width: 800px;height: 533px\"><\/span><\/span><br><span style=\"font-size:14px\"><span style=\"font-family:Verdana,Geneva,sans-serif\">S\u00fcstade ja kanuudega Emaj\u00f5el<\/span><\/span>\n<\/p>\n<p>\n\t<span style=\"font-size:16px\"><span style=\"font-family:Verdana,Geneva,sans-serif\"><a data-url=\"https:\/\/sisu.ut.ee\/wp-content\/uploads\/sites\/178\/palupohja_liblikad_27.07.-31.07.2009.pdf\" href=\"https:\/\/sisu.ut.ee\/wp-content\/uploads\/sites\/178\/palupohja_liblikad_27.07.-31.07.2009.pdf\" target=\"_blank\" title=\"\" rel=\"noopener\">Palup\u00f5hja \u00fcmbruses kohatud ja p\u00fc\u00fctud liblikaliste nimestik &gt;&gt;<\/a><\/span><\/span>\n<\/p>\n<p>\n\t<strong><span style=\"font-size:16px\"><span style=\"font-family:Verdana,Geneva,sans-serif\"><a data-url=\"https:\/\/sisu.ut.ee\/zrpildid\/palupohja-27-31-07-2009\" href=\"https:\/\/sisu.ut.ee\/zrpildid\/palupohja-27-31-07-2009\" target=\"_blank\" title=\"\" rel=\"noopener\">pildid &gt;&gt;<\/a><\/span><\/span><\/strong>\n<\/p>\n<p>\n\t<br><span style=\"font-family:Verdana,Geneva,sans-serif\"><span style=\"font-size:16px\">V\u00e4lipraktikumide\u00a0l\u00e4biviimist toetas\u00a0<a href=\"http:\/\/www.kik.ee\/\" target=\"_blank\" rel=\"noopener\">KIK<\/a><\/span><\/span>\n<\/p>\n<p>\n\t<a data-url=\"https:\/\/www.kik.ee\/et\" href=\"https:\/\/www.kik.ee\/et\" target=\"_blank\" title=\"\" rel=\"noopener\"><img decoding=\"async\" alt=\"\" src=\"https:\/\/sisu.ut.ee\/wp-content\/uploads\/sites\/178\/kik_logo_rgb_0.jpg\" style=\"width: 496px;height: 539px\"><\/a><\/p>\n","protected":false},"excerpt":{"rendered":"<p>pildid &gt;&gt; \u00d5ppeekskursioonid toimusid kahes r\u00fchmas. Uurisime vee-, metsa- ning niiduelustikku.\u00a0K\u00e4isime \u00f5ppematkal Seli-Sillaotsa matkaraja. \u00d5ppisime kanuude ja s\u00fcstadega liiklemist Emaj\u00f5el\u00a0ning vaatlesime elustikku Emaj\u00f5e \u00e4\u00e4res. Osalejaid oli 23.\u00a0Juhendajad olid Aivo Tamm, Robert Oetjen ja Rudolf Bichele. Palup\u00f5hja looduskoolis Palup\u00f5hja looduskool ja &#8230;<\/p>\n","protected":false},"author":88,"featured_media":0,"parent":0,"menu_order":0,"comment_status":"closed","ping_status":"closed","template":"","meta":{"_acf_changed":false,"inline_featured_image":false,"footnotes":""},"class_list":["post-25","page","type-page","status-publish","hentry"],"acf":[],"_links":{"self":[{"href":"https:\/\/sisu.ut.ee\/zooloogiaring\/wp-json\/wp\/v2\/pages\/25","targetHints":{"allow":["GET"]}}],"collection":[{"href":"https:\/\/sisu.ut.ee\/zooloogiaring\/wp-json\/wp\/v2\/pages"}],"about":[{"href":"https:\/\/sisu.ut.ee\/zooloogiaring\/wp-json\/wp\/v2\/types\/page"}],"author":[{"embeddable":true,"href":"https:\/\/sisu.ut.ee\/zooloogiaring\/wp-json\/wp\/v2\/users\/88"}],"replies":[{"embeddable":true,"href":"https:\/\/sisu.ut.ee\/zooloogiaring\/wp-json\/wp\/v2\/comments?post=25"}],"version-history":[{"count":1,"href":"https:\/\/sisu.ut.ee\/zooloogiaring\/wp-json\/wp\/v2\/pages\/25\/revisions"}],"predecessor-version":[{"id":796,"href":"https:\/\/sisu.ut.ee\/zooloogiaring\/wp-json\/wp\/v2\/pages\/25\/revisions\/796"}],"wp:attachment":[{"href":"https:\/\/sisu.ut.ee\/zooloogiaring\/wp-json\/wp\/v2\/media?parent=25"}],"curies":[{"name":"wp","href":"https:\/\/api.w.org\/{rel}","templated":true}]}}