{"id":23,"date":"2024-04-04T02:55:50","date_gmt":"2024-04-03T23:55:50","guid":{"rendered":"https:\/\/sisu.ut.ee\/zooloogiaring\/teemad\/"},"modified":"2024-05-11T13:33:17","modified_gmt":"2024-05-11T10:33:17","slug":"teemad","status":"publish","type":"page","link":"https:\/\/sisu.ut.ee\/zooloogiaring\/teemad\/","title":{"rendered":"Teemad"},"content":{"rendered":"<h4><span style=\"font-family: verdana, geneva;\"><span style=\"color: #800000;\">Zooloogiaringi tundide teemad l\u00e4bi aastate<\/span><br>\n<\/span><\/h4>\n<p>Valige men\u00fc\u00fcst \u00f5ppeaasta<\/p>\n<p><img loading=\"lazy\" decoding=\"async\" src=\"\/wp-content\/uploads\/sites\/178\/teemad.jpg\" width=\"366\" height=\"345\"><\/p>\n","protected":false},"excerpt":{"rendered":"<p>Zooloogiaringi tundide teemad l\u00e4bi aastate Valige men\u00fc\u00fcst \u00f5ppeaasta<\/p>\n","protected":false},"author":88,"featured_media":0,"parent":0,"menu_order":0,"comment_status":"closed","ping_status":"closed","template":"","meta":{"_acf_changed":false,"inline_featured_image":false,"footnotes":""},"class_list":["post-23","page","type-page","status-publish","hentry"],"acf":[],"_links":{"self":[{"href":"https:\/\/sisu.ut.ee\/zooloogiaring\/wp-json\/wp\/v2\/pages\/23","targetHints":{"allow":["GET"]}}],"collection":[{"href":"https:\/\/sisu.ut.ee\/zooloogiaring\/wp-json\/wp\/v2\/pages"}],"about":[{"href":"https:\/\/sisu.ut.ee\/zooloogiaring\/wp-json\/wp\/v2\/types\/page"}],"author":[{"embeddable":true,"href":"https:\/\/sisu.ut.ee\/zooloogiaring\/wp-json\/wp\/v2\/users\/88"}],"replies":[{"embeddable":true,"href":"https:\/\/sisu.ut.ee\/zooloogiaring\/wp-json\/wp\/v2\/comments?post=23"}],"version-history":[{"count":2,"href":"https:\/\/sisu.ut.ee\/zooloogiaring\/wp-json\/wp\/v2\/pages\/23\/revisions"}],"predecessor-version":[{"id":1433,"href":"https:\/\/sisu.ut.ee\/zooloogiaring\/wp-json\/wp\/v2\/pages\/23\/revisions\/1433"}],"wp:attachment":[{"href":"https:\/\/sisu.ut.ee\/zooloogiaring\/wp-json\/wp\/v2\/media?parent=23"}],"curies":[{"name":"wp","href":"https:\/\/api.w.org\/{rel}","templated":true}]}}