{"id":21,"date":"2024-04-04T02:55:50","date_gmt":"2024-04-03T23:55:50","guid":{"rendered":"https:\/\/sisu.ut.ee\/zooloogiaring\/tegevus\/"},"modified":"2024-04-19T20:28:17","modified_gmt":"2024-04-19T17:28:17","slug":"tegevus","status":"publish","type":"page","link":"https:\/\/sisu.ut.ee\/zooloogiaring\/tegevus\/","title":{"rendered":"Tegevus"},"content":{"rendered":"<p><\/p>\n\n\n<p><a href=\"https:\/\/sisu.ut.ee\/zooloogiaring\/teemad\/\">TEEMAD &gt;&gt;<\/a><br><a href=\"https:\/\/sisu.ut.ee\/zooloogiaring\/kiki-projektid\/\">KIKI PROJEKTID &gt;&gt;<\/a><\/p>\n<p><span style=\"font-size: 14px;\"><span style=\"font-family: Verdana,Geneva,sans-serif;\">* Zooloogiaringis osalevad \u00f5pilased 1.-12. klassist<br>* Kokku on k\u00fcmme r\u00fchma (kolm vanuseastet)<br>* Ringi tunnid toimuvad T\u00dc loodusmuuseumi zooloogia \u00f5ppeklassis Vanemuise 46, ruum 248 ning muuseumisaalides<br>* \u00d5ppet\u00f6\u00f6 toimub septembrist maini. Koolivaheaegadel tunde ei toimu<br>* Iga kord r\u00e4\u00e4gime erinevast loomast v\u00f5i loomar\u00fchmast. Teemade ring on lai \u2013 alates imev\u00e4ikestest putukatest ja l\u00f5petades suurte imetajatega Eestist ja kogu maailmast.<br>* Lisaks loodusmuuseumi eksponaatidele saame kasutada \u00f5ppekogusid, uurida putukaid ja limuste kodasid, erinevate loomade nahku, luid ja koljusid ning tegevusj\u00e4lgi.<br>* Uurime mikroskoopidega v\u00e4iksemate loomade kehaosi ja vees elavaid loomi<br>* Vaatame filme loomadest<br>* Saame elavnurga loomi\u00a0k\u00e4tte\u00a0v\u00f5tta<br>* Ise saab koostada referaate ja ettekandeid ning teha v\u00e4iksemaid uurimust\u00f6id<br>* 1.-4. klassi \u00f5pilased saavad osaleda Loodusmaja laagrites<br>* Suvel ja talvel k\u00e4ime vanemate \u00f5pilastega\u00a02-3 p\u00e4evastel v\u00e4lipraktikumidel ja \u00f5ppelaagrites<br>* Zooloogiaringi heaks teevad koost\u00f6\u00f6d huvikool <a href=\"http:\/\/www.tartuloodusmaja.ee\/\" target=\"_blank\" rel=\"noopener\">Tartu Loodusmaja<\/a> ja <a href=\"http:\/\/www.natmuseum.ut.ee\/\" target=\"_blank\" rel=\"noopener\">Tartu \u00dclikooli loodusmuuseum<\/a><\/span><\/span><\/p>\n<p><span style=\"font-size: 14px;\"><span style=\"font-family: Verdana,Geneva,sans-serif;\"><img loading=\"lazy\" decoding=\"async\" src=\"\/wp-content\/uploads\/sites\/178\/banner_avalehele_tegevused4a.jpg\" width=\"800\" height=\"150\"><\/span><\/span><\/p>","protected":false},"excerpt":{"rendered":"<p>TEEMAD &gt;&gt;KIKI PROJEKTID &gt;&gt; * Zooloogiaringis osalevad \u00f5pilased 1.-12. klassist* Kokku on k\u00fcmme r\u00fchma (kolm vanuseastet)* Ringi tunnid toimuvad T\u00dc loodusmuuseumi zooloogia \u00f5ppeklassis Vanemuise 46, ruum 248 ning muuseumisaalides* \u00d5ppet\u00f6\u00f6 toimub septembrist maini. Koolivaheaegadel tunde ei toimu* Iga kord r\u00e4\u00e4gime &#8230;<\/p>\n","protected":false},"author":88,"featured_media":0,"parent":0,"menu_order":0,"comment_status":"closed","ping_status":"closed","template":"","meta":{"_acf_changed":false,"inline_featured_image":false,"footnotes":""},"class_list":["post-21","page","type-page","status-publish","hentry"],"acf":[],"_links":{"self":[{"href":"https:\/\/sisu.ut.ee\/zooloogiaring\/wp-json\/wp\/v2\/pages\/21","targetHints":{"allow":["GET"]}}],"collection":[{"href":"https:\/\/sisu.ut.ee\/zooloogiaring\/wp-json\/wp\/v2\/pages"}],"about":[{"href":"https:\/\/sisu.ut.ee\/zooloogiaring\/wp-json\/wp\/v2\/types\/page"}],"author":[{"embeddable":true,"href":"https:\/\/sisu.ut.ee\/zooloogiaring\/wp-json\/wp\/v2\/users\/88"}],"replies":[{"embeddable":true,"href":"https:\/\/sisu.ut.ee\/zooloogiaring\/wp-json\/wp\/v2\/comments?post=21"}],"version-history":[{"count":4,"href":"https:\/\/sisu.ut.ee\/zooloogiaring\/wp-json\/wp\/v2\/pages\/21\/revisions"}],"predecessor-version":[{"id":1407,"href":"https:\/\/sisu.ut.ee\/zooloogiaring\/wp-json\/wp\/v2\/pages\/21\/revisions\/1407"}],"wp:attachment":[{"href":"https:\/\/sisu.ut.ee\/zooloogiaring\/wp-json\/wp\/v2\/media?parent=21"}],"curies":[{"name":"wp","href":"https:\/\/api.w.org\/{rel}","templated":true}]}}