{"id":20,"date":"2024-04-04T02:55:50","date_gmt":"2024-04-03T23:55:50","guid":{"rendered":"https:\/\/sisu.ut.ee\/zooloogiaring\/meelespea-laagrites-osalejale\/"},"modified":"2024-04-04T02:58:09","modified_gmt":"2024-04-03T23:58:09","slug":"meelespea-laagrites-osalejale","status":"publish","type":"page","link":"https:\/\/sisu.ut.ee\/zooloogiaring\/meelespea-laagrites-osalejale\/","title":{"rendered":"Meelespea v\u00e4lipraktikumides osalejale"},"content":{"rendered":"<p class=\"style1\">\n\t<span style=\"font-size:14px\"><span style=\"font-family:Verdana,Geneva,sans-serif\">Meelespea zooloogiaringi v\u00e4lipraktikumides<br>osalejatele ja lapsevanematele<\/span><\/span>\n<\/p>\n<p>\n\t<span style=\"font-size:14px\"><span style=\"font-family:Verdana,Geneva,sans-serif\"><strong>\u00d5pilasele:<\/strong><\/span><\/span>\n<\/p>\n<ul>\n<li>\n\t\t<span style=\"font-size:14px\"><span style=\"font-family:Verdana,Geneva,sans-serif\">Olen igati s\u00f5bralik k\u00f5ikide kaaslastega.<\/span><\/span>\n\t<\/li>\n<li>\n\t\t<span style=\"font-size:14px\"><span style=\"font-family:Verdana,Geneva,sans-serif\">Kuulan ja t\u00e4idan k\u00f5iki juhendajate antud korraldusi.<\/span><\/span>\n\t<\/li>\n<li>\n\t\t<span style=\"font-size:14px\"><span style=\"font-family:Verdana,Geneva,sans-serif\">\u00d5ppek\u00e4ikudel ja \u00f5ppetundides olen vaikselt, ei tegele k\u00f5rvaliste asjadega,\u00a0<br>r\u00e4\u00e4gime \u00fckshaaval ja kuulame teisi.<\/span><\/span>\n\t<\/li>\n<li>\n\t\t<span style=\"font-size:14px\"><span style=\"font-family:Verdana,Geneva,sans-serif\">Olen hooliv \u00fcmbruse suhtes.<\/span><\/span>\n\t<\/li>\n<li>\n\t\t<span style=\"font-size:14px\"><span style=\"font-family:Verdana,Geneva,sans-serif\">L\u00e4hen magama, kui algab \u00f6\u00f6rahu. Uni on inimesele eluliselt vajalik.<\/span><\/span>\n\t<\/li>\n<li>\n\t\t<span style=\"font-size:14px\"><span style=\"font-family:Verdana,Geneva,sans-serif\">Hoian korras ruumid ning \u00fcldkasutatavad ja isiklikud asjad.<\/span><\/span>\n\t<\/li>\n<li>\n\t\t<span style=\"font-size:14px\"><span style=\"font-family:Verdana,Geneva,sans-serif\">\u00d5ppeekskursioonil tekkinud muredest ja probleemidest r\u00e4\u00e4gin esmalt juhendajatele.<\/span><\/span>\n\t<\/li>\n<\/ul>\n<p>\n\t<span style=\"font-size:14px\"><span style=\"font-family:Verdana,Geneva,sans-serif\"><strong>Lapsevanemale:<\/strong><\/span><\/span>\n<\/p>\n<ul>\n<li>\n\t\t<span style=\"font-size:14px\"><span style=\"font-family:Verdana,Geneva,sans-serif\">Lapse ravimite tarvitamise vajadusest (nt. allergiaravimid) tuleb teavitada juhendajaid\u00a0<br>ja vajalikud ravimid tuleb kaasa anda (ka ravimid peavalu korral).<\/span><\/span>\n\t<\/li>\n<li>\n\t\t<span style=\"font-size:14px\"><span style=\"font-family:Verdana,Geneva,sans-serif\">Praktikumile\u00a0 ei tohi saata haiget last.\u00a0<br>Haigestunud laps tuleb lapsevanemal koju viia.<\/span><\/span>\n\t<\/li>\n<li>\n\t\t<span style=\"font-size:14px\"><span style=\"font-family:Verdana,Geneva,sans-serif\">Kui laps ei allu korrale, siis tuleb lapsevanemal oma laps koju viia.<\/span><\/span>\n\t<\/li>\n<li>\n\t\t<span style=\"font-size:14px\"><span style=\"font-family:Verdana,Geneva,sans-serif\">Lapsevanem tagab, et ta oleks telefoni teel igal ajal k\u00e4ttesaadav.<\/span><\/span>\n\t<\/li>\n<\/ul>\n<p>\n\t\u00a0<\/p>\n","protected":false},"excerpt":{"rendered":"<p>Meelespea zooloogiaringi v\u00e4lipraktikumidesosalejatele ja lapsevanematele \u00d5pilasele: Olen igati s\u00f5bralik k\u00f5ikide kaaslastega. Kuulan ja t\u00e4idan k\u00f5iki juhendajate antud korraldusi. \u00d5ppek\u00e4ikudel ja \u00f5ppetundides olen vaikselt, ei tegele k\u00f5rvaliste asjadega,\u00a0r\u00e4\u00e4gime \u00fckshaaval ja kuulame teisi. Olen hooliv \u00fcmbruse suhtes. L\u00e4hen magama, kui algab \u00f6\u00f6rahu. &#8230;<\/p>\n","protected":false},"author":88,"featured_media":0,"parent":0,"menu_order":0,"comment_status":"closed","ping_status":"closed","template":"","meta":{"_acf_changed":false,"inline_featured_image":false,"footnotes":""},"class_list":["post-20","page","type-page","status-publish","hentry"],"acf":[],"_links":{"self":[{"href":"https:\/\/sisu.ut.ee\/zooloogiaring\/wp-json\/wp\/v2\/pages\/20","targetHints":{"allow":["GET"]}}],"collection":[{"href":"https:\/\/sisu.ut.ee\/zooloogiaring\/wp-json\/wp\/v2\/pages"}],"about":[{"href":"https:\/\/sisu.ut.ee\/zooloogiaring\/wp-json\/wp\/v2\/types\/page"}],"author":[{"embeddable":true,"href":"https:\/\/sisu.ut.ee\/zooloogiaring\/wp-json\/wp\/v2\/users\/88"}],"replies":[{"embeddable":true,"href":"https:\/\/sisu.ut.ee\/zooloogiaring\/wp-json\/wp\/v2\/comments?post=20"}],"version-history":[{"count":1,"href":"https:\/\/sisu.ut.ee\/zooloogiaring\/wp-json\/wp\/v2\/pages\/20\/revisions"}],"predecessor-version":[{"id":801,"href":"https:\/\/sisu.ut.ee\/zooloogiaring\/wp-json\/wp\/v2\/pages\/20\/revisions\/801"}],"wp:attachment":[{"href":"https:\/\/sisu.ut.ee\/zooloogiaring\/wp-json\/wp\/v2\/media?parent=20"}],"curies":[{"name":"wp","href":"https:\/\/api.w.org\/{rel}","templated":true}]}}