{"id":19,"date":"2024-04-04T02:55:50","date_gmt":"2024-04-03T23:55:50","guid":{"rendered":"https:\/\/sisu.ut.ee\/zooloogiaring\/kik-2020\/"},"modified":"2024-04-19T01:48:37","modified_gmt":"2024-04-18T22:48:37","slug":"kik-2020","status":"publish","type":"page","link":"https:\/\/sisu.ut.ee\/zooloogiaring\/kik-2020\/","title":{"rendered":"zooloogiaringi v\u00e4lipraktikumid 2020"},"content":{"rendered":"<p><span style=\"font-size: 26px;\"><strong><span style=\"font-family: Verdana,Geneva,sans-serif;\">Endla 24.-26. jaanuar 2020<\/span><\/strong><\/span><\/p>\n\n\n\n<p><span style=\"font-size: 16px;\"><span style=\"font-family: Verdana,Geneva,sans-serif;\">P\u00e4rast kohale saabumist tutvustas Elo Raspel meile Endla looduskaitseala keskust.<\/span><\/span><\/p>\n\n\n\n<p><span style=\"font-size: 16px;\"><span style=\"font-family: Verdana,Geneva,sans-serif;\">\u00d5htul toimus \u00f5ppetud, kus tutvusime Eesti k\u00e4rplastega.<\/span><\/span><\/p>\n\n\n\n<figure class=\"wp-block-image\"><img decoding=\"async\" src=\"https:\/\/sisu.ut.ee\/wp-content\/uploads\/sites\/427\/end_1_02.jpg\" alt=\"\"><\/figure>\n\n\n\n<p><span style=\"font-size: 16px;\"><span style=\"font-family: Verdana,Geneva,sans-serif;\"><\/span><\/span><\/p>\n\n\n\n<p><span style=\"font-size: 16px;\"><span style=\"font-family: Verdana,Geneva,sans-serif;\">M\u00e4lum\u00e4ngu Kuldvillak koostas ja viis l\u00e4bi Merlin.<\/span><\/span><\/p>\n\n\n\n<figure class=\"wp-block-image\"><img decoding=\"async\" src=\"https:\/\/sisu.ut.ee\/wp-content\/uploads\/sites\/427\/end_1_03.jpg\" alt=\"\"><\/figure>\n\n\n\n<p><span style=\"font-size: 16px;\"><span style=\"font-family: Verdana,Geneva,sans-serif;\"><\/span><\/span><\/p>\n\n\n\n<p><span style=\"font-size: 16px;\"><span style=\"font-family: Verdana,Geneva,sans-serif;\">P\u00e4ris pimedas k\u00e4isime\u00a0taskulampidega avastusrajal, kus sai palju teada Endla looduskaitseala ja aasta loomade kohta.<\/span><\/span><\/p>\n\n\n\n<figure class=\"wp-block-image\"><img decoding=\"async\" src=\"https:\/\/sisu.ut.ee\/wp-content\/uploads\/sites\/178\/endla20a-01.jpg\" alt=\"\"><\/figure>\n\n\n\n<p><span style=\"font-size: 16px;\"><span style=\"font-family: Verdana,Geneva,sans-serif;\"><\/span><\/span><\/p>\n\n\n\n<p><span style=\"font-size: 16px;\"><span style=\"font-family: Verdana,Geneva,sans-serif;\">J\u00e4rgmise p\u00e4eva hommikul k\u00e4isime Elo juhendamisel Endla looduskeskuse \u00f5ppeprogrammil \u201cR\u00e4\u00e4tsamatk talvises rabas\u201d \u2013 seekord ilma r\u00e4\u00e4tsadeta.<\/span><\/span><\/p>\n\n\n\n<figure class=\"wp-block-image\"><img decoding=\"async\" src=\"https:\/\/sisu.ut.ee\/wp-content\/uploads\/sites\/427\/end_1_08.jpg\" alt=\"\"><\/figure>\n\n\n\n<p><span style=\"font-size: 16px;\"><span style=\"font-family: Verdana,Geneva,sans-serif;\"><\/span><\/span><\/p>\n\n\n\n<p><span style=\"font-size: 16px;\"><span style=\"font-family: Verdana,Geneva,sans-serif;\">N\u00e4gime r\u00e4hnide, oravate, kobraste, metskitsede, metssigade ja p\u00f5trade tegevusj\u00e4lgi.\u00a0N\u00e4gime metskitsi.<\/span><\/span><\/p>\n\n\n\n<p><span style=\"font-size: 16px;\"><span style=\"font-family: Verdana,Geneva,sans-serif;\">P\u00e4rastl\u00f5unal uurisime\u00a0\u00f5ppekogusid, milles olid loomade talvised tegevusj\u00e4ljed, sarved, koljud ja nahad.<\/span><\/span><\/p>\n\n\n\n<figure class=\"wp-block-image\"><img decoding=\"async\" src=\"https:\/\/sisu.ut.ee\/wp-content\/uploads\/sites\/427\/end_1_16.jpg\" alt=\"\"><\/figure>\n\n\n\n<p><span style=\"font-size: 16px;\"><span style=\"font-family: Verdana,Geneva,sans-serif;\"><\/span><\/span><\/p>\n\n\n\n<p><span style=\"font-size: 16px;\"><span style=\"font-family: Verdana,Geneva,sans-serif;\">Viimasel p\u00e4eval k\u00e4isime veel \u00fchel \u00f5ppek\u00e4igul. Tegime kokkuv\u00f5tteid ja koostasime n\u00e4htud, kuuldud v\u00f5i tegevusj\u00e4lgede j\u00e4rgi kindlaks tehtud loomade nimestikud.<\/span><\/span><\/p>\n\n\n\n<figure class=\"wp-block-image\"><img decoding=\"async\" src=\"https:\/\/sisu.ut.ee\/wp-content\/uploads\/sites\/427\/end_1_13.jpg\" alt=\"\"><\/figure>\n\n\n\n<p><span style=\"font-size: 16px;\"><span style=\"font-family: Verdana,Geneva,sans-serif;\"><\/span><\/span><\/p>\n\n\n\n<p><span style=\"font-size: 14px;\"><span style=\"font-family: Verdana,Geneva,sans-serif;\">Facebook\u00b4i postitus:\u00a0<a title=\"\" href=\"https:\/\/www.facebook.com\/zooloogiaring\/posts\/2670502829671960\" target=\"_blank\" rel=\"noopener\" data-url=\"https:\/\/www.facebook.com\/zooloogiaring\/posts\/2670502829671960\">https:\/\/www.facebook.com\/zooloogiaring\/posts\/2670502829671960<\/a><\/span><\/span><\/p>\n\n\n\n<p><span style=\"font-size: 14px;\"><span style=\"font-family: Verdana,Geneva,sans-serif;\"><a title=\"\" href=\"https:\/\/sisu.ut.ee\/wp-content\/uploads\/sites\/178\/loomade_nimestik_endla_24.-26.01.2020.pdf\" target=\"_blank\" rel=\"noopener\" data-url=\"https:\/\/sisu.ut.ee\/wp-content\/uploads\/sites\/178\/loomade_nimestik_endla_24.-26.01.2020.pdf\">LOOMADE NIMESTIK &gt;&gt;<\/a><\/span><\/span><\/p>\n\n\n\n<p><span style=\"font-size: 14px;\"><span style=\"font-family: Verdana,Geneva,sans-serif;\"><a title=\"\" href=\"https:\/\/sisu.ut.ee\/zrpildid\/endla-24-26-01-2020\" target=\"_blank\" rel=\"noopener\" data-url=\"https:\/\/sisu.ut.ee\/zrpildid\/endla-24-26-01-2020\">pildid &gt;&gt;<\/a><\/span><\/span><br>\u00a0<\/p>\n\n\n\n<hr class=\"wp-block-separator has-alpha-channel-opacity\">\n\n\n\n<p><br><strong><span style=\"font-size: 26px;\"><span style=\"font-family: Verdana,Geneva,sans-serif;\">Endla 7.-9. veebruar 2020<\/span><\/span><\/strong><\/p>\n\n\n\n<p><span style=\"font-size: 16px;\"><span style=\"font-family: Verdana,Geneva,sans-serif;\">Kohale j\u00f5udes tutvusime looduskeskuse \u00fcmbrusega.<\/span><\/span><\/p>\n\n\n\n<p><span style=\"font-size: 16px;\"><span style=\"font-family: Verdana,Geneva,sans-serif;\">Seej\u00e4rel tutvustas Elo Raspel meile Endla looduskaitseala keskust.<\/span><\/span><\/p>\n\n\n\n<figure class=\"wp-block-image\"><img decoding=\"async\" src=\"https:\/\/sisu.ut.ee\/wp-content\/uploads\/sites\/427\/end_2_02.jpg\" alt=\"\"><\/figure>\n\n\n\n<p><span style=\"font-size: 16px;\"><span style=\"font-family: Verdana,Geneva,sans-serif;\"><\/span><\/span><\/p>\n\n\n\n<p><span style=\"font-size: 16px;\"><span style=\"font-family: Verdana,Geneva,sans-serif;\">Eesti k\u00e4rplasi tutvustavas \u00f5ppetunnis m\u00e4\u00e4rasime loomi fotode ja nahkade j\u00e4rgi. Viktoriinilaadses \u00fclesandes tuli k\u00e4rplased filmil\u00f5ikudelt \u00e4ra tunda.<\/span><\/span><\/p>\n\n\n\n<figure class=\"wp-block-image\"><img decoding=\"async\" src=\"https:\/\/sisu.ut.ee\/wp-content\/uploads\/sites\/427\/end_2_03.jpg\" alt=\"\"><\/figure>\n\n\n\n<p><span style=\"font-size: 16px;\"><span style=\"font-family: Verdana,Geneva,sans-serif;\"><\/span><\/span><\/p>\n\n\n\n<p><span style=\"font-size: 16px;\"><span style=\"font-family: Verdana,Geneva,sans-serif;\">\u00d6\u00f6pimeduses k\u00e4isime M\u00e4nnikj\u00e4rve \u00e4\u00e4res ja rabas.\u00a0<\/span><\/span><span style=\"font-size: 16px;\"><span style=\"font-family: Verdana,Geneva,sans-serif;\">Osa meist kordas rabaretke varahommikul.<\/span><\/span><\/p>\n\n\n\n<p><span style=\"font-size: 16px;\"><span style=\"font-family: Verdana,Geneva,sans-serif;\">Teisel p\u00e4eval k\u00e4isime Elo juhendamisel metsa ja rabaretkel. Maha oli tulnud veidi lund ja nii n\u00e4gime ka loomade jalaj\u00e4lgi.<\/span><\/span><\/p>\n\n\n\n<figure class=\"wp-block-image\"><img decoding=\"async\" src=\"https:\/\/sisu.ut.ee\/wp-content\/uploads\/sites\/427\/end_2_09.jpg\" alt=\"\"><\/figure>\n\n\n\n<p><span style=\"font-size: 16px;\"><span style=\"font-family: Verdana,Geneva,sans-serif;\"><\/span><\/span><\/p>\n\n\n\n<p><span style=\"font-size: 16px;\"><span style=\"font-family: Verdana,Geneva,sans-serif;\">\u00d5htul oli \u00f5ppetund, kus tuli nahkade, koljude, sarvede, tegevusj\u00e4lgede ja fotode j\u00e4rgi loomad kindlaks teha.<\/span><\/span><\/p>\n\n\n\n<figure class=\"wp-block-image\"><img decoding=\"async\" src=\"https:\/\/sisu.ut.ee\/wp-content\/uploads\/sites\/427\/end_2_12.jpg\" alt=\"\"><\/figure>\n\n\n\n<p><span style=\"font-size: 16px;\"><span style=\"font-family: Verdana,Geneva,sans-serif;\"><\/span><\/span><\/p>\n\n\n\n<p><span style=\"font-size: 16px;\"><span style=\"font-family: Verdana,Geneva,sans-serif;\">\u00d5htul kutsus Elo meid ilvese poolt murtud metskitse vaatama.<\/span><\/span><\/p>\n\n\n\n<p><span style=\"font-size: 16px;\"><span style=\"font-family: Verdana,Geneva,sans-serif;\"><img decoding=\"async\" style=\"width: 1000px; height: 667px;\" src=\"https:\/\/sisu.ut.ee\/wp-content\/uploads\/sites\/178\/kits-ilves.jpg\" alt=\"\"><\/span><\/span><br><span style=\"font-size: 14px;\"><span style=\"font-family: Verdana,Geneva,sans-serif;\">Ilvese poolt murtud metskits<\/span><\/span><\/p>\n\n\n\n<p><span style=\"font-size: 16px;\"><span style=\"font-family: Verdana,Geneva,sans-serif;\">Viimasel p\u00e4eval k\u00e4isime l\u00fchikesel \u00f5ppek\u00e4igul, uurisime k\u00e4bides elavaid putukaid. Tuvastasime kuuse-k\u00e4bik\u00e4rbse ja k\u00e4bim\u00e4hkuri kahjustused.<\/span><\/span><\/p>\n\n\n\n<p><span style=\"font-size: 16px;\"><span style=\"font-family: Verdana,Geneva,sans-serif;\">L\u00f5puks tegime kokkuv\u00f5tteid ning iga r\u00fchm koostas n\u00e4htud, kuuldud v\u00f5i tegevusj\u00e4lgese j\u00e4rgi kindlaks tehtud loomade nimestiku.<\/span><\/span><\/p>\n\n\n\n<figure class=\"wp-block-image\"><img decoding=\"async\" src=\"https:\/\/sisu.ut.ee\/wp-content\/uploads\/sites\/427\/end_2_22.jpg\" alt=\"\"><\/figure>\n\n\n\n<p><span style=\"font-size: 16px;\"><span style=\"font-family: Verdana,Geneva,sans-serif;\"><\/span><\/span><\/p>\n\n\n\n<p><span style=\"font-size: 14px;\"><span style=\"font-family: Verdana,Geneva,sans-serif;\">Facebook\u00b4i postitus:\u00a0<a title=\"\" href=\"https:\/\/www.facebook.com\/zooloogiaring\/posts\/2710793378976238\" target=\"_blank\" rel=\"noopener\" data-url=\"https:\/\/www.facebook.com\/zooloogiaring\/posts\/2710793378976238\">https:\/\/www.facebook.com\/zooloogiaring\/posts\/2710793378976238<\/a><\/span><\/span><\/p>\n\n\n\n<p><span style=\"font-size: 14px;\"><span style=\"font-family: Verdana,Geneva,sans-serif;\"><a title=\"\" href=\"https:\/\/sisu.ut.ee\/wp-content\/uploads\/sites\/178\/loomade_nimestik_endla_7.-9.02.2020.pdf\" target=\"_blank\" rel=\"noopener\" data-url=\"https:\/\/sisu.ut.ee\/wp-content\/uploads\/sites\/178\/loomade_nimestik_endla_7.-9.02.2020.pdf\">LOOMADE NIMESTIK &gt;&gt;<\/a><\/span><\/span><\/p>\n\n\n\n<p><span style=\"font-size: 14px;\"><span style=\"font-family: Verdana,Geneva,sans-serif;\"><a title=\"\" href=\"https:\/\/sisu.ut.ee\/zrpildid\/endla-7-9-02-2020\" target=\"_blank\" rel=\"noopener\" data-url=\"https:\/\/sisu.ut.ee\/zrpildid\/endla-7-9-02-2020\">Pildid &gt;&gt;<\/a><\/span><\/span><br>\u00a0<\/p>\n\n\n\n<hr class=\"wp-block-separator has-alpha-channel-opacity\">\n\n\n\n<p><br><strong><span style=\"font-size: 26px;\"><span style=\"font-family: Verdana,Geneva,sans-serif;\">Endla 5.-7. august 2020<\/span><\/span><\/strong><\/p>\n\n\n\n<p><span style=\"font-size: 16px;\"><span style=\"font-family: Verdana,Geneva,sans-serif;\">Kohale j\u00f5udes tegime l\u00fchikese \u00f5pperetke \u00fcmbruskonda. Tutvusime loomade uurimise ja vaatlemise meetoditega.<\/span><\/span><\/p>\n\n\n\n<p><span style=\"font-size: 16px;\"><span style=\"font-family: Verdana,Geneva,sans-serif;\">\u00d5pilased valisid endale vaatlus- ja uurimusteema, millega isaseisvalt v\u00f5i r\u00fchmaga praktikumi jooksul tegeleti. Praktikumi l\u00f5pul esitleti oma uurimisteemat.<\/span><\/span><\/p>\n\n\n\n<figure class=\"wp-block-image\"><img decoding=\"async\" src=\"https:\/\/sisu.ut.ee\/wp-content\/uploads\/sites\/427\/endla-20-01.jpg\" alt=\"\"><\/figure>\n\n\n\n<p><span style=\"font-size: 16px;\"><span style=\"font-family: Verdana,Geneva,sans-serif;\"><\/span><\/span><\/p>\n\n\n\n<p><span style=\"font-size: 16px;\"><span style=\"font-family: Verdana,Geneva,sans-serif;\">Jagunesime kaheks suuremaks r\u00fchmaks, kummaski oli kaks v\u00e4iksemat r\u00fchma.<\/span><\/span><\/p>\n\n\n\n<p><span style=\"font-size: 16px;\"><span style=\"font-family: Verdana,Geneva,sans-serif;\">Iseseisva t\u00f6\u00f6na k\u00e4is \u00fcks r\u00fchm veeloomi uurimas ja teine r\u00fchm uuris koos Aivoga maismaaloomi.<br>Teisel p\u00e4eval r\u00fchmad vahetusid.<\/span><\/span><\/p>\n\n\n\n<figure class=\"wp-block-image\"><img decoding=\"async\" src=\"https:\/\/sisu.ut.ee\/wp-content\/uploads\/sites\/427\/endla-20-05.jpg\" alt=\"\"><\/figure>\n\n\n\n<p><span style=\"font-size: 16px;\"><span style=\"font-family: Verdana,Geneva,sans-serif;\"><\/span><\/span><\/p>\n\n\n\n<p><span style=\"font-size: 16px;\"><span style=\"font-family: Verdana,Geneva,sans-serif;\">P\u00e4rast \u00f5htus\u00f6\u00f6ki toimus tubane vee-elustiku\u00a0 \u00f5ppeprogramm, kus esitluse ja selgituste j\u00e4rgi \u00f5piti veeloomi tundma ja t\u00e4ideti t\u00f6\u00f6lehti.<\/span><\/span><\/p>\n\n\n\n<figure class=\"wp-block-image\"><img decoding=\"async\" src=\"https:\/\/sisu.ut.ee\/wp-content\/uploads\/sites\/427\/endla-20-11.jpg\" alt=\"\"><\/figure>\n\n\n\n<p><span style=\"font-size: 16px;\"><span style=\"font-family: Verdana,Geneva,sans-serif;\"><\/span><\/span><\/p>\n\n\n\n<p><span style=\"font-size: 16px;\"><span style=\"font-family: Verdana,Geneva,sans-serif;\">\u00d5htul vaatlesime ja uurisime valgusp\u00fc\u00fcgi juures \u00f6\u00f6putukaid, kuulasime nahkhiirte h\u00e4\u00e4li ning k\u00e4isime M\u00e4nnikj\u00e4rve rabas.<\/span><\/span><\/p>\n\n\n\n<p><span style=\"font-size: 16px;\"><span style=\"font-family: Verdana,Geneva,sans-serif;\"><img decoding=\"async\" style=\"width: 1000px; height: 667px;\" src=\"https:\/\/sisu.ut.ee\/wp-content\/uploads\/sites\/178\/paevakoer-20200806_231830.jpg\" alt=\"\"><\/span><\/span><br><span style=\"font-size: 14px;\"><span style=\"font-family: Verdana,Geneva,sans-serif;\">P\u00e4evakoer valgusp\u00fc\u00fcgi linal<\/span><\/span><\/p>\n\n\n\n<p><span style=\"font-size: 16px;\"><span style=\"font-family: Verdana,Geneva,sans-serif;\">R\u00fchmad said vahepeal oma uurimist\u00f6\u00f6dega tegeleda.<\/span><\/span><\/p>\n\n\n\n<figure class=\"wp-block-image\"><img decoding=\"async\" src=\"https:\/\/sisu.ut.ee\/wp-content\/uploads\/sites\/178\/endla-suvi.jpg\" alt=\"\"><\/figure>\n\n\n\n<p><span style=\"font-size: 16px;\"><span style=\"font-family: Verdana,Geneva,sans-serif;\"><\/span><\/span><\/p>\n\n\n\n<p><span style=\"font-size: 16px;\"><span style=\"font-family: Verdana,Geneva,sans-serif;\">\u00d5htupoolikul toimus putukate \u00f5ppeprogramm, kus esitlust vaadates ja t\u00f6\u00f6lehti t\u00e4ites tutvusime putukate v\u00e4isehituse, eluviisi ja paljunemisega.<\/span><\/span><\/p>\n\n\n\n<p><span style=\"font-size: 16px;\"><span style=\"font-family: Verdana,Geneva,sans-serif;\">Viimasel p\u00e4eval tegime \u00f5pperetke M\u00e4nnikj\u00e4rve \u00e4\u00e4rde ning rappa.<\/span><\/span><\/p>\n\n\n\n<figure class=\"wp-block-image\"><img decoding=\"async\" src=\"https:\/\/sisu.ut.ee\/wp-content\/uploads\/sites\/427\/endla-20-14.jpg\" alt=\"\"><\/figure>\n\n\n\n<p><span style=\"font-size: 16px;\"><span style=\"font-family: Verdana,Geneva,sans-serif;\"><\/span><\/span><\/p>\n\n\n\n<p><span style=\"font-size: 16px;\"><span style=\"font-family: Verdana,Geneva,sans-serif;\">Uurimisr\u00fchmad esitlesid oma uurimist\u00f6id-projekte.<\/span><\/span><\/p>\n\n\n\n<p><span style=\"font-size: 16px;\"><span style=\"font-family: Verdana,Geneva,sans-serif;\">Teemad:<br>Hobukastani-keerukoi<br>Mullamurelased<br>Elustik palikdel<br>Jalaka-paunat\u00e4i<br>Kase-keeruk\u00e4rsakas<br>Konnad Endla loosuskaitseala keskuse keldriakende aukudes<br>Elurikkuse uurimine erinevates kooslustes<\/span><\/span><\/p>\n\n\n\n<p><span style=\"font-size: 16px;\"><span style=\"font-family: Verdana,Geneva,sans-serif;\">Tegime kokkuv\u00f5tteid ja koostasime loomade nimestikud.<\/span><\/span><\/p>\n\n\n\n<p><span style=\"font-size: 14px;\"><span style=\"font-family: Verdana,Geneva,sans-serif;\"><a title=\"\" href=\"https:\/\/sisu.ut.ee\/wp-content\/uploads\/sites\/178\/loomade_nimestik_endla_5.-7.08.2020.pdf\" target=\"_blank\" rel=\"noopener\" data-url=\"https:\/\/sisu.ut.ee\/wp-content\/uploads\/sites\/178\/loomade_nimestik_endla_5.-7.08.2020.pdf\">LOOMADE NIMESTIK &gt;&gt;<\/a><\/span><\/span><\/p>\n\n\n\n<p><span style=\"font-size: 14px;\"><span style=\"font-family: Verdana,Geneva,sans-serif;\"><a title=\"\" href=\"https:\/\/sisu.ut.ee\/zrpildid\/endla_5-7-08-2020\" target=\"_blank\" rel=\"noopener\" data-url=\"https:\/\/sisu.ut.ee\/zrpildid\/endla_5-7-08-2020\">pildid &gt;&gt;<\/a><\/span><\/span><br>\u00a0<\/p>\n\n\n\n<hr class=\"wp-block-separator has-alpha-channel-opacity\">\n\n\n\n<p><br><strong><span style=\"font-size: 26px;\"><span style=\"font-family: Verdana,Geneva,sans-serif;\">Palup\u00f5hja 10.-12. august 2020<\/span><\/span><\/strong><\/p>\n\n\n\n<p><span style=\"font-size: 16px;\"><span style=\"font-family: Verdana,Geneva,sans-serif;\">Plaan oli ka nooremate r\u00fchmaga Endlas olla, kuid viiruse ohu t\u00f5ttu l\u00e4ksime hoopis Palup\u00f5hja.<\/span><\/span><\/p>\n\n\n\n<p><span style=\"font-size: 16px;\"><span style=\"font-family: Verdana,Geneva,sans-serif;\">Saabudes tegime retke \u00fcmbruskonnas.<\/span><\/span><\/p>\n\n\n\n<figure class=\"wp-block-image\"><img decoding=\"async\" src=\"https:\/\/sisu.ut.ee\/wp-content\/uploads\/sites\/427\/palupohja_20-01.jpg\" alt=\"\"><\/figure>\n\n\n\n<p><span style=\"font-size: 16px;\"><span style=\"font-family: Verdana,Geneva,sans-serif;\"><\/span><\/span><\/p>\n\n\n\n<p><span style=\"font-size: 16px;\"><span style=\"font-family: Verdana,Geneva,sans-serif;\">T\u00f6\u00f6 toimus kahes suuremas r\u00fchmas, milles oli veel kaks v\u00e4iksemat r\u00fchma \u2013 kokku neli r\u00fchma.<\/span><\/span><\/p>\n\n\n\n<p><span style=\"font-size: 16px;\"><span style=\"font-family: Verdana,Geneva,sans-serif;\">Vee-elustiku \u00f5ppeprogrammi juhendas Aivo ja Maismaaputukaid tutvustas Mari.<\/span><\/span><\/p>\n\n\n\n<figure class=\"wp-block-image\"><img decoding=\"async\" src=\"https:\/\/sisu.ut.ee\/wp-content\/uploads\/sites\/427\/palupohja_20-09.jpg\" alt=\"\"><\/figure>\n\n\n\n<p><span style=\"font-size: 16px;\"><span style=\"font-family: Verdana,Geneva,sans-serif;\"><\/span><\/span><\/p>\n\n\n\n<p><span style=\"font-size: 16px;\"><span style=\"font-family: Verdana,Geneva,sans-serif;\">Teisel p\u00e4eval r\u00fchmad vahetusid.<\/span><\/span><\/p>\n\n\n\n<p><span style=\"font-size: 16px;\"><span style=\"font-family: Verdana,Geneva,sans-serif;\">\u00d5htul vaatasime esitlust veeloomadest ja t\u00e4itsime t\u00f6\u00f6lehti.<\/span><\/span><\/p>\n\n\n\n<figure class=\"wp-block-image\"><img decoding=\"async\" src=\"https:\/\/sisu.ut.ee\/wp-content\/uploads\/sites\/427\/palupohja_20-04.jpg\" alt=\"\"><\/figure>\n\n\n\n<p><span style=\"font-size: 16px;\"><span style=\"font-family: Verdana,Geneva,sans-serif;\"><\/span><\/span><\/p>\n\n\n\n<p><span style=\"font-size: 16px;\"><span style=\"font-family: Verdana,Geneva,sans-serif;\">\u00d6\u00f6sel p\u00fc\u00fcdsime ja vaatlesime valgustatud lina juures \u00f6\u00f6putukaid ja kuulasime nahkhiiri.<\/span><\/span><\/p>\n\n\n\n<p><span style=\"font-size: 16px;\"><span style=\"font-family: Verdana,Geneva,sans-serif;\">Teise p\u00e4eva p\u00e4rastl\u00f5unal toimus putukate \u00f5ppeprogramm.<\/span><\/span><br><span style=\"font-size: 16px;\"><span style=\"font-family: Verdana,Geneva,sans-serif;\">Putukate kaitsekohastumused, putukate v\u00e4limuse kirjeldamine ja v\u00f5rdlemine.<\/span><\/span><br><span style=\"font-size: 16px;\"><span style=\"font-family: Verdana,Geneva,sans-serif;\">T\u00e4itsime t\u00f6\u00f6lehti ja uurisime putukate n\u00e4idiskogusid.<\/span><\/span><\/p>\n\n\n\n<p><span style=\"font-size: 16px;\"><span style=\"font-family: Verdana,Geneva,sans-serif;\">Viimasel p\u00e4eval tegime pikema \u00f5pperetke ning koostasime loomade nimestikud.<\/span><\/span><\/p>\n\n\n\n<p><span style=\"font-size: 16px;\"><span style=\"font-family: Verdana,Geneva,sans-serif;\"><img decoding=\"async\" style=\"width: 1000px; height: 667px;\" src=\"https:\/\/sisu.ut.ee\/wp-content\/uploads\/sites\/427\/palupohja_20-13.jpg\" alt=\"\"><\/span><\/span><br><span style=\"font-family: Verdana,Geneva,sans-serif;\"><span style=\"font-size: 14px;\">Arusisaliku pildistamine<\/span><\/span><\/p>\n\n\n\n<p><span style=\"font-size: 14px;\"><span style=\"font-family: Verdana,Geneva,sans-serif;\"><a title=\"\" href=\"https:\/\/sisu.ut.ee\/wp-content\/uploads\/sites\/178\/loomade_nimestik_palupohja_10.-12.08.2020.pdf\" target=\"_blank\" rel=\"noopener\" data-url=\"https:\/\/sisu.ut.ee\/wp-content\/uploads\/sites\/178\/loomade_nimestik_palupohja_10.-12.08.2020.pdf\">LOOMADE NIMESTIK &gt;&gt;<\/a><\/span><\/span><\/p>\n\n\n\n<p><span style=\"font-size: 14px;\"><span style=\"font-family: Verdana,Geneva,sans-serif;\"><a title=\"\" href=\"https:\/\/sisu.ut.ee\/zrpildid\/palupohja-10-12-08-2020\" target=\"_blank\" rel=\"noopener\" data-url=\"https:\/\/sisu.ut.ee\/zrpildid\/palupohja-10-12-08-2020\">pildid &gt;&gt;<\/a><\/span><\/span><\/p>\n\n\n\n<figure class=\"wp-block-image size-full\"><a href=\"https:\/\/kik.ee\/et\" target=\"_blank\" rel=\"noopener\"><img loading=\"lazy\" decoding=\"async\" width=\"496\" height=\"539\" src=\"https:\/\/sisu.ut.ee\/wp-content\/uploads\/sites\/178\/kik_logo_rgb-1.jpg\" alt=\"\" class=\"wp-image-274\" srcset=\"https:\/\/sisu.ut.ee\/wp-content\/uploads\/sites\/178\/kik_logo_rgb-1.jpg 496w, https:\/\/sisu.ut.ee\/wp-content\/uploads\/sites\/178\/kik_logo_rgb-1-276x300.jpg 276w\" sizes=\"auto, (max-width: 496px) 100vw, 496px\"><\/a><\/figure>\n","protected":false},"excerpt":{"rendered":"<p>Endla 24.-26. jaanuar 2020 P\u00e4rast kohale saabumist tutvustas Elo Raspel meile Endla looduskaitseala keskust. \u00d5htul toimus \u00f5ppetud, kus tutvusime Eesti k\u00e4rplastega. M\u00e4lum\u00e4ngu Kuldvillak koostas ja viis l\u00e4bi Merlin. P\u00e4ris pimedas k\u00e4isime\u00a0taskulampidega avastusrajal, kus sai palju teada Endla looduskaitseala ja aasta &#8230;<\/p>\n","protected":false},"author":88,"featured_media":0,"parent":0,"menu_order":0,"comment_status":"closed","ping_status":"closed","template":"","meta":{"_acf_changed":false,"inline_featured_image":false,"footnotes":""},"class_list":["post-19","page","type-page","status-publish","hentry"],"acf":[],"_links":{"self":[{"href":"https:\/\/sisu.ut.ee\/zooloogiaring\/wp-json\/wp\/v2\/pages\/19","targetHints":{"allow":["GET"]}}],"collection":[{"href":"https:\/\/sisu.ut.ee\/zooloogiaring\/wp-json\/wp\/v2\/pages"}],"about":[{"href":"https:\/\/sisu.ut.ee\/zooloogiaring\/wp-json\/wp\/v2\/types\/page"}],"author":[{"embeddable":true,"href":"https:\/\/sisu.ut.ee\/zooloogiaring\/wp-json\/wp\/v2\/users\/88"}],"replies":[{"embeddable":true,"href":"https:\/\/sisu.ut.ee\/zooloogiaring\/wp-json\/wp\/v2\/comments?post=19"}],"version-history":[{"count":2,"href":"https:\/\/sisu.ut.ee\/zooloogiaring\/wp-json\/wp\/v2\/pages\/19\/revisions"}],"predecessor-version":[{"id":997,"href":"https:\/\/sisu.ut.ee\/zooloogiaring\/wp-json\/wp\/v2\/pages\/19\/revisions\/997"}],"wp:attachment":[{"href":"https:\/\/sisu.ut.ee\/zooloogiaring\/wp-json\/wp\/v2\/media?parent=19"}],"curies":[{"name":"wp","href":"https:\/\/api.w.org\/{rel}","templated":true}]}}