{"id":18,"date":"2024-04-04T02:55:50","date_gmt":"2024-04-03T23:55:50","guid":{"rendered":"https:\/\/sisu.ut.ee\/zooloogiaring\/2020-2021\/"},"modified":"2024-04-04T02:58:09","modified_gmt":"2024-04-03T23:58:09","slug":"2020-2021","status":"publish","type":"page","link":"https:\/\/sisu.ut.ee\/zooloogiaring\/2020-2021\/","title":{"rendered":"2020-2021"},"content":{"rendered":"<p>\n\t2020-2021 \u00f5ppeaasta teemad\n<\/p>\n<ol>\n<li>\n\t\tpiraajad\n\t<\/li>\n<li>\n\t\tguanako, vikunja, laama, alpaka\n\t<\/li>\n<li>\n\t\tkoibikulised\n\t<\/li>\n<li>\n\t\tl\u00fc\u00fcrasaba\n\t<\/li>\n<li>\n\t\tmaisi-roninastik\n\t<\/li>\n<li>\n\t\tujurlased\n\t<\/li>\n<li>\n\t\tm\u00fcgri ehk vesirott\n\t<\/li>\n<li>\n\t\th\u00e4rghaid\n\t<\/li>\n<li>\n\t\tp\u00e4rlkanad\n\t<\/li>\n<li>\n\t\tbandikutilised\n\t<\/li>\n<li>\n\t\ttomatkonn\n\t<\/li>\n<li>\n\t\tsinivaal ja k\u00e4\u00e4busvaal\n\t<\/li>\n<li>\n\t\trebane\n\t<\/li>\n<li>\n\t\tmetskalkun\n\t<\/li>\n<li>\n\t\tmarmosetid\n\t<\/li>\n<li>\n\t\tmoolok\n\t<\/li>\n<li>\n\t\tk\u00e4bilinnud\n\t<\/li>\n<li>\n\t\tkameeleonid\n\t<\/li>\n<li>\n\t\tpaljastuhnur\n\t<\/li>\n<li>\n\t\tk\u00e4gu\n\t<\/li>\n<li>\n\t\th\u00e4mmalised\n\t<\/li>\n<li>\n\t\tvalgej\u00e4nes ja hallj\u00e4nes\n\t<\/li>\n<li>\n\t\tkakapo ehk kakkpapagoi\n\t<\/li>\n<li>\n\t\tv\u00e4ike-v\u00f6\u00f6saba\n\t<\/li>\n<li>\n\t\traisamardikad ja raisamatjad\n\t<\/li>\n<li>\n\t\tkapibaara\n\t<\/li>\n<li>\n\t\t\u00f5uetunnid: linnalinnud ja putukate m\u00e4\u00e4ramine\n\t<\/li>\n<li>\n\t\t\u00f5uetunnid: kordamine\n\t<\/li>\n<\/ol>\n","protected":false},"excerpt":{"rendered":"<p>2020-2021 \u00f5ppeaasta teemad piraajad guanako, vikunja, laama, alpaka koibikulised l\u00fc\u00fcrasaba maisi-roninastik ujurlased m\u00fcgri ehk vesirott h\u00e4rghaid p\u00e4rlkanad bandikutilised tomatkonn sinivaal ja k\u00e4\u00e4busvaal rebane metskalkun marmosetid moolok k\u00e4bilinnud kameeleonid paljastuhnur k\u00e4gu h\u00e4mmalised valgej\u00e4nes ja hallj\u00e4nes kakapo ehk kakkpapagoi v\u00e4ike-v\u00f6\u00f6saba raisamardikad ja &#8230;<\/p>\n","protected":false},"author":88,"featured_media":0,"parent":0,"menu_order":0,"comment_status":"closed","ping_status":"closed","template":"","meta":{"_acf_changed":false,"inline_featured_image":false,"footnotes":""},"class_list":["post-18","page","type-page","status-publish","hentry"],"acf":[],"_links":{"self":[{"href":"https:\/\/sisu.ut.ee\/zooloogiaring\/wp-json\/wp\/v2\/pages\/18","targetHints":{"allow":["GET"]}}],"collection":[{"href":"https:\/\/sisu.ut.ee\/zooloogiaring\/wp-json\/wp\/v2\/pages"}],"about":[{"href":"https:\/\/sisu.ut.ee\/zooloogiaring\/wp-json\/wp\/v2\/types\/page"}],"author":[{"embeddable":true,"href":"https:\/\/sisu.ut.ee\/zooloogiaring\/wp-json\/wp\/v2\/users\/88"}],"replies":[{"embeddable":true,"href":"https:\/\/sisu.ut.ee\/zooloogiaring\/wp-json\/wp\/v2\/comments?post=18"}],"version-history":[{"count":1,"href":"https:\/\/sisu.ut.ee\/zooloogiaring\/wp-json\/wp\/v2\/pages\/18\/revisions"}],"predecessor-version":[{"id":803,"href":"https:\/\/sisu.ut.ee\/zooloogiaring\/wp-json\/wp\/v2\/pages\/18\/revisions\/803"}],"wp:attachment":[{"href":"https:\/\/sisu.ut.ee\/zooloogiaring\/wp-json\/wp\/v2\/media?parent=18"}],"curies":[{"name":"wp","href":"https:\/\/api.w.org\/{rel}","templated":true}]}}