{"id":1590,"date":"2025-09-04T11:51:24","date_gmt":"2025-09-04T08:51:24","guid":{"rendered":"https:\/\/sisu.ut.ee\/zooloogiaring\/?page_id=1590"},"modified":"2025-09-07T00:13:24","modified_gmt":"2025-09-06T21:13:24","slug":"lapsevanemate-tagasiside-2024-2025-oppeaasta","status":"publish","type":"page","link":"https:\/\/sisu.ut.ee\/zooloogiaring\/lapsevanemate-tagasiside-2024-2025-oppeaasta\/","title":{"rendered":"Lapsevanemate tagasiside, 2024-2025 \u00f5ppeaasta"},"content":{"rendered":"<p><\/p>\n\n\n\n<p>Tagasisidet anti 55 \u00f5pilase kohta. 2025. a kevadel osales 83 \u00f5pilast.<\/p>\n\n\n\n<p>Meeldib. J\u00e4tkake samas v\u00e4simus!<\/p>\n\n\n\n<p>Zooloogiaring on v\u00e4ga tore. Hea, kui laps saab juurde teadmisi loodusest ja looduse toimimisest.<\/p>\n\n\n\n<p>Arvan, et oli p\u00f5nev ja lapsed said palju uut infot.<\/p>\n\n\n\n<p>Lapsele meeldib zooloogiaring, v\u00f5imalusel j\u00e4tkab s\u00fcgisel, kui graafikusse teist huvitavamat asja ei teki. Lapsele v\u00e4ga meeldis punktide teenimine ja selle eest \u201casjade ostmine\u201d. Samuti r\u00e4\u00e4kis elusatest putukatest, loomadest jm keda n\u00e4gi.<\/p>\n\n\n\n<p>Loodus on tema erihuvi. On hea, kui tema m\u00f5nes valdkonnas on tal v\u00f5imalus \u00f5petaja juhendamisel minna s\u00fcvitsi, omandada enam teadmisi ja paigutada need teadmised igap\u00e4evastesse s\u00fcsteemidesse. Oma erip\u00e4rade t\u00f5ttu talle f\u00fc\u00fcsilist v\u00e4ljakutset pakkuvad huvialad ei sobi.\u00a0 Minule on oluline, et laps ise tahab huviringis k\u00e4ia. Ta m\u00f5tleb seal kaasa, kuna hiljem oskab mulle elavalt r\u00e4\u00e4kida, mis teemat k\u00e4sitleti, mida ta uut teada sai, avastas. Meeldib k\u00f5ik, mida siiani on tehtud. Grupi suurus ja ringi toimumise kellaaeg on v\u00e4ga sobiv. J\u00f5uame maakonnast liikudes enamasti \u00f5igeaegselt.<\/p>\n\n\n\n<p>On osalemisega rahul ja soovib j\u00e4tkata.<\/p>\n\n\n\n<p>Lapsele meeldib. Palju uusi teadmisi.<\/p>\n\n\n\n<p>Lapsele v\u00e4ga meeldib ringis k\u00e4ia, sh \u00fclesannete lahendamine.<\/p>\n\n\n\n<p>Lapsele v\u00e4ga meeldib, on v\u00e4ga rahul ja jagab p\u00e4rast iga tundi oma uusi teadmisi, seega olen minagi v\u00e4ga rahul.<\/p>\n\n\n\n<p>Lapsele meeldib, on olnud ainult positiivne tagasiside.<\/p>\n\n\n\n<p>Laps \u00fctles, et kindlasti soovib j\u00e4tkata k\u00e4imist zooloogia huviringis. Ilmselt teete midagi v\u00e4ga h\u00e4sti ja \u00f5igesti, et lapsed soovivad Teie ringi uuesti\u00a0 ja uuesti tulla igal \u00f5ppeaastal. T\u00e4nu zooloogia ringile saab mu laps loodus\u00f5petuse tunnis ainult kiidus\u00f5nu.<\/p>\n\n\n\n<p>V\u00e4ga meeldib, laps naudib zooloogiaringis k\u00e4imist v\u00e4ga.<\/p>\n\n\n\n<p>Lapsele meeldib v\u00e4ga! Suurep\u00e4rane! J\u00e4tkake samas vaimus!<\/p>\n\n\n\n<p>K\u00f5ik oli v\u00e4ga h\u00e4sti! J\u00e4tkake samas vaimus!<\/p>\n\n\n\n<p>Lapsel on j\u00e4tkuv huvi kuulata loomade, putukate jne kohta. Meeldivad ka muuseumik\u00fclastused.\u00a0Laps on zooloogiaringis huviga osalenud nagu ikka. Zooloogiaring on pakkunud mitmekesiseid ning p\u00f5nevaid teadmisi. Saan ka ise alati targemaks, sest laps jutustab kodus, mida uut ringis kuulis\/\u00f5ppis. Ta jagab kogemusi, kui on saanud \u00e4mblikku, madu vm k\u00e4tte v\u00f5tta \u2013 see talle v\u00e4ga meeldib. On olnud j\u00e4rjekordne hariv aasta.<\/p>\n\n\n\n<p>Lapsele meeldib. Tegus ja lapsele huvitav.<\/p>\n\n\n\n<p>Lapsele v\u00e4ga meeldib k\u00e4ia zooloogiaringis.<\/p>\n\n\n\n<p>Olen v\u00e4ga rahul, suurep\u00e4rane huviring on! Laps saab palju teadmisi ja kirjutab info \u00fcles. Tal on olemas kaust \u00f5pitud loomadega. Suur t\u00e4nu Teile! Huviringi formaat on v\u00e4ga sobiv ja motiveeriv, laps k\u00e4ib \u00f5hinaga ja punktide s\u00fcsteem on t\u00f5hus.<\/p>\n\n\n\n<p>Zooloogiaring pakub huvi, saab uusi p\u00f5nevaid teadmisi juurde.<\/p>\n\n\n\n<p>Laps v\u00e4ga rahul.<\/p>\n\n\n\n<p>Lapsele v\u00e4ga meeldib zooloogiaringis.\u00a0 Olnud on taaskord v\u00e4ga tore aasta, laps l\u00e4heb alati ringi r\u00f5\u00f5muga ja jagab hiljem uusi teadmisi.<\/p>\n\n\n\n<p>Laps k\u00e4ib hea meelega tunnis. J\u00e4in rahule, \u00fchelt poolt sobitus MHG tunniplaaniga, teiselt poolt n\u00e4gin botaanikaaia perek\u00fclastuse k\u00e4igus, et laps jagas oma m\u00f5ningaid teadmisi loomadest.<\/p>\n\n\n\n<p>V\u00e4ga meeldib, enamasti hakkab kohe j\u00e4rgmisel p\u00e4eval j\u00e4rgmise n\u00e4dala korda ootama. Laps on rahul ja mina olen rahul, et laps on rahul. J\u00e4tkata samas vaimus.<\/p>\n\n\n\n<p>Huvitavad tunnid.<\/p>\n\n\n\n<p>Laps on tulnud suure huviga ja soovib alati osaleda. V\u00e4ga meeldib, et tunnid toimuvad loodusmuuseumis, mis on mugav kooli edasi liikumiseks, kuid annab ka v\u00e4ga h\u00e4id \u00f5piv\u00f5imalusi nii elusate asukate kui ka n\u00e4itusesaali eksponaatide n\u00e4ol.<\/p>\n\n\n\n<p>Lapsele v\u00e4ga meeldib zooloogiaringis osaleda. Laps sai v\u00e4ga palju uusi teadmisi.<\/p>\n\n\n\n<p>Meeldivad lood loomade kohta. Meeldisid lood, eriti vargast haraka lugu. Iga kord pajatab m\u00f5ne huvitava loo p\u00e4rast tundi.<\/p>\n\n\n\n<p>Lapsele v\u00e4ga meeldib zooloogiaringis osaleda, sai palju uusi teadmisi.<\/p>\n\n\n\n<p>Lisaks huvitavatele tundidele on lapsele toredat elevust tekitanud ka kogunevate punktide eest p\u00f5nevate asjade valimine!<\/p>\n\n\n\n<p>Laps oli huviringiga rahul ja l\u00e4ks sinna iga kord suure r\u00f5\u00f5muga.<\/p>\n\n\n\n<p>Lapsele meeldib v\u00e4ga zooloogiaringis k\u00e4ia. N\u00e4ib, et see formaat toimib v\u00e4ga h\u00e4sti, sest laps ei taha \u00fchtegi korda vahele j\u00e4tta!<\/p>\n\n\n\n<p>Zooloogiaring haakub lapse huvidega ning on olnud silmaringi igati avardav. Samuti on asukoht v\u00e4ga hea \u2013 otse lapse kooli k\u00f5rval, laps ei pea kuskile kaugemale s\u00f5itma. Lisaks \u00fclalpool \u00f6eldule on ka ringijuhendaja lapsele v\u00e4ga s\u00fcmpaatne. Laps r\u00e4\u00e4gib iga kord \u00fclimalt p\u00f5hjalikult sellest, mida koos Aivoga \u00f5piti.\u00a0 Alguses tundus see 2h liiga pikk, kuna koolip\u00e4ev venis lapsel seega 16.30ni v\u00e4lja, ent \u00f5pimotivatsiooni see liialt ei h\u00e4irinud.<\/p>\n\n\n\n<p>Aeg on sobiv ja laps saab oma teadmisi laiendada.<\/p>\n\n\n\n<p>Lapsele meeldib.<\/p>\n\n\n\n<p>Lapsele v\u00e4ga meeldib loodus ja zooloogiaring. V\u00e4ga meeldis.<\/p>\n\n\n\n<p>Lapsele v\u00e4ga meeldib zooloogiaring ja loodus. V\u00e4ga meeldis ja suur ait\u00e4h.<\/p>\n\n\n\n<p>Lapsele meeldib see ning on silmaringi ja teadmiste suurendamiseks vajalik. Meeldib see, et tehakse ka v\u00e4ljas\u00f5ite loodusesse (laagrid). J\u00e4tkata v\u00e4ljas\u00f5itude ja laagrite korraldamisega.<\/p>\n\n\n\n<p>Osaleb, kui tunni toimumise aeg ei kattu trenniga. Lapsele meeldisid tunnid v\u00e4ga ja huvitavaid fakte \u00f5pitud loomade kohta jagas ta meiega ka kodus.<\/p>\n\n\n\n<p>Lapsed armastavad loodust, zooloogia mahub p\u00e4evakavva. Palju toredaid loomi, keda ma isegi ei tea. <\/p>\n\n\n\n<p>Huvipakkuv, silmaringi avardav, otsesuhtlust v\u00f5imaldav kodul\u00e4hedane huviring suurep\u00e4rase juhendajaga. Olen v\u00e4ga t\u00e4nulik p\u00f5neva ja n\u00fcansirohke sisu eest loodusringi tundides, aga ka toetuse ja kannatlikkuse eest lapse osalemise j\u00e4rjepidevuse hoidmisel.<\/p>\n\n\n\n<p>V\u00e4ga meeldib ja soovib j\u00e4tkata. Tore \u00f5ppeaasta.<\/p>\n\n\n\n<p>Tahab k\u00e4ia kogu p\u00f5hikooli aja. Oli sama hea kui alati.<\/p>\n\n\n\n<p>V\u00f5imalus veel aasta k\u00e4ia, soovib seda kasutada. Saan aru, et k\u00f5ige parem osa ringist on seltskond. Laps vist ka puudus \u00fcksjagu, aga see on seotud isiklike teemadega, mitte sellega, et ei tahtnuks tulla. K\u00f5ik t\u00f6\u00f6tab. Laagreid oodatakse eriti.<\/p>\n\n\n\n<p>Lapsele on zooloogiaringis alati v\u00e4ga meeldinud ja meile vanematena meeldib lisaks veel see, et ta on nii tublisti j\u00e4rjepidevalt p\u00fcsinud selle huviala juures. Seega sooviks, et ta saaks j\u00e4tkata. Sel aastal tuli aga \u00fcsna sageli zooloogiaringi tund \u00e4ra j\u00e4tta, kuna \u00f5ppekoormus koolis oli nii suur. J\u00e4rgmisel aastal on ilmselt veelgi suurem, kuna algab 9. klass. Samas on zooloogiaring just hea vaheldus ja saab pingelisest \u00f5ppet\u00f6\u00f6st puhata. Hea meel oli sellest, et ta sai oma 8. klassi loovt\u00f6\u00f6 raames k\u00f5ike seni \u00f5pitut kasutada ja teistelegi tutvustada. Muidugi on ka see tore, et lapsele v\u00e4ga meeldib uusi teadmisi loomade kohta saada ja ta tuleb alati rahulolevalt ringi tunnist koju ja r\u00e4\u00e4gib perele, mis ta k\u00f5ik uut \u00f5ppis. M\u00f5tlesin, et kui meil aias \u00f6\u00f6bik laksutab just praegusel ajal, aga laps ei teadnud, mis lind laulab, et siis v\u00f5iks ehk rohkem kodumaistest lindudest r\u00e4\u00e4kida ja nende h\u00e4\u00e4litsusi \u00f5ppida. Aga siis toimus just \u00f5ues\u00f5ppe tund, kus seda\u00a0 tehtigi.<\/p>\n\n\n\n<p>Zooring on tore! V\u00e4ga tore ring, laps \u00f5pib palju, samas kergelt. Tore, et s\u00f5brad k\u00e4ivad ka ringis. Meeldib, et saab loomi jt paitada ja k\u00e4tte v\u00f5tta. Punktide kogumine meeldib lapsele ka. Minu arvates v\u00f5iks samamoodi j\u00e4tkata.<\/p>\n\n\n\n<p>Lapsele v\u00e4ga meeldib!\u00a0Lapsel on looduse kohta juba nii palju teadmisi kogunenud \u2013 v\u00e4ga tore! Ja tundub, et zooringis tulevad need teadmised lihtsalt ja m\u00f5nusalt. S\u00fcgisel v\u00f5ttis kohanemine aega, sest oma klassi-s\u00f5brad sattusid k\u00f5ik erinevatesse r\u00fchmadesse trennide jm tegemiste t\u00f5ttu, aga tundub et edasi l\u00e4ks h\u00e4sti, sai uusi s\u00f5pru ja loodetavasti enesekindlamaks. Meeldib, et saab loomi jt paitada ja k\u00e4tte v\u00f5tta. Punktide kogumine meeldib lapsele ka. Tore, et alati on ka videomaterjali \u00f5pitavate loomade kohta. Minu arvates v\u00f5iks samamoodi j\u00e4tkata.<\/p>\n\n\n\n<p>Lapsele meeldib osaleda.<\/p>\n\n\n\n<p>Lapsele v\u00e4ga meeldib zooloogiaringis. Laps alati ootab j\u00e4rgmist tundi, r\u00e4\u00e4gib \u00f5hinaga m\u00f6\u00f6dunud tunnist. Meile v\u00e4ga meeldivad zooloogiatunnist saadud pildid loomadest, mida tunnis k\u00e4sitleti. Sellega v\u00f5iks kindlasti j\u00e4tkata. Lisaks kiidan punktis\u00fcsteemi, see meeldib samuti lapsele v\u00e4ga.<\/p>\n\n\n\n<p>Zooloogiaring on lapse jaoks on \u00fcks olulisemaid huviringe, millest pole ta n\u00f5us loobuma.\u00a0 Sel aastal jagub samuti vaid kiidus\u00f5nu, nagu ka varasematel aastatel. Punktis\u00fcsteem motiveerib last tohutult, ta kogub punkte \u00fche raamatu jaoks, on v\u00e4ga sihikindel selles osas. Endiselt saame kodus v\u00e4ikseid \u00fclevaateid, mida tunnis \u00f5piti.<\/p>\n\n\n\n<p>Lapsele meeldib. Laps r\u00e4\u00e4kis zooloogiaringist ainult positiivset.<\/p>\n\n\n\n<p>Uued teadmised, hea v\u00f5imalus loodusmuuseumiga \u00fchendust hoida, veidi seltsielu. Oma tuntud headuses! Parajalt s\u00fcsteemset \u00f5pet, parajalt elevust. T\u00e4nan ja r\u00f5\u00f5mustan koos lapsega. Sama hooga edasi. J\u00f5udu ja s\u00e4ravaid silmi soovides.<\/p>\n\n\n\n<p><\/p>\n","protected":false},"excerpt":{"rendered":"<p>Tagasisidet anti 55 \u00f5pilase kohta. 2025. a kevadel osales 83 \u00f5pilast. Meeldib. J\u00e4tkake samas v\u00e4simus! Zooloogiaring on v\u00e4ga tore. Hea, kui laps saab juurde teadmisi loodusest ja looduse toimimisest. Arvan, et oli p\u00f5nev ja lapsed said palju uut infot. Lapsele &#8230;<\/p>\n","protected":false},"author":88,"featured_media":0,"parent":0,"menu_order":0,"comment_status":"closed","ping_status":"closed","template":"","meta":{"_acf_changed":false,"inline_featured_image":false,"footnotes":""},"class_list":["post-1590","page","type-page","status-publish","hentry"],"acf":[],"_links":{"self":[{"href":"https:\/\/sisu.ut.ee\/zooloogiaring\/wp-json\/wp\/v2\/pages\/1590","targetHints":{"allow":["GET"]}}],"collection":[{"href":"https:\/\/sisu.ut.ee\/zooloogiaring\/wp-json\/wp\/v2\/pages"}],"about":[{"href":"https:\/\/sisu.ut.ee\/zooloogiaring\/wp-json\/wp\/v2\/types\/page"}],"author":[{"embeddable":true,"href":"https:\/\/sisu.ut.ee\/zooloogiaring\/wp-json\/wp\/v2\/users\/88"}],"replies":[{"embeddable":true,"href":"https:\/\/sisu.ut.ee\/zooloogiaring\/wp-json\/wp\/v2\/comments?post=1590"}],"version-history":[{"count":3,"href":"https:\/\/sisu.ut.ee\/zooloogiaring\/wp-json\/wp\/v2\/pages\/1590\/revisions"}],"predecessor-version":[{"id":1595,"href":"https:\/\/sisu.ut.ee\/zooloogiaring\/wp-json\/wp\/v2\/pages\/1590\/revisions\/1595"}],"wp:attachment":[{"href":"https:\/\/sisu.ut.ee\/zooloogiaring\/wp-json\/wp\/v2\/media?parent=1590"}],"curies":[{"name":"wp","href":"https:\/\/api.w.org\/{rel}","templated":true}]}}