{"id":15,"date":"2024-04-04T02:55:50","date_gmt":"2024-04-03T23:55:50","guid":{"rendered":"https:\/\/sisu.ut.ee\/zooloogiaring\/kik-2008-2009\/"},"modified":"2024-04-19T20:47:36","modified_gmt":"2024-04-19T17:47:36","slug":"kik-2008-2009","status":"publish","type":"page","link":"https:\/\/sisu.ut.ee\/zooloogiaring\/kik-2008-2009\/","title":{"rendered":"Zooloogiaringi \u00f5ppeekskursioonid 2008-2009"},"content":{"rendered":"<p><span style=\"font-size: 15px;\">Projekt: Zooloogiaalased \u00f5ppeekskursioonid noortele<\/span><\/p>\n\n\n\n<p><span style=\"font-size: 20px;\"><span style=\"color: #8b4513;\"><strong>Kevadised linnuretked Ilmatsalu linnurajal<\/strong><br>Juhendaja Vilju Lilleleht<\/span><\/span><\/p>\n\n\n\n<p><span style=\"font-size: 18px;\">19. mai 2008<\/span><\/p>\n\n\n\n<p><span style=\"font-size: 15px;\"><a title=\"\" href=\"https:\/\/sisu.ut.ee\/wp-content\/uploads\/sites\/178\/linnud_ilmatsalu_linnuteel_19.05.2008.pdf\" target=\"_blank\" rel=\"noopener\" data-url=\"https:\/\/sisu.ut.ee\/wp-content\/uploads\/sites\/178\/linnud_ilmatsalu_linnuteel_19.05.2008.pdf\">lindude nimestik &gt;&gt;<\/a><\/span><\/p>\n\n\n\n<p><span style=\"font-size: 18px;\">21. mai 2008<\/span><\/p>\n\n\n\n<p><strong><span style=\"font-size: 15px;\"><a title=\"\" href=\"https:\/\/sisu.ut.ee\/zrpildid\/alatskivi-ilmatsalu-kevad-2008\" target=\"_blank\" rel=\"noopener\" data-url=\"https:\/\/sisu.ut.ee\/zrpildid\/alatskivi-ilmatsalu-kevad-2008\">pildid &gt;&gt;<\/a><\/span><\/strong><\/p>\n\n\n\n<p><span style=\"font-size: 15px;\"><a title=\"\" href=\"https:\/\/sisu.ut.ee\/wp-content\/uploads\/sites\/178\/linnud_ilmatsalu_linnuteel_21.05.2008.pdf\" target=\"_blank\" rel=\"noopener\" data-url=\"https:\/\/sisu.ut.ee\/wp-content\/uploads\/sites\/178\/linnud_ilmatsalu_linnuteel_21.05.2008.pdf\">lindude nimestik &gt;&gt;<\/a><\/span><\/p>\n\n\n\n<figure class=\"wp-block-image\"><img decoding=\"async\" src=\"https:\/\/sisu.ut.ee\/wp-content\/uploads\/sites\/427\/ilm_01.jpg\" alt=\"\"><\/figure>\n\n\n\n<hr class=\"wp-block-separator has-alpha-channel-opacity\">\n\n\n\n<p><span style=\"font-size: 15px;\"><\/span><\/p>\n\n\n\n<p><span style=\"font-size: 20px;\"><span style=\"color: #8b4513;\"><strong>\u00d5ppematk ratastega<br>P\u00e4hni, Varstu vald, V\u00f5rumaa<\/strong><\/span><br>14.-20. juuli 2008<\/span><\/p>\n\n\n\n<p><strong><span style=\"font-size: 15px;\"><a title=\"\" href=\"https:\/\/sisu.ut.ee\/zrpildid\/pahni-14-20-07-2008\" target=\"_blank\" rel=\"noopener\" data-url=\"https:\/\/sisu.ut.ee\/zrpildid\/pahni-14-20-07-2008\">pildid &gt;&gt;<\/a><\/span><\/strong><\/p>\n\n\n\n<p><span style=\"font-size: 15px;\"><a title=\"\" href=\"https:\/\/sisu.ut.ee\/wp-content\/uploads\/sites\/178\/liblikalised_pahni_14.-20.07.2008.pdf\" target=\"_blank\" rel=\"noopener\" data-url=\"https:\/\/sisu.ut.ee\/wp-content\/uploads\/sites\/178\/liblikalised_pahni_14.-20.07.2008.pdf\">liblikaliste nimestik 14.-20. juuli 2008 &gt;&gt;<\/a><br>koostas Uku-Laur Tali<\/span><\/p>\n\n\n\n<p><span style=\"font-size: 15px;\"><a title=\"\" href=\"https:\/\/sisu.ut.ee\/wp-content\/uploads\/sites\/178\/veeelu_pahni_2008_14.-20.07.pdf\" target=\"_blank\" rel=\"noopener\" data-url=\"https:\/\/sisu.ut.ee\/wp-content\/uploads\/sites\/178\/veeelu_pahni_2008_14.-20.07.pdf\">veeloomade nimestik 14.-20. juuli 2008 &gt;&gt;<\/a><br>koostas Kristiina Tomasson<\/span><\/p>\n\n\n\n<p><span style=\"font-size: 15px;\"><a title=\"\" href=\"https:\/\/sisu.ut.ee\/wp-content\/uploads\/sites\/178\/imetajad_roomajad_kahepaiksed_14.07.08-20.07.08.pdf\" target=\"_blank\" rel=\"noopener\" data-url=\"https:\/\/sisu.ut.ee\/wp-content\/uploads\/sites\/178\/imetajad_roomajad_kahepaiksed_14.07.08-20.07.08.pdf\">kahepaiksete, roomajate ja imetajate nimestik 14.-20. juuli 2008 &gt;&gt;<\/a><br>koostas T\u00f5nis Tars<\/span><\/p>\n\n\n\n<p><span style=\"font-size: 15px;\"><a title=\"\" href=\"https:\/\/sisu.ut.ee\/wp-content\/uploads\/sites\/178\/linnud_pahni_14.-20.07.2008.pdf\" target=\"_blank\" rel=\"noopener\" data-url=\"https:\/\/sisu.ut.ee\/wp-content\/uploads\/sites\/178\/linnud_pahni_14.-20.07.2008.pdf\">lindude nimestik 14.-20. juuli 2008 &gt;&gt;<\/a><br>koostas Mark Gimbutas<\/span><\/p>\n\n\n\n<figure class=\"wp-block-image\"><img decoding=\"async\" src=\"https:\/\/sisu.ut.ee\/wp-content\/uploads\/sites\/427\/pa131.jpg\" alt=\"\"><\/figure>\n\n\n\n<hr class=\"wp-block-separator has-alpha-channel-opacity\">\n\n\n\n<p><span style=\"font-size: 15px;\"><\/span><\/p>\n\n\n\n<p><span style=\"font-size: 20px;\"><span style=\"color: #8b4513;\"><strong>Suvised \u00f5ppeekskursioon\u00a0<br>P\u00e4hni, Varstu vald, V\u00f5rumaa<\/strong><\/span><br>28. \u2013 31. juuli 2008<\/span><\/p>\n\n\n\n<p><strong><span style=\"font-size: 15px;\"><a title=\"\" href=\"https:\/\/sisu.ut.ee\/zrpildid\/pahni-28-31-07-2008\" target=\"_blank\" rel=\"noopener\" data-url=\"https:\/\/sisu.ut.ee\/zrpildid\/pahni-28-31-07-2008\">pildid &gt;&gt;<\/a><\/span><\/strong><\/p>\n\n\n\n<p><span style=\"font-size: 15px;\"><a title=\"\" href=\"https:\/\/sisu.ut.ee\/wp-content\/uploads\/sites\/178\/veeloomade_nimekiri_pahni_28-31.07.2008.pdf\" target=\"_blank\" rel=\"noopener\" data-url=\"https:\/\/sisu.ut.ee\/wp-content\/uploads\/sites\/178\/veeloomade_nimekiri_pahni_28-31.07.2008.pdf\">veeloomade nimestik 28-31. juuli 2008 &gt;&gt;<\/a><\/span><\/p>\n\n\n\n<p><span style=\"font-size: 15px;\"><a title=\"\" href=\"https:\/\/sisu.ut.ee\/wp-content\/uploads\/sites\/178\/mardikad_pahni_suvi_2008.pdf\" target=\"_blank\" rel=\"noopener\" data-url=\"https:\/\/sisu.ut.ee\/wp-content\/uploads\/sites\/178\/mardikad_pahni_suvi_2008.pdf\">mardikaliste nimestik 14.-20. ja 28.-31. juuli &gt;&gt;<\/a><br>koostas Harry V\u00e4hk<\/span><\/p>\n\n\n\n<p><span style=\"font-size: 15px;\"><img decoding=\"async\" src=\"https:\/\/sisu.ut.ee\/wp-content\/uploads\/sites\/427\/pa05.jpg\" alt=\"\"><\/span><br><\/p>\n\n\n\n<hr class=\"wp-block-separator has-alpha-channel-opacity\">\n\n\n\n<p><br><span style=\"font-size: 20px;\"><span style=\"color: #8b4513;\"><strong>V\u00e4ljas\u00f5it Ilmatsalu Linnurajale<br>Teema: putukate tegutsemisj\u00e4ljed<\/strong><br>Juhendaja Mati Martin<\/span><br>16. september 2008<\/span><\/p>\n\n\n\n<p><span style=\"font-size: 15px;\"><a title=\"\" href=\"https:\/\/sisu.ut.ee\/wp-content\/uploads\/sites\/178\/ilmatsalu_16.09.2008.pdf\" target=\"_blank\" rel=\"noopener\" data-url=\"https:\/\/sisu.ut.ee\/wp-content\/uploads\/sites\/178\/ilmatsalu_16.09.2008.pdf\">loomade nimestik &gt;&gt;<\/a><\/span><\/p>\n\n\n\n<p><span style=\"font-size: 15px;\"><strong><a title=\"\" href=\"https:\/\/sisu.ut.ee\/zrpildid\/ilmatsalu-16-09-2008\" target=\"_blank\" rel=\"noopener\" data-url=\"https:\/\/sisu.ut.ee\/zrpildid\/ilmatsalu-16-09-2008\">pildid &gt;&gt;<\/a><\/strong><\/span><\/p>\n\n\n\n<p><img decoding=\"async\" style=\"width: 800px; height: 600px;\" src=\"https:\/\/sisu.ut.ee\/wp-content\/uploads\/sites\/427\/ilmaa-06.jpg\" alt=\"\"><br><\/p>\n\n\n\n<hr class=\"wp-block-separator has-alpha-channel-opacity\">\n\n\n\n<p><br><span style=\"font-size: 20px;\"><span style=\"color: #8b4513;\"><strong>\u00d5ppeekskursioon Palup\u00f5hja<\/strong><\/span><br>23.-25. jaanuar 2009. a.<\/span><\/p>\n\n\n\n<p><strong><span style=\"font-size: 15px;\"><a title=\"\" href=\"https:\/\/sisu.ut.ee\/zrpildid\/palupohja-23-25-01-2009\" target=\"_blank\" rel=\"noopener\" data-url=\"https:\/\/sisu.ut.ee\/zrpildid\/palupohja-23-25-01-2009\">pildid &gt;&gt;<\/a><\/span><\/strong><\/p>\n\n\n\n<figure class=\"wp-block-image\"><img decoding=\"async\" src=\"https:\/\/sisu.ut.ee\/wp-content\/uploads\/sites\/427\/pp2-02.jpg\" alt=\"\"><\/figure>\n\n\n\n<p><\/p>\n\n\n\n<p>\u00f5ppeekskursioonide l\u00e4biviimist toetas\u00a0<a href=\"http:\/\/www.kik.ee\/\" target=\"_blank\" rel=\"noreferrer noopener\">KIK<\/a><\/p>\n\n\n\n<p><\/p>\n\n\n\n<p><br><a href=\"https:\/\/kik.ee\/et\" data-type=\"link\" data-id=\"https:\/\/kik.ee\/et\" target=\"_blank\" rel=\"noreferrer noopener\"><img loading=\"lazy\" decoding=\"async\" width=\"600\" height=\"652\" class=\"wp-image-274\" style=\"width: 600px;\" src=\"https:\/\/sisu.ut.ee\/wp-content\/uploads\/sites\/178\/kik_logo_rgb-1.jpg\" alt=\"\" srcset=\"https:\/\/sisu.ut.ee\/wp-content\/uploads\/sites\/178\/kik_logo_rgb-1.jpg 496w, https:\/\/sisu.ut.ee\/wp-content\/uploads\/sites\/178\/kik_logo_rgb-1-276x300.jpg 276w\" sizes=\"auto, (max-width: 600px) 100vw, 600px\"><\/a><\/p>\n","protected":false},"excerpt":{"rendered":"<p>Projekt: Zooloogiaalased \u00f5ppeekskursioonid noortele Kevadised linnuretked Ilmatsalu linnurajalJuhendaja Vilju Lilleleht 19. mai 2008 lindude nimestik &gt;&gt; 21. mai 2008 pildid &gt;&gt; lindude nimestik &gt;&gt; \u00d5ppematk ratastegaP\u00e4hni, Varstu vald, V\u00f5rumaa14.-20. juuli 2008 pildid &gt;&gt; liblikaliste nimestik 14.-20. juuli 2008 &gt;&gt;koostas Uku-Laur &#8230;<\/p>\n","protected":false},"author":88,"featured_media":0,"parent":0,"menu_order":0,"comment_status":"closed","ping_status":"closed","template":"","meta":{"_acf_changed":false,"inline_featured_image":false,"footnotes":""},"class_list":["post-15","page","type-page","status-publish","hentry"],"acf":[],"_links":{"self":[{"href":"https:\/\/sisu.ut.ee\/zooloogiaring\/wp-json\/wp\/v2\/pages\/15","targetHints":{"allow":["GET"]}}],"collection":[{"href":"https:\/\/sisu.ut.ee\/zooloogiaring\/wp-json\/wp\/v2\/pages"}],"about":[{"href":"https:\/\/sisu.ut.ee\/zooloogiaring\/wp-json\/wp\/v2\/types\/page"}],"author":[{"embeddable":true,"href":"https:\/\/sisu.ut.ee\/zooloogiaring\/wp-json\/wp\/v2\/users\/88"}],"replies":[{"embeddable":true,"href":"https:\/\/sisu.ut.ee\/zooloogiaring\/wp-json\/wp\/v2\/comments?post=15"}],"version-history":[{"count":5,"href":"https:\/\/sisu.ut.ee\/zooloogiaring\/wp-json\/wp\/v2\/pages\/15\/revisions"}],"predecessor-version":[{"id":1425,"href":"https:\/\/sisu.ut.ee\/zooloogiaring\/wp-json\/wp\/v2\/pages\/15\/revisions\/1425"}],"wp:attachment":[{"href":"https:\/\/sisu.ut.ee\/zooloogiaring\/wp-json\/wp\/v2\/media?parent=15"}],"curies":[{"name":"wp","href":"https:\/\/api.w.org\/{rel}","templated":true}]}}