{"id":1485,"date":"2024-09-20T18:19:41","date_gmt":"2024-09-20T15:19:41","guid":{"rendered":"https:\/\/sisu.ut.ee\/zooloogiaring\/?page_id=1485"},"modified":"2024-09-26T12:48:10","modified_gmt":"2024-09-26T09:48:10","slug":"kik-2024","status":"publish","type":"page","link":"https:\/\/sisu.ut.ee\/zooloogiaring\/kik-2024\/","title":{"rendered":"zooloogiaringi v\u00e4lipraktikumid 2024"},"content":{"rendered":"<p class=\"has-extra-large-font-size\"><strong>Endla 10.-11. veebruar 2024<\/strong><\/p>\n\n\n\n<p>Talvised v\u00e4lipraktikumid olid seekord kahep\u00e4evased ning toimusid Endla looduskaitsealal, Tooma k\u00fclas. <br>Meie \u00f5ppebaas oli Endla looduskaitseala keskuses. Osalesid \u00f5pilased 4.-7. klassist.<br><br>J\u00f5udsime kohale juba hommikul. Esimene \u00f5ppetegevus toimus \u00f5ppeklassis. Uurisime loomade ja m\u00e4\u00e4rasime loomade talviseid tegevusj\u00e4lgi: n\u00e4ritud ja toksitud puuoksi, p\u00e4hkleid ja k\u00e4bisid Abiks olid m\u00e4\u00e4ramislehed fotod ja kirjeldused. Tegevused toimusid kahes r\u00fchmas, teine r\u00fchm k\u00fclastas looduskeskuse n\u00e4itust, juhendas Elo. Hiljem r\u00fchmad vahetusid.<\/p>\n\n\n\n<figure class=\"wp-block-image size-full\"><img loading=\"lazy\" decoding=\"async\" width=\"1000\" height=\"667\" src=\"https:\/\/sisu.ut.ee\/wp-content\/uploads\/sites\/178\/endla_41_01-1.jpg\" alt=\"\" class=\"wp-image-1497\" srcset=\"https:\/\/sisu.ut.ee\/wp-content\/uploads\/sites\/178\/endla_41_01-1.jpg 1000w, https:\/\/sisu.ut.ee\/wp-content\/uploads\/sites\/178\/endla_41_01-1-300x200.jpg 300w, https:\/\/sisu.ut.ee\/wp-content\/uploads\/sites\/178\/endla_41_01-1-768x512.jpg 768w\" sizes=\"auto, (max-width: 1000px) 100vw, 1000px\"><\/figure>\n\n\n\n<p>P\u00e4rastl\u00f5unal l\u00e4ksime Elo juhtimisel r\u00e4\u00e4tsadega rabaretkele. Olime seal kuni p\u00e4ikese loojakuni.<\/p>\n\n\n\n<figure class=\"wp-block-image size-full\"><img loading=\"lazy\" decoding=\"async\" width=\"1000\" height=\"667\" src=\"https:\/\/sisu.ut.ee\/wp-content\/uploads\/sites\/178\/endla_41_11.jpg\" alt=\"\" class=\"wp-image-1499\" srcset=\"https:\/\/sisu.ut.ee\/wp-content\/uploads\/sites\/178\/endla_41_11.jpg 1000w, https:\/\/sisu.ut.ee\/wp-content\/uploads\/sites\/178\/endla_41_11-300x200.jpg 300w, https:\/\/sisu.ut.ee\/wp-content\/uploads\/sites\/178\/endla_41_11-768x512.jpg 768w\" sizes=\"auto, (max-width: 1000px) 100vw, 1000px\"><\/figure>\n\n\n\n<p>\u00d5htul m\u00e4ngisime m\u00e4nge.<\/p>\n\n\n\n<p>J\u00e4rgmise p\u00e4eva hommikul k\u00e4isime Endla j\u00e4rve \u00fcmbruses loodust uurimas. Otsisime jalaj\u00e4lgi hja tegevusj\u00e4lgi.<\/p>\n\n\n\n<figure class=\"wp-block-image size-full\"><img loading=\"lazy\" decoding=\"async\" width=\"1000\" height=\"667\" src=\"https:\/\/sisu.ut.ee\/wp-content\/uploads\/sites\/178\/endla_41_17.jpg\" alt=\"\" class=\"wp-image-1500\" srcset=\"https:\/\/sisu.ut.ee\/wp-content\/uploads\/sites\/178\/endla_41_17.jpg 1000w, https:\/\/sisu.ut.ee\/wp-content\/uploads\/sites\/178\/endla_41_17-300x200.jpg 300w, https:\/\/sisu.ut.ee\/wp-content\/uploads\/sites\/178\/endla_41_17-768x512.jpg 768w\" sizes=\"auto, (max-width: 1000px) 100vw, 1000px\"><\/figure>\n\n\n\n<p>Leidsine hiirte n\u00e4ritud puuoksad. R\u00e4hnid olid sellel aastal palju k\u00e4bisid toksinud.<br>M\u00e4\u00e4rasime kaasav\u00f5etud fotode j\u00e4rgi loomade jalaj\u00e4lgi. Fotodel olid elusuurused j\u00e4ljed.<\/p>\n\n\n\n<figure class=\"wp-block-image size-full\"><img loading=\"lazy\" decoding=\"async\" width=\"1000\" height=\"667\" src=\"https:\/\/sisu.ut.ee\/wp-content\/uploads\/sites\/178\/endla_41_20.jpg\" alt=\"\" class=\"wp-image-1501\" srcset=\"https:\/\/sisu.ut.ee\/wp-content\/uploads\/sites\/178\/endla_41_20.jpg 1000w, https:\/\/sisu.ut.ee\/wp-content\/uploads\/sites\/178\/endla_41_20-300x200.jpg 300w, https:\/\/sisu.ut.ee\/wp-content\/uploads\/sites\/178\/endla_41_20-768x512.jpg 768w\" sizes=\"auto, (max-width: 1000px) 100vw, 1000px\"><\/figure>\n\n\n\n<p>Ennel\u00f5unal kinnistasime oma teadmisi v\u00e4ikese viktoriinilaadse tegevusega, kus tuli tegevusj\u00e4lgi m\u00e4\u00e4rata.<br>P\u00e4rastl\u00f5unal tegime kokkuv\u00f5tteid. Koostasime n\u00e4htud, kuuldud ja tegevusj\u00e4lgede j\u00e4rgi kindlaks tehtud loomade nimestikud.<\/p>\n\n\n\n<figure class=\"wp-block-image size-full\"><img loading=\"lazy\" decoding=\"async\" width=\"1000\" height=\"667\" src=\"https:\/\/sisu.ut.ee\/wp-content\/uploads\/sites\/178\/endla_41_25.jpg\" alt=\"\" class=\"wp-image-1502\" srcset=\"https:\/\/sisu.ut.ee\/wp-content\/uploads\/sites\/178\/endla_41_25.jpg 1000w, https:\/\/sisu.ut.ee\/wp-content\/uploads\/sites\/178\/endla_41_25-300x200.jpg 300w, https:\/\/sisu.ut.ee\/wp-content\/uploads\/sites\/178\/endla_41_25-768x512.jpg 768w\" sizes=\"auto, (max-width: 1000px) 100vw, 1000px\"><\/figure>\n\n\n\n<figure class=\"wp-block-image size-full\"><img loading=\"lazy\" decoding=\"async\" width=\"1000\" height=\"556\" src=\"https:\/\/sisu.ut.ee\/wp-content\/uploads\/sites\/178\/endla_41_26.jpg\" alt=\"\" class=\"wp-image-1503\" srcset=\"https:\/\/sisu.ut.ee\/wp-content\/uploads\/sites\/178\/endla_41_26.jpg 1000w, https:\/\/sisu.ut.ee\/wp-content\/uploads\/sites\/178\/endla_41_26-300x167.jpg 300w, https:\/\/sisu.ut.ee\/wp-content\/uploads\/sites\/178\/endla_41_26-768x427.jpg 768w\" sizes=\"auto, (max-width: 1000px) 100vw, 1000px\"><\/figure>\n\n\n\n<p class=\"has-small-font-size\">1. j\u00e4nesed; 2. p\u00f5der; 3. kobras; 4. j\u00e4nesed, 5. hiired; 6. kobras; 7. j\u00e4nesed; 8. p\u00f5der; 9. hiired; 10. erinevad (luut\u00fckk).<\/p>\n\n\n\n<p><a href=\"https:\/\/sisu.ut.ee\/zrpildid\/endla-10-11-veebruar-2024\/\" target=\"_blank\" rel=\"noreferrer noopener\">pildid &gt;&gt;<\/a><\/p>\n\n\n\n<p><\/p>\n\n\n\n<hr class=\"wp-block-separator has-alpha-channel-opacity\">\n\n\n\n<p><\/p>\n\n\n\n<p class=\"has-extra-large-font-size\"><strong>Endla 16.-17.m\u00e4rts 2024<\/strong><\/p>\n\n\n\n<p>Vanemate \u00f5pilaste v\u00e4lipraktikum toimus samuti Endla looduskaitsealal ja oli kahep\u00e4evane.<\/p>\n\n\n\n<p>Uurisime loomade ja m\u00e4\u00e4rasime loomade talviseid tegevusj\u00e4lgi: n\u00e4ritud ja toksitud puuoksi, p\u00e4hkleid ja k\u00e4bisid. Teine r\u00fchm k\u00fclastas samal ajal loodukeskuse v\u00e4ljapanekut. Hiljem r\u00fchmad vahetusid.<\/p>\n\n\n\n<figure class=\"wp-block-image size-full\"><img loading=\"lazy\" decoding=\"async\" width=\"1000\" height=\"667\" src=\"https:\/\/sisu.ut.ee\/wp-content\/uploads\/sites\/178\/endla_42_03.jpg\" alt=\"\" class=\"wp-image-1508\" srcset=\"https:\/\/sisu.ut.ee\/wp-content\/uploads\/sites\/178\/endla_42_03.jpg 1000w, https:\/\/sisu.ut.ee\/wp-content\/uploads\/sites\/178\/endla_42_03-300x200.jpg 300w, https:\/\/sisu.ut.ee\/wp-content\/uploads\/sites\/178\/endla_42_03-768x512.jpg 768w\" sizes=\"auto, (max-width: 1000px) 100vw, 1000px\"><\/figure>\n\n\n\n<figure class=\"wp-block-image size-full\"><img loading=\"lazy\" decoding=\"async\" width=\"1000\" height=\"667\" src=\"https:\/\/sisu.ut.ee\/wp-content\/uploads\/sites\/178\/endla_42_04.jpg\" alt=\"\" class=\"wp-image-1509\" srcset=\"https:\/\/sisu.ut.ee\/wp-content\/uploads\/sites\/178\/endla_42_04.jpg 1000w, https:\/\/sisu.ut.ee\/wp-content\/uploads\/sites\/178\/endla_42_04-300x200.jpg 300w, https:\/\/sisu.ut.ee\/wp-content\/uploads\/sites\/178\/endla_42_04-768x512.jpg 768w\" sizes=\"auto, (max-width: 1000px) 100vw, 1000px\"><\/figure>\n\n\n\n<p>P\u00e4rastl\u00f5unased tegevused toimusid kahes r\u00fchmas. \u00dche r\u00fchmaga k\u00e4isime Endla j\u00e4rve \u00fcmbruses loomade tegevusj\u00e4lgi uurimas. Teine r\u00fchm k\u00e4is samal ajal iseseisvalt r\u00e4\u00e4tsadega rabas. J\u00e4rgmise p\u00e4eva hommikul toimusid samad tegevused, kuid r\u00fchmad olid vahetunud.<\/p>\n\n\n\n<figure class=\"wp-block-image size-full\"><img loading=\"lazy\" decoding=\"async\" width=\"1000\" height=\"667\" src=\"https:\/\/sisu.ut.ee\/wp-content\/uploads\/sites\/178\/endla_42_10.jpg\" alt=\"\" class=\"wp-image-1511\" srcset=\"https:\/\/sisu.ut.ee\/wp-content\/uploads\/sites\/178\/endla_42_10.jpg 1000w, https:\/\/sisu.ut.ee\/wp-content\/uploads\/sites\/178\/endla_42_10-300x200.jpg 300w, https:\/\/sisu.ut.ee\/wp-content\/uploads\/sites\/178\/endla_42_10-768x512.jpg 768w\" sizes=\"auto, (max-width: 1000px) 100vw, 1000px\"><\/figure>\n\n\n\n<p>Ennel\u00f5unal kontrollisime oma teadmisi veelkord loomade tegevusj\u00e4lgi uurides. P\u00e4rastl\u00f5unal tegime kokkuv\u00f5tteid. Iga r\u00fchm koostas n\u00e4htud, kuuldud ja tegevusj\u00e4lgede j\u00e4rgi kindlaks tehtud loomade nimestiku.<\/p>\n\n\n\n<figure class=\"wp-block-image size-full\"><img loading=\"lazy\" decoding=\"async\" width=\"1000\" height=\"667\" src=\"https:\/\/sisu.ut.ee\/wp-content\/uploads\/sites\/178\/endla_42_17.jpg\" alt=\"\" class=\"wp-image-1512\" srcset=\"https:\/\/sisu.ut.ee\/wp-content\/uploads\/sites\/178\/endla_42_17.jpg 1000w, https:\/\/sisu.ut.ee\/wp-content\/uploads\/sites\/178\/endla_42_17-300x200.jpg 300w, https:\/\/sisu.ut.ee\/wp-content\/uploads\/sites\/178\/endla_42_17-768x512.jpg 768w\" sizes=\"auto, (max-width: 1000px) 100vw, 1000px\"><\/figure>\n\n\n\n<figure class=\"wp-block-image size-full\"><img loading=\"lazy\" decoding=\"async\" width=\"1000\" height=\"667\" src=\"https:\/\/sisu.ut.ee\/wp-content\/uploads\/sites\/178\/endla_42_15.jpg\" alt=\"\" class=\"wp-image-1513\" srcset=\"https:\/\/sisu.ut.ee\/wp-content\/uploads\/sites\/178\/endla_42_15.jpg 1000w, https:\/\/sisu.ut.ee\/wp-content\/uploads\/sites\/178\/endla_42_15-300x200.jpg 300w, https:\/\/sisu.ut.ee\/wp-content\/uploads\/sites\/178\/endla_42_15-768x512.jpg 768w\" sizes=\"auto, (max-width: 1000px) 100vw, 1000px\"><\/figure>\n\n\n\n<p><a href=\"https:\/\/sisu.ut.ee\/zrpildid\/endla-16-17-marts-2024\/\" target=\"_blank\" rel=\"noreferrer noopener\">pildid &gt;&gt;<\/a><\/p>\n\n\n\n<hr class=\"wp-block-separator has-alpha-channel-opacity\">\n\n\n\n<p><\/p>\n\n\n\n<p class=\"has-extra-large-font-size\"><strong>Palup\u00f5hja 24.-26. juuli 2024<\/strong><\/p>\n\n\n\n<p>Suvised v\u00e4lipraktikumid toimusid Alam-Pedja Looduskaitsealal. Praktikabaas oli Palup\u00f5hja looduskoolis. Praktikumid olid kolmep\u00e4evased. P\u00e4rast kohalej\u00f5udmist ja \u00fcmbrusega tutvumist osalesime \u00fchiselt \u00f5ppetegevuses, kus esitlust vaadates uurisime putukate eluviisi ja\u00a0 v\u00e4limust. Praktilise tegevuse k\u00e4igus iseloomustasime ja v\u00f5rdlesime putukate v\u00e4limust. T\u00e4itsime t\u00f6\u00f6lehti.<\/p>\n\n\n\n<figure class=\"wp-block-image size-full\"><img loading=\"lazy\" decoding=\"async\" width=\"1000\" height=\"753\" src=\"https:\/\/sisu.ut.ee\/wp-content\/uploads\/sites\/178\/palupohja_42-01.jpg\" alt=\"\" class=\"wp-image-1516\" srcset=\"https:\/\/sisu.ut.ee\/wp-content\/uploads\/sites\/178\/palupohja_42-01.jpg 1000w, https:\/\/sisu.ut.ee\/wp-content\/uploads\/sites\/178\/palupohja_42-01-300x226.jpg 300w, https:\/\/sisu.ut.ee\/wp-content\/uploads\/sites\/178\/palupohja_42-01-768x578.jpg 768w\" sizes=\"auto, (max-width: 1000px) 100vw, 1000px\"><\/figure>\n\n\n\n<p>P\u00e4rastl\u00f5unal toimusid tegevused kahes r\u00fchmas. \u00dcks r\u00fchm k\u00e4is kanuude ja paadiga Emaj\u00f5el. Juhendajaks oli Robert. Teine r\u00fchm uuris samal ajal putukaid mikroskoobiga, m\u00e4\u00e4ras fotode ja kollektsioonikarpides olevate eksemplaride j\u00e4rgi putukate liike ja r\u00fchmi ning v\u00f5rdles neid. Abiks olid piltidega m\u00e4\u00e4ramislehed.<\/p>\n\n\n\n<figure class=\"wp-block-image size-full\"><img loading=\"lazy\" decoding=\"async\" width=\"1000\" height=\"753\" src=\"https:\/\/sisu.ut.ee\/wp-content\/uploads\/sites\/178\/palupohja_42-10.jpg\" alt=\"\" class=\"wp-image-1518\" srcset=\"https:\/\/sisu.ut.ee\/wp-content\/uploads\/sites\/178\/palupohja_42-10.jpg 1000w, https:\/\/sisu.ut.ee\/wp-content\/uploads\/sites\/178\/palupohja_42-10-300x226.jpg 300w, https:\/\/sisu.ut.ee\/wp-content\/uploads\/sites\/178\/palupohja_42-10-768x578.jpg 768w\" sizes=\"auto, (max-width: 1000px) 100vw, 1000px\"><\/figure>\n\n\n\n<figure class=\"wp-block-image size-full\"><img loading=\"lazy\" decoding=\"async\" width=\"1000\" height=\"753\" src=\"https:\/\/sisu.ut.ee\/wp-content\/uploads\/sites\/178\/palupohja_42-15.jpg\" alt=\"\" class=\"wp-image-1519\" srcset=\"https:\/\/sisu.ut.ee\/wp-content\/uploads\/sites\/178\/palupohja_42-15.jpg 1000w, https:\/\/sisu.ut.ee\/wp-content\/uploads\/sites\/178\/palupohja_42-15-300x226.jpg 300w, https:\/\/sisu.ut.ee\/wp-content\/uploads\/sites\/178\/palupohja_42-15-768x578.jpg 768w\" sizes=\"auto, (max-width: 1000px) 100vw, 1000px\"><\/figure>\n\n\n\n<p>\u00d5htul toimusid m\u00e4ngud ja muud vabaajategevused. K\u00e4isime \u00f5htusel retkel nahkhiiri vaatlemas ja detektori abil kuulamas. Tegime putukate \u00f6\u00f6vaatlust. Uurisime valgusele ja linale tulnud \u00f6\u00f6putukaid.<\/p>\n\n\n\n<figure class=\"wp-block-image size-full\"><img loading=\"lazy\" decoding=\"async\" width=\"1000\" height=\"753\" src=\"https:\/\/sisu.ut.ee\/wp-content\/uploads\/sites\/178\/palupohja_42-21.jpg\" alt=\"\" class=\"wp-image-1527\" srcset=\"https:\/\/sisu.ut.ee\/wp-content\/uploads\/sites\/178\/palupohja_42-21.jpg 1000w, https:\/\/sisu.ut.ee\/wp-content\/uploads\/sites\/178\/palupohja_42-21-300x226.jpg 300w, https:\/\/sisu.ut.ee\/wp-content\/uploads\/sites\/178\/palupohja_42-21-768x578.jpg 768w\" sizes=\"auto, (max-width: 1000px) 100vw, 1000px\"><\/figure>\n\n\n\n<p>Teisel p\u00e4eval toimusid tegevused kahes r\u00fchmas. \u00dcks r\u00fchm uuris Martini juhendamisel veeloomi Emaj\u00f5es. Teise r\u00fchmaga k\u00e4isime maismaaloomi uurimas. P\u00fc\u00fcdsime ja uurisime peamiselt l\u00fclijalgseid: putukais, \u00e4mblikke ja hulkjalgseid. P\u00e4rastl\u00f5unal r\u00fchmad vahetusid. Saime teada, kuidas kollektsiooniks putukaid prepareerida ja liblikaid sirutada. Kes soovis, v\u00f5is ise liblikate sirutamist proovida.<\/p>\n\n\n\n<figure class=\"wp-block-image size-full\"><img loading=\"lazy\" decoding=\"async\" width=\"1000\" height=\"753\" src=\"https:\/\/sisu.ut.ee\/wp-content\/uploads\/sites\/178\/palupohja_42-19.jpg\" alt=\"\" class=\"wp-image-1529\" srcset=\"https:\/\/sisu.ut.ee\/wp-content\/uploads\/sites\/178\/palupohja_42-19.jpg 1000w, https:\/\/sisu.ut.ee\/wp-content\/uploads\/sites\/178\/palupohja_42-19-300x226.jpg 300w, https:\/\/sisu.ut.ee\/wp-content\/uploads\/sites\/178\/palupohja_42-19-768x578.jpg 768w\" sizes=\"auto, (max-width: 1000px) 100vw, 1000px\"><\/figure>\n\n\n\n<p>Viimasel p\u00e4eval K\u00e4isime \u00fcheskoos veidi pikemal \u00f5ppematkal, kus saime oma teadmisi kontrollida. Enne \u00e4ras\u00f5itu tegime kokkuv\u00f5tteid ning koostasime n\u00e4htud, kuuldud ja tegevusj\u00e4lgede j\u00e4rgi kindlaks tehtud loomade nimestikud.<\/p>\n\n\n\n<figure class=\"wp-block-image size-full\"><img loading=\"lazy\" decoding=\"async\" width=\"1000\" height=\"753\" src=\"https:\/\/sisu.ut.ee\/wp-content\/uploads\/sites\/178\/palupohja_42-24.jpg\" alt=\"\" class=\"wp-image-1530\" srcset=\"https:\/\/sisu.ut.ee\/wp-content\/uploads\/sites\/178\/palupohja_42-24.jpg 1000w, https:\/\/sisu.ut.ee\/wp-content\/uploads\/sites\/178\/palupohja_42-24-300x226.jpg 300w, https:\/\/sisu.ut.ee\/wp-content\/uploads\/sites\/178\/palupohja_42-24-768x578.jpg 768w\" sizes=\"auto, (max-width: 1000px) 100vw, 1000px\"><\/figure>\n\n\n\n<p><a href=\"https:\/\/sisu.ut.ee\/zrpildid\/palupohja-24-26-juuli-2024\/\" target=\"_blank\" rel=\"noreferrer noopener\">pildid &gt;&gt;<\/a><\/p>\n\n\n\n<hr class=\"wp-block-separator has-alpha-channel-opacity\">\n\n\n\n<p class=\"has-extra-large-font-size\"><br><strong>Palup\u00f5hja 6.-7. august 2024<\/strong><\/p>\n\n\n\n<p>Suvised v\u00e4lipraktikumid toimusid Alam-Pedja Looduskaitsealal. Praktikabaas oli Palup\u00f5hja looduskoolis. Praktikumid olid kolmep\u00e4evased. Alguses toimus \u00f5ppeprogramm ruumis. Uurisime putukate v\u00e4limust, eluviisi ja elupaigalist levikut. Vaatasime ja uurisime mikroskoopidega putukate v\u00e4limust vapsiku n\u00e4itel.<\/p>\n\n\n\n<figure class=\"wp-block-image size-full\"><img loading=\"lazy\" decoding=\"async\" width=\"1000\" height=\"753\" src=\"https:\/\/sisu.ut.ee\/wp-content\/uploads\/sites\/178\/palupohja_1-01.jpg\" alt=\"\" class=\"wp-image-1531\" srcset=\"https:\/\/sisu.ut.ee\/wp-content\/uploads\/sites\/178\/palupohja_1-01.jpg 1000w, https:\/\/sisu.ut.ee\/wp-content\/uploads\/sites\/178\/palupohja_1-01-300x226.jpg 300w, https:\/\/sisu.ut.ee\/wp-content\/uploads\/sites\/178\/palupohja_1-01-768x578.jpg 768w\" sizes=\"auto, (max-width: 1000px) 100vw, 1000px\"><\/figure>\n\n\n\n<figure class=\"wp-block-image size-full\"><img loading=\"lazy\" decoding=\"async\" width=\"1000\" height=\"753\" src=\"https:\/\/sisu.ut.ee\/wp-content\/uploads\/sites\/178\/palupohja_1-03.jpg\" alt=\"\" class=\"wp-image-1532\" srcset=\"https:\/\/sisu.ut.ee\/wp-content\/uploads\/sites\/178\/palupohja_1-03.jpg 1000w, https:\/\/sisu.ut.ee\/wp-content\/uploads\/sites\/178\/palupohja_1-03-300x226.jpg 300w, https:\/\/sisu.ut.ee\/wp-content\/uploads\/sites\/178\/palupohja_1-03-768x578.jpg 768w\" sizes=\"auto, (max-width: 1000px) 100vw, 1000px\"><\/figure>\n\n\n\n<p>P\u00e4rastl\u00f5unal k\u00e4isid pooled \u00f5pilased iseseisvalt Emaj\u00f5e elustikku uurimas, teistega p\u00fc\u00fcdsime ja uurisime maismaaputukaid.<\/p>\n\n\n\n<figure class=\"wp-block-image size-full\"><img loading=\"lazy\" decoding=\"async\" width=\"1000\" height=\"753\" src=\"https:\/\/sisu.ut.ee\/wp-content\/uploads\/sites\/178\/palupohja_1-10.jpg\" alt=\"\" class=\"wp-image-1533\" srcset=\"https:\/\/sisu.ut.ee\/wp-content\/uploads\/sites\/178\/palupohja_1-10.jpg 1000w, https:\/\/sisu.ut.ee\/wp-content\/uploads\/sites\/178\/palupohja_1-10-300x226.jpg 300w, https:\/\/sisu.ut.ee\/wp-content\/uploads\/sites\/178\/palupohja_1-10-768x578.jpg 768w\" sizes=\"auto, (max-width: 1000px) 100vw, 1000px\"><\/figure>\n\n\n\n<p>Hilis\u00f5htul k\u00e4isime \u00f6\u00f6h\u00e4\u00e4li kuulamas. Vaatlesime ja p\u00fc\u00fcdsime valgustatud linale tulnud putukaid. Vabadel hetketel sai m\u00e4nge m\u00e4ngida.<\/p>\n\n\n\n<figure class=\"wp-block-image size-full\"><img loading=\"lazy\" decoding=\"async\" width=\"1000\" height=\"753\" src=\"https:\/\/sisu.ut.ee\/wp-content\/uploads\/sites\/178\/palupohja_1-08.jpg\" alt=\"\" class=\"wp-image-1534\" srcset=\"https:\/\/sisu.ut.ee\/wp-content\/uploads\/sites\/178\/palupohja_1-08.jpg 1000w, https:\/\/sisu.ut.ee\/wp-content\/uploads\/sites\/178\/palupohja_1-08-300x226.jpg 300w, https:\/\/sisu.ut.ee\/wp-content\/uploads\/sites\/178\/palupohja_1-08-768x578.jpg 768w\" sizes=\"auto, (max-width: 1000px) 100vw, 1000px\"><\/figure>\n\n\n\n<p>Teise p\u00e4eva hommikul r\u00fchmad vahetusid. N\u00fc\u00fcd said teised iseseisvalt Emaj\u00f5e elustikku uurida ning maismaaputukaid p\u00fc\u00fcda ja uurida.<\/p>\n\n\n\n<figure class=\"wp-block-image size-full\"><img loading=\"lazy\" decoding=\"async\" width=\"1000\" height=\"753\" src=\"https:\/\/sisu.ut.ee\/wp-content\/uploads\/sites\/178\/palupohja_1-13.jpg\" alt=\"\" class=\"wp-image-1535\" srcset=\"https:\/\/sisu.ut.ee\/wp-content\/uploads\/sites\/178\/palupohja_1-13.jpg 1000w, https:\/\/sisu.ut.ee\/wp-content\/uploads\/sites\/178\/palupohja_1-13-300x226.jpg 300w, https:\/\/sisu.ut.ee\/wp-content\/uploads\/sites\/178\/palupohja_1-13-768x578.jpg 768w\" sizes=\"auto, (max-width: 1000px) 100vw, 1000px\"><\/figure>\n\n\n\n<p>\u00d5htupoole sai kanuudega Emaj\u00f5el s\u00f5ita ja vaatlusi teha ning ruumis putukaid uurida ning m\u00e4\u00e4rata.<\/p>\n\n\n\n<figure class=\"wp-block-image size-full\"><img loading=\"lazy\" decoding=\"async\" width=\"1000\" height=\"753\" src=\"https:\/\/sisu.ut.ee\/wp-content\/uploads\/sites\/178\/palupohja_1-04.jpg\" alt=\"\" class=\"wp-image-1536\" srcset=\"https:\/\/sisu.ut.ee\/wp-content\/uploads\/sites\/178\/palupohja_1-04.jpg 1000w, https:\/\/sisu.ut.ee\/wp-content\/uploads\/sites\/178\/palupohja_1-04-300x226.jpg 300w, https:\/\/sisu.ut.ee\/wp-content\/uploads\/sites\/178\/palupohja_1-04-768x578.jpg 768w\" sizes=\"auto, (max-width: 1000px) 100vw, 1000px\"><\/figure>\n\n\n\n<p>Viimase p\u00e4eva ennel\u00f5unal k\u00e4isime \u00fchiselt pikemal retkel L\u00e4hi\u00fcmbruses. Uurisime putukaid ja teisi l\u00fclijalgseid ning kordasime varem\u00f5pitut. Enne \u00e4ras\u00f5itu tegime kokkuv\u00f5tteid ning koostasime n\u00e4htud, kuuldud ja tegevusj\u00e4lgede j\u00e4rgi kindlaks tehtud loomade nimestikud.<\/p>\n\n\n\n<figure class=\"wp-block-image size-full\"><img loading=\"lazy\" decoding=\"async\" width=\"1000\" height=\"753\" src=\"https:\/\/sisu.ut.ee\/wp-content\/uploads\/sites\/178\/palupohja_1-18.jpg\" alt=\"\" class=\"wp-image-1537\" srcset=\"https:\/\/sisu.ut.ee\/wp-content\/uploads\/sites\/178\/palupohja_1-18.jpg 1000w, https:\/\/sisu.ut.ee\/wp-content\/uploads\/sites\/178\/palupohja_1-18-300x226.jpg 300w, https:\/\/sisu.ut.ee\/wp-content\/uploads\/sites\/178\/palupohja_1-18-768x578.jpg 768w\" sizes=\"auto, (max-width: 1000px) 100vw, 1000px\"><\/figure>\n\n\n\n<p><a href=\"https:\/\/sisu.ut.ee\/zrpildid\/palupohja-6-8-august-2024\/\" target=\"_blank\" rel=\"noreferrer noopener\">pildid &gt;&gt;<\/a><\/p>\n\n\n\n<figure class=\"wp-block-image size-full\"><a href=\"https:\/\/kik.ee\/et\" target=\"_blank\" rel=\"noreferrer noopener\"><img loading=\"lazy\" decoding=\"async\" width=\"496\" height=\"539\" src=\"https:\/\/sisu.ut.ee\/wp-content\/uploads\/sites\/178\/kik_logo_rgb-1-1.jpg\" alt=\"\" class=\"wp-image-1540\" srcset=\"https:\/\/sisu.ut.ee\/wp-content\/uploads\/sites\/178\/kik_logo_rgb-1-1.jpg 496w, https:\/\/sisu.ut.ee\/wp-content\/uploads\/sites\/178\/kik_logo_rgb-1-1-276x300.jpg 276w\" sizes=\"auto, (max-width: 496px) 100vw, 496px\"><\/a><\/figure>\n","protected":false},"excerpt":{"rendered":"<p>Endla 10.-11. veebruar 2024 Talvised v\u00e4lipraktikumid olid seekord kahep\u00e4evased ning toimusid Endla looduskaitsealal, Tooma k\u00fclas. Meie \u00f5ppebaas oli Endla looduskaitseala keskuses. Osalesid \u00f5pilased 4.-7. klassist. J\u00f5udsime kohale juba hommikul. Esimene \u00f5ppetegevus toimus \u00f5ppeklassis. Uurisime loomade ja m\u00e4\u00e4rasime loomade talviseid tegevusj\u00e4lgi: &#8230;<\/p>\n","protected":false},"author":88,"featured_media":0,"parent":0,"menu_order":0,"comment_status":"closed","ping_status":"closed","template":"","meta":{"_acf_changed":false,"inline_featured_image":false,"footnotes":""},"class_list":["post-1485","page","type-page","status-publish","hentry"],"acf":[],"_links":{"self":[{"href":"https:\/\/sisu.ut.ee\/zooloogiaring\/wp-json\/wp\/v2\/pages\/1485","targetHints":{"allow":["GET"]}}],"collection":[{"href":"https:\/\/sisu.ut.ee\/zooloogiaring\/wp-json\/wp\/v2\/pages"}],"about":[{"href":"https:\/\/sisu.ut.ee\/zooloogiaring\/wp-json\/wp\/v2\/types\/page"}],"author":[{"embeddable":true,"href":"https:\/\/sisu.ut.ee\/zooloogiaring\/wp-json\/wp\/v2\/users\/88"}],"replies":[{"embeddable":true,"href":"https:\/\/sisu.ut.ee\/zooloogiaring\/wp-json\/wp\/v2\/comments?post=1485"}],"version-history":[{"count":18,"href":"https:\/\/sisu.ut.ee\/zooloogiaring\/wp-json\/wp\/v2\/pages\/1485\/revisions"}],"predecessor-version":[{"id":1554,"href":"https:\/\/sisu.ut.ee\/zooloogiaring\/wp-json\/wp\/v2\/pages\/1485\/revisions\/1554"}],"wp:attachment":[{"href":"https:\/\/sisu.ut.ee\/zooloogiaring\/wp-json\/wp\/v2\/media?parent=1485"}],"curies":[{"name":"wp","href":"https:\/\/api.w.org\/{rel}","templated":true}]}}