{"id":1444,"date":"2024-08-04T18:48:24","date_gmt":"2024-08-04T15:48:24","guid":{"rendered":"https:\/\/sisu.ut.ee\/zooloogiaring\/?page_id=1444"},"modified":"2024-08-25T23:51:32","modified_gmt":"2024-08-25T20:51:32","slug":"lapsevanemate-tagasiside-2023-2024-oppeaasta","status":"publish","type":"page","link":"https:\/\/sisu.ut.ee\/zooloogiaring\/lapsevanemate-tagasiside-2023-2024-oppeaasta\/","title":{"rendered":"Lapsevanemate tagasiside, 2023-2024 \u00f5ppeaasta"},"content":{"rendered":"<p><\/p>\n\n\n\n<p>Zooloogiaringi tagasisidet kogusin \u00f5pilastelt ringitunnis ja lapsevanematelt google vormi kaudu.<\/p>\n\n\n\n<p>Tegin tagasiside p\u00f5hjal selgitava kokkuv\u00f5tte.<\/p>\n\n\n\n<p>\u00d5ppet\u00f6\u00f6 \u2013 kaks tundi (60+60 min) on jagatud kolmeks osaks.<br>P\u00f5hiteemaga alustame t\u00e4istunnil. Sellele eelnevat pooltundi saab kasutada omavaheliseks suhtlemiseks, vestluseks \u00f5petajaga, mikroskoobiga uurimiseks, \u00fclesannete lahendamiseks, puslede kokkupanemiseks, lauam\u00e4ngude m\u00e4ngimiseks jms. Selle ajaga peaksid kohale j\u00f5udma ka \u00f5pilased, kelle koolitunnid l\u00f5ppevad hiljem v\u00f5i tulevad kaugemalt.<br>Ma ei n\u00f5ustu, et peamine t\u00f6\u00f6vorm on loeng. Pigem on see \u00fchine arutelu ja vestlus, mis toimub esitlust ja minu juttu j\u00e4lgides ja kuulates, filmil\u00f5ike ja pilte vaadates ning kaasa m\u00f5eldes. Olen p\u00fc\u00fcdnud seda mitmekesistada ja aktiivmeetoditega rikastada. See osa tunnist kestab tavaliselt 45-60 min (mitte 2 t). Seda v\u00f5ib minu p\u00e4rast kasv\u00f5i omalaadseks jutustuseks v\u00f5i etenduseks nimetada, kuid selles saab \u00f5pilane ise suurel m\u00e4\u00e4ral osaleda. Erinevus koolitundidega ongi peamiselt see, et hiljem ei pea vastama, kontrollt\u00f6id tegema jne. Tunnis osaledes saab iga\u00fcks kaasa v\u00f5tta nii palju teadmisi, kui ise tahab v\u00f5i suudab. Esitlus on koostatud nii, et \u00f5pilane v\u00f5ib olulised asjad \u00fcles kirjutada, m\u00f5ned teevadki seda. Olen seda meelt, et teema selgitamisel peab rohkem fakte tooma ja olema p\u00f5hjalikum. P\u00fc\u00fcan nooremate \u00f5pilaste r\u00fchmades liikumispause teha. Edaspidi p\u00f6\u00f6ran sellele rohkem t\u00e4helepanu.<br>Viimase pooltunni veedame enamasti muuseumis. Vaatleme v\u00f5imalusel loomi, kellest just r\u00e4\u00e4kisime. Katsume ja v\u00f5tame k\u00e4tte elavnurga loomi: sisalikke, kilpkonni, madusid, putukaid ja \u00e4mblike.<\/p>\n\n\n\n<p>\u00d5pitud ning j\u00e4rgmise n\u00e4dala teemad on kirjas Stuudiumis.<\/p>\n\n\n\n<p>V\u00e4litunnid on hea idee, aga tuleb m\u00f5elda, mida on \u00f5ues (nt muuseumi \u00fcmbruses) v\u00f5imalik erinevatel aastaaegadel teha, mida v\u00f5i keda on n\u00e4ha (mis on kasutegur). Kevad on selleks k\u00f5ige parem aeg. Teine probleem on, et \u00fche n\u00e4dala jooksul tuleks teha 10 r\u00fchma \u00f5uetunnid. Pean tunnistama, et see on mulle paras v\u00e4ljakutse.<\/p>\n\n\n\n<p>N\u00f5ustun, et k\u00f5ikidele taoline \u00f5ppevorm ei sobi. Kuid arvestades zooloogiaringis osalejate arvu ja tagasisidet, ei ole meil plaanis olulisi muudatusi teha.<\/p>\n\n\n\n<p>Mai l\u00f5pu seisuga osales 101 \u00f5pilast, kellest 5 l\u00f5petas g\u00fcmnaasiumi.<\/p>\n\n\n\n<p>K\u00fcsisin \u00f5pilaste ja lapsevanemate arvamust osalemise soovi kohta algaval \u00f5ppeaastal<\/p>\n\n\n\n<p>Tagasiside ankeedile tunnis sain maikuus vastused 90 \u00f5pilaselt.<br>Vastused:<br>Soovin osaleda 53<br>V\u00f5ibolla osalen 34<br>Ei soovi osaleda 3<\/p>\n\n\n\n<p>Tagasiside k\u00fcsitlusele veebis vastas 67 lapse vanemat.<br>Vastused:<br>Osaleb 49<br>V\u00f5ibolla osaleb 15<br>Ei osale 3<\/p>\n\n\n\n<p><strong>LAPSEVANEMATE TAGASISIDE:<\/strong><\/p>\n\n\n\n<p>V\u00e4ga hea! J\u00e4tkake samamoodi ja tehke rohkem praktikume.<\/p>\n\n\n\n<p>Laps tuli alati v\u00e4ga hea meelega ja k\u00fcsides oli alati tunniga rahul:) Igasugused v\u00e4ljas\u00f5idud ja praktilised tegevused tunduvad vist lastele eriti toredad.<\/p>\n\n\n\n<p>Lapsele meeldis, sai palju uut teada ja r\u00e4\u00e4kis neist suure \u00f5hinaga kodus.<\/p>\n\n\n\n<p>Vanemana meeldib, et saab teadusp\u00f5hiselt infot. Laps oli huvitatud ringis osalemisest ka haigena. Ootas loomadega tegelemist. Alati p\u00e4rast r\u00e4\u00e4gib, mida koges ja \u00f5ppis.<\/p>\n\n\n\n<p>Lapsele meeldib ja soovib ka j\u00e4rgmisel aastal osaleda.<\/p>\n\n\n\n<p>Olen v\u00e4ga rahul, kui v\u00e4hegi klapib, siis panen lapse ka uuel \u00f5ppeaastal kirja. V\u00e4ga huvitav ring, laps tuleb sealt alati hea tujuga ja on meelsasti n\u00f5us jagama oma uusi teadmisi mis ta ringis omandas. \u00d5ppemeetodid on mitmekesised ja kaasahaaravad!<\/p>\n\n\n\n<p>Meeldib v\u00e4ga ja s\u00f5brad k\u00e4ivad ka ringis. \u00c4ge, kui palju nad ringis \u00f5pivad, samas tundub, et see \u00f5ppimine k\u00e4ib kuidagi nagu muuseas\/m\u00e4nguliselt.<\/p>\n\n\n\n<p>Meeldib v\u00e4ga! Laps oli v\u00e4ga rahul! J\u00e4tkake samas vaimus!<\/p>\n\n\n\n<p>Meeldib ja sobib graafikusse. Muuseumis oli tore ja, et sai pilte. Toredaid \u00f5ppeplaane.<\/p>\n\n\n\n<p>Laps oli v\u00e4ga rahul, eriti meeldisid laagrid! V\u00e4litunde v\u00f5iks rohkem olla, arvasid lapsed. Samuti meeldiks laagrites rohkem \u00f5htuti retkedel k\u00e4ia.<\/p>\n\n\n\n<p>Lapsel on huvi. Vahva ring ja laps naudib selles osalemist.<\/p>\n\n\n\n<p>Lapsele v\u00e4ga meeldib ja tunneb huvi Teie \u00f5petatu vastu. Laps v\u00e4ga naudib ja on iga kord p\u00f5nevil uutest faktidest ja teadmistest.<\/p>\n\n\n\n<p>Lapsele v\u00e4ga meeldib neis tundides ja kui tunniplaanid klapivad, siis kindlasti tahaks ta s\u00fcgisel j\u00e4tkata. V\u00e4ga rahul. M\u00f5ni \u00f5uetund v\u00f5iks rohkem olla, kui ilm neid lubab ja teemaplaanidega sobib.<\/p>\n\n\n\n<p>Tal on huvitav ja osaleb hea meelega.<\/p>\n\n\n\n<p>Laps \u00fctleb, et tal on igav, sest peab 2 tundi istuma ja kuulama. Ma ei tea, kas see on nii. Mulle tundub, et laps on palju uusi asju teada saanud. Ta teab loodusest ja loomadest tihti rohkem kui mina ise. Last motiveerivad punktid, mida nad koguvad ja auhinnad, mis nad saavad kui teatud arv punkte koos on. Teema \u00a0on tegelikult lapsele v\u00e4ga huvipakkuv.<\/p>\n\n\n\n<p>Lapsele meeldib v\u00e4ga.\u00a0Rahul.<\/p>\n\n\n\n<p>Meeldivad loomad.<\/p>\n\n\n\n<p>Zooloogia pakub lapsele j\u00e4tkuvalt huvi ja hea on kasvada ka j\u00e4rjepidevuses. V\u00f5iks olla mingit l\u00f5imumist kooli \u00f5ppekavaga ja -t\u00f6\u00f6ga. V\u00f5iks julgustada uuringuid koostama ning esitlema, et saaks teha seda \u00fche t\u00f6\u00f6ga nii koolis kui ringis.<\/p>\n\n\n\n<p>Huvi osaleda on. Kui ajaliselt sobib, siis osaleb. K\u00f5ik on ilmselt toiminud nagu vaja. Ma ei ole tegelikult zooloogiaringides toimuvaga v\u00e4ga kursis. Tean vaid, et lapsel on j\u00e4tkuv huvi osaleda.<\/p>\n\n\n\n<p>Lapsele meeldib saada teadmisi loomade kohta. Sisukas nagu ikka.<\/p>\n\n\n\n<p>Lapsele meeldis. Sama m\u00f5nusalt edasi!<\/p>\n\n\n\n<p>Ring on huvitav. K\u00f5ik toimis ja oli lapse jaoks p\u00f5nev.<\/p>\n\n\n\n<p>Lapsele meeldib ring, kuid \u00fctleb vahest, et tund on pikk. Ringi tund on v\u00e4ga h\u00e4sti ette valmistatud ja huvitav. N\u00e4en, et laps on \u00f5ppinud m\u00e4rkama sarnaste loomaliikide vahel erinevusi ja s\u00f5navara on palju arenenud elupaikadest ja -viisidest r\u00e4\u00e4kides.<\/p>\n\n\n\n<p>V\u00e4ga vahva oli, lapsele meeldis.<\/p>\n\n\n\n<p>Lapsele meeldib, teemad on huvipakkuvad.<\/p>\n\n\n\n<p>Soovib ikka j\u00e4rgmine aasta j\u00e4lle minna, ju siis meeldib. \u00d5ue tunde v\u00f5iks olla Tartus rohkem.<\/p>\n\n\n\n<p>Lapsele meeldis, ta jagas kuuldut, n\u00e4htut ka kodus.<\/p>\n\n\n\n<p>Zooloogia on lapsele v\u00e4ga p\u00f5nev ja huvipakkuv. Oleme kogu perega v\u00e4ga rahul. \u00d5ppeaasta jooksul olid meil \u00f5htuti lapse poolt \u201czooloogia unejutud\u201d v\u00e4iksematele \u00f5dedele, kus laps r\u00e4\u00e4kis v\u00e4ga detailselt sellest, mida oli zooloogiaringis tol p\u00e4eval teada saanud. Kogu perele oli p\u00f5nev kuulata. V\u00f5imalusel j\u00e4tkata aeg-ajalt v\u00e4ljas\u00f5itudega.<\/p>\n\n\n\n<p>Laps soovib osaleda. Lapsele meeldib, on saanud p\u00f5nevaid uusi teadmisi.<\/p>\n\n\n\n<p>Siiani on meeldinud.<\/p>\n\n\n\n<p>Saab s\u00f5pradega olla. Rohkem laagreid.<\/p>\n\n\n\n<p>Laps \u00fctles, et tahab ka j\u00e4rgmine aasta osaleda, sest k\u00f5ik asjad meeldisid \ud83d\ude42\u00a0Laps v\u00e4ga rahul.<\/p>\n\n\n\n<p>Lapsele meeldis. K\u00f5ik sobis.<\/p>\n\n\n\n<p>Meeldib! Laps arvab, et see aasta oli k\u00f5ige p\u00f5nevam.<\/p>\n\n\n\n<p>V\u00e4ga meeldib loomade kohta \u00f5ppida.<\/p>\n\n\n\n<p>Lastele meeldis, eriti just \u00f5ppeaasta alguses, kui k\u00f5ik katsutavad loomad olid uued ja \u00e4gedad. Pusle punktide kogumine on ka vahva m\u00f5te.<\/p>\n\n\n\n<p>Lapsele v\u00e4ga meeldib zooloogiaring ja ta juba ise k\u00fcsis kodus, et kas saab ka j\u00e4rgmisel aastal osaleda. Lapsel on alati midagi r\u00e4\u00e4kida selle kohta, mida ringis uut \u00f5piti ning ta jagab hea meelega oma teadmisi. V\u00e4ga tore on n\u00e4ha, kui palju uut ja p\u00f5nevat lapsed teada saavad. \u00d5ues\u00f5ppe tunde v\u00f5iks olla rohkem.<\/p>\n\n\n\n<p>Laps k\u00e4ib zooloogiaringis hea meelega. K\u00f5ik toimus sujuvalt. Laps jagas kodus m\u00f5ningaid huvitavaid fakte. Kahekeelse lapse jaoks hea v\u00f5imalus s\u00f5navara laiendamiseks.<\/p>\n\n\n\n<p>Minule meeldib, et lapsed seal k\u00e4ia saavad. \u00d5pivad samuti. Pluss v\u00e4ljas\u00f5idud v\u00f5i laagris k\u00e4imine.<\/p>\n\n\n\n<p>Lapse s\u00f5nul on zooloogiaringis huvitav ja saab palju teada ning ta soovib osaleda ka edaspidi.<\/p>\n\n\n\n<p>Lapsele meeldib zooloogiaringis.<\/p>\n\n\n\n<p>Laps k\u00e4ib vist k\u00fcll k\u00f5ige rohkem seltskonna p\u00e4rast, aga v\u00e4ga tahab edasi k\u00e4ia.<\/p>\n\n\n\n<p>Loomade ja looduse s\u00f5brad on paremad inimesed, lahkemad. Lapsele meeldis, l\u00e4ks alati suure r\u00f5\u00f5muga.<\/p>\n\n\n\n<p>Kasulikud ja meeldivad tunnid. Meil on kodus ta zooloogiaringi p\u00e4evadel \u00f5htus\u00f6\u00f6gilauas palju huvitavam. Oli \u00f5petlik, eriti meeldivad v\u00e4ljas\u00f5idud. Tunni kestus on pikem kui eelmistel aastatel, mis ei tundu lapsele liiga pikk.<\/p>\n\n\n\n<p>Lapsele meeldis, eriti meeldivad talle laagrid.<\/p>\n\n\n\n<p>Laps oli r\u00f5\u00f5mus, et sai osaleda ja teadmisi erinevate loomade kohta. Natuke kurtis, et palju peab istuma \u2013 peale p\u00e4ev otsa koolis istumist oleks tahtnud natuke rohkem ringi liikuda. V\u00f5ibolla teha rohkem v\u00e4ljask\u00e4imisi, siis \u00f5pivad lapsed linnaloodust paremini tundma ja on v\u00e4hem istumist.<\/p>\n\n\n\n<p>Laps l\u00e4ks alati tundi hea meelega ja oli \u00f5pitu ning kogemuste \u00fcle r\u00f5\u00f5mus. Mulle j\u00e4i mulje, et zooloogiaringis osalemine oli tema jaoks tore ja kasulik.<\/p>\n\n\n\n<p>\u00dcht last motiveerib eelk\u00f5ige see, et zooloogiaringis saab s\u00f5pradega kokku, teist K\u00e4bi ja laagrid. Kui ikka aastast aastasse j\u00e4tkata tahetakse, siis j\u00e4relikult v\u00e4ga meeldib. \u00a0<\/p>\n\n\n\n<p>Laps k\u00e4is r\u00f5\u00f5muga ja jagas kodus saadud teadmisi.<\/p>\n\n\n\n<p>Lapsele v\u00e4ga meeldisid tunnid, eriti kui sai p\u00e4ris loomi uurida v\u00f5i muuseumis ringi k\u00e4ia. Rohkem tunde klassist v\u00e4ljas (musueumis jne).<\/p>\n\n\n\n<p>Zooloogiaring on v\u00e4ga tore. Ait\u00e4h ringi korraldamise eest! Minu meelest toimib k\u00f5ik h\u00e4sti.\u00a0\u00a0\u00a0\u00a0\u00a0\u00a0\u00a0<\/p>\n\n\n\n<p>K\u00f5ik oli v\u00e4ga tore nagu alati! J\u00e4tkata samas vaimus \ud83d\ude42<\/p>\n\n\n\n<p>Meeldiv viis s\u00fcsteemselt uusi teadmisi omandada. Hea \u00f5ppida, seltskond ja \u00f5pikeskkond v\u00e4ga meeldivad. Senine asjade korraldus on v\u00e4ga hea.<\/p>\n\n\n\n<p>Lapsel oli vahepeal igav istuda ja kuulata ja midagi teha ei saa samal ajal. Ringist tuli ta enamasti hea tujuga, aga tihti ei tahtnud ta ringi minna.<\/p>\n\n\n\n<p>Lapsele v\u00e4ga meeldis zooloogiaringis osaleda ning ta soovib s\u00fcgisest j\u00e4tkata teadmiste omandamist. Laps on \u00f5ppeaasta jooksul omandanud suured teadmised loomariigist.<\/p>\n\n\n\n<p>Lemmik kooliv\u00e4line tegevus lapsele on Zooloogiaringis k\u00e4imine ja kindlasti soovib j\u00e4tkata.<\/p>\n\n\n\n<p>V\u00e4lipraktikumid ja -tunnid on head praktiliste kogemuste saamisel. V\u00f5iks olla rohkem n.\u00f6 kaasamist, kus lastel on v\u00f5imalus \u00e4ra arvata ja vastuseid pakkuda. Kahoot vms. Nad v\u00f5ivad neid ka ise koostada ja \u00fcksteisele lahendada anda.<\/p>\n\n\n\n<p>Lapsele v\u00e4ga meeldib nii ringi \u00fclesehitus kui juhendaja! Kuna laps on alati huvitatud zooloogiaringi minekust, oleme v\u00e4ga rahul. Tagasi tuleb alati paljude uute teadmistega.<\/p>\n\n\n\n<p>Laps tunneb huvi, ise mainis kodus, et s\u00fcgisel soovib j\u00e4tkata. Olen v\u00e4ga rahul, teemad on huvitavad. Rohkem tunde \u00f5ues s\u00fcgisel ja kevadel, kui see on v\u00f5imalik.<\/p>\n\n\n\n<p>Ma n\u00e4en, et see pakub lapsele huvi ning ta osaleb seal hea meelega. Mulle v\u00e4ga meeldib, et see ring avardab silmaringi ning annab teadmisi. Samuti see, et laps on sealt s\u00f5pru leidnud. Kas tuleks k\u00f5ne alla \u00f5ues\u00f5ppe tunnid ka teistel aastaaegadel peale kevadiste Supilinna tiigi k\u00fclastuste? V\u00f5ib-olla osav\u00f5tt m\u00f5nest konkursist, v\u00f5istlusest, m\u00e4lum\u00e4ngust?<\/p>\n\n\n\n<p>Zooloogiaring oli imeline. Laps tuli alati \u00f5hinaga koju ning r\u00e4\u00e4kis \u00f5pitust. Laps sai palju uusi teadmisi ja oskas neid ka edasi anda. Ait\u00e4h \u00f5petajale lapse arengule kaasa aitamast! \ud83d\ude42<\/p>\n","protected":false},"excerpt":{"rendered":"<p>Zooloogiaringi tagasisidet kogusin \u00f5pilastelt ringitunnis ja lapsevanematelt google vormi kaudu. Tegin tagasiside p\u00f5hjal selgitava kokkuv\u00f5tte. \u00d5ppet\u00f6\u00f6 \u2013 kaks tundi (60+60 min) on jagatud kolmeks osaks.P\u00f5hiteemaga alustame t\u00e4istunnil. Sellele eelnevat pooltundi saab kasutada omavaheliseks suhtlemiseks, vestluseks \u00f5petajaga, mikroskoobiga uurimiseks, \u00fclesannete lahendamiseks, &#8230;<\/p>\n","protected":false},"author":88,"featured_media":0,"parent":0,"menu_order":0,"comment_status":"closed","ping_status":"closed","template":"","meta":{"_acf_changed":false,"inline_featured_image":false,"footnotes":""},"class_list":["post-1444","page","type-page","status-publish","hentry"],"acf":[],"_links":{"self":[{"href":"https:\/\/sisu.ut.ee\/zooloogiaring\/wp-json\/wp\/v2\/pages\/1444","targetHints":{"allow":["GET"]}}],"collection":[{"href":"https:\/\/sisu.ut.ee\/zooloogiaring\/wp-json\/wp\/v2\/pages"}],"about":[{"href":"https:\/\/sisu.ut.ee\/zooloogiaring\/wp-json\/wp\/v2\/types\/page"}],"author":[{"embeddable":true,"href":"https:\/\/sisu.ut.ee\/zooloogiaring\/wp-json\/wp\/v2\/users\/88"}],"replies":[{"embeddable":true,"href":"https:\/\/sisu.ut.ee\/zooloogiaring\/wp-json\/wp\/v2\/comments?post=1444"}],"version-history":[{"count":15,"href":"https:\/\/sisu.ut.ee\/zooloogiaring\/wp-json\/wp\/v2\/pages\/1444\/revisions"}],"predecessor-version":[{"id":1472,"href":"https:\/\/sisu.ut.ee\/zooloogiaring\/wp-json\/wp\/v2\/pages\/1444\/revisions\/1472"}],"wp:attachment":[{"href":"https:\/\/sisu.ut.ee\/zooloogiaring\/wp-json\/wp\/v2\/media?parent=1444"}],"curies":[{"name":"wp","href":"https:\/\/api.w.org\/{rel}","templated":true}]}}