{"id":125,"date":"2024-04-04T02:55:58","date_gmt":"2024-04-03T23:55:58","guid":{"rendered":"https:\/\/sisu.ut.ee\/zooloogiaring\/kik-2016\/"},"modified":"2024-04-19T00:37:59","modified_gmt":"2024-04-18T21:37:59","slug":"kik-2016","status":"publish","type":"page","link":"https:\/\/sisu.ut.ee\/zooloogiaring\/kik-2016\/","title":{"rendered":"zooloogiaringi laagrid 2016. aastal"},"content":{"rendered":"<p><strong><span style=\"font-size: 26px;\"><span style=\"font-family: Verdana,Geneva,sans-serif;\">Palup\u00f5hja 19.-21. veebruar 2016<\/span><\/span><\/strong><\/p>\n\n\n\n<p><\/p>\n\n\n\n<div class=\"wp-block-columns is-layout-flex wp-container-core-columns-is-layout-9d6595d7 wp-block-columns-is-layout-flex\">\n<div class=\"wp-block-column is-layout-flow wp-block-column-is-layout-flow\" style=\"flex-basis:100%\">\n<figure class=\"wp-block-image size-full is-resized\"><img loading=\"lazy\" decoding=\"async\" width=\"1000\" height=\"667\" src=\"https:\/\/sisu.ut.ee\/wp-content\/uploads\/sites\/178\/papo161_04-1.jpg\" alt=\"\" class=\"wp-image-949\" style=\"width:1000px;height:auto\" srcset=\"https:\/\/sisu.ut.ee\/wp-content\/uploads\/sites\/178\/papo161_04-1.jpg 1000w, https:\/\/sisu.ut.ee\/wp-content\/uploads\/sites\/178\/papo161_04-1-300x200.jpg 300w, https:\/\/sisu.ut.ee\/wp-content\/uploads\/sites\/178\/papo161_04-1-768x512.jpg 768w\" sizes=\"auto, (max-width: 1000px) 100vw, 1000px\"><\/figure>\n<\/div>\n<\/div>\n\n\n\n<p><span style=\"font-size: 16px;\"><span style=\"font-family: Verdana,Geneva,sans-serif;\"><\/span><span style=\"font-family: Verdana,Geneva,sans-serif;\">Oli sadanud v\u00e4rsket lund ja nii saime n\u00e4ha paljude loomade j\u00e4lgi.<\/span><\/span><\/p>\n\n\n\n<figure class=\"wp-block-image size-full\"><img loading=\"lazy\" decoding=\"async\" width=\"1000\" height=\"667\" src=\"https:\/\/sisu.ut.ee\/wp-content\/uploads\/sites\/178\/papo161_07.jpg\" alt=\"\" class=\"wp-image-947\" srcset=\"https:\/\/sisu.ut.ee\/wp-content\/uploads\/sites\/178\/papo161_07.jpg 1000w, https:\/\/sisu.ut.ee\/wp-content\/uploads\/sites\/178\/papo161_07-300x200.jpg 300w, https:\/\/sisu.ut.ee\/wp-content\/uploads\/sites\/178\/papo161_07-768x512.jpg 768w\" sizes=\"auto, (max-width: 1000px) 100vw, 1000px\"><\/figure>\n\n\n\n<p><span style=\"font-size: 16px;\"><span style=\"font-family: Verdana,Geneva,sans-serif;\"><\/span><span style=\"font-family: Verdana,Geneva,sans-serif;\">Juhendaja oli zooloog Epp Moks, kellega k\u00e4isime metsas ja kes tutvustas imetajate koljusid<\/span><\/span><\/p>\n\n\n\n<p><span style=\"font-size: 14px;\"><span style=\"font-family: Verdana,Geneva,sans-serif;\"><a title=\"\" href=\"https:\/\/sisu.ut.ee\/wp-content\/uploads\/sites\/178\/loomade_nimestik_palupohja_19.-21.02.2016.pdf\" target=\"_blank\" rel=\"noopener\" data-url=\"https:\/\/sisu.ut.ee\/wp-content\/uploads\/sites\/178\/loomade_nimestik_palupohja_19.-21.02.2016.pdf\">Loomade nimestik 19.-21.02.2016 &gt;&gt;<\/a><\/span><\/span><\/p>\n\n\n\n<p><span style=\"font-size: 14px;\"><span style=\"font-family: Verdana,Geneva,sans-serif;\"><strong><a title=\"\" href=\"https:\/\/sisu.ut.ee\/zrpildid\/palupohja-19-21-02-2016\" target=\"_blank\" rel=\"noopener\" data-url=\"https:\/\/sisu.ut.ee\/zrpildid\/palupohja-19-21-02-2016\">pildid &gt;&gt;<\/a><\/strong><\/span><\/span><br>\u00a0<\/p>\n\n\n\n<hr class=\"wp-block-separator has-alpha-channel-opacity\">\n\n\n\n<p><br><strong><span style=\"font-size: 26px;\"><span style=\"font-family: Verdana,Geneva,sans-serif;\">Palup\u00f5hja 4.-6. m\u00e4rts 2016<\/span><\/span><\/strong><\/p>\n\n\n\n<figure class=\"wp-block-image\"><img decoding=\"async\" src=\"https:\/\/sisu.ut.ee\/wp-content\/uploads\/sites\/427\/papo162_04b.jpg\" alt=\"\"><\/figure>\n\n\n\n<p><span style=\"font-size: 16px;\"><span style=\"font-family: Verdana,Geneva,sans-serif;\"><\/span><span style=\"font-family: Verdana,Geneva,sans-serif;\">K\u00e4isime palju v\u00e4ljas, tegime pikema retke luhale.<\/span><\/span><\/p>\n\n\n\n<figure class=\"wp-block-image size-full\"><img loading=\"lazy\" decoding=\"async\" width=\"1000\" height=\"667\" src=\"https:\/\/sisu.ut.ee\/wp-content\/uploads\/sites\/178\/papo162_10.jpg\" alt=\"\" class=\"wp-image-951\" srcset=\"https:\/\/sisu.ut.ee\/wp-content\/uploads\/sites\/178\/papo162_10.jpg 1000w, https:\/\/sisu.ut.ee\/wp-content\/uploads\/sites\/178\/papo162_10-300x200.jpg 300w, https:\/\/sisu.ut.ee\/wp-content\/uploads\/sites\/178\/papo162_10-768x512.jpg 768w\" sizes=\"auto, (max-width: 1000px) 100vw, 1000px\"><\/figure>\n\n\n\n<p><span style=\"font-size: 16px;\"><span style=\"font-family: Verdana,Geneva,sans-serif;\"><\/span><span style=\"font-family: Verdana,Geneva,sans-serif;\">Robert Oetjeni juhendamisel sai valmistada kasetohust kuubiku, mesilasvahast k\u00fc\u00fcnla v\u00f5i niisama vesta.<\/span><\/span><\/p>\n\n\n\n<figure class=\"wp-block-image size-full\"><img loading=\"lazy\" decoding=\"async\" width=\"1000\" height=\"667\" src=\"https:\/\/sisu.ut.ee\/wp-content\/uploads\/sites\/178\/papo162_15.jpg\" alt=\"\" class=\"wp-image-952\" srcset=\"https:\/\/sisu.ut.ee\/wp-content\/uploads\/sites\/178\/papo162_15.jpg 1000w, https:\/\/sisu.ut.ee\/wp-content\/uploads\/sites\/178\/papo162_15-300x200.jpg 300w, https:\/\/sisu.ut.ee\/wp-content\/uploads\/sites\/178\/papo162_15-768x512.jpg 768w\" sizes=\"auto, (max-width: 1000px) 100vw, 1000px\"><\/figure>\n\n\n\n<p><span style=\"font-size: 16px;\"><span style=\"font-family: Verdana,Geneva,sans-serif;\"><\/span><span style=\"font-family: Verdana,Geneva,sans-serif;\">Kelle nahad need on? Nii sai oma teadmisi kontrollida.<\/span><\/span><\/p>\n\n\n\n<p><span style=\"font-size: 14px;\"><span style=\"font-family: Verdana,Geneva,sans-serif;\"><a title=\"\" href=\"https:\/\/sisu.ut.ee\/wp-content\/uploads\/sites\/178\/loomade_nimestik_palupohja_4.-6.03.2016.pdf\" target=\"_blank\" rel=\"noopener\" data-url=\"https:\/\/sisu.ut.ee\/wp-content\/uploads\/sites\/178\/loomade_nimestik_palupohja_4.-6.03.2016.pdf\">Loomade nimestik\u00a04.-6.03.2016\u00a0&gt;&gt;<\/a><\/span><\/span><\/p>\n\n\n\n<p><span style=\"font-size: 14px;\"><span style=\"font-family: Verdana,Geneva,sans-serif;\"><strong><a title=\"\" href=\"https:\/\/sisu.ut.ee\/zrpildid\/palupohja-4-6-03-2016\" target=\"_blank\" rel=\"noopener\" data-url=\"https:\/\/sisu.ut.ee\/zrpildid\/palupohja-4-6-03-2016\">pildid &gt;&gt;<\/a><\/strong><\/span><\/span><br>\u00a0<\/p>\n\n\n\n<hr class=\"wp-block-separator has-alpha-channel-opacity\">\n\n\n\n<p><br><strong><span style=\"font-size: 26px;\"><span style=\"font-family: Verdana,Geneva,sans-serif;\">Kirna 2.-4. august 2016<\/span><\/span><\/strong><\/p>\n\n\n\n<figure class=\"wp-block-image\"><img decoding=\"async\" src=\"https:\/\/sisu.ut.ee\/wp-content\/uploads\/sites\/427\/kirn1_03.jpg\" alt=\"\"><\/figure>\n\n\n\n<p><span style=\"font-size: 16px;\"><span style=\"font-family: Verdana,Geneva,sans-serif;\"><\/span><span style=\"font-family: Verdana,Geneva,sans-serif;\">K\u00e4isime Kirna loodusrajal, uurisime Alam-Pedja Looduskeskuse n\u00e4itust,\u00a0p\u00fc\u00fcdsime ja m\u00e4\u00e4rasime veeloomi ja putukaid.\u00a0Kuulasime nahkhiirte h\u00e4\u00e4li ja p\u00fc\u00fcdsime ning vaatlesime \u00f6\u00f6putukaid.<\/span><\/span><\/p>\n\n\n\n<figure class=\"wp-block-image size-full\"><img loading=\"lazy\" decoding=\"async\" width=\"1000\" height=\"667\" src=\"https:\/\/sisu.ut.ee\/wp-content\/uploads\/sites\/178\/kirn1_12a.jpg\" alt=\"\" class=\"wp-image-955\" srcset=\"https:\/\/sisu.ut.ee\/wp-content\/uploads\/sites\/178\/kirn1_12a.jpg 1000w, https:\/\/sisu.ut.ee\/wp-content\/uploads\/sites\/178\/kirn1_12a-300x200.jpg 300w, https:\/\/sisu.ut.ee\/wp-content\/uploads\/sites\/178\/kirn1_12a-768x512.jpg 768w\" sizes=\"auto, (max-width: 1000px) 100vw, 1000px\"><\/figure>\n\n\n\n<p><\/p>\n\n\n\n<figure class=\"wp-block-image\"><img decoding=\"async\" src=\"https:\/\/sisu.ut.ee\/wp-content\/uploads\/sites\/427\/kirn1_15.jpg\" alt=\"\"><\/figure>\n\n\n\n<p><span style=\"font-size: 16px;\"><span style=\"font-family: Verdana,Geneva,sans-serif;\"><\/span><span style=\"font-family: Verdana,Geneva,sans-serif;\">Entomoloog Mati Martin tutvustas liblikaid.<\/span><\/span><\/p>\n\n\n\n<p><span style=\"font-size: 16px;\"><span style=\"font-family: Verdana,Geneva,sans-serif;\">R\u00fchmat\u00f6\u00f6na sai teha uurimust\u00f6\u00f6 ideekavandi ja veidi seda ka ellu viia.<\/span><\/span><\/p>\n\n\n\n<p><span style=\"font-size: 14px;\"><span style=\"font-family: Verdana,Geneva,sans-serif;\"><a title=\"\" href=\"https:\/\/sisu.ut.ee\/wp-content\/uploads\/sites\/178\/loomade_nimestik_kirna_2.-4.08.2016.pdf\" target=\"_blank\" rel=\"noopener\" data-url=\"https:\/\/sisu.ut.ee\/wp-content\/uploads\/sites\/178\/loomade_nimestik_kirna_2.-4.08.2016.pdf\">Loomade nimestik\u00a02.-4.08.2016 &gt;&gt;<\/a><\/span><\/span><\/p>\n\n\n\n<p><span style=\"font-size: 14px;\"><span style=\"font-family: Verdana,Geneva,sans-serif;\"><strong><a title=\"\" href=\"https:\/\/sisu.ut.ee\/zrpildid\/kirna-2-4-08-2016\" target=\"_blank\" rel=\"noopener\" data-url=\"https:\/\/sisu.ut.ee\/zrpildid\/kirna-2-4-08-2016\">pildid &gt;&gt;<\/a><\/strong><\/span><\/span><br>\u00a0<\/p>\n\n\n\n<hr class=\"wp-block-separator has-alpha-channel-opacity\">\n\n\n\n<p><br><span style=\"font-size: 26px;\"><strong><span style=\"font-family: Verdana,Geneva,sans-serif;\">Kirna 9.-11. august 2016<\/span><\/strong><\/span><\/p>\n\n\n\n<figure class=\"wp-block-image\"><img decoding=\"async\" src=\"https:\/\/sisu.ut.ee\/wp-content\/uploads\/sites\/427\/kirn2_03.jpg\" alt=\"\"><\/figure>\n\n\n\n<p><span style=\"font-size: 16px;\"><span style=\"font-family: Verdana,Geneva,sans-serif;\"><\/span><span style=\"font-family: Verdana,Geneva,sans-serif;\">K\u00e4isime metsa ja niidu elustikku uurimas.<\/span><\/span><\/p>\n\n\n\n<figure class=\"wp-block-image\"><img decoding=\"async\" src=\"https:\/\/sisu.ut.ee\/wp-content\/uploads\/sites\/427\/kirn2_08.jpg\" alt=\"\"><\/figure>\n\n\n\n<p><span style=\"font-size: 16px;\"><span style=\"font-family: Verdana,Geneva,sans-serif;\"><\/span><span style=\"font-family: Verdana,Geneva,sans-serif;\">K\u00fclastasime Alam-Pedja Looduskeskust, kus tegime l\u00fchikokkuv\u00f5tteid valitud teemadel ja esitasime teistele.<\/span><\/span><\/p>\n\n\n\n<figure class=\"wp-block-image\"><img decoding=\"async\" src=\"https:\/\/sisu.ut.ee\/wp-content\/uploads\/sites\/427\/kirn2_23.jpg\" alt=\"\"><\/figure>\n\n\n\n<p><span style=\"font-size: 16px;\"><span style=\"font-family: Verdana,Geneva,sans-serif;\"><\/span><span style=\"font-family: Verdana,Geneva,sans-serif;\">Kotkamees \u00dclo V\u00e4li tutvustas Eesti r\u00f6\u00f6vlinde.<\/span><\/span><\/p>\n\n\n\n<figure class=\"wp-block-image\"><img decoding=\"async\" src=\"https:\/\/sisu.ut.ee\/wp-content\/uploads\/sites\/427\/kirn2_05.jpg\" alt=\"\"><\/figure>\n\n\n\n<p><span style=\"font-size: 16px;\"><span style=\"font-family: Verdana,Geneva,sans-serif;\"><\/span><span style=\"font-family: Verdana,Geneva,sans-serif;\">M\u00e4ngisime palju m\u00e4nge.<\/span><\/span><\/p>\n\n\n\n<p><span style=\"font-size: 14px;\"><span style=\"font-family: Verdana,Geneva,sans-serif;\"><a title=\"\" href=\"https:\/\/sisu.ut.ee\/wp-content\/uploads\/sites\/178\/loomade_nimestik_kirna_9.-11.08.2016.pdf\" target=\"_blank\" rel=\"noopener\" data-url=\"https:\/\/sisu.ut.ee\/wp-content\/uploads\/sites\/178\/loomade_nimestik_kirna_9.-11.08.2016.pdf\">Loomade nimestik: Kirna 9.-11.08.2016 &gt;&gt;<\/a><\/span><\/span><\/p>\n\n\n\n<p><span style=\"font-size: 14px;\"><span style=\"font-family: Verdana,Geneva,sans-serif;\"><strong><a title=\"\" href=\"https:\/\/sisu.ut.ee\/zrpildid\/kirna-9-11-08-2016\" target=\"_blank\" rel=\"noopener\" data-url=\"https:\/\/sisu.ut.ee\/zrpildid\/kirna-9-11-08-2016\">pildid &gt;&gt;<\/a><\/strong><\/span><\/span><\/p>\n\n\n\n<p><br><span style=\"font-size: 16px;\"><span style=\"font-family: Verdana,Geneva,sans-serif;\">laagrite l\u00e4biviimist toetas\u00a0<a href=\"http:\/\/www.kik.ee\/\" target=\"_blank\" rel=\"noopener\">KIK<\/a><\/span><\/span><\/p>\n\n\n\n<figure class=\"wp-block-image size-full\"><img loading=\"lazy\" decoding=\"async\" width=\"496\" height=\"539\" src=\"https:\/\/sisu.ut.ee\/wp-content\/uploads\/sites\/178\/kik_logo_rgb-1.jpg\" alt=\"\" class=\"wp-image-274\" srcset=\"https:\/\/sisu.ut.ee\/wp-content\/uploads\/sites\/178\/kik_logo_rgb-1.jpg 496w, https:\/\/sisu.ut.ee\/wp-content\/uploads\/sites\/178\/kik_logo_rgb-1-276x300.jpg 276w\" sizes=\"auto, (max-width: 496px) 100vw, 496px\"><\/figure>\n\n\n\n<p><span style=\"font-size: 16px;\"><span style=\"font-family: Verdana,Geneva,sans-serif;\"><\/span><\/span><\/p>\n","protected":false},"excerpt":{"rendered":"<p>Palup\u00f5hja 19.-21. veebruar 2016 Oli sadanud v\u00e4rsket lund ja nii saime n\u00e4ha paljude loomade j\u00e4lgi. Juhendaja oli zooloog Epp Moks, kellega k\u00e4isime metsas ja kes tutvustas imetajate koljusid Loomade nimestik 19.-21.02.2016 &gt;&gt; pildid &gt;&gt;\u00a0 Palup\u00f5hja 4.-6. m\u00e4rts 2016 K\u00e4isime palju &#8230;<\/p>\n","protected":false},"author":88,"featured_media":0,"parent":0,"menu_order":0,"comment_status":"closed","ping_status":"closed","template":"","meta":{"_acf_changed":false,"inline_featured_image":false,"footnotes":""},"class_list":["post-125","page","type-page","status-publish","hentry"],"acf":[],"_links":{"self":[{"href":"https:\/\/sisu.ut.ee\/zooloogiaring\/wp-json\/wp\/v2\/pages\/125","targetHints":{"allow":["GET"]}}],"collection":[{"href":"https:\/\/sisu.ut.ee\/zooloogiaring\/wp-json\/wp\/v2\/pages"}],"about":[{"href":"https:\/\/sisu.ut.ee\/zooloogiaring\/wp-json\/wp\/v2\/types\/page"}],"author":[{"embeddable":true,"href":"https:\/\/sisu.ut.ee\/zooloogiaring\/wp-json\/wp\/v2\/users\/88"}],"replies":[{"embeddable":true,"href":"https:\/\/sisu.ut.ee\/zooloogiaring\/wp-json\/wp\/v2\/comments?post=125"}],"version-history":[{"count":5,"href":"https:\/\/sisu.ut.ee\/zooloogiaring\/wp-json\/wp\/v2\/pages\/125\/revisions"}],"predecessor-version":[{"id":956,"href":"https:\/\/sisu.ut.ee\/zooloogiaring\/wp-json\/wp\/v2\/pages\/125\/revisions\/956"}],"wp:attachment":[{"href":"https:\/\/sisu.ut.ee\/zooloogiaring\/wp-json\/wp\/v2\/media?parent=125"}],"curies":[{"name":"wp","href":"https:\/\/api.w.org\/{rel}","templated":true}]}}