{"id":124,"date":"2024-04-04T02:55:58","date_gmt":"2024-04-03T23:55:58","guid":{"rendered":"https:\/\/sisu.ut.ee\/zooloogiaring\/ojaaarse-laager-14-16-07-2015\/"},"modified":"2024-04-04T02:58:06","modified_gmt":"2024-04-03T23:58:06","slug":"ojaaarse-laager-14-16-07-2015","status":"publish","type":"page","link":"https:\/\/sisu.ut.ee\/zooloogiaring\/ojaaarse-laager-14-16-07-2015\/","title":{"rendered":"Oja\u00e4\u00e4rse ja Lahemaa Rahvuspark 14.-16. juuli 2015"},"content":{"rendered":"<p>\n\t<span style=\"font-size:16px\"><span style=\"font-family:Verdana,Geneva,sans-serif\"><strong><a data-url=\"https:\/\/sisu.ut.ee\/zrpildid\/ojaaarse-14-16-07-2015\" href=\"https:\/\/sisu.ut.ee\/zrpildid\/ojaaarse-14-16-07-2015\" target=\"_blank\" title=\"\" rel=\"noopener\">pildid &gt;&gt;<\/a><\/strong><\/span><\/span>\n<\/p>\n<p>\n\t<br><span style=\"font-size:14px\"><span style=\"font-family:Verdana,Geneva,sans-serif\">Laager toimus\u00a0<a href=\"http:\/\/loodusegakoos.ee\/kuhuminna\/puhkealad\/pohja-eesti-puhkeala\/1627\" target=\"_blank\" rel=\"noopener\">Oj\u00e4\u00e4rse Loodusmajas<\/a><\/span><\/span>\n<\/p>\n<p>\n\t<span style=\"font-size:16px\"><span style=\"font-family:Verdana,Geneva,sans-serif\"><img decoding=\"async\" alt=\"\" src=\"https:\/\/sisu.ut.ee\/wp-content\/uploads\/sites\/427\/ojaar_201.jpg\"><\/span><\/span>\n<\/p>\n<p>\n\t<span style=\"font-size:16px\"><span style=\"font-family:Verdana,Geneva,sans-serif\">K\u00e4isime Palmse pargis ning k\u00fclastasime looduskeskust.<\/span><\/span>\n<\/p>\n<p>\n\t<span style=\"font-size:16px\"><span style=\"font-family:Verdana,Geneva,sans-serif\"><img decoding=\"async\" alt=\"\" src=\"https:\/\/sisu.ut.ee\/wp-content\/uploads\/sites\/427\/ojaar_206.jpg\"><\/span><\/span>\n<\/p>\n<p>\n\t<span style=\"font-size:16px\"><span style=\"font-family:Verdana,Geneva,sans-serif\"><img decoding=\"async\" alt=\"\" src=\"https:\/\/sisu.ut.ee\/wp-content\/uploads\/sites\/427\/ojaar_210.jpg\"><\/span><\/span><br><span style=\"font-size:14px\"><span style=\"font-family:Verdana,Geneva,sans-serif\">Juhendaja Peeter Hussar<\/span><\/span>\n<\/p>\n<p>\n\t<span style=\"font-size:16px\"><span style=\"font-family:Verdana,Geneva,sans-serif\">Peeter Hussar tutvustas Eesti imetajaid.<\/span><\/span>\n<\/p>\n<p>\n\t<span style=\"font-size:16px\"><span style=\"font-family:Verdana,Geneva,sans-serif\"><img decoding=\"async\" alt=\"\" src=\"https:\/\/sisu.ut.ee\/wp-content\/uploads\/sites\/427\/ojaar_221.jpg\" style=\"width: 1000px;height: 667px\"><\/span><\/span>\n<\/p>\n<p>\n\t<span style=\"font-size:16px\"><span style=\"font-family:Verdana,Geneva,sans-serif\">Viimasel p\u00e4eval k\u00e4isime bussiekskursioonil Lahemaal.<\/span><\/span>\n<\/p>\n<p>\n\t<span style=\"font-size:16px\"><span style=\"font-family:Verdana,Geneva,sans-serif\">Sagadi metsamuuseumis esitlesime r\u00fchmat\u00f6\u00f6na valminud uurimust\u00f6\u00f6de kavu.<\/span><\/span>\n<\/p>\n<p>\n\t\u00a0\n<\/p>\n<p>\n\t<span style=\"font-size:16px\"><span style=\"font-family:Verdana,Geneva,sans-serif\"><strong><a data-url=\"https:\/\/sisu.ut.ee\/zrpildid\/ojaaarse-14-16-07-2015\" href=\"https:\/\/sisu.ut.ee\/zrpildid\/ojaaarse-14-16-07-2015\" target=\"_blank\" title=\"\" rel=\"noopener\">pildid &gt;&gt;<\/a><\/strong><\/span><\/span>\n<\/p>\n<p>\n\t<br><span style=\"font-size:16px\"><span style=\"font-family:Verdana,Geneva,sans-serif\">laagrite l\u00e4biviimist toetas\u00a0<a href=\"http:\/\/www.kik.ee\/\" target=\"_blank\" rel=\"noopener\">KIK<\/a><\/span><\/span>\n<\/p>\n<p>\n\t<span style=\"font-size:16px\"><span style=\"font-family:Verdana,Geneva,sans-serif\"><a data-url=\"https:\/\/www.kik.ee\/et\" href=\"https:\/\/www.kik.ee\/et\" target=\"_blank\" title=\"\" rel=\"noopener\"><img decoding=\"async\" alt=\"\" src=\"https:\/\/sisu.ut.ee\/wp-content\/uploads\/sites\/178\/kik_logo_rgb_0.jpg\" style=\"width: 496px;height: 539px\"><\/a><\/span><\/span><\/p>\n","protected":false},"excerpt":{"rendered":"<p>pildid &gt;&gt; Laager toimus\u00a0Oj\u00e4\u00e4rse Loodusmajas K\u00e4isime Palmse pargis ning k\u00fclastasime looduskeskust. Juhendaja Peeter Hussar Peeter Hussar tutvustas Eesti imetajaid. Viimasel p\u00e4eval k\u00e4isime bussiekskursioonil Lahemaal. Sagadi metsamuuseumis esitlesime r\u00fchmat\u00f6\u00f6na valminud uurimust\u00f6\u00f6de kavu. \u00a0 pildid &gt;&gt; laagrite l\u00e4biviimist toetas\u00a0KIK<\/p>\n","protected":false},"author":88,"featured_media":0,"parent":0,"menu_order":0,"comment_status":"closed","ping_status":"closed","template":"","meta":{"_acf_changed":false,"inline_featured_image":false,"footnotes":""},"class_list":["post-124","page","type-page","status-publish","hentry"],"acf":[],"_links":{"self":[{"href":"https:\/\/sisu.ut.ee\/zooloogiaring\/wp-json\/wp\/v2\/pages\/124","targetHints":{"allow":["GET"]}}],"collection":[{"href":"https:\/\/sisu.ut.ee\/zooloogiaring\/wp-json\/wp\/v2\/pages"}],"about":[{"href":"https:\/\/sisu.ut.ee\/zooloogiaring\/wp-json\/wp\/v2\/types\/page"}],"author":[{"embeddable":true,"href":"https:\/\/sisu.ut.ee\/zooloogiaring\/wp-json\/wp\/v2\/users\/88"}],"replies":[{"embeddable":true,"href":"https:\/\/sisu.ut.ee\/zooloogiaring\/wp-json\/wp\/v2\/comments?post=124"}],"version-history":[{"count":1,"href":"https:\/\/sisu.ut.ee\/zooloogiaring\/wp-json\/wp\/v2\/pages\/124\/revisions"}],"predecessor-version":[{"id":697,"href":"https:\/\/sisu.ut.ee\/zooloogiaring\/wp-json\/wp\/v2\/pages\/124\/revisions\/697"}],"wp:attachment":[{"href":"https:\/\/sisu.ut.ee\/zooloogiaring\/wp-json\/wp\/v2\/media?parent=124"}],"curies":[{"name":"wp","href":"https:\/\/api.w.org\/{rel}","templated":true}]}}