{"id":121,"date":"2024-04-04T02:55:57","date_gmt":"2024-04-03T23:55:57","guid":{"rendered":"https:\/\/sisu.ut.ee\/zooloogiaring\/palupohja-laager-27-29-03-2015\/"},"modified":"2024-04-04T02:58:06","modified_gmt":"2024-04-03T23:58:06","slug":"palupohja-laager-27-29-03-2015","status":"publish","type":"page","link":"https:\/\/sisu.ut.ee\/zooloogiaring\/palupohja-laager-27-29-03-2015\/","title":{"rendered":"Palup\u00f5hja 27.-29. m\u00e4rts 2015"},"content":{"rendered":"<p>\n\t<span style=\"font-size:16px\"><span style=\"font-family:Verdana,Geneva,sans-serif\"><a data-url=\"https:\/\/sisu.ut.ee\/zrpildid\/palupohja-27-29-03-2015\" href=\"https:\/\/sisu.ut.ee\/zrpildid\/palupohja-27-29-03-2015\" target=\"_blank\" title=\"\" rel=\"noopener\"><strong>pildid &gt;&gt;<\/strong><\/a><\/span><\/span><br>\u00a0\n<\/p>\n<p>\n\t<span style=\"font-size:16px\"><span style=\"font-family:Verdana,Geneva,sans-serif\"><img decoding=\"async\" alt=\"\" src=\"https:\/\/sisu.ut.ee\/wp-content\/uploads\/sites\/427\/palp-152-20.jpg\"><\/span><\/span>\n<\/p>\n<p>\n\t<span style=\"font-size:16px\"><span style=\"font-family:Verdana,Geneva,sans-serif\"><img decoding=\"async\" alt=\"\" src=\"https:\/\/sisu.ut.ee\/wp-content\/uploads\/sites\/427\/palp-152-06.jpg\" style=\"width: 1000px;height: 667px\"><\/span><\/span><br><span style=\"font-size:14px\"><span style=\"font-family:Verdana,Geneva,sans-serif\">Juhendaja Robert Oetjen<\/span><\/span>\n<\/p>\n<p>\n\t<span style=\"font-size:16px\"><span style=\"font-family:Verdana,Geneva,sans-serif\"><img decoding=\"async\" alt=\"\" src=\"https:\/\/sisu.ut.ee\/wp-content\/uploads\/sites\/427\/palp-152-08.jpg\" style=\"width: 1000px;height: 667px\"><\/span><\/span>\n<\/p>\n<p>\n\t<span style=\"font-size:16px\"><span style=\"font-family:Verdana,Geneva,sans-serif\">Robert \u00f5petas meile vaikselt loodust kuulama ja j\u00e4lgima.<\/span><\/span>\n<\/p>\n<p>\n\t<span style=\"font-size:16px\"><span style=\"font-family:Verdana,Geneva,sans-serif\"><img decoding=\"async\" alt=\"\" src=\"https:\/\/sisu.ut.ee\/wp-content\/uploads\/sites\/427\/palp-152-12.jpg\" style=\"width: 1000px;height: 667px\"><\/span><\/span>\n<\/p>\n<p>\n\t<span style=\"font-size:16px\"><span style=\"font-family:Verdana,Geneva,sans-serif\">Iga\u00fcks sai proovida tule s\u00fc\u00fctamist<\/span><\/span>\n<\/p>\n<p>\n\t<span style=\"font-size:16px\"><span style=\"font-family:Verdana,Geneva,sans-serif\"><a data-url=\"\/zooloogiaring\/Iga\u00fcks sai proovida tule s\u00fc\u00fctamist\" href=\"\/zooloogiaring\/Iga%C3%BCks%20sai%20proovida%20tule%20s%C3%BC%C3%BCtamist\" target=\"_blank\" title=\"\" rel=\"noopener\">Loomade nimestik &gt;&gt;<\/a><\/span><\/span><br>\u00a0\n<\/p>\n<p>\n\t<span style=\"font-size:16px\"><span style=\"font-family:Verdana,Geneva,sans-serif\"><strong><a data-url=\"https:\/\/sisu.ut.ee\/zrpildid\/palupohja-27-29-03-2015\" href=\"https:\/\/sisu.ut.ee\/zrpildid\/palupohja-27-29-03-2015\" target=\"_blank\" title=\"\" rel=\"noopener\">pildid &gt;&gt;<\/a><\/strong><\/span><\/span><br>\u00a0\n<\/p>\n<p>\n\t<span style=\"font-size:16px\"><span style=\"font-family:Verdana,Geneva,sans-serif\">laagrite l\u00e4biviimist toetas\u00a0<a href=\"http:\/\/www.kik.ee\/\" target=\"_blank\" rel=\"noopener\">KIK<\/a><\/span><\/span>\n<\/p>\n<p>\n\t<span style=\"font-size:16px\"><span style=\"font-family:Verdana,Geneva,sans-serif\"><a data-url=\"https:\/\/www.kik.ee\/et\" href=\"https:\/\/www.kik.ee\/et\" target=\"_blank\" title=\"\" rel=\"noopener\"><img decoding=\"async\" alt=\"\" src=\"https:\/\/sisu.ut.ee\/wp-content\/uploads\/sites\/178\/kik_logo_rgb_0.jpg\" style=\"width: 496px;height: 539px\"><\/a><\/span><\/span><\/p>\n","protected":false},"excerpt":{"rendered":"<p>pildid &gt;&gt;\u00a0 Juhendaja Robert Oetjen Robert \u00f5petas meile vaikselt loodust kuulama ja j\u00e4lgima. Iga\u00fcks sai proovida tule s\u00fc\u00fctamist Loomade nimestik &gt;&gt;\u00a0 pildid &gt;&gt;\u00a0 laagrite l\u00e4biviimist toetas\u00a0KIK<\/p>\n","protected":false},"author":88,"featured_media":0,"parent":0,"menu_order":0,"comment_status":"closed","ping_status":"closed","template":"","meta":{"_acf_changed":false,"inline_featured_image":false,"footnotes":""},"class_list":["post-121","page","type-page","status-publish","hentry"],"acf":[],"_links":{"self":[{"href":"https:\/\/sisu.ut.ee\/zooloogiaring\/wp-json\/wp\/v2\/pages\/121","targetHints":{"allow":["GET"]}}],"collection":[{"href":"https:\/\/sisu.ut.ee\/zooloogiaring\/wp-json\/wp\/v2\/pages"}],"about":[{"href":"https:\/\/sisu.ut.ee\/zooloogiaring\/wp-json\/wp\/v2\/types\/page"}],"author":[{"embeddable":true,"href":"https:\/\/sisu.ut.ee\/zooloogiaring\/wp-json\/wp\/v2\/users\/88"}],"replies":[{"embeddable":true,"href":"https:\/\/sisu.ut.ee\/zooloogiaring\/wp-json\/wp\/v2\/comments?post=121"}],"version-history":[{"count":1,"href":"https:\/\/sisu.ut.ee\/zooloogiaring\/wp-json\/wp\/v2\/pages\/121\/revisions"}],"predecessor-version":[{"id":700,"href":"https:\/\/sisu.ut.ee\/zooloogiaring\/wp-json\/wp\/v2\/pages\/121\/revisions\/700"}],"wp:attachment":[{"href":"https:\/\/sisu.ut.ee\/zooloogiaring\/wp-json\/wp\/v2\/media?parent=121"}],"curies":[{"name":"wp","href":"https:\/\/api.w.org\/{rel}","templated":true}]}}