{"id":118,"date":"2024-04-04T02:55:57","date_gmt":"2024-04-03T23:55:57","guid":{"rendered":"https:\/\/sisu.ut.ee\/zooloogiaring\/loomade-jaljed-lumel\/"},"modified":"2024-04-19T20:57:45","modified_gmt":"2024-04-19T17:57:45","slug":"loomade-jaljed-lumel","status":"publish","type":"page","link":"https:\/\/sisu.ut.ee\/zooloogiaring\/loomade-jaljed-lumel\/","title":{"rendered":"Loomade j\u00e4ljed lumel"},"content":{"rendered":"<p><span style=\"font-size: 16px;\"><span style=\"font-family: Verdana,Geneva,sans-serif;\">Siin on valik loomi, kelle j\u00e4lgi v\u00f5ib talvel lumel n\u00e4ha.\u00a0Valitud on loomad, kes j\u00e4tavad s\u00f5rgade j\u00e4lgi ja kelle j\u00e4ljes on n\u00e4ha neli varbaj\u00e4lge.<\/span><\/span><\/p>\n<p><strong><span style=\"font-size: 16px;\"><span style=\"font-family: Verdana,Geneva,sans-serif;\">\u00dclesanne on lehek\u00fclje l\u00f5pus.<\/span><\/span><\/strong><\/p>\n<p><span style=\"font-family: Verdana,Geneva,sans-serif;\"><span style=\"font-size: 16px;\">Laadi alla j\u00e4ljeleht, mida\u00a0v\u00f5id\u00a0nutiseadmest vaadata v\u00f5i paberile\u00a0printida, kui loodusesse l\u00e4hed. J\u00e4ljed j\u00e4\u00e4vad ka pori ja liiva sisse, kui lund ei ole.<\/span><\/span><\/p>\n<p><span style=\"font-size: 16px;\"><span style=\"font-family: Verdana,Geneva,sans-serif;\">Tee ise<\/span><\/span>\u00a0<span style=\"font-size: 16px;\"><span style=\"font-family: Verdana,Geneva,sans-serif;\">pilte loomade tegevusj\u00e4lgedest. V\u00f5rdluseks sobib tikutoos, mille sisse v\u00f5id veidi k\u00e4ter\u00e4ti paberit panna, et see tugev p\u00fcsiks.<br>\nPea meeles, et tikutoosi pikkus on 5 cm ja laius 3,5 cm.<\/span><\/span><\/p>\n<p><span style=\"font-size: 16px;\"><span style=\"font-family: Verdana,Geneva,sans-serif;\">Lumes\u00a0<\/span><\/span><span style=\"font-size: 16px;\"><span style=\"font-family: Verdana,Geneva,sans-serif;\">paistavad loomade j\u00e4ljed tihti suuremad. Sageli astuvad loomad tagajalaga esijala j\u00e4lje sisse. Pikemate karvadega\u00a0k\u00e4pad j\u00e4tavad samuti suurema j\u00e4lje. Sula ilmaga v\u00f5ib j\u00e4lg ka suuremaks sulada.\u00a0<\/span><\/span><\/p>\n<hr>\n<p><span style=\"font-size: 16px;\"><span style=\"font-family: Verdana,Geneva,sans-serif;\"><img decoding=\"async\" style=\"width: 960px; height: 720px;\" src=\"https:\/\/sisu.ut.ee\/wp-content\/uploads\/sites\/178\/slaid_j1.jpg\" alt=\"\"><\/span><\/span><\/p>\n<hr>\n<p><span style=\"font-size: 16px;\"><span style=\"font-family: Verdana,Geneva,sans-serif;\"><img decoding=\"async\" style=\"width: 960px; height: 720px;\" src=\"https:\/\/sisu.ut.ee\/wp-content\/uploads\/sites\/178\/slaid_j2.jpg\" alt=\"\"><\/span><\/span><\/p>\n<hr>\n<p><span style=\"font-size: 16px;\"><span style=\"font-family: Verdana,Geneva,sans-serif;\"><img decoding=\"async\" style=\"width: 960px; height: 720px;\" src=\"https:\/\/sisu.ut.ee\/wp-content\/uploads\/sites\/178\/slaid_j3.jpg\" alt=\"\"><\/span><\/span><\/p>\n<hr>\n<p><span style=\"font-size: 16px;\"><span style=\"font-family: Verdana,Geneva,sans-serif;\"><img decoding=\"async\" style=\"width: 960px; height: 720px;\" src=\"https:\/\/sisu.ut.ee\/wp-content\/uploads\/sites\/178\/slaid_j4.jpg\" alt=\"\"><\/span><\/span><\/p>\n<hr>\n<p><span style=\"font-size: 16px;\"><span style=\"font-family: Verdana,Geneva,sans-serif;\"><img decoding=\"async\" style=\"width: 960px; height: 720px;\" src=\"https:\/\/sisu.ut.ee\/wp-content\/uploads\/sites\/178\/slaid_j5.jpg\" alt=\"\"><\/span><\/span><\/p>\n<hr>\n<p><span style=\"font-size: 16px;\"><span style=\"font-family: Verdana,Geneva,sans-serif;\"><img decoding=\"async\" style=\"width: 960px; height: 720px;\" src=\"https:\/\/sisu.ut.ee\/wp-content\/uploads\/sites\/178\/slaid_j6.jpg\" alt=\"\"><\/span><\/span><\/p>\n<hr>\n<p><span style=\"font-size: 16px;\"><span style=\"font-family: Verdana,Geneva,sans-serif;\"><img decoding=\"async\" style=\"width: 960px; height: 720px;\" src=\"https:\/\/sisu.ut.ee\/wp-content\/uploads\/sites\/178\/slaid_j7.jpg\" alt=\"\"><\/span><\/span><\/p>\n<hr>\n<p><span style=\"font-size: 16px;\"><span style=\"font-family: Verdana,Geneva,sans-serif;\"><img decoding=\"async\" style=\"width: 960px; height: 720px;\" src=\"https:\/\/sisu.ut.ee\/wp-content\/uploads\/sites\/178\/slaid_j8.jpg\" alt=\"\"><\/span><\/span><\/p>\n<hr>\n<p><span style=\"font-size: 16px;\"><span style=\"font-family: Verdana,Geneva,sans-serif;\">Vasta mitu korda, kuni k\u00f5ik vastused on \u00f5iged.<\/span><\/span><\/p>\n<p><span style=\"font-size: 18px;\"><strong><span style=\"font-family: Verdana,Geneva,sans-serif;\"><a title=\"\" href=\"https:\/\/docs.google.com\/forms\/d\/e\/1FAIpQLSeMUgmF3qAEWktEg-7udIu_FloO4sK8ToikeVkR9_rF7IFZeg\/viewform?usp=pp_url\" target=\"_blank\" rel=\"noopener\" data-url=\"https:\/\/docs.google.com\/forms\/d\/e\/1FAIpQLSeMUgmF3qAEWktEg-7udIu_FloO4sK8ToikeVkR9_rF7IFZeg\/viewform?usp=pp_url\">LAHENDAN \u00dcLESANDE &gt;&gt;<\/a><\/span><\/strong><\/span><\/p>\n<p><span style=\"font-size: 16px;\"><span style=\"font-family: Verdana,Geneva,sans-serif;\">Pea meeles, et tikutoosi pikkus on 5 cm ja laius 3,5 cm.<\/span><\/span><\/p>\n<p><span style=\"font-size: 16px;\"><span style=\"font-family: Verdana,Geneva,sans-serif;\"><a title=\"\" href=\"https:\/\/sisu.ut.ee\/wp-content\/uploads\/sites\/178\/jaljemaaraja1.pdf\" target=\"_blank\" rel=\"noopener\" data-url=\"https:\/\/sisu.ut.ee\/wp-content\/uploads\/sites\/178\/jaljemaaraja1.pdf\">J\u00c4LJELEHT ALLALAADIMISEKS &gt;&gt;<\/a><\/span><\/span><\/p>\n<p><span style=\"font-size: 16px;\"><span style=\"font-family: Verdana,Geneva,sans-serif;\">LISAMATERJAL:<br>\n<a title=\"\" href=\"https:\/\/www.ejs.ee\/wp-content\/uploads\/2015\/02\/Jaljeaabits.pdf\" target=\"_blank\" rel=\"noopener\" data-url=\"https:\/\/www.keskkonnaamet.ee\/sites\/default\/public\/Jaljeaabits_2015.pdf\">J\u00e4ljeaabits 2015<\/a><br>\n<a title=\"\" href=\"http:\/\/www.ejs.ee\/wp-content\/uploads\/2015\/02\/Ulukite_jaljevihik_2011.pdf\" target=\"_blank\" rel=\"noopener\" data-url=\"http:\/\/www.ejs.ee\/wp-content\/uploads\/2015\/02\/Ulukite_jaljevihik_2011.pdf\">Ulukite j\u00e4ljevihik 2011<\/a><br>\n<a title=\"\" href=\"https:\/\/natmuseum.ut.ee\/sites\/default\/files\/2022-11\/Imetajad.pdf\" target=\"_blank\" rel=\"noopener\" data-url=\"https:\/\/www.natmuseum.ut.ee\/sites\/loodusmuuseum\/files\/pildid\/Imetajad.pdf\">Imetajad. \u00d5ppekogumik<\/a><\/span><\/span><\/p>\n","protected":false},"excerpt":{"rendered":"<p>Siin on valik loomi, kelle j\u00e4lgi v\u00f5ib talvel lumel n\u00e4ha.\u00a0Valitud on loomad, kes j\u00e4tavad s\u00f5rgade j\u00e4lgi ja kelle j\u00e4ljes on n\u00e4ha neli varbaj\u00e4lge. \u00dclesanne on lehek\u00fclje l\u00f5pus. Laadi alla j\u00e4ljeleht, mida\u00a0v\u00f5id\u00a0nutiseadmest vaadata v\u00f5i paberile\u00a0printida, kui loodusesse l\u00e4hed. J\u00e4ljed j\u00e4\u00e4vad ka &#8230;<\/p>\n","protected":false},"author":88,"featured_media":0,"parent":0,"menu_order":0,"comment_status":"closed","ping_status":"closed","template":"","meta":{"_acf_changed":false,"inline_featured_image":false,"footnotes":""},"class_list":["post-118","page","type-page","status-publish","hentry"],"acf":[],"_links":{"self":[{"href":"https:\/\/sisu.ut.ee\/zooloogiaring\/wp-json\/wp\/v2\/pages\/118","targetHints":{"allow":["GET"]}}],"collection":[{"href":"https:\/\/sisu.ut.ee\/zooloogiaring\/wp-json\/wp\/v2\/pages"}],"about":[{"href":"https:\/\/sisu.ut.ee\/zooloogiaring\/wp-json\/wp\/v2\/types\/page"}],"author":[{"embeddable":true,"href":"https:\/\/sisu.ut.ee\/zooloogiaring\/wp-json\/wp\/v2\/users\/88"}],"replies":[{"embeddable":true,"href":"https:\/\/sisu.ut.ee\/zooloogiaring\/wp-json\/wp\/v2\/comments?post=118"}],"version-history":[{"count":2,"href":"https:\/\/sisu.ut.ee\/zooloogiaring\/wp-json\/wp\/v2\/pages\/118\/revisions"}],"predecessor-version":[{"id":1427,"href":"https:\/\/sisu.ut.ee\/zooloogiaring\/wp-json\/wp\/v2\/pages\/118\/revisions\/1427"}],"wp:attachment":[{"href":"https:\/\/sisu.ut.ee\/zooloogiaring\/wp-json\/wp\/v2\/media?parent=118"}],"curies":[{"name":"wp","href":"https:\/\/api.w.org\/{rel}","templated":true}]}}