{"id":113,"date":"2024-04-04T02:55:57","date_gmt":"2024-04-03T23:55:57","guid":{"rendered":"https:\/\/sisu.ut.ee\/zooloogiaring\/ahijarve-oppeekskursioon-15-18-07-2014\/"},"modified":"2024-04-19T01:04:33","modified_gmt":"2024-04-18T22:04:33","slug":"ahijarve-oppeekskursioon-15-18-07-2014","status":"publish","type":"page","link":"https:\/\/sisu.ut.ee\/zooloogiaring\/ahijarve-oppeekskursioon-15-18-07-2014\/","title":{"rendered":"\u00c4hij\u00e4rve, Karula Rahvuspark 15.-18. juuli 2014"},"content":{"rendered":"<p><span style=\"font-size: 16px;\"><span style=\"font-family: Verdana,Geneva,sans-serif;\"><strong><a title=\"\" href=\"https:\/\/sisu.ut.ee\/zrpildid\/node\/28337\" target=\"_blank\" rel=\"noopener\" data-url=\"https:\/\/sisu.ut.ee\/zrpildid\/node\/28337\">pildid &gt;&gt;<\/a><\/strong><\/span><\/span><\/p>\n\n\n\n<p><br><span style=\"font-size: 16px;\"><span style=\"font-family: Verdana,Geneva,sans-serif;\">\u00c4hij\u00e4rve K\u00fclastuskeskuse k\u00fclastamine.\u00a0R\u00fchma- ja individuaalne t\u00f6\u00f6 keskuse n\u00e4itusel.\u00a0N\u00e4ituse p\u00f5hjal koostati k\u00fcsimused teemal, mida juba teadsime ja mis oli uus.<\/span><\/span><\/p>\n\n\n\n<figure class=\"wp-block-image\"><img decoding=\"async\" src=\"https:\/\/sisu.ut.ee\/wp-content\/uploads\/sites\/427\/kar_2703.jpg\" alt=\"\"><\/figure>\n\n\n\n<p><span style=\"font-size: 16px;\"><span style=\"font-family: Verdana,Geneva,sans-serif;\"><\/span><\/span><\/p>\n\n\n\n<p><span style=\"font-size: 16px;\"><span style=\"font-family: Verdana,Geneva,sans-serif;\">Aivoga k\u00e4isime veeloomi uurimas ja T\u00f5nisega metsa- ja niiduelustikuga tutvumas.<\/span><\/span><\/p>\n\n\n\n<figure class=\"wp-block-image size-full\"><img loading=\"lazy\" decoding=\"async\" width=\"1000\" height=\"667\" src=\"https:\/\/sisu.ut.ee\/wp-content\/uploads\/sites\/178\/kar_2712.jpg\" alt=\"\" class=\"wp-image-962\" srcset=\"https:\/\/sisu.ut.ee\/wp-content\/uploads\/sites\/178\/kar_2712.jpg 1000w, https:\/\/sisu.ut.ee\/wp-content\/uploads\/sites\/178\/kar_2712-300x200.jpg 300w, https:\/\/sisu.ut.ee\/wp-content\/uploads\/sites\/178\/kar_2712-768x512.jpg 768w\" sizes=\"auto, (max-width: 1000px) 100vw, 1000px\"><\/figure>\n\n\n\n<p><span style=\"font-size: 16px;\"><span style=\"font-family: Verdana,Geneva,sans-serif;\"><\/span><\/span><\/p>\n\n\n\n<p><span style=\"font-size: 16px;\"><span style=\"font-family: Verdana,Geneva,sans-serif;\">\u00d5ppisime esitlust vaadates ja t\u00f6\u00f6lehti t\u00e4ites tundma Eesti kahepaikseid.<\/span><\/span><\/p>\n\n\n\n<p><span style=\"font-size: 16px;\"><span style=\"font-family: Verdana,Geneva,sans-serif;\">P\u00fc\u00fcdsime ja vaatlesime \u00f6\u00f6putukaid.<\/span><\/span><\/p>\n\n\n\n<p><span style=\"font-size: 16px;\"><span style=\"font-family: Verdana,Geneva,sans-serif;\">Karula Rahvuspargi loodust ja siinseid legende tutvustas Tiia Trolla.<\/span><\/span><\/p>\n\n\n\n<figure class=\"wp-block-image size-full\"><img loading=\"lazy\" decoding=\"async\" width=\"1000\" height=\"667\" src=\"https:\/\/sisu.ut.ee\/wp-content\/uploads\/sites\/178\/kar_2718.jpg\" alt=\"\" class=\"wp-image-961\" srcset=\"https:\/\/sisu.ut.ee\/wp-content\/uploads\/sites\/178\/kar_2718.jpg 1000w, https:\/\/sisu.ut.ee\/wp-content\/uploads\/sites\/178\/kar_2718-300x200.jpg 300w, https:\/\/sisu.ut.ee\/wp-content\/uploads\/sites\/178\/kar_2718-768x512.jpg 768w\" sizes=\"auto, (max-width: 1000px) 100vw, 1000px\"><\/figure>\n\n\n\n<p><span style=\"font-size: 16px;\"><span style=\"font-family: Verdana,Geneva,sans-serif;\"><\/span><\/span><\/p>\n\n\n\n<p><span style=\"font-size: 16px;\"><span style=\"font-family: Verdana,Geneva,sans-serif;\">T\u00f5nis \u00f5petas putukate prepareerimist ja liblikate sirutamist.<\/span><\/span><\/p>\n\n\n\n<figure class=\"wp-block-image size-full\"><img loading=\"lazy\" decoding=\"async\" width=\"1000\" height=\"667\" src=\"https:\/\/sisu.ut.ee\/wp-content\/uploads\/sites\/178\/kar_2708.jpg\" alt=\"\" class=\"wp-image-960\" srcset=\"https:\/\/sisu.ut.ee\/wp-content\/uploads\/sites\/178\/kar_2708.jpg 1000w, https:\/\/sisu.ut.ee\/wp-content\/uploads\/sites\/178\/kar_2708-300x200.jpg 300w, https:\/\/sisu.ut.ee\/wp-content\/uploads\/sites\/178\/kar_2708-768x512.jpg 768w\" sizes=\"auto, (max-width: 1000px) 100vw, 1000px\"><\/figure>\n\n\n\n<p><span style=\"font-size: 16px;\"><span style=\"font-family: Verdana,Geneva,sans-serif;\"><\/span><\/span><\/p>\n\n\n\n<p><span style=\"font-size: 16px;\"><span style=\"font-family: Verdana,Geneva,sans-serif;\">Mesilaste elu tutvustas V\u00e4rtem\u00e4e talu peremees Mati Urbanik.<\/span><\/span><\/p>\n\n\n\n<figure class=\"wp-block-image size-full\"><img loading=\"lazy\" decoding=\"async\" width=\"1000\" height=\"667\" src=\"https:\/\/sisu.ut.ee\/wp-content\/uploads\/sites\/178\/kar_2722.jpg\" alt=\"\" class=\"wp-image-963\" srcset=\"https:\/\/sisu.ut.ee\/wp-content\/uploads\/sites\/178\/kar_2722.jpg 1000w, https:\/\/sisu.ut.ee\/wp-content\/uploads\/sites\/178\/kar_2722-300x200.jpg 300w, https:\/\/sisu.ut.ee\/wp-content\/uploads\/sites\/178\/kar_2722-768x512.jpg 768w\" sizes=\"auto, (max-width: 1000px) 100vw, 1000px\"><\/figure>\n\n\n\n<p><span style=\"font-size: 16px;\"><span style=\"font-family: Verdana,Geneva,sans-serif;\"><\/span><\/span><\/p>\n\n\n\n<p><span style=\"font-size: 16px;\"><span style=\"font-family: Verdana,Geneva,sans-serif;\">K\u00fclastasime P\u00e4hni looduskeskust, kus iga\u00fcks pidi leidma paar uut ja huvitavat teemat.<\/span><\/span><\/p>\n\n\n\n<figure class=\"wp-block-image size-full\"><img loading=\"lazy\" decoding=\"async\" width=\"1000\" height=\"667\" src=\"https:\/\/sisu.ut.ee\/wp-content\/uploads\/sites\/178\/kar_2728.jpg\" alt=\"\" class=\"wp-image-964\" srcset=\"https:\/\/sisu.ut.ee\/wp-content\/uploads\/sites\/178\/kar_2728.jpg 1000w, https:\/\/sisu.ut.ee\/wp-content\/uploads\/sites\/178\/kar_2728-300x200.jpg 300w, https:\/\/sisu.ut.ee\/wp-content\/uploads\/sites\/178\/kar_2728-768x512.jpg 768w\" sizes=\"auto, (max-width: 1000px) 100vw, 1000px\"><\/figure>\n\n\n\n<p><span style=\"font-size: 16px;\"><span style=\"font-family: Verdana,Geneva,sans-serif;\"><\/span><span style=\"font-family: Verdana,Geneva,sans-serif;\"><img decoding=\"async\" src=\"https:\/\/sisu.ut.ee\/wp-content\/uploads\/sites\/427\/kar_2734_1.jpg\" alt=\"\"><\/span><\/span><span style=\"font-size: 14px;\"><span style=\"font-family: Verdana,Geneva,sans-serif;\">Metsavenna punkris.<\/span><\/span><\/p>\n\n\n\n<p><span style=\"font-size: 16px;\"><span style=\"font-family: Verdana,Geneva,sans-serif;\">\u00d5htul joonistasime pilte elamusterohkest bussiekskursioonist.<\/span><\/span><\/p>\n\n\n\n<p><span style=\"font-size: 16px;\"><span style=\"font-family: Verdana,Geneva,sans-serif;\">P\u00e4eva l\u00f5petas isetegevuslik esinemine.<\/span><\/span><\/p>\n\n\n\n<p><span style=\"font-size: 16px;\"><span style=\"font-family: Verdana,Geneva,sans-serif;\">\u00d5htul panime \u00fcles ka metsakaamera, kuid kahjuks peale iseenda midagi peale ei j\u00e4\u00e4nud.<\/span><\/span><\/p>\n\n\n\n<p><span style=\"font-size: 16px;\"><span style=\"font-family: Verdana,Geneva,sans-serif;\">Viiasel p\u00e4eval tegime kokkuv\u00f5tteid ja koostasime loomade nimestiku.<\/span><\/span><\/p>\n\n\n\n<p><span style=\"font-size: 16px;\"><span style=\"font-family: Verdana,Geneva,sans-serif;\"><a title=\"\" href=\"https:\/\/sisu.ut.ee\/wp-content\/uploads\/sites\/178\/loomade_nimestik_karularp_15.-18.juuli_2014_zooloogiaring.pdf\" target=\"_blank\" rel=\"noopener\" data-url=\"https:\/\/sisu.ut.ee\/wp-content\/uploads\/sites\/178\/loomade_nimestik_karularp_15.-18.juuli_2014_zooloogiaring.pdf\">loomade nimestik &gt;&gt;<\/a><\/span><\/span><\/p>\n\n\n\n<p><span style=\"font-size: 16px;\"><span style=\"font-family: Verdana,Geneva,sans-serif;\"><strong><a title=\"\" href=\"https:\/\/sisu.ut.ee\/zrpildid\/node\/28337\" target=\"_blank\" rel=\"noopener\" data-url=\"https:\/\/sisu.ut.ee\/zrpildid\/node\/28337\">pildid &gt;&gt;<\/a><\/strong><\/span><\/span><\/p>\n\n\n\n<p><br><span style=\"font-size: 16px;\"><span style=\"font-family: Verdana,Geneva,sans-serif;\">\u00f5ppeekskursioonide l\u00e4biviimist toetas\u00a0<a href=\"http:\/\/www.kik.ee\/\" target=\"_blank\" rel=\"noopener\">KIK<\/a><\/span><\/span><\/p>\n\n\n\n<figure class=\"wp-block-image\"><a href=\"https:\/\/www.kik.ee\/et\" target=\"_blank\" rel=\"noopener\"><img decoding=\"async\" src=\"https:\/\/sisu.ut.ee\/wp-content\/uploads\/sites\/178\/kik_logo_rgb_0.jpg\" alt=\"\"><\/a><\/figure>\n\n\n\n<p><span style=\"font-size: 16px;\"><span style=\"font-family: Verdana,Geneva,sans-serif;\"><\/span><\/span><\/p>\n","protected":false},"excerpt":{"rendered":"<p>pildid &gt;&gt; \u00c4hij\u00e4rve K\u00fclastuskeskuse k\u00fclastamine.\u00a0R\u00fchma- ja individuaalne t\u00f6\u00f6 keskuse n\u00e4itusel.\u00a0N\u00e4ituse p\u00f5hjal koostati k\u00fcsimused teemal, mida juba teadsime ja mis oli uus. Aivoga k\u00e4isime veeloomi uurimas ja T\u00f5nisega metsa- ja niiduelustikuga tutvumas. \u00d5ppisime esitlust vaadates ja t\u00f6\u00f6lehti t\u00e4ites tundma Eesti kahepaikseid. &#8230;<\/p>\n","protected":false},"author":88,"featured_media":0,"parent":0,"menu_order":0,"comment_status":"closed","ping_status":"closed","template":"","meta":{"_acf_changed":false,"inline_featured_image":false,"footnotes":""},"class_list":["post-113","page","type-page","status-publish","hentry"],"acf":[],"_links":{"self":[{"href":"https:\/\/sisu.ut.ee\/zooloogiaring\/wp-json\/wp\/v2\/pages\/113","targetHints":{"allow":["GET"]}}],"collection":[{"href":"https:\/\/sisu.ut.ee\/zooloogiaring\/wp-json\/wp\/v2\/pages"}],"about":[{"href":"https:\/\/sisu.ut.ee\/zooloogiaring\/wp-json\/wp\/v2\/types\/page"}],"author":[{"embeddable":true,"href":"https:\/\/sisu.ut.ee\/zooloogiaring\/wp-json\/wp\/v2\/users\/88"}],"replies":[{"embeddable":true,"href":"https:\/\/sisu.ut.ee\/zooloogiaring\/wp-json\/wp\/v2\/comments?post=113"}],"version-history":[{"count":2,"href":"https:\/\/sisu.ut.ee\/zooloogiaring\/wp-json\/wp\/v2\/pages\/113\/revisions"}],"predecessor-version":[{"id":966,"href":"https:\/\/sisu.ut.ee\/zooloogiaring\/wp-json\/wp\/v2\/pages\/113\/revisions\/966"}],"wp:attachment":[{"href":"https:\/\/sisu.ut.ee\/zooloogiaring\/wp-json\/wp\/v2\/media?parent=113"}],"curies":[{"name":"wp","href":"https:\/\/api.w.org\/{rel}","templated":true}]}}