{"id":108,"date":"2024-04-04T02:55:56","date_gmt":"2024-04-03T23:55:56","guid":{"rendered":"https:\/\/sisu.ut.ee\/zooloogiaring\/opilaste-tagasiside-2020-2021-ja-2021-2022-oppeaasta\/"},"modified":"2024-04-18T01:10:53","modified_gmt":"2024-04-17T22:10:53","slug":"opilaste-tagasiside-2020-2021-ja-2021-2022-oppeaasta","status":"publish","type":"page","link":"https:\/\/sisu.ut.ee\/zooloogiaring\/opilaste-tagasiside-2020-2021-ja-2021-2022-oppeaasta\/","title":{"rendered":"\u00d5pilaste tagasiside, 2020-2021 ja 2021-2022 \u00f5ppeaasta"},"content":{"rendered":"<p><\/p>\n\n\n<p>\n\t<span style=\"color:#2f4f4f\"><strong><span style=\"font-size:16px\"><span style=\"font-family:Verdana,Geneva,sans-serif\">Mis l\u00e4ks sellel \u00f5ppeaastal h\u00e4sti?<\/span><\/span><\/strong><\/span>\n<\/p>\n<ul>\n<li>\n\t\t<span style=\"color:#2f4f4f\"><span style=\"font-size:16px\"><span style=\"font-family:Verdana,Geneva,sans-serif\">Oli p\u00f5nev<\/span><\/span><\/span>\n\t<\/li>\n<li>\n\t\t<span style=\"color:#2f4f4f\"><span style=\"font-size:16px\"><span style=\"font-family:Verdana,Geneva,sans-serif\">K\u00f5ik<\/span><\/span><\/span>\n\t<\/li>\n<li>\n\t\t<span style=\"color:#2f4f4f\"><span style=\"font-size:16px\"><span style=\"font-family:Verdana,Geneva,sans-serif\">Targemaks sain<\/span><\/span><\/span>\n\t<\/li>\n<li>\n\t\t<span style=\"color:#2f4f4f\"><span style=\"font-size:16px\"><span style=\"font-family:Verdana,Geneva,sans-serif\">Sain bioloogia ol\u00fcmpiaadil 2.-3.\u00a0koha<\/span><\/span><\/span>\n\t<\/li>\n<li>\n\t\t<span style=\"color:#2f4f4f\"><span style=\"font-size:16px\"><span style=\"font-family:Verdana,Geneva,sans-serif\">Sain paljude loomade kohta huvitavaid asju teada<\/span><\/span><\/span>\n\t<\/li>\n<li>\n\t\t<span style=\"color:#2f4f4f\"><span style=\"font-size:16px\"><span style=\"font-family:Verdana,Geneva,sans-serif\">K\u00f5ik l\u00e4ks h\u00e4sti. Loomad olid huvitavad ja tunnid ka<\/span><\/span><\/span>\n\t<\/li>\n<li>\n\t\t<span style=\"color:#2f4f4f\"><span style=\"font-size:16px\"><span style=\"font-family:Verdana,Geneva,sans-serif\">K\u00f5ik<\/span><\/span><\/span>\n\t<\/li>\n<li>\n\t\t<span style=\"color:#2f4f4f\"><span style=\"font-size:16px\"><span style=\"font-family:Verdana,Geneva,sans-serif\">K\u00f5ik peale selle, et kriisi p\u00e4rast oli v\u00e4hem laagreid<\/span><\/span><\/span>\n\t<\/li>\n<li>\n\t\t<span style=\"color:#2f4f4f\"><span style=\"font-size:16px\"><span style=\"font-family:Verdana,Geneva,sans-serif\">Seal on lahe<\/span><\/span><\/span>\n\t<\/li>\n<li>\n\t\t<span style=\"color:#2f4f4f\"><span style=\"font-size:16px\"><span style=\"font-family:Verdana,Geneva,sans-serif\">Sain loomadest rohkem teada<\/span><\/span><\/span>\n\t<\/li>\n<li>\n\t\t<span style=\"color:#2f4f4f\"><span style=\"font-size:16px\"><span style=\"font-family:Verdana,Geneva,sans-serif\">Laager oli tore\u00a0<\/span><\/span><\/span>\n\t<\/li>\n<li>\n\t\t<span style=\"color:#2f4f4f\"><span style=\"font-size:16px\"><span style=\"font-family:Verdana,Geneva,sans-serif\">Sain peaaegu k\u00f5igist tavatundidest osa v\u00f5tta<\/span><\/span><\/span>\n\t<\/li>\n<li>\n\t\t<span style=\"color:#2f4f4f\"><span style=\"font-size:16px\"><span style=\"font-family:Verdana,Geneva,sans-serif\">Sellel \u00f5ppeaastal meeldis mulle loomade m\u00e4\u00e4ramine k\u00f5ige rohkem. H\u00e4sti l\u00e4ks see, et sain palju huvitavat teada ja erinevaid loomi ja putukaid p\u00e4riselt puutuda ja s\u00f6\u00f6ta<\/span><\/span><\/span>\n\t<\/li>\n<li>\n\t\t<span style=\"color:#2f4f4f\"><span style=\"font-size:16px\"><span style=\"font-family:Verdana,Geneva,sans-serif\">Sain paljudest loomadest teada, keda ma pole kuulnud ega n\u00e4inud<\/span><\/span><\/span>\n\t<\/li>\n<li>\n\t\t<span style=\"color:#2f4f4f\"><span style=\"font-size:16px\"><span style=\"font-family:Verdana,Geneva,sans-serif\">Me v\u00f5tsime madusid s\u00fclle<\/span><\/span><\/span>\n\t<\/li>\n<li>\n\t\t<span style=\"color:#2f4f4f\"><span style=\"font-size:16px\"><span style=\"font-family:Verdana,Geneva,sans-serif\">K\u00f5ik l\u00e4ks vist h\u00e4sti<\/span><\/span><\/span>\n\t<\/li>\n<li>\n\t\t<span style=\"color:#2f4f4f\"><span style=\"font-size:16px\"><span style=\"font-family:Verdana,Geneva,sans-serif\">Teemad olid v\u00e4ga lahedad. J\u00e4rgmisel aastal kindlasti osalen<\/span><\/span><\/span>\n\t<\/li>\n<li>\n\t\t<span style=\"color:#2f4f4f\"><span style=\"font-size:16px\"><span style=\"font-family:Verdana,Geneva,sans-serif\">Vastuste vastamine, kui tunde ei olnud<\/span><\/span><\/span>\n\t<\/li>\n<li>\n\t\t<span style=\"color:#2f4f4f\"><span style=\"font-size:16px\"><span style=\"font-family:Verdana,Geneva,sans-serif\">Zooloogiaring oli m\u00f5nus ja turvaline koht, kuhu igal esmasp\u00e4eval aju stimuleerima tulla, samas ka puhkama ja s\u00f5pradega head aega veetma<\/span><\/span><\/span>\n\t<\/li>\n<li>\n\t\t<span style=\"color:#2f4f4f\"><span style=\"font-size:16px\"><span style=\"font-family:Verdana,Geneva,sans-serif\">\u00d5ppisime p\u00f5nevaid loomi<\/span><\/span><\/span>\n\t<\/li>\n<li>\n\t\t<span style=\"color:#2f4f4f\"><span style=\"font-size:16px\"><span style=\"font-family:Verdana,Geneva,sans-serif\">P\u00f5nev oli ja l\u00f5bus ka!<\/span><\/span><\/span>\n\t<\/li>\n<li>\n\t\t<span style=\"color:#2f4f4f\"><span style=\"font-size:16px\"><span style=\"font-family:Verdana,Geneva,sans-serif\">H\u00e4sti l\u00e4ks see, et mulle meeldisid \u00f5peaasta loomad<\/span><\/span><\/span>\n\t<\/li>\n<li>\n\t\t<span style=\"color:#2f4f4f\"><span style=\"font-size:16px\"><span style=\"font-family:Verdana,Geneva,sans-serif\">K\u00f5ik<\/span><\/span><\/span>\n\t<\/li>\n<li>\n\t\t<span style=\"color:#2f4f4f\"><span style=\"font-size:16px\"><span style=\"font-family:Verdana,Geneva,sans-serif\">K\u00f5ik \ud83d\ude42<\/span><\/span><\/span>\n\t<\/li>\n<li>\n\t\t<span style=\"color:#2f4f4f\"><span style=\"font-size:16px\"><span style=\"font-family:Verdana,Geneva,sans-serif\">K\u00f5ik h\u00e4sti<\/span><\/span><\/span>\n\t<\/li>\n<li>\n\t\t<span style=\"color:#2f4f4f\"><span style=\"font-size:16px\"><span style=\"font-family:Verdana,Geneva,sans-serif\">K\u00f5ik l\u00e4ks h\u00e4sti<\/span><\/span><\/span>\n\t<\/li>\n<li>\n\t\t<span style=\"color:#2f4f4f\"><span style=\"font-size:16px\"><span style=\"font-family:Verdana,Geneva,sans-serif\">Oli huvitav<\/span><\/span><\/span>\n\t<\/li>\n<li>\n\t\t<span style=\"color:#2f4f4f\"><span style=\"font-size:16px\"><span style=\"font-family:Verdana,Geneva,sans-serif\">K\u00f5ik oli v\u00e4ga tore<\/span><\/span><\/span>\n\t<\/li>\n<li>\n\t\t<span style=\"color:#2f4f4f\"><span style=\"font-size:16px\"><span style=\"font-family:Verdana,Geneva,sans-serif\">Laagrid<\/span><\/span><\/span>\n\t<\/li>\n<li>\n\t\t<span style=\"color:#2f4f4f\"><span style=\"font-size:16px\"><span style=\"font-family:Verdana,Geneva,sans-serif\">Teemad olid huvitavad<\/span><\/span><\/span>\n\t<\/li>\n<li>\n\t\t<span style=\"color:#2f4f4f\"><span style=\"font-size:16px\"><span style=\"font-family:Verdana,Geneva,sans-serif\">K\u00f5ik<\/span><\/span><\/span>\n\t<\/li>\n<li>\n\t\t<span style=\"color:#2f4f4f\"><span style=\"font-size:16px\"><span style=\"font-family:Verdana,Geneva,sans-serif\">Ei oska \u00f6elda, laagrid meeldisid<\/span><\/span><\/span>\n\t<\/li>\n<li>\n\t\t<span style=\"color:#2f4f4f\"><span style=\"font-size:16px\"><span style=\"font-family:Verdana,Geneva,sans-serif\">K\u00f5ik<\/span><\/span><\/span>\n\t<\/li>\n<li>\n\t\t<span style=\"color:#2f4f4f\"><span style=\"font-size:16px\"><span style=\"font-family:Verdana,Geneva,sans-serif\">Et me r\u00e4\u00e4kisime k\u00f5ikidest krokodillilistest, meeldis veel skaala kunagi elanud krokodillidest, kes olid v\u00e4ga suured, kuni 10 meetrit.<\/span><\/span><\/span>\n\t<\/li>\n<li>\n\t\t<span style=\"color:#2f4f4f\"><span style=\"font-size:16px\"><span style=\"font-family:Verdana,Geneva,sans-serif\">K\u00f5ik<\/span><\/span><\/span>\n\t<\/li>\n<li>\n\t\t<span style=\"color:#2f4f4f\"><span style=\"font-size:16px\"><span style=\"font-family:Verdana,Geneva,sans-serif\">Sain palju huvitavat informatsiooni teada<\/span><\/span><\/span>\n\t<\/li>\n<li>\n\t\t<span style=\"color:#2f4f4f\"><span style=\"font-size:16px\"><span style=\"font-family:Verdana,Geneva,sans-serif\">K\u00f5ik l\u00e4ks h\u00e4sti<\/span><\/span><\/span>\n\t<\/li>\n<li>\n\t\t<span style=\"color:#2f4f4f\"><span style=\"font-size:16px\"><span style=\"font-family:Verdana,Geneva,sans-serif\">Jah, ma arvan k\u00fcll, et l\u00e4ks h\u00e4sti. Kuigi ma puudusin m\u00f5nest videotunnist, mulle v\u00e4ga meeldisid k\u00f5ik, kus ma olin!<\/span><\/span><\/span>\n\t<\/li>\n<li>\n\t\t<span style=\"color:#2f4f4f\"><span style=\"font-size:16px\"><span style=\"font-family:Verdana,Geneva,sans-serif\">V\u00e4ga toredad ja huvitavad tunnid<\/span><\/span><\/span>\n\t<\/li>\n<li>\n\t\t<span style=\"color:#2f4f4f\"><span style=\"font-size:16px\"><span style=\"font-family:Verdana,Geneva,sans-serif\">Huvitavad loomad, sai ise kaasa r\u00e4\u00e4kida, k\u00e4isime tihti muuseumis<\/span><\/span><\/span>\n\t<\/li>\n<li>\n\t\t<span style=\"color:#2f4f4f\"><span style=\"font-size:16px\"><span style=\"font-family:Verdana,Geneva,sans-serif\">K\u00f5ik<\/span><\/span><\/span>\n\t<\/li>\n<li>\n\t\t<span style=\"color:#2f4f4f\"><span style=\"font-size:16px\"><span style=\"font-family:Verdana,Geneva,sans-serif\">Sain bioloogiaol\u00fcmpiaadil 2.-3. koha<\/span><\/span><\/span>\n\t<\/li>\n<li>\n\t\t<span style=\"color:#2f4f4f\"><span style=\"font-size:16px\"><span style=\"font-family:Verdana,Geneva,sans-serif\">Mulle meeldis k\u00f5ik sellel \u00f5ppeaastal<\/span><\/span><\/span>\n\t<\/li>\n<li>\n\t\t<span style=\"color:#2f4f4f\"><span style=\"font-size:16px\"><span style=\"font-family:Verdana,Geneva,sans-serif\">Mulle meeldis v\u00e4ga<\/span><\/span><\/span>\n\t<\/li>\n<li>\n\t\t<span style=\"color:#2f4f4f\"><span style=\"font-size:16px\"><span style=\"font-family:Verdana,Geneva,sans-serif\">V\u00e4ga \u00e4ge!<\/span><\/span><\/span>\n\t<\/li>\n<li>\n\t\t<span style=\"color:#2f4f4f\"><span style=\"font-size:16px\"><span style=\"font-family:Verdana,Geneva,sans-serif\">V\u00e4ga tore oli<\/span><\/span><\/span>\n\t<\/li>\n<li>\n\t\t<span style=\"color:#2f4f4f\"><span style=\"font-size:16px\"><span style=\"font-family:Verdana,Geneva,sans-serif\">L\u00f5bus<\/span><\/span><\/span>\n\t<\/li>\n<li>\n\t\t<span style=\"color:#2f4f4f\"><span style=\"font-size:16px\"><span style=\"font-family:Verdana,Geneva,sans-serif\">Oli v\u00e4ga tore<\/span><\/span><\/span>\n\t<\/li>\n<li>\n\t\t<span style=\"color:#2f4f4f\"><span style=\"font-size:16px\"><span style=\"font-family:Verdana,Geneva,sans-serif\">Lahe<\/span><\/span><\/span>\n\t<\/li>\n<li>\n\t\t<span style=\"color:#2f4f4f\"><span style=\"font-size:16px\"><span style=\"font-family:Verdana,Geneva,sans-serif\">V\u00e4ga \u00e4ge oli<\/span><\/span><\/span>\n\t<\/li>\n<li>\n\t\t<span style=\"color:#2f4f4f\"><span style=\"font-size:16px\"><span style=\"font-family:Verdana,Geneva,sans-serif\">Ma ei tea<\/span><\/span><\/span>\n\t<\/li>\n<li>\n\t\t<span style=\"color:#2f4f4f\"><span style=\"font-size:16px\"><span style=\"font-family:Verdana,Geneva,sans-serif\">Selle aasta ring oli tore, mulle v\u00e4ga meeldis<\/span><\/span><\/span>\n\t<\/li>\n<li>\n\t\t<span style=\"color:#2f4f4f\"><span style=\"font-size:16px\"><span style=\"font-family:Verdana,Geneva,sans-serif\">Kuigi osalesin peamiselt zoomi tundides, olid teemad v\u00e4ga head ning tunnid huvitavad ja l\u00f5busad<\/span><\/span><\/span>\n\t<\/li>\n<li>\n\t\t<span style=\"color:#2f4f4f\"><span style=\"font-size:16px\"><span style=\"font-family:Verdana,Geneva,sans-serif\">Mulle meeldib loomadega tutvumine ja vaadata klippe loomadest. Kevadised laagrid ka meeldisid<\/span><\/span><\/span>\n\t<\/li>\n<li>\n\t\t<span style=\"color:#2f4f4f\"><span style=\"font-size:16px\"><span style=\"font-family:Verdana,Geneva,sans-serif\">Mulle meeldis<\/span><\/span><\/span>\n\t<\/li>\n<\/ul>","protected":false},"excerpt":{"rendered":"<p>Mis l\u00e4ks sellel \u00f5ppeaastal h\u00e4sti? Oli p\u00f5nev K\u00f5ik Targemaks sain Sain bioloogia ol\u00fcmpiaadil 2.-3.\u00a0koha Sain paljude loomade kohta huvitavaid asju teada K\u00f5ik l\u00e4ks h\u00e4sti. Loomad olid huvitavad ja tunnid ka K\u00f5ik K\u00f5ik peale selle, et kriisi p\u00e4rast oli v\u00e4hem laagreid &#8230;<\/p>\n","protected":false},"author":88,"featured_media":0,"parent":0,"menu_order":0,"comment_status":"closed","ping_status":"closed","template":"","meta":{"_acf_changed":false,"inline_featured_image":false,"footnotes":""},"class_list":["post-108","page","type-page","status-publish","hentry"],"acf":[],"_links":{"self":[{"href":"https:\/\/sisu.ut.ee\/zooloogiaring\/wp-json\/wp\/v2\/pages\/108","targetHints":{"allow":["GET"]}}],"collection":[{"href":"https:\/\/sisu.ut.ee\/zooloogiaring\/wp-json\/wp\/v2\/pages"}],"about":[{"href":"https:\/\/sisu.ut.ee\/zooloogiaring\/wp-json\/wp\/v2\/types\/page"}],"author":[{"embeddable":true,"href":"https:\/\/sisu.ut.ee\/zooloogiaring\/wp-json\/wp\/v2\/users\/88"}],"replies":[{"embeddable":true,"href":"https:\/\/sisu.ut.ee\/zooloogiaring\/wp-json\/wp\/v2\/comments?post=108"}],"version-history":[{"count":2,"href":"https:\/\/sisu.ut.ee\/zooloogiaring\/wp-json\/wp\/v2\/pages\/108\/revisions"}],"predecessor-version":[{"id":883,"href":"https:\/\/sisu.ut.ee\/zooloogiaring\/wp-json\/wp\/v2\/pages\/108\/revisions\/883"}],"wp:attachment":[{"href":"https:\/\/sisu.ut.ee\/zooloogiaring\/wp-json\/wp\/v2\/media?parent=108"}],"curies":[{"name":"wp","href":"https:\/\/api.w.org\/{rel}","templated":true}]}}