{"id":105,"date":"2024-04-04T02:55:56","date_gmt":"2024-04-03T23:55:56","guid":{"rendered":"https:\/\/sisu.ut.ee\/zooloogiaring\/kik-2014\/"},"modified":"2024-04-19T20:37:46","modified_gmt":"2024-04-19T17:37:46","slug":"kik-2014","status":"publish","type":"page","link":"https:\/\/sisu.ut.ee\/zooloogiaring\/kik-2014\/","title":{"rendered":"zooloogiaringi \u00f5ppeekskursioonid 2014. aasta talvel, kevadel ja suvel"},"content":{"rendered":"<p><span style=\"font-size: 16px;\"><span style=\"font-family: Verdana,Geneva,sans-serif;\">vaatamiseks kliki pealkirjal v\u00f5i pildil<\/span><\/span><\/p>\n\n\n\n<p><br><span style=\"font-size: 26px;\"><span style=\"font-family: Verdana,Geneva,sans-serif;\"><a href=\"https:\/\/sisu.ut.ee\/zooloogiaring\/paluphja-oppeekskursioon-17-19-01-2014\/\" data-type=\"link\" data-id=\"https:\/\/sisu.ut.ee\/zooloogiaring\/paluphja-oppeekskursioon-17-19-01-2014\/\">Palup\u00f5hja 17.-19. jaanuar 2014<\/a><\/span><\/span><\/p>\n\n\n\n<figure class=\"wp-block-image\"><a href=\"https:\/\/sisu.ut.ee\/zooloogiaring\/paluphja-oppeekskursioon-17-19-01-2014\/\"><img decoding=\"async\" src=\"https:\/\/sisu.ut.ee\/wp-content\/uploads\/sites\/427\/palupo_a01.jpg\" alt=\"\"><\/a><\/figure>\n\n\n\n<hr class=\"wp-block-separator has-alpha-channel-opacity\">\n\n\n\n<p><span style=\"font-size: 26px;\"><span style=\"font-family: Verdana,Geneva,sans-serif;\"><\/span><\/span><br><span style=\"font-size: 26px;\"><span style=\"font-family: Verdana,Geneva,sans-serif;\"><a href=\"https:\/\/sisu.ut.ee\/zooloogiaring\/palupohja-oppeekskursioon-31-01-2-02-2014\/\" data-type=\"link\" data-id=\"https:\/\/zooloogiaring.ee\/palupohja-oppeekskursioon-31-01-2-02-2014\/\">Palup\u00f5hja 31. jaanuar \u2013 2. veebruar 2014<\/a><\/span><\/span><\/p>\n\n\n\n<p><\/p>\n\n\n\n<p><\/p>\n\n\n\n<p><span style=\"font-size: 26px;\"><span style=\"font-family: Verdana,Geneva,sans-serif;\"><a href=\"https:\/\/sisu.ut.ee\/zooloogiaring\/palupohja-oppeekskursioon-31-01-2-02-2014\/\" data-type=\"link\" data-id=\"https:\/\/sisu.ut.ee\/zooloogiaring\/palupohja-oppeekskursioon-31-01-2-02-2014\/\"><img decoding=\"async\" style=\"width: 1000px; height: 750px;\" src=\"https:\/\/sisu.ut.ee\/wp-content\/uploads\/sites\/427\/palupo_214.jpg\" alt=\"\"><\/a><\/span><\/span><\/p>\n\n\n\n<hr class=\"wp-block-separator has-alpha-channel-opacity\">\n\n\n\n<p><br><span style=\"font-size: 26px;\"><span style=\"font-family: Verdana,Geneva,sans-serif;\"><a href=\"https:\/\/sisu.ut.ee\/zooloogiaring\/jarvselja-oppeekskursioon-25-27-04-2014\/\">J\u00e4rvselja 25.-27. aprill 2014<\/a><\/span><\/span><\/p>\n\n\n\n<figure class=\"wp-block-image\"><a href=\"https:\/\/sisu.ut.ee\/zooloogiaring\/jarvselja-oppeekskursioon-25-27-04-2014\/\"><img decoding=\"async\" src=\"https:\/\/sisu.ut.ee\/wp-content\/uploads\/sites\/427\/jarvs_18.jpg\" alt=\"\"><\/a><\/figure>\n\n\n\n<hr class=\"wp-block-separator has-alpha-channel-opacity\">\n\n\n\n<p><br><span style=\"font-size: 26px;\"><span style=\"font-family: Verdana,Geneva,sans-serif;\"><\/span><span style=\"font-family: Verdana,Geneva,sans-serif;\"><a href=\"https:\/\/sisu.ut.ee\/zooloogiaring\/jarvselja-oppeekskursioonid-5-12-04-17-05-2014\/\" data-type=\"link\" data-id=\"https:\/\/sisu.ut.ee\/zooloogiaring\/jarvselja-oppeekskursioonid-5-12-04-17-05-2014\/\">J\u00e4rvselja 5. ja 12. aprill ning 17. mai 2014<\/a><\/span><\/span><\/p>\n\n\n\n<figure class=\"wp-block-image is-resized\"><a href=\"https:\/\/sisu.ut.ee\/zooloogiaring\/jarvselja-oppeekskursioonid-5-12-04-17-05-2014\/\"><img decoding=\"async\" src=\"https:\/\/sisu.ut.ee\/wp-content\/uploads\/sites\/178\/jarvs51_700.jpg\" alt=\"\" style=\"width:1010px;height:auto\"><\/a><\/figure>\n\n\n\n<hr class=\"wp-block-separator has-alpha-channel-opacity\">\n\n\n\n<p><br><span style=\"font-size: 26px;\"><span style=\"font-family: Verdana,Geneva,sans-serif;\"><\/span><span style=\"font-family: Verdana,Geneva,sans-serif;\"><a href=\"https:\/\/sisu.ut.ee\/zooloogiaring\/ahijarve-oppeekskursioon-8-11-07-2014\/\" data-type=\"link\" data-id=\"https:\/\/sisu.ut.ee\/zooloogiaring\/ahijarve-oppeekskursioon-8-11-07-2014\/\">\u00c4hij\u00e4rve, Karula Rahvuspark 8.-11. juuli 2014<\/a><\/span><\/span><\/p>\n\n\n\n<figure class=\"wp-block-image\"><a href=\"https:\/\/sisu.ut.ee\/zooloogiaring\/ahijarve-oppeekskursioon-8-11-07-2014\/\"><img decoding=\"async\" src=\"https:\/\/sisu.ut.ee\/wp-content\/uploads\/sites\/427\/kar_0711.jpg\" alt=\"\"><\/a><\/figure>\n\n\n\n<hr class=\"wp-block-separator has-alpha-channel-opacity\">\n\n\n\n<p><br><span style=\"font-size: 26px;\"><span style=\"font-family: Verdana,Geneva,sans-serif;\"><\/span><span style=\"font-family: Verdana,Geneva,sans-serif;\"><a href=\"https:\/\/sisu.ut.ee\/zooloogiaring\/ahijarve-oppeekskursioon-15-18-07-2014\/\" data-type=\"link\" data-id=\"https:\/\/sisu.ut.ee\/zooloogiaring\/ahijarve-oppeekskursioon-15-18-07-2014\/\">\u00c4hij\u00e4rve, Karula Rahvuspark 15.-18. juuli 2014<\/a><\/span><\/span><\/p>\n\n\n\n<figure class=\"wp-block-image\"><a href=\"https:\/\/sisu.ut.ee\/zooloogiaring\/ahijarve-oppeekskursioon-15-18-07-2014\/\"><img decoding=\"async\" src=\"https:\/\/sisu.ut.ee\/wp-content\/uploads\/sites\/427\/kar_2709.jpg\" alt=\"\"><\/a><\/figure>\n\n\n\n<p><\/p>\n\n\n\n<p><span style=\"font-size: 16px;\"><span style=\"font-family: Verdana,Geneva,sans-serif;\">\u00f5ppeekskursioonide l\u00e4biviimist toetas\u00a0<a href=\"http:\/\/www.kik.ee\/\" target=\"_blank\" rel=\"noopener\">KIK<\/a><\/span><\/span><\/p>\n\n\n\n<figure class=\"wp-block-image size-full\"><img loading=\"lazy\" decoding=\"async\" width=\"496\" height=\"539\" src=\"https:\/\/sisu.ut.ee\/wp-content\/uploads\/sites\/178\/kik_logo_rgb-1.jpg\" alt=\"\" class=\"wp-image-274\" srcset=\"https:\/\/sisu.ut.ee\/wp-content\/uploads\/sites\/178\/kik_logo_rgb-1.jpg 496w, https:\/\/sisu.ut.ee\/wp-content\/uploads\/sites\/178\/kik_logo_rgb-1-276x300.jpg 276w\" sizes=\"auto, (max-width: 496px) 100vw, 496px\"><\/figure>\n\n\n\n<p><span style=\"font-size: 16px;\"><span style=\"font-family: Verdana,Geneva,sans-serif;\"><\/span><\/span><br>\u00a0<\/p>\n","protected":false},"excerpt":{"rendered":"<p>vaatamiseks kliki pealkirjal v\u00f5i pildil Palup\u00f5hja 17.-19. jaanuar 2014 Palup\u00f5hja 31. jaanuar \u2013 2. veebruar 2014 J\u00e4rvselja 25.-27. aprill 2014 J\u00e4rvselja 5. ja 12. aprill ning 17. mai 2014 \u00c4hij\u00e4rve, Karula Rahvuspark 8.-11. juuli 2014 \u00c4hij\u00e4rve, Karula Rahvuspark 15.-18. juuli &#8230;<\/p>\n","protected":false},"author":88,"featured_media":0,"parent":0,"menu_order":0,"comment_status":"closed","ping_status":"closed","template":"","meta":{"_acf_changed":false,"inline_featured_image":false,"footnotes":""},"class_list":["post-105","page","type-page","status-publish","hentry"],"acf":[],"_links":{"self":[{"href":"https:\/\/sisu.ut.ee\/zooloogiaring\/wp-json\/wp\/v2\/pages\/105","targetHints":{"allow":["GET"]}}],"collection":[{"href":"https:\/\/sisu.ut.ee\/zooloogiaring\/wp-json\/wp\/v2\/pages"}],"about":[{"href":"https:\/\/sisu.ut.ee\/zooloogiaring\/wp-json\/wp\/v2\/types\/page"}],"author":[{"embeddable":true,"href":"https:\/\/sisu.ut.ee\/zooloogiaring\/wp-json\/wp\/v2\/users\/88"}],"replies":[{"embeddable":true,"href":"https:\/\/sisu.ut.ee\/zooloogiaring\/wp-json\/wp\/v2\/comments?post=105"}],"version-history":[{"count":6,"href":"https:\/\/sisu.ut.ee\/zooloogiaring\/wp-json\/wp\/v2\/pages\/105\/revisions"}],"predecessor-version":[{"id":1413,"href":"https:\/\/sisu.ut.ee\/zooloogiaring\/wp-json\/wp\/v2\/pages\/105\/revisions\/1413"}],"wp:attachment":[{"href":"https:\/\/sisu.ut.ee\/zooloogiaring\/wp-json\/wp\/v2\/media?parent=105"}],"curies":[{"name":"wp","href":"https:\/\/api.w.org\/{rel}","templated":true}]}}