{"id":104,"date":"2024-04-04T02:55:56","date_gmt":"2024-04-03T23:55:56","guid":{"rendered":"https:\/\/sisu.ut.ee\/zooloogiaring\/aegna-oppeekskursioon-5-9-08-2013\/"},"modified":"2024-04-19T01:05:46","modified_gmt":"2024-04-18T22:05:46","slug":"aegna-oppeekskursioon-5-9-08-2013","status":"publish","type":"page","link":"https:\/\/sisu.ut.ee\/zooloogiaring\/aegna-oppeekskursioon-5-9-08-2013\/","title":{"rendered":"Aegna 5.-9. august 2013"},"content":{"rendered":"<p><span style=\"font-size: 16px;\"><span style=\"font-family: Verdana,Geneva,sans-serif;\"><a title=\"\" href=\"https:\/\/sisu.ut.ee\/zrpildid\/aegna-5-9-08-2013\" target=\"_blank\" rel=\"noopener\" data-url=\"https:\/\/sisu.ut.ee\/zrpildid\/aegna-5-9-08-2013\"><strong>pildid &gt;&gt;<\/strong><\/a><\/span><\/span><br>\u00a0<\/p>\n\n\n\n<figure class=\"wp-block-image\"><img decoding=\"async\" src=\"https:\/\/sisu.ut.ee\/wp-content\/uploads\/sites\/427\/aegn_13_10.jpg\" alt=\"\"><\/figure>\n\n\n\n<p><span style=\"font-size: 16px;\"><span style=\"font-family: Verdana,Geneva,sans-serif;\"><\/span><\/span><\/p>\n\n\n\n<p><span style=\"font-size: 16px;\"><span style=\"font-family: Verdana,Geneva,sans-serif;\">Tutvusime Aegna saare loodusega ja kultuurip\u00e4randiga.<\/span><\/span><\/p>\n\n\n\n<figure class=\"wp-block-image\"><img decoding=\"async\" src=\"https:\/\/sisu.ut.ee\/wp-content\/uploads\/sites\/427\/aegn_13_12.jpg\" alt=\"\"><\/figure>\n\n\n\n<p><span style=\"font-size: 16px;\"><span style=\"font-family: Verdana,Geneva,sans-serif;\"><\/span><\/span><\/p>\n\n\n\n<p><span style=\"font-size: 16px;\"><span style=\"font-family: Verdana,Geneva,sans-serif;\">Teejuhtideks olid Eliko Petser ja Val Rajasaar.<\/span><\/span><\/p>\n\n\n\n<figure class=\"wp-block-image\"><img decoding=\"async\" src=\"https:\/\/sisu.ut.ee\/wp-content\/uploads\/sites\/427\/aegn_13_07.jpg\" alt=\"\"><\/figure>\n\n\n\n<p><span style=\"font-size: 16px;\"><span style=\"font-family: Verdana,Geneva,sans-serif;\"><\/span><\/span><\/p>\n\n\n\n<p><span style=\"font-size: 16px;\"><span style=\"font-family: Verdana,Geneva,sans-serif;\">Osa mereloomi t\u00f5ime kaasa, et neid mikroskoobiga uurida.<\/span><\/span><\/p>\n\n\n\n<figure class=\"wp-block-image size-full\"><img loading=\"lazy\" decoding=\"async\" width=\"1000\" height=\"667\" src=\"https:\/\/sisu.ut.ee\/wp-content\/uploads\/sites\/178\/aegn_13_25.jpg\" alt=\"\" class=\"wp-image-968\" srcset=\"https:\/\/sisu.ut.ee\/wp-content\/uploads\/sites\/178\/aegn_13_25.jpg 1000w, https:\/\/sisu.ut.ee\/wp-content\/uploads\/sites\/178\/aegn_13_25-300x200.jpg 300w, https:\/\/sisu.ut.ee\/wp-content\/uploads\/sites\/178\/aegn_13_25-768x512.jpg 768w\" sizes=\"auto, (max-width: 1000px) 100vw, 1000px\"><\/figure>\n\n\n\n<p><span style=\"font-size: 16px;\"><span style=\"font-family: Verdana,Geneva,sans-serif;\"><\/span><\/span><\/p>\n\n\n\n<p><span style=\"font-size: 16px;\"><span style=\"font-family: Verdana,Geneva,sans-serif;\">Huvitavamaks leiuks olid elusad t\u00f5ruv\u00e4hid, kes olid ennast katkisele pudelile kinnitanud\u00a0ja sellega kalda \u00e4\u00e4rde triivinud.<\/span><\/span><\/p>\n\n\n\n<figure class=\"wp-block-image\"><img decoding=\"async\" src=\"https:\/\/sisu.ut.ee\/wp-content\/uploads\/sites\/427\/aegn_13_14.jpg\" alt=\"\"><\/figure>\n\n\n\n<p><span style=\"font-size: 16px;\"><span style=\"font-family: Verdana,Geneva,sans-serif;\"><\/span><\/span><\/p>\n\n\n\n<p><span style=\"font-size: 16px;\"><span style=\"font-family: Verdana,Geneva,sans-serif;\">Paarikaupa tehti vaatlusi ja uurimust\u00f6\u00f6d, mida tuli l\u00f5puks teistele esitleda.<\/span><\/span><\/p>\n\n\n\n<figure class=\"wp-block-image\"><img decoding=\"async\" src=\"https:\/\/sisu.ut.ee\/wp-content\/uploads\/sites\/427\/aegn_13_02.jpg\" alt=\"\"><\/figure>\n\n\n\n<p><span style=\"font-size: 16px;\"><span style=\"font-family: Verdana,Geneva,sans-serif;\"><\/span><\/span><\/p>\n\n\n\n<figure class=\"wp-block-image size-full\"><img loading=\"lazy\" decoding=\"async\" width=\"1000\" height=\"667\" src=\"https:\/\/sisu.ut.ee\/wp-content\/uploads\/sites\/178\/aegn_13_24.jpg\" alt=\"\" class=\"wp-image-969\" srcset=\"https:\/\/sisu.ut.ee\/wp-content\/uploads\/sites\/178\/aegn_13_24.jpg 1000w, https:\/\/sisu.ut.ee\/wp-content\/uploads\/sites\/178\/aegn_13_24-300x200.jpg 300w, https:\/\/sisu.ut.ee\/wp-content\/uploads\/sites\/178\/aegn_13_24-768x512.jpg 768w\" sizes=\"auto, (max-width: 1000px) 100vw, 1000px\"><\/figure>\n\n\n\n<p><span style=\"font-size: 16px;\"><span style=\"font-family: Verdana,Geneva,sans-serif;\"><\/span><\/span><\/p>\n\n\n\n<p><span style=\"font-size: 16px;\"><span style=\"font-family: Verdana,Geneva,sans-serif;\">Enamus vaba aega kulus mere\u00e4\u00e4res ujudes ja jalutades, palliplatsil, kiigel ja hundim\u00e4ngu m\u00e4ngides.<\/span><\/span><br>\u00a0<\/p>\n\n\n\n<p><span style=\"font-size: 16px;\"><span style=\"font-family: Verdana,Geneva,sans-serif;\"><strong><a title=\"\" href=\"https:\/\/sisu.ut.ee\/zrpildid\/aegna-5-9-08-2013\" target=\"_blank\" rel=\"noopener\" data-url=\"https:\/\/sisu.ut.ee\/zrpildid\/aegna-5-9-08-2013\">pildid &gt;&gt;<\/a><\/strong><\/span><\/span><\/p>\n\n\n\n<p><span style=\"font-size: 16px;\"><span style=\"font-family: Verdana,Geneva,sans-serif;\">\u00f5ppeekskursioone toetas\u00a0<a href=\"http:\/\/www.kik.ee\/\" target=\"_blank\" rel=\"noopener\">KIK<\/a><\/span><\/span><\/p>\n\n\n\n<figure class=\"wp-block-image\"><a href=\"https:\/\/www.kik.ee\/et\" target=\"_blank\" rel=\"noopener\"><img decoding=\"async\" src=\"https:\/\/sisu.ut.ee\/wp-content\/uploads\/sites\/178\/kik_logo_rgb_0.jpg\" alt=\"\"><\/a><\/figure>\n\n\n\n<p><span style=\"font-size: 16px;\"><span style=\"font-family: Verdana,Geneva,sans-serif;\"><\/span><\/span><\/p>\n","protected":false},"excerpt":{"rendered":"<p>pildid &gt;&gt;\u00a0 Tutvusime Aegna saare loodusega ja kultuurip\u00e4randiga. Teejuhtideks olid Eliko Petser ja Val Rajasaar. Osa mereloomi t\u00f5ime kaasa, et neid mikroskoobiga uurida. Huvitavamaks leiuks olid elusad t\u00f5ruv\u00e4hid, kes olid ennast katkisele pudelile kinnitanud\u00a0ja sellega kalda \u00e4\u00e4rde triivinud. Paarikaupa tehti &#8230;<\/p>\n","protected":false},"author":88,"featured_media":0,"parent":0,"menu_order":0,"comment_status":"closed","ping_status":"closed","template":"","meta":{"_acf_changed":false,"inline_featured_image":false,"footnotes":""},"class_list":["post-104","page","type-page","status-publish","hentry"],"acf":[],"_links":{"self":[{"href":"https:\/\/sisu.ut.ee\/zooloogiaring\/wp-json\/wp\/v2\/pages\/104","targetHints":{"allow":["GET"]}}],"collection":[{"href":"https:\/\/sisu.ut.ee\/zooloogiaring\/wp-json\/wp\/v2\/pages"}],"about":[{"href":"https:\/\/sisu.ut.ee\/zooloogiaring\/wp-json\/wp\/v2\/types\/page"}],"author":[{"embeddable":true,"href":"https:\/\/sisu.ut.ee\/zooloogiaring\/wp-json\/wp\/v2\/users\/88"}],"replies":[{"embeddable":true,"href":"https:\/\/sisu.ut.ee\/zooloogiaring\/wp-json\/wp\/v2\/comments?post=104"}],"version-history":[{"count":2,"href":"https:\/\/sisu.ut.ee\/zooloogiaring\/wp-json\/wp\/v2\/pages\/104\/revisions"}],"predecessor-version":[{"id":970,"href":"https:\/\/sisu.ut.ee\/zooloogiaring\/wp-json\/wp\/v2\/pages\/104\/revisions\/970"}],"wp:attachment":[{"href":"https:\/\/sisu.ut.ee\/zooloogiaring\/wp-json\/wp\/v2\/media?parent=104"}],"curies":[{"name":"wp","href":"https:\/\/api.w.org\/{rel}","templated":true}]}}