{"id":103,"date":"2024-04-04T02:55:56","date_gmt":"2024-04-03T23:55:56","guid":{"rendered":"https:\/\/sisu.ut.ee\/zooloogiaring\/jarvselja-oppeekskursioon-29-07-2-08-2013\/"},"modified":"2024-04-04T02:58:07","modified_gmt":"2024-04-03T23:58:07","slug":"jarvselja-oppeekskursioon-29-07-2-08-2013","status":"publish","type":"page","link":"https:\/\/sisu.ut.ee\/zooloogiaring\/jarvselja-oppeekskursioon-29-07-2-08-2013\/","title":{"rendered":"J\u00e4rvselja 29. juuli &#8211; 2. august 2013"},"content":{"rendered":"<p>\n\t<span style=\"font-family:Verdana,Geneva,sans-serif\"><span style=\"font-size:16px\"><strong><a data-url=\"https:\/\/sisu.ut.ee\/zrpildid\/jarvselja-29-07-2-08-2013\" href=\"https:\/\/sisu.ut.ee\/zrpildid\/jarvselja-29-07-2-08-2013\" target=\"_blank\" title=\"\" rel=\"noopener\">pildid &gt;&gt;<\/a><\/strong><\/span><\/span>\n<\/p>\n<p>\n\t<span style=\"font-family:Verdana,Geneva,sans-serif\"><span style=\"font-size:16px\"><img decoding=\"async\" alt=\"\" src=\"https:\/\/sisu.ut.ee\/wp-content\/uploads\/sites\/427\/jarvs_13_13.jpg\" style=\"width: 1000px;height: 667px\"><\/span><\/span>\n<\/p>\n<p>\n\t<span style=\"font-family:Verdana,Geneva,sans-serif\"><span style=\"font-size:16px\">J\u00e4rvseljal k\u00e4isime \u00f5pperajal, metsas ja rabas.<\/span><\/span>\n<\/p>\n<p>\n\t<span style=\"font-family:Verdana,Geneva,sans-serif\"><span style=\"font-size:16px\"><img decoding=\"async\" alt=\"\" src=\"https:\/\/sisu.ut.ee\/wp-content\/uploads\/sites\/427\/jarvs_13_11.jpg\" style=\"width: 1000px;height: 667px\"><\/span><\/span>\n<\/p>\n<p>\n\t<span style=\"font-family:Verdana,Geneva,sans-serif\"><span style=\"font-size:16px\">P\u00fc\u00fcdsime ja uurisime veeloomi ja maismaaputukaid.<\/span><\/span>\n<\/p>\n<p>\n\t<span style=\"font-family:Verdana,Geneva,sans-serif\"><span style=\"font-size:16px\"><img decoding=\"async\" alt=\"\" src=\"https:\/\/sisu.ut.ee\/wp-content\/uploads\/sites\/427\/jarvs_13_10.jpg\" style=\"width: 1000px;height: 667px\"><\/span><\/span>\n<\/p>\n<p>\n\t<span style=\"font-family:Verdana,Geneva,sans-serif\"><span style=\"font-size:16px\">Saime teada kuidas putukaid prepareeritakse. Kes tahtis, sai ise proovida.<\/span><\/span>\n<\/p>\n<p>\n\t<span style=\"font-family:Verdana,Geneva,sans-serif\"><span style=\"font-size:16px\"><img decoding=\"async\" alt=\"\" src=\"https:\/\/sisu.ut.ee\/wp-content\/uploads\/sites\/427\/jarvs_13_16.jpg\" style=\"width: 1000px;height: 667px\"><\/span><\/span>\n<\/p>\n<p>\n\t<span style=\"font-family:Verdana,Geneva,sans-serif\"><span style=\"font-size:16px\">Vaba aeg m\u00f6\u00f6dus palliplatsil, tegime l\u00f5ket.<\/span><\/span>\n<\/p>\n<p>\n\t<span style=\"font-family:Verdana,Geneva,sans-serif\"><span style=\"font-size:16px\"><img decoding=\"async\" alt=\"\" src=\"https:\/\/sisu.ut.ee\/wp-content\/uploads\/sites\/427\/jarvs_13_18.jpg\" style=\"width: 1000px;height: 667px\"><\/span><\/span>\n<\/p>\n<p>\n\t<span style=\"font-family:Verdana,Geneva,sans-serif\"><span style=\"font-size:16px\">Koostasime laagris n\u00e4htud, kuuldud v\u00f5i tegevusj\u00e4lgede j\u00e4rgi kindlaks tehtud loomade nimestiku.<\/span><\/span>\n<\/p>\n<p>\n\t<span style=\"font-size:16px\"><span style=\"font-family:Verdana,Geneva,sans-serif\"><img decoding=\"async\" alt=\"\" src=\"https:\/\/sisu.ut.ee\/wp-content\/uploads\/sites\/427\/jarvs_13_23.jpg\" style=\"width: 1000px;height: 667px\"><\/span><\/span>\n<\/p>\n<p>\n\t<span style=\"font-size:16px\"><span style=\"font-family:Verdana,Geneva,sans-serif\">\u00dcks huvitavamaid leide oli suhteliselt haruldane m\u00e4nniritsikas.<\/span><\/span>\n<\/p>\n<p>\n\t<span style=\"font-size:16px\"><span style=\"font-family:Verdana,Geneva,sans-serif\"><a data-url=\"https:\/\/sisu.ut.ee\/wp-content\/uploads\/sites\/178\/loomade_nimestikud_jarvselja_29.07.-2.08.2013.pdf\" href=\"https:\/\/sisu.ut.ee\/wp-content\/uploads\/sites\/178\/loomade_nimestikud_jarvselja_29.07.-2.08.2013.pdf\" target=\"_blank\" title=\"\" rel=\"noopener\">Loomade nimestik &gt;&gt;<\/a><\/span><\/span>\n<\/p>\n<p>\n\t<span style=\"font-family:Verdana,Geneva,sans-serif\"><span style=\"font-size:16px\"><strong><a data-url=\"https:\/\/sisu.ut.ee\/zrpildid\/jarvselja-29-07-2-08-2013\" href=\"https:\/\/sisu.ut.ee\/zrpildid\/jarvselja-29-07-2-08-2013\" target=\"_blank\" title=\"\" rel=\"noopener\">pildid &gt;&gt;<\/a><\/strong><\/span><\/span>\n<\/p>\n<p>\n\t<br><span style=\"font-family:Verdana,Geneva,sans-serif\"><span style=\"font-size:16px\">\u00f5ppeekskursioone toetas\u00a0<a href=\"http:\/\/www.kik.ee\/\" target=\"_blank\" rel=\"noopener\">KIK<\/a><\/span><\/span>\n<\/p>\n<p>\n\t<a data-url=\"https:\/\/www.kik.ee\/et\" href=\"https:\/\/www.kik.ee\/et\" target=\"_blank\" title=\"\" rel=\"noopener\"><img decoding=\"async\" alt=\"\" src=\"https:\/\/sisu.ut.ee\/wp-content\/uploads\/sites\/178\/kik_logo_rgb_0.jpg\" style=\"width: 496px;height: 539px\"><\/a><\/p>\n","protected":false},"excerpt":{"rendered":"<p>pildid &gt;&gt; J\u00e4rvseljal k\u00e4isime \u00f5pperajal, metsas ja rabas. P\u00fc\u00fcdsime ja uurisime veeloomi ja maismaaputukaid. Saime teada kuidas putukaid prepareeritakse. Kes tahtis, sai ise proovida. Vaba aeg m\u00f6\u00f6dus palliplatsil, tegime l\u00f5ket. Koostasime laagris n\u00e4htud, kuuldud v\u00f5i tegevusj\u00e4lgede j\u00e4rgi kindlaks tehtud loomade &#8230;<\/p>\n","protected":false},"author":88,"featured_media":0,"parent":0,"menu_order":0,"comment_status":"closed","ping_status":"closed","template":"","meta":{"_acf_changed":false,"inline_featured_image":false,"footnotes":""},"class_list":["post-103","page","type-page","status-publish","hentry"],"acf":[],"_links":{"self":[{"href":"https:\/\/sisu.ut.ee\/zooloogiaring\/wp-json\/wp\/v2\/pages\/103","targetHints":{"allow":["GET"]}}],"collection":[{"href":"https:\/\/sisu.ut.ee\/zooloogiaring\/wp-json\/wp\/v2\/pages"}],"about":[{"href":"https:\/\/sisu.ut.ee\/zooloogiaring\/wp-json\/wp\/v2\/types\/page"}],"author":[{"embeddable":true,"href":"https:\/\/sisu.ut.ee\/zooloogiaring\/wp-json\/wp\/v2\/users\/88"}],"replies":[{"embeddable":true,"href":"https:\/\/sisu.ut.ee\/zooloogiaring\/wp-json\/wp\/v2\/comments?post=103"}],"version-history":[{"count":1,"href":"https:\/\/sisu.ut.ee\/zooloogiaring\/wp-json\/wp\/v2\/pages\/103\/revisions"}],"predecessor-version":[{"id":718,"href":"https:\/\/sisu.ut.ee\/zooloogiaring\/wp-json\/wp\/v2\/pages\/103\/revisions\/718"}],"wp:attachment":[{"href":"https:\/\/sisu.ut.ee\/zooloogiaring\/wp-json\/wp\/v2\/media?parent=103"}],"curies":[{"name":"wp","href":"https:\/\/api.w.org\/{rel}","templated":true}]}}