{"id":101,"date":"2024-04-04T02:55:56","date_gmt":"2024-04-03T23:55:56","guid":{"rendered":"https:\/\/sisu.ut.ee\/zooloogiaring\/sonamang\/"},"modified":"2024-04-04T02:58:07","modified_gmt":"2024-04-03T23:58:07","slug":"sonamang","status":"publish","type":"page","link":"https:\/\/sisu.ut.ee\/zooloogiaring\/sonamang\/","title":{"rendered":"S\u00f5nam\u00e4ng"},"content":{"rendered":"<p>\n\t<span style=\"font-size:16px\"><span style=\"font-family:Verdana,Geneva,sans-serif\"><strong>S\u00f5nam\u00e4ng meie elavnurga loomadest.<\/strong><\/span><\/span>\n<\/p>\n<p>\n\t<span style=\"font-size:16px\"><span style=\"font-family:Verdana,Geneva,sans-serif\">Soovitus:<strong> <\/strong><a data-url=\"http:\/\/zooloogiaring.ee\/lemmikloomad\" href=\"http:\/\/zooloogiaring.ee\/lemmikloomad\" title=\"\">lahenda enne pildi\u00fclesanne &gt;&gt;<\/a><\/span><\/span>\n<\/p>\n<p>\n\t<span style=\"font-size:16px\"><span style=\"font-family:Verdana,Geneva,sans-serif\"><strong>Leia seitse looma nimetust, kes elab meie elavnurgas.<\/strong><\/span><\/span>\n<\/p>\n<p>\n\t<span style=\"font-size:16px\"><span style=\"font-family:Verdana,Geneva,sans-serif\">S\u00f5nad on ainult ristisuunas: \u00fclalt alla \u2013 alt \u00fcles v\u00f5i paemalt vasakule \u2013 vasakult paremale.<br>P\u00f5ikisuunas (diagonaalis) s\u00f5nu ei ole.<\/span><\/span>\n<\/p>\n<p>\n\t<span style=\"font-size:16px\"><span style=\"font-family:Verdana,Geneva,sans-serif\"><img decoding=\"async\" alt=\"\" src=\"https:\/\/sisu.ut.ee\/wp-content\/uploads\/sites\/178\/soamang2.jpg\" style=\"width: 521px;height: 548px\"><\/span><\/span>\n<\/p>\n<p>\n\t<span style=\"font-size:16px\"><span style=\"font-family:Verdana,Geneva,sans-serif\">\u00dclesannet on lihtsam lahendada, kui salvestad pildifaili oma arvutisse.<br>P\u00e4rast salvestamist ava fail programmis Paint.<br>Vaata juhendit:<\/span><\/span>\n<\/p>\n<p>\n\t<span style=\"font-size:16px\"><span style=\"font-family:Verdana,Geneva,sans-serif\"><img decoding=\"async\" alt=\"\" src=\"https:\/\/sisu.ut.ee\/wp-content\/uploads\/sites\/178\/soamang2_opetus.jpg\" style=\"width: 800px;height: 512px\"><\/span><\/span>\n<\/p>\n<p>\n\t<span style=\"font-size:16px\"><span style=\"font-family:Verdana,Geneva,sans-serif\"><strong>Saada salvestatud fail minu meilile aivo.tamm@ut.ee<\/strong><\/span><\/span><\/p>\n","protected":false},"excerpt":{"rendered":"<p>S\u00f5nam\u00e4ng meie elavnurga loomadest. Soovitus: lahenda enne pildi\u00fclesanne &gt;&gt; Leia seitse looma nimetust, kes elab meie elavnurgas. S\u00f5nad on ainult ristisuunas: \u00fclalt alla \u2013 alt \u00fcles v\u00f5i paemalt vasakule \u2013 vasakult paremale.P\u00f5ikisuunas (diagonaalis) s\u00f5nu ei ole. \u00dclesannet on lihtsam lahendada, &#8230;<\/p>\n","protected":false},"author":88,"featured_media":0,"parent":0,"menu_order":0,"comment_status":"closed","ping_status":"closed","template":"","meta":{"_acf_changed":false,"inline_featured_image":false,"footnotes":""},"class_list":["post-101","page","type-page","status-publish","hentry"],"acf":[],"_links":{"self":[{"href":"https:\/\/sisu.ut.ee\/zooloogiaring\/wp-json\/wp\/v2\/pages\/101","targetHints":{"allow":["GET"]}}],"collection":[{"href":"https:\/\/sisu.ut.ee\/zooloogiaring\/wp-json\/wp\/v2\/pages"}],"about":[{"href":"https:\/\/sisu.ut.ee\/zooloogiaring\/wp-json\/wp\/v2\/types\/page"}],"author":[{"embeddable":true,"href":"https:\/\/sisu.ut.ee\/zooloogiaring\/wp-json\/wp\/v2\/users\/88"}],"replies":[{"embeddable":true,"href":"https:\/\/sisu.ut.ee\/zooloogiaring\/wp-json\/wp\/v2\/comments?post=101"}],"version-history":[{"count":1,"href":"https:\/\/sisu.ut.ee\/zooloogiaring\/wp-json\/wp\/v2\/pages\/101\/revisions"}],"predecessor-version":[{"id":720,"href":"https:\/\/sisu.ut.ee\/zooloogiaring\/wp-json\/wp\/v2\/pages\/101\/revisions\/720"}],"wp:attachment":[{"href":"https:\/\/sisu.ut.ee\/zooloogiaring\/wp-json\/wp\/v2\/media?parent=101"}],"curies":[{"name":"wp","href":"https:\/\/api.w.org\/{rel}","templated":true}]}}