{"id":100,"date":"2024-04-04T02:55:56","date_gmt":"2024-04-03T23:55:56","guid":{"rendered":"https:\/\/sisu.ut.ee\/zooloogiaring\/jarvselja-18-25-05-17-06-2013\/"},"modified":"2024-04-19T01:13:58","modified_gmt":"2024-04-18T22:13:58","slug":"jarvselja-18-25-05-17-06-2013","status":"publish","type":"page","link":"https:\/\/sisu.ut.ee\/zooloogiaring\/jarvselja-18-25-05-17-06-2013\/","title":{"rendered":"J\u00e4rvselja 18. ja 25. mai ning 17. juuni"},"content":{"rendered":"<p><span style=\"font-size: 16px;\"><span style=\"font-family: Verdana,Geneva,sans-serif;\"><strong><a title=\"\" href=\"https:\/\/sisu.ut.ee\/zrpildid\/jarvselja-2013\" target=\"_blank\" rel=\"noopener\" data-url=\"https:\/\/sisu.ut.ee\/zrpildid\/jarvselja-2013\">pildid &gt;&gt;<\/a><\/strong><\/span><\/span><\/p>\n\n\n\n<p><span style=\"font-size: 16px;\"><span style=\"font-family: Verdana,Geneva,sans-serif;\">\u00dchep\u00e4evased \u00f5ppeekskursioonid j\u00e4id sellel aastal kevadesse ja suve algusesse.<br>Ilmad olid nendel p\u00e4evadel v\u00e4ga erinevad. Alguses v\u00e4ga kuum, siis vihmane ja l\u00f5puks m\u00f5nus suveilm.<\/span><\/span><\/p>\n\n\n\n<p><span style=\"font-size: 16px;\"><span style=\"font-family: Verdana,Geneva,sans-serif;\">K\u00e4isime \u00fcrgmetsa matkarajal ja tutvusime uute ehitistega J\u00e4rvseljal.<\/span><\/span><\/p>\n\n\n\n<p><span style=\"font-size: 16px;\"><span style=\"font-family: Verdana,Geneva,sans-serif;\">Vaatasime \u00fcle J\u00e4rvselja k\u00f5rgemad puud, mida siin Eesti k\u00f5rgeimateks nimetatakse.<\/span><\/span><\/p>\n\n\n\n<p><span style=\"font-size: 16px;\"><span style=\"font-family: Verdana,Geneva,sans-serif;\"><img decoding=\"async\" style=\"width: 1000px; height: 667px;\" src=\"https:\/\/sisu.ut.ee\/wp-content\/uploads\/sites\/427\/jarvse_13051_04.jpg\" alt=\"\"><\/span><\/span><br><span style=\"font-size: 14px;\"><span style=\"font-family: Verdana,Geneva,sans-serif;\">J\u00e4rvselja \u00dcrgmetsa kvartali nurgas, matkaraja alguses<\/span><\/span><\/p>\n\n\n\n<p><span style=\"font-size: 16px;\"><span style=\"font-family: Verdana,Geneva,sans-serif;\"><img decoding=\"async\" style=\"width: 1000px; height: 667px;\" src=\"https:\/\/sisu.ut.ee\/wp-content\/uploads\/sites\/427\/jarvse_13052_04_0.jpg\" alt=\"\"><\/span><\/span><br><span style=\"font-size: 14px;\"><span style=\"font-family: Verdana,Geneva,sans-serif;\">Keda me siin uurime? Vastuse saad kui vaatad:\u00a0<strong><a title=\"\" href=\"https:\/\/sisu.ut.ee\/zrpildid\/jarvselja-2013\" target=\"_blank\" rel=\"noopener\" data-url=\"https:\/\/sisu.ut.ee\/zrpildid\/jarvselja-2013\">pidid &gt;&gt;<\/a><\/strong><\/span><\/span><\/p>\n\n\n\n<p><span style=\"font-size: 16px;\"><span style=\"font-family: Verdana,Geneva,sans-serif;\"><img decoding=\"async\" style=\"width: 1000px; height: 667px;\" src=\"https:\/\/sisu.ut.ee\/wp-content\/uploads\/sites\/427\/jarvse_13052_10_0.jpg\" alt=\"\"><\/span><\/span><span style=\"font-size: 14px;\"><span style=\"font-family: Verdana,Geneva,sans-serif;\">No on alles ilm \u2026 aga puu on k\u00f5rge!<\/span><\/span><\/p>\n\n\n\n<p><span style=\"font-size: 16px;\"><span style=\"font-family: Verdana,Geneva,sans-serif;\"><img decoding=\"async\" style=\"width: 1000px; height: 667px;\" src=\"https:\/\/sisu.ut.ee\/wp-content\/uploads\/sites\/427\/jarvse_1706_01.jpg\" alt=\"\"><\/span><\/span><br><span style=\"font-size: 14px;\"><span style=\"font-family: Verdana,Geneva,sans-serif;\">Linnuvaatlus<\/span><\/span><\/p>\n\n\n\n<p><\/p>\n\n\n\n<p><img loading=\"lazy\" decoding=\"async\" width=\"1000667\" height=\"667445\" class=\"wp-image-976\" style=\"width: 1000667px;\" src=\"https:\/\/sisu.ut.ee\/wp-content\/uploads\/sites\/178\/jarvse_1706_06-1.jpg\" alt=\"\" srcset=\"https:\/\/sisu.ut.ee\/wp-content\/uploads\/sites\/178\/jarvse_1706_06-1.jpg 1000w, https:\/\/sisu.ut.ee\/wp-content\/uploads\/sites\/178\/jarvse_1706_06-1-300x200.jpg 300w, https:\/\/sisu.ut.ee\/wp-content\/uploads\/sites\/178\/jarvse_1706_06-1-768x512.jpg 768w\" sizes=\"auto, (max-width: 1000667px) 100vw, 1000667px\"><span style=\"font-size: 16px;\"><span style=\"font-family: Verdana,Geneva,sans-serif;\"><img decoding=\"async\" src=\"http:\/\/www.ut.ee\/BGZM\/zooloogiaring\/zr17\/pildid2\/jarvse_1706_05.jpg\" alt=\"\"><\/span><\/span><br><span style=\"font-size: 14px;\"><span style=\"font-family: Verdana,Geneva,sans-serif;\">Veeloomade vaatlus<\/span><\/span><\/p>\n\n\n\n<p><span style=\"font-size: 16px;\"><span style=\"font-family: Verdana,Geneva,sans-serif;\"><strong><a title=\"\" href=\"https:\/\/sisu.ut.ee\/zrpildid\/jarvselja-2013\" target=\"_blank\" rel=\"noopener\" data-url=\"https:\/\/sisu.ut.ee\/zrpildid\/jarvselja-2013\">pildid &gt;&gt;<\/a><\/strong><\/span><\/span><\/p>\n\n\n\n<p><br><span style=\"font-size: 16px;\"><span style=\"font-family: Verdana,Geneva,sans-serif;\">\u00f5ppeekskursioonide l\u00e4biviimist toetas\u00a0<a href=\"http:\/\/www.kik.ee\/\" target=\"_blank\" rel=\"noopener\">KIK<\/a><\/span><\/span><\/p>\n\n\n\n<figure class=\"wp-block-image\"><a href=\"https:\/\/www.kik.ee\/et\" target=\"_blank\" rel=\"noopener\"><img decoding=\"async\" src=\"https:\/\/sisu.ut.ee\/wp-content\/uploads\/sites\/178\/kik_logo_rgb_0.jpg\" alt=\"\"><\/a><\/figure>\n\n\n\n<p><span style=\"font-size: 16px;\"><span style=\"font-family: Verdana,Geneva,sans-serif;\"><\/span><\/span><br>\u00a0<\/p>\n","protected":false},"excerpt":{"rendered":"<p>pildid &gt;&gt; \u00dchep\u00e4evased \u00f5ppeekskursioonid j\u00e4id sellel aastal kevadesse ja suve algusesse.Ilmad olid nendel p\u00e4evadel v\u00e4ga erinevad. Alguses v\u00e4ga kuum, siis vihmane ja l\u00f5puks m\u00f5nus suveilm. K\u00e4isime \u00fcrgmetsa matkarajal ja tutvusime uute ehitistega J\u00e4rvseljal. Vaatasime \u00fcle J\u00e4rvselja k\u00f5rgemad puud, mida siin &#8230;<\/p>\n","protected":false},"author":88,"featured_media":0,"parent":0,"menu_order":0,"comment_status":"closed","ping_status":"closed","template":"","meta":{"_acf_changed":false,"inline_featured_image":false,"footnotes":""},"class_list":["post-100","page","type-page","status-publish","hentry"],"acf":[],"_links":{"self":[{"href":"https:\/\/sisu.ut.ee\/zooloogiaring\/wp-json\/wp\/v2\/pages\/100","targetHints":{"allow":["GET"]}}],"collection":[{"href":"https:\/\/sisu.ut.ee\/zooloogiaring\/wp-json\/wp\/v2\/pages"}],"about":[{"href":"https:\/\/sisu.ut.ee\/zooloogiaring\/wp-json\/wp\/v2\/types\/page"}],"author":[{"embeddable":true,"href":"https:\/\/sisu.ut.ee\/zooloogiaring\/wp-json\/wp\/v2\/users\/88"}],"replies":[{"embeddable":true,"href":"https:\/\/sisu.ut.ee\/zooloogiaring\/wp-json\/wp\/v2\/comments?post=100"}],"version-history":[{"count":2,"href":"https:\/\/sisu.ut.ee\/zooloogiaring\/wp-json\/wp\/v2\/pages\/100\/revisions"}],"predecessor-version":[{"id":977,"href":"https:\/\/sisu.ut.ee\/zooloogiaring\/wp-json\/wp\/v2\/pages\/100\/revisions\/977"}],"wp:attachment":[{"href":"https:\/\/sisu.ut.ee\/zooloogiaring\/wp-json\/wp\/v2\/media?parent=100"}],"curies":[{"name":"wp","href":"https:\/\/api.w.org\/{rel}","templated":true}]}}