{"id":10,"date":"2024-04-04T02:55:49","date_gmt":"2024-04-03T23:55:49","guid":{"rendered":"https:\/\/sisu.ut.ee\/zooloogiaring\/teated\/"},"modified":"2026-04-09T16:27:24","modified_gmt":"2026-04-09T13:27:24","slug":"teated","status":"publish","type":"page","link":"https:\/\/sisu.ut.ee\/zooloogiaring\/teated\/","title":{"rendered":"Teated"},"content":{"rendered":"<p><\/p>\n\n\n\n<p class=\"has-primary-color has-text-color has-link-color has-large-font-size wp-elements-6154a3300861a1151030a99d5dfe2537\"><\/p>\n\n\n\n<p><\/p>\n\n\n\n<p><\/p>\n\n\n\n<p><span style=\"color: #008000;\"><strong><span style=\"font-size: 16px;\"><span style=\"font-family: Verdana,Geneva,sans-serif;\">\u00d5pilaste huvikooli registreerumine ja \u00f5ppelepingu kinnitamine<br>toimub\u00a0ARNO keskkonnas<\/span><\/span><\/strong><\/span><\/p>\n\n\n\n<p><strong><a href=\"https:\/\/www.tartuloodusmaja.ee\/huviringidesse-registreerumine\/\" data-type=\"link\" data-id=\"https:\/\/www.tartuloodusmaja.ee\/huviringidesse-registreerumine\/\" target=\"_blank\" rel=\"noreferrer noopener\">REGISTREERIMINE &gt;&gt;<\/a><\/strong><\/p>\n\n\n\n<p><span style=\"font-size: 14px;\"><span style=\"font-family: Verdana,Geneva,sans-serif;\"><span style=\"color: #8b4513;\">Zooloogiaringiga saab liituda igal ajal<br>Esimesel korral saab ringi tegevusega tutvuda<\/span><\/span><\/span><\/p>\n\n\n\n<p><span style=\"font-family: Verdana,Geneva,sans-serif;\"><span style=\"font-size: 14px;\"><strong>K\u00f5ikide\u00a0r\u00fchmade tunnid toimuvad \u00fcks kord n\u00e4dalas<\/strong><\/span><\/span><\/p>\n\n\n\n<p><strong><span style=\"font-family: Verdana,Geneva,sans-serif;\"><span style=\"font-size: 14px;\">R\u00fchma saab vajadusel muuta<\/span><\/span><\/strong><\/p>\n\n\n\n<p>\u00d5htupoolsete ringide p\u00f5hitegevused algavad t\u00e4istunnil (vastavalt kl 15 ja 17).<br>Nii saavad osaleda ka need \u00f5pilased, kes tunniplaanis m\u00e4rgitud ajaks ei saa tulla, n\u00e4iteks kui koolitunnid l\u00f5ppevad hiljem.<\/p>\n\n\n\n<p><strong><a href=\"https:\/\/sisu.ut.ee\/zooloogiaring\/tunniplaan\/\" data-type=\"link\" data-id=\"https:\/\/sisu.ut.ee\/zooloogiaring\/tunniplaan\/\"><span style=\"font-family: Verdana,Geneva,sans-serif;\"><span style=\"font-size: 14px;\">Zooloogiaringi tunniplaan<\/span><\/span> &gt;&gt;<\/a><\/strong><span style=\"font-family: Verdana,Geneva,sans-serif;\"><span style=\"font-size: 14px;\"><br><\/span><\/span><\/p>\n\n\n\n<p><span style=\"font-size: 16px;\"><span style=\"font-family: Verdana,Geneva,sans-serif;\"><span style=\"color: #b22222;\"><strong>Koolivaheaegadel zooloogiaringi tunde ei toimu<\/strong><\/span><\/span><\/span><\/p>\n\n\n\n<p><\/p>\n\n\n\n<p><strong><a href=\"https:\/\/sisu.ut.ee\/zooloogiaring\/meie-kodused-lemmikloomad\/\" data-type=\"link\" data-id=\"https:\/\/sisu.ut.ee\/zooloogiaring\/meie-kodused-lemmikloomad\/\"><span style=\"font-size: 14px;\"><span style=\"font-family: Verdana,Geneva,sans-serif;\"><span style=\"border: nonewindowtext1.0pt; padding: 0in;\"><span style=\"background: white;\"><span style=\"line-height: 107%;\"><span style=\"color: black;\">J\u00e4tkuvalt saab saata pilte ja jutte oma kodustest lemmikloomadest<\/span><\/span><\/span><\/span><\/span><\/span> &gt;&gt;<\/a><\/strong><span style=\"font-size: 14px;\"><span style=\"font-family: Verdana,Geneva,sans-serif;\"><br><\/span><\/span><\/p>\n\n\n\n<p><span style=\"font-family: Verdana,Geneva,sans-serif;\"><span style=\"font-size: 14px;\">Seisuga 9. aprill 2026 osaleb zooloogiaringis 124 \u00f5pilast<\/span><\/span><\/p>\n\n\n\n<p><\/p>\n\n\n\n<p><span style=\"font-family: Verdana,Geneva,sans-serif;\"><span style=\"font-size: 14px;\">Zooloogiaringil on facebook\u00a0<a href=\"https:\/\/www.facebook.com\/zooloogiaring\" target=\"_blank\" rel=\"noopener\" data-url=\"https:\/\/www.facebook.com\/zooloogiaring\">https:\/\/www.facebook.com\/zooloogiaring<\/a><\/span><\/span><\/p>\n\n\n\n<figure class=\"wp-block-image size-full\"><a href=\"https:\/\/www.facebook.com\/zooloogiaring\/\" target=\"_blank\" rel=\"noopener\"><img loading=\"lazy\" decoding=\"async\" width=\"827\" height=\"314\" src=\"https:\/\/sisu.ut.ee\/wp-content\/uploads\/sites\/178\/305192760_556497772930295_4728782989164908840_n.jpg\" alt=\"\" class=\"wp-image-1006\" srcset=\"https:\/\/sisu.ut.ee\/wp-content\/uploads\/sites\/178\/305192760_556497772930295_4728782989164908840_n.jpg 827w, https:\/\/sisu.ut.ee\/wp-content\/uploads\/sites\/178\/305192760_556497772930295_4728782989164908840_n-300x114.jpg 300w, https:\/\/sisu.ut.ee\/wp-content\/uploads\/sites\/178\/305192760_556497772930295_4728782989164908840_n-768x292.jpg 768w\" sizes=\"auto, (max-width: 827px) 100vw, 827px\"><\/a><\/figure>\n\n\n\n<p><span style=\"font-family: Verdana,Geneva,sans-serif;\"><\/span><\/p>\n\n\n\n<hr class=\"wp-block-separator has-alpha-channel-opacity\">\n\n\n\n<p><span style=\"font-family: Verdana,Geneva,sans-serif;\"><span style=\"font-size: 14px;\">2016. aasta alguses avati T\u00dc loodusmuuseumi uuendatud ekspositsioon<br>Ringitundides saame seda vaadata<\/span><\/span><\/p>\n\n\n\n<figure class=\"wp-block-image\"><a href=\"http:\/\/www.natmuseum.ut.ee\/\" target=\"_blank\" rel=\"noopener\"><img decoding=\"async\" src=\"\/wp-content\/uploads\/sites\/178\/eesti_dioraam_slider_0.jpg\" alt=\"\"><\/a><\/figure>\n\n\n\n<p><span style=\"font-family: Verdana,Geneva,sans-serif;\"><\/span><\/p>\n\n\n\n<hr class=\"wp-block-separator has-alpha-channel-opacity\">\n\n\n\n<p><span style=\"font-family: Verdana,Geneva,sans-serif;\"><span style=\"font-size: 14px;\"><strong>Zooloogiaringis osaleja teenib zooloogiaringi punkte.<br>Punktide eest saab loodusteemalisi raamatuid loomadest, 3D pildiga loomakaarte, rinnam\u00e4rke loomadest.<\/strong><\/span><\/span><\/p>\n\n\n\n<hr class=\"wp-block-separator has-alpha-channel-opacity\">\n\n\n\n<p><span style=\"font-size: 15px;\"><span style=\"font-family: Verdana,Geneva,sans-serif;\"><strong>ELAVNURK<\/strong><\/span><\/span><\/p>\n\n\n\n<p><span style=\"font-size: 15px;\"><span style=\"font-family: Verdana,Geneva,sans-serif;\">Elusloomadest on muuseumisaalis kaks kunigmadu, maisi-roninastik,\u00a0roheleeguan, sarvikk\u00e4rnkonn, keskaasia kilpkonnad (Puuk ja N\u00f6\u00f6p),\u00a0punap\u00f5lv-tarantel, vietnami raagritsikad, aafrika hiidteod\u00a0ehk\u00a0ahhaatteod ning eksootilised akvaariumikalad ja kodumaised mageveekalad.<\/span><\/span><\/p>\n\n\n\n<p><span style=\"font-size: 15px;\"><span style=\"font-family: Verdana,Geneva,sans-serif;\">Zooloogiaklassis on leopardgeko, kuningmadu, aksolotl, madagaskari tarakanid ehk madagaskari sisiprussakad,\u00a0hiidprussakad,\u00a0raagritsikad, hiid-jahumardikad, tuhatjalad ja gupid.<\/span><\/span><\/p>\n","protected":false},"excerpt":{"rendered":"<p>\u00d5pilaste huvikooli registreerumine ja \u00f5ppelepingu kinnitaminetoimub\u00a0ARNO keskkonnas REGISTREERIMINE &gt;&gt; Zooloogiaringiga saab liituda igal ajalEsimesel korral saab ringi tegevusega tutvuda K\u00f5ikide\u00a0r\u00fchmade tunnid toimuvad \u00fcks kord n\u00e4dalas R\u00fchma saab vajadusel muuta \u00d5htupoolsete ringide p\u00f5hitegevused algavad t\u00e4istunnil (vastavalt kl 15 ja 17).Nii saavad &#8230;<\/p>\n","protected":false},"author":88,"featured_media":0,"parent":0,"menu_order":0,"comment_status":"closed","ping_status":"closed","template":"","meta":{"_acf_changed":false,"inline_featured_image":false,"footnotes":""},"class_list":["post-10","page","type-page","status-publish","hentry"],"acf":[],"_links":{"self":[{"href":"https:\/\/sisu.ut.ee\/zooloogiaring\/wp-json\/wp\/v2\/pages\/10","targetHints":{"allow":["GET"]}}],"collection":[{"href":"https:\/\/sisu.ut.ee\/zooloogiaring\/wp-json\/wp\/v2\/pages"}],"about":[{"href":"https:\/\/sisu.ut.ee\/zooloogiaring\/wp-json\/wp\/v2\/types\/page"}],"author":[{"embeddable":true,"href":"https:\/\/sisu.ut.ee\/zooloogiaring\/wp-json\/wp\/v2\/users\/88"}],"replies":[{"embeddable":true,"href":"https:\/\/sisu.ut.ee\/zooloogiaring\/wp-json\/wp\/v2\/comments?post=10"}],"version-history":[{"count":30,"href":"https:\/\/sisu.ut.ee\/zooloogiaring\/wp-json\/wp\/v2\/pages\/10\/revisions"}],"predecessor-version":[{"id":1614,"href":"https:\/\/sisu.ut.ee\/zooloogiaring\/wp-json\/wp\/v2\/pages\/10\/revisions\/1614"}],"wp:attachment":[{"href":"https:\/\/sisu.ut.ee\/zooloogiaring\/wp-json\/wp\/v2\/media?parent=10"}],"curies":[{"name":"wp","href":"https:\/\/api.w.org\/{rel}","templated":true}]}}