{"id":8,"date":"2024-04-04T09:10:46","date_gmt":"2024-04-04T06:10:46","guid":{"rendered":"https:\/\/sisu.ut.ee\/yskills\/vaimne-tervis-ja-digioskused\/"},"modified":"2024-04-04T09:11:18","modified_gmt":"2024-04-04T06:11:18","slug":"vaimne-tervis-ja-digioskused","status":"publish","type":"page","link":"https:\/\/sisu.ut.ee\/yskills\/vaimne-tervis-ja-digioskused\/","title":{"rendered":"VAIMNE TERVIS JA DIGIOSKUSED"},"content":{"rendered":"<p dir=\"ltr\" style=\"text-align: justify\">\n\t\u00a0\n<\/p>\n<p dir=\"ltr\" style=\"text-align: justify\">\n\ty<img loading=\"lazy\" decoding=\"async\" width=\"630\" height=\"554\" class=\"alignnone wp-image-32\" style=\"width:330px;height:290px;float:right\" src=\"https:\/\/sisu.ut.ee\/wp-content\/uploads\/sites\/668\/screenshot_2024-01-15_at_02.43.24.png\" title=\"screenshot_2024-01-15_at_02.43.24.png\" alt=\"vaimne\" srcset=\"https:\/\/sisu.ut.ee\/wp-content\/uploads\/sites\/668\/screenshot_2024-01-15_at_02.43.24.png 630w, https:\/\/sisu.ut.ee\/wp-content\/uploads\/sites\/668\/screenshot_2024-01-15_at_02.43.24-300x264.png 300w\" sizes=\"auto, (max-width: 630px) 100vw, 630px\">SKILLS-i uuringu keskmes olid lisaks digip\u00e4devusele ka <strong>laste ja noorte heaolu<\/strong> ning seda toetavad tegurid. Eesm\u00e4rk oli\u00a0saada teada, mil moel on noorte digimaailmas tegutsemine seotud nende vaimse tervisega.\u00a0\n<\/p>\n<p dir=\"ltr\" style=\"text-align: justify\">\n\tParalleelselt suure k\u00fcsitlusuuringuga toimus mitmeid v\u00e4iksemaid <strong>kvalitatiivseid uurimusi<\/strong>, neist \u00fcks Suurbritannias ja Norras, kus meediauurijad intervjueerisid noori, kellel on olnud vaimse tervise probleeme. Vestluste k\u00e4igus koorus selgemalt v\u00e4lja, mis noortele muret ja meeleh\u00e4rmi valmistab, aga ka see, millest nad r\u00f5\u00f5mu ja abi leiavad. P\u00f5hjalikus ingliskeelses <strong><a data-url=\"https:\/\/zenodo.org\/records\/7372552\" href=\"https:\/\/zenodo.org\/records\/7372552\" target=\"_blank\" title=\"\" rel=\"noopener\">raportis<\/a><\/strong>\u00a0vastavadki Sonia Livingstone ja kaasautorid k\u00fcsimusele, kas digioskuste olemasolu ja kasutamine suurendab noorte s\u00e4ilen\u00f5tkust v\u00f5i hoopis vastupidi\u00a0\u2013\u00a0muudab nad kohati haavatavamaks.\u00a0\n<\/p>\n<p dir=\"ltr\" style=\"text-align: justify\">\n\tUuringus osalenud noored r\u00e4\u00e4kisid,\u00a0mida nad internetti kasutades oma vaimse heaolu jaoks juba teevad ja millal v\u00f5ib\u00a0olukord noorte kontrolli ja tahte alt v\u00e4ljuda. Koosloome-t\u00f6\u00f6tubades osalenud noored aitasid uuringutulemuste p\u00f5hjal s\u00f5nastada\u00a0<strong><a data-url=\"https:\/\/sites.google.com\/fcsh.unl.pt\/vaimnetervisjadigioskused\" href=\"https:\/\/sites.google.com\/fcsh.unl.pt\/vaimnetervisjadigioskused\" target=\"_blank\" title=\"\" rel=\"noopener\">kaheksa v\u00f5tmes\u00f5numit<\/a> <\/strong>oma <strong>eakaaslastele ja t\u00e4iskasvanutele<\/strong>.\u00a0Mure v\u00f5i h\u00e4daolukorra puhul suunab veebimaterjal otsima vaimse tervise alast abi v\u00f5i n\u00f5ustamist ning toob lugejani vastavad kontaktandmed ja lingid.\n<\/p>\n<p dir=\"ltr\" style=\"text-align: justify\">\n\tLaste ja noortega t\u00f6\u00f6tavate\u00a0<strong>tugispetsialistide<\/strong> jaoks s\u00f5nastasid ySKILLS-i teadlased sama kvalitatiivuuringu p\u00f5hjal\u00a0<strong><a data-url=\"https:\/\/sites.google.com\/fcsh.unl.pt\/tugispetsialistidele\" href=\"https:\/\/sites.google.com\/fcsh.unl.pt\/tugispetsialistidele\" target=\"_blank\" title=\"\" rel=\"noopener\">\u00fcheksa soovitust<\/a>,<\/strong> mis aitavad noori paremini m\u00f5ista ning neile\u00a0olukordade anal\u00fc\u00fcsimisel ja oma digielu juhtimisel toeks olla.\u00a0\n<\/p>\n<p style=\"text-align: justify\">\n\tVeebimaterjalid t\u00f5lkisid eesti keelde ja toimetasid Signe Opermann, Mari-Liis Tikerperi ja Veronika Kalmus, konsultandina andis n\u00f5u vaimse tervise koolitaja Merle Purre.\n<\/p>\n<p style=\"text-align: right\">\n\t<span style=\"font-size:11px\">Pildi autori\u00f5igus:\u00a0storyset\u00a0(Freepik).<\/span>\u00a0<\/p>\n","protected":false},"excerpt":{"rendered":"<p>\u00a0 ySKILLS-i uuringu keskmes olid lisaks digip\u00e4devusele ka laste ja noorte heaolu ning seda toetavad tegurid. Eesm\u00e4rk oli\u00a0saada teada, mil moel on noorte digimaailmas tegutsemine seotud nende vaimse tervisega.\u00a0 Paralleelselt suure k\u00fcsitlusuuringuga toimus mitmeid v\u00e4iksemaid kvalitatiivseid uurimusi, neist \u00fcks Suurbritannias &#8230;<\/p>\n","protected":false},"author":330,"featured_media":0,"parent":0,"menu_order":0,"comment_status":"closed","ping_status":"closed","template":"","meta":{"_acf_changed":false,"inline_featured_image":false,"footnotes":""},"class_list":["post-8","page","type-page","status-publish","hentry"],"acf":[],"_links":{"self":[{"href":"https:\/\/sisu.ut.ee\/yskills\/wp-json\/wp\/v2\/pages\/8","targetHints":{"allow":["GET"]}}],"collection":[{"href":"https:\/\/sisu.ut.ee\/yskills\/wp-json\/wp\/v2\/pages"}],"about":[{"href":"https:\/\/sisu.ut.ee\/yskills\/wp-json\/wp\/v2\/types\/page"}],"author":[{"embeddable":true,"href":"https:\/\/sisu.ut.ee\/yskills\/wp-json\/wp\/v2\/users\/330"}],"replies":[{"embeddable":true,"href":"https:\/\/sisu.ut.ee\/yskills\/wp-json\/wp\/v2\/comments?post=8"}],"version-history":[{"count":1,"href":"https:\/\/sisu.ut.ee\/yskills\/wp-json\/wp\/v2\/pages\/8\/revisions"}],"predecessor-version":[{"id":106,"href":"https:\/\/sisu.ut.ee\/yskills\/wp-json\/wp\/v2\/pages\/8\/revisions\/106"}],"wp:attachment":[{"href":"https:\/\/sisu.ut.ee\/yskills\/wp-json\/wp\/v2\/media?parent=8"}],"curies":[{"name":"wp","href":"https:\/\/api.w.org\/{rel}","templated":true}]}}