{"id":3,"date":"2024-04-04T09:10:46","date_gmt":"2024-04-04T06:10:46","guid":{"rendered":"https:\/\/sisu.ut.ee\/yskills\/meediakajastus\/"},"modified":"2025-12-27T13:26:19","modified_gmt":"2025-12-27T11:26:19","slug":"meediakajastus","status":"publish","type":"page","link":"https:\/\/sisu.ut.ee\/yskills\/meediakajastus\/","title":{"rendered":"Meediakajastus"},"content":{"rendered":"<p><strong>2025<\/strong><\/p>\n<p>Eeva Esse-S\u00f5\u00f5rumaa. <a href=\"https:\/\/duoplay.ee\/10596\/ja-nii-ongi?ep=8\"><strong>Teadussaade \u201cJa nii ongi?\u201d<\/strong><\/a>. Saatel\u00f5ik Veronika Kalmusega ySKILLS-i uuringute p\u00f5hitulemustest noorte digioskuste ja vaimse tervise teemadel. Kanal 2. 26.11.2025.<\/p>\n<p><strong>2024<\/strong><\/p>\n<p>Neeme Raud.\u00a0<strong><a href=\"https:\/\/kuku.pleier.ee\/podcast\/neeme-raud-siin\">Siin<\/a><\/strong>. Intervjuu Veronika Kalmusega teemal, kuidas p\u00e4\u00e4sta teismelisi nutis\u00f5ltuvusest? Raadio Kuku. 6.04.2024.<\/p>\n<p>Kalev Annom.\u00a0<strong><a href=\"https:\/\/www.vorumaateataja.ee\/koik-uudised\/elu-ja-kultuur\/32535-professor-veronika-kalmus-kanepi-gumnaasiumi-opilased-on-vaga-digitublid\" data-url=\"https:\/\/www.vorumaateataja.ee\/koik-uudised\/elu-ja-kultuur\/32535-professor-veronika-kalmus-kanepi-gumnaasiumi-opilased-on-vaga-digitublid\">Professor Veronika Kalmus: \u201eKanepi g\u00fcmnaasiumi \u00f5pilased on v\u00e4ga digitublid!\u201d<\/a><\/strong>\u00a0V\u00f5rumaa Teataja. 19.03.2024. Artikkel ilmus l\u00fchemal kujul ka ajalehe\u00a0<strong><a href=\"https:\/\/kanepi.kovtp.ee\/documents\/17892842\/39338835\/Veeb_Kanepi+Teataja_0424.pdf\/0a0faf7d-68d7-4614-8f9d-f3b11ff65e2e\">Kanepi Teataja<\/a><\/strong>\u00a02024. a aprillikuu numbris.<\/p>\n<p><strong><a href=\"https:\/\/uhiskond.ut.ee\/et\/sisu\/meediastumise-uurimisruhm-koostas-digipadevuse-edendamise-veebivaramu\" data-url=\"https:\/\/uhiskond.ut.ee\/et\/sisu\/meediastumise-uurimisruhm-koostas-digipadevuse-edendamise-veebivaramu\">Meediastumise uurimisr\u00fchm koostas digip\u00e4devuse edendamise veebivaramu<\/a>.\u00a0<\/strong>Uudis T\u00dc veebis.\u00a012.02.2024.<\/p>\n<p><strong><a href=\"https:\/\/vikerraadio.err.ee\/1609235111\/huvitaja-susteemne-infotarbimine\" data-url=\"https:\/\/vikerraadio.err.ee\/1609235111\/huvitaja-susteemne-infotarbimine\">Huvitaja. S\u00fcsteemne infotarbimine. Jakob Rosina intervjuu Veronika Kalmusega<\/a><\/strong>.\u00a0Vikerraadio.\u00a09.02.2024.<\/p>\n<p>Intervjuu Veronika Kalmusega.\u00a0<strong><a href=\"https:\/\/www.tv3.ee\/tv3\/saade\/tv3-uudised\/?type=episodes&amp;video=6843500%2F#tvplay-player\" data-url=\"https:\/\/www.tv3.ee\/tv3\/saade\/tv3-uudised\/?type=episodes&amp;video=6843500%2F#tvplay-player\">TV3 uudised<\/a><\/strong>.\u00a06.02.2024.<\/p>\n<p><strong><a href=\"https:\/\/kuku.pleier.ee\/podcast\/kuku-parastlouna\/176174\" data-url=\"https:\/\/kuku.pleier.ee\/podcast\/kuku-parastlouna\/176174\">Kuku p\u00e4rastl\u00f5una: Veronika Kalmus \u2013 miks on Eesti koolinoored digimaailmas suhtlemises viielised, aga infooskustes kolmelised<\/a><\/strong>.\u00a0Raadio Kuku.\u00a06.02.2024.<\/p>\n<p><strong><a href=\"https:\/\/haridus.postimees.ee\/7953985\/uuring-eesti-opilaste-digioskused-on-euroopas-keskmisel-tasemel\" data-url=\"https:\/\/haridus.postimees.ee\/7953985\/uuring-eesti-opilaste-digioskused-on-euroopas-keskmisel-tasemel\">Uuring: Eesti \u00f5pilaste digioskused on Euroopas keskmisel tasemel<\/a><\/strong>.\u00a0Postimees, Haridusportaal.\u00a06.02.2024.<\/p>\n<p><strong><a href=\"https:\/\/lounaeestlane.ee\/eesti-koolinoored-digimaailmas-suhtlemises-viielised-infooskustes-kolmelised\/\" data-url=\"https:\/\/lounaeestlane.ee\/eesti-koolinoored-digimaailmas-suhtlemises-viielised-infooskustes-kolmelised\/\">Eesti koolinoored digimaailmas \u2013 suhtlemises viielised, infooskustes kolmelised<\/a><\/strong>.\u00a0L\u00f5unaeestlane.\u00a06.02.2024.<\/p>\n<p><strong>2023<\/strong><\/p>\n<p>Laine Lindvest.\u00a0<strong><a href=\"https:\/\/novaator.err.ee\/1608967192\/opilase-digipadevus-areneb-koostoos-koduga\" data-url=\"https:\/\/novaator.err.ee\/1608967192\/opilase-digipadevus-areneb-koostoos-koduga\">\u00d5pilase digip\u00e4devus areneb koost\u00f6\u00f6s koduga<\/a><\/strong>.\u00a0ERR Novaator.\u00a04.05.2023.<\/p>\n","protected":false},"excerpt":{"rendered":"<p>2025 Eeva Esse-S\u00f5\u00f5rumaa. Teadussaade \u201cJa nii ongi?\u201d. Saatel\u00f5ik Veronika Kalmusega ySKILLS-i uuringute p\u00f5hitulemustest noorte digioskuste ja vaimse tervise teemadel. Kanal 2. 26.11.2025. 2024 Neeme Raud.\u00a0Siin. Intervjuu Veronika Kalmusega teemal, kuidas p\u00e4\u00e4sta teismelisi nutis\u00f5ltuvusest? Raadio Kuku. 6.04.2024. Kalev Annom.\u00a0Professor Veronika Kalmus: &#8230;<\/p>\n","protected":false},"author":330,"featured_media":0,"parent":0,"menu_order":0,"comment_status":"closed","ping_status":"closed","template":"","meta":{"_acf_changed":false,"inline_featured_image":false,"footnotes":""},"class_list":["post-3","page","type-page","status-publish","hentry"],"acf":[],"_links":{"self":[{"href":"https:\/\/sisu.ut.ee\/yskills\/wp-json\/wp\/v2\/pages\/3","targetHints":{"allow":["GET"]}}],"collection":[{"href":"https:\/\/sisu.ut.ee\/yskills\/wp-json\/wp\/v2\/pages"}],"about":[{"href":"https:\/\/sisu.ut.ee\/yskills\/wp-json\/wp\/v2\/types\/page"}],"author":[{"embeddable":true,"href":"https:\/\/sisu.ut.ee\/yskills\/wp-json\/wp\/v2\/users\/330"}],"replies":[{"embeddable":true,"href":"https:\/\/sisu.ut.ee\/yskills\/wp-json\/wp\/v2\/comments?post=3"}],"version-history":[{"count":9,"href":"https:\/\/sisu.ut.ee\/yskills\/wp-json\/wp\/v2\/pages\/3\/revisions"}],"predecessor-version":[{"id":182,"href":"https:\/\/sisu.ut.ee\/yskills\/wp-json\/wp\/v2\/pages\/3\/revisions\/182"}],"wp:attachment":[{"href":"https:\/\/sisu.ut.ee\/yskills\/wp-json\/wp\/v2\/media?parent=3"}],"curies":[{"name":"wp","href":"https:\/\/api.w.org\/{rel}","templated":true}]}}