{"id":26,"date":"2024-04-04T09:10:48","date_gmt":"2024-04-04T06:10:48","guid":{"rendered":"https:\/\/sisu.ut.ee\/yskills\/oppevara\/"},"modified":"2025-01-29T12:57:02","modified_gmt":"2025-01-29T10:57:02","slug":"oppevara","status":"publish","type":"page","link":"https:\/\/sisu.ut.ee\/yskills\/oppevara\/","title":{"rendered":"\u00d5PPEVARA"},"content":{"rendered":"<p dir=\"ltr\" style=\"text-align: justify;\">\n<\/p><p dir=\"ltr\" style=\"text-align: justify;\">ySKILLS-i uuringu praktiline v\u00e4ljund on info- ja \u00f5ppematerjal, mida saab kasutada eri ainetundides, teemap\u00e4evadel v\u00f5i muudel \u00fcritustel, mille fookuses on digioskused. Samuti saab \u00f5ppevara kasutada \u00f5ppeaineid l\u00f5imivates tegevustes, n\u00e4iteks on \u00fcks t\u00f6\u00f6tuba seotud aktuaalsete keskkonnateemadega.<\/p>\n<p dir=\"ltr\" style=\"text-align: justify;\">Materjalid sisaldavad\u00a0juhiseid tegevusteks, mis v\u00f5imaldavad noortel kontrollida oma\u00a0teadmisi ja tutvuda uuringu tulemustega. ySKILLS-i teadlased on loonud ka t\u00f6\u00f6tube, mis kutsuvad noori kaasa m\u00f5tlema, omavahel arutlema v\u00f5i oma oskusi\u00a0proovile panema.<\/p>\n<p dir=\"ltr\" style=\"text-align: justify;\">Vasakmen\u00fc\u00fcst saad valida <strong>interaktiivse koolitunni<\/strong>. Esitlusmaterjal on .pptx formaadis ja aitab tutvustada ySKILLS-i uuringutulemusi 12\u201317-aastastele noortele selgel ja arusaadaval kujul. \u00d5ppematerjali koostasid Emilie Bossom, Bieke Zaman ja Ver\u00f3nica Donoso ySKILLS-i projekti Belgia uurimisruhmast, kaasates k\u00fcsitluses osalenud riikide uurimisr\u00fchmi ja ka noori. Eestikeelse t\u00f5lke tegi re:finer, toimetasid Veronika Kalmus, Signe Opermann ja Mari-Liis Tikerperi.<\/p>\n<p dir=\"ltr\" style=\"text-align: justify;\"><strong>\u00d5ppevara \u201eAnal\u00fc\u00fcsi ja harjuta\u201c\u00a0<\/strong>sisaldab eri tegevuste juhendeid, prinditavaid t\u00f6\u00f6lehti ja slaidiesitlusi. \u00d5ppevara materjale on v\u00f5imalik kasutada terviklikult v\u00f5i osadena. Juhendajate toetamiseks on iga t\u00f6\u00f6toa juures juhised. \u00d5ppevara veebilehe koos materjalidega koostasid Rita Baptista ja Cristina Ponte ySKILLS-i projekti Portugali uurimisr\u00fchmast. \u00d5ppevara eestindasid Veronika Kalmus, Mari-Liis Tikerperi ja Signe Opermann.<\/p>\n","protected":false},"excerpt":{"rendered":"<p>ySKILLS-i uuringu praktiline v\u00e4ljund on info- ja \u00f5ppematerjal, mida saab kasutada eri ainetundides, teemap\u00e4evadel v\u00f5i muudel \u00fcritustel, mille fookuses on digioskused. Samuti saab \u00f5ppevara kasutada \u00f5ppeaineid l\u00f5imivates tegevustes, n\u00e4iteks on \u00fcks t\u00f6\u00f6tuba seotud aktuaalsete keskkonnateemadega. Materjalid sisaldavad\u00a0juhiseid tegevusteks, mis v\u00f5imaldavad &#8230;<\/p>\n","protected":false},"author":330,"featured_media":0,"parent":0,"menu_order":0,"comment_status":"closed","ping_status":"closed","template":"","meta":{"_acf_changed":false,"inline_featured_image":false,"footnotes":""},"class_list":["post-26","page","type-page","status-publish","hentry"],"acf":[],"_links":{"self":[{"href":"https:\/\/sisu.ut.ee\/yskills\/wp-json\/wp\/v2\/pages\/26","targetHints":{"allow":["GET"]}}],"collection":[{"href":"https:\/\/sisu.ut.ee\/yskills\/wp-json\/wp\/v2\/pages"}],"about":[{"href":"https:\/\/sisu.ut.ee\/yskills\/wp-json\/wp\/v2\/types\/page"}],"author":[{"embeddable":true,"href":"https:\/\/sisu.ut.ee\/yskills\/wp-json\/wp\/v2\/users\/330"}],"replies":[{"embeddable":true,"href":"https:\/\/sisu.ut.ee\/yskills\/wp-json\/wp\/v2\/comments?post=26"}],"version-history":[{"count":2,"href":"https:\/\/sisu.ut.ee\/yskills\/wp-json\/wp\/v2\/pages\/26\/revisions"}],"predecessor-version":[{"id":167,"href":"https:\/\/sisu.ut.ee\/yskills\/wp-json\/wp\/v2\/pages\/26\/revisions\/167"}],"wp:attachment":[{"href":"https:\/\/sisu.ut.ee\/yskills\/wp-json\/wp\/v2\/media?parent=26"}],"curies":[{"name":"wp","href":"https:\/\/api.w.org\/{rel}","templated":true}]}}