{"id":25,"date":"2024-04-04T09:10:48","date_gmt":"2024-04-04T06:10:48","guid":{"rendered":"https:\/\/sisu.ut.ee\/yskills\/avaleht\/"},"modified":"2025-01-29T15:11:36","modified_gmt":"2025-01-29T13:11:36","slug":"avaleht","status":"publish","type":"page","link":"https:\/\/sisu.ut.ee\/yskills\/","title":{"rendered":"Avaleht"},"content":{"rendered":"<p dir=\"ltr\"><span style=\"font-size: 16px;\"><strong>Hea lugeja!<\/strong><\/span><\/p>\n<p dir=\"ltr\" style=\"text-align: justify;\">See veebivaramu sisaldab <strong><a title=\"\" href=\"https:\/\/yskills.eu\/\" target=\"_blank\" rel=\"noopener\" data-url=\"https:\/\/yskills.eu\/\">rahvusvahelise projekti ySKILLS <\/a><\/strong>(\u201cNoorte digip\u00e4devused\u201d) raames Eesti uurimisr\u00fchma liikmete osalusel valminud materjale. Enamus neist on praktilise suunitlusega ja eestikeelsed, sobides kasutamiseks koolitundides, huviringides v\u00f5i seminarides ning pakkudes digioskuste-alast teavet noortele, \u00f5petajatele, tugispetsialistidele, poliitikakujundajatele ja teistele sidusr\u00fchmadele.<\/p>\n<p dir=\"ltr\" style=\"text-align: justify;\">Euroopa Liidu rahastatud ySKILLS-i projekt (2020-2023) keskendus laste ja noorte digioskuste edendamisele eesm\u00e4rgiga suurendada digikeskkonna pikaajalist positiivset m\u00f5ju noorte heaolule. Projekti keskmes oli mahukas kolmeetapiline k\u00fcsitlus, milles osalesid Eesti, Itaalia, Poola, Portugali, Saksamaa ja Soome 12-17-aastased kooli\u00f5pilased. ySKILLS-i eesm\u00e4rkidest ja Eesti k\u00fcsitlusuuringu esimese laine p\u00f5hitulemustest annavad <strong><a title=\"\" href=\"https:\/\/youtu.be\/pLJu029i1oU?si=53mFuoL3toJzhau_\" target=\"_blank\" rel=\"noopener\" data-url=\"https:\/\/youtu.be\/pLJu029i1oU?si=53mFuoL3toJzhau_\">video\u00fclevaate<\/a><\/strong> Eesti uurimisr\u00fchma juht Veronika Kalmus ja koolik\u00fcsitluse koordinaator Mari-Liis Tikerperi (produktsioon: Alar Suija, T\u00dc \u00fchiskonnateaduste instituut).<\/p>\n<p dir=\"ltr\" style=\"text-align: justify;\">Avalehe vasakmen\u00fc\u00fc alajaotustest leiad teabe projektiga seotud <strong>s\u00fcndmuste<\/strong> kohta, <strong>pressiteated<\/strong> ja eestikeelsed <strong>uudiskirjad<\/strong>, <strong>meediakajastuse<\/strong>, Eesti <strong>uurimisr\u00fchma liikmete<\/strong> l\u00fchitutvustuse, meie <strong>teadusv\u00e4ljundid<\/strong> \u2013 artiklid, raamatupeat\u00fckid, raportid, ettekanded ja teised teadust\u00f6\u00f6d \u2013 ning teemakohaste\u00a0<strong>projektide ja uurimisv\u00f5rgustike<\/strong> loetelu.<\/p>\n<p dir=\"ltr\" style=\"text-align: justify;\">Veebivaramu\u00a0teises rubriigis esitame Eesti k\u00fcsitlusuuringu <strong>kolme laine p\u00f5hitulemused<\/strong> raporti ja infograafikute kujul.<\/p>\n<p dir=\"ltr\" style=\"text-align: justify;\">Projekti k\u00fcsitlusankeedi, digioskuste testi ja p\u00f5hitulemuste p\u00f5hjal valmis <strong>koolidele m\u00f5eldud \u00f5ppevara<\/strong>, mille leiad veebilehe kolmandast rubriigist.<\/p>\n<p dir=\"ltr\" style=\"text-align: justify;\">ySKILLS p\u00f6\u00f6ras suurt t\u00e4helepanu noorte vaimsele heaolule ja selle seostele digip\u00e4devusega. Veebilehe neljas rubriik sisaldab <strong>vaimse tervise ja digioskuste alaseid teabematerjale<\/strong>, mis on loodud kvalitatiivuuringu tulemuste p\u00f5hjal ja noortega konsulteerides.<\/p>\n<p dir=\"ltr\" style=\"text-align: justify;\">Laste ja noorte digip\u00e4devuse uurimisel ja edendamisel on olulisel kohal uurimismetoodika, -eetika ja laste \u00f5igused. Veebivaramu viiendast rubriigist leiad eestikeelse noorte <strong>digioskuste m\u00f5\u00f5tmisvahendi<\/strong>, viite k\u00fcsitlusuuringu <strong>andmestikule<\/strong> ning <strong>animafilmid<\/strong>, mis aitavad edendada <em>uuringutarkust<\/em> ehk \u00fcldist teadlikkust teadusuuringutest ning kaitsta laste \u00f5igusi digimaailmas.<\/p>\n<p dir=\"ltr\" style=\"text-align: justify;\">Head lugemist ja julget materjalide kasutamist!<\/p>\n<p dir=\"ltr\" style=\"text-align: justify;\">Koostajad<\/p>\n<p dir=\"ltr\"><strong>Kuidas veebivaramule viidata:<\/strong><\/p>\n<p dir=\"ltr\">Kalmus, V., Tikerperi, M.-L. ja Opermann, S.\u00a0(Toim.) (2024). ySKILLS-i veebivaramu. Tartu: Tartu \u00dclikool,\u00a0\u00fchiskonnateaduste instituut.<\/p>\n<table class=\"table table-hover\" style=\"width: 800px;\" border=\"1\" cellspacing=\"1\" cellpadding=\"1\">\n<tbody>\n<tr>\n<td>\n<address style=\"text-align: justify;\"><span style=\"font-size: 12px;\"><b id=\"docs-internal-guid-7dd7c4d1-7fff-09f1-e92f-a7fe82c2b95b\">\u00a0 \u00a0 <\/b>Projekti toetab E<\/span><img loading=\"lazy\" decoding=\"async\" width=\"1920\" height=\"1280\" class=\"alignnone wp-image-44\" style=\"float: left; width: 70px; height: 47px;\" title=\"flag_of_europe.svg_.png\" src=\"https:\/\/sisu.ut.ee\/wp-content\/uploads\/sites\/668\/flag_of_europe.svg_.png\" alt=\"lipp\" srcset=\"https:\/\/sisu.ut.ee\/wp-content\/uploads\/sites\/668\/flag_of_europe.svg_.png 1920w, https:\/\/sisu.ut.ee\/wp-content\/uploads\/sites\/668\/flag_of_europe.svg_-300x200.png 300w, https:\/\/sisu.ut.ee\/wp-content\/uploads\/sites\/668\/flag_of_europe.svg_-1024x683.png 1024w, https:\/\/sisu.ut.ee\/wp-content\/uploads\/sites\/668\/flag_of_europe.svg_-768x512.png 768w, https:\/\/sisu.ut.ee\/wp-content\/uploads\/sites\/668\/flag_of_europe.svg_-1536x1024.png 1536w\" sizes=\"auto, (max-width: 1920px) 100vw, 1920px\"><span style=\"font-size: 12px;\">uroopa Liidu teadusuuringute ja innovatsiooni programm Horisont 2020, grant nr 870612.\u00a0<\/span><br>\n<span style=\"font-size: 12px;\">\u00a0 \u00a0 See inf<\/span><span style=\"font-size: 12px;\">omaterjal kajastab ainult autorite vaateid ega v\u00e4ljenda Euroopa Liidu seisukohti.\u00a0<\/span><\/address>\n<\/td>\n<\/tr>\n<\/tbody>\n<\/table>\n","protected":false},"excerpt":{"rendered":"<p>Hea lugeja! See veebivaramu sisaldab rahvusvahelise projekti ySKILLS (\u201cNoorte digip\u00e4devused\u201d) raames Eesti uurimisr\u00fchma liikmete osalusel valminud materjale. Enamus neist on praktilise suunitlusega ja eestikeelsed, sobides kasutamiseks koolitundides, huviringides v\u00f5i seminarides ning pakkudes digioskuste-alast teavet noortele, \u00f5petajatele, tugispetsialistidele, poliitikakujundajatele ja teistele &#8230;<\/p>\n","protected":false},"author":330,"featured_media":0,"parent":0,"menu_order":0,"comment_status":"closed","ping_status":"closed","template":"","meta":{"_acf_changed":false,"inline_featured_image":false,"footnotes":""},"class_list":["post-25","page","type-page","status-publish","hentry"],"acf":[],"_links":{"self":[{"href":"https:\/\/sisu.ut.ee\/yskills\/wp-json\/wp\/v2\/pages\/25","targetHints":{"allow":["GET"]}}],"collection":[{"href":"https:\/\/sisu.ut.ee\/yskills\/wp-json\/wp\/v2\/pages"}],"about":[{"href":"https:\/\/sisu.ut.ee\/yskills\/wp-json\/wp\/v2\/types\/page"}],"author":[{"embeddable":true,"href":"https:\/\/sisu.ut.ee\/yskills\/wp-json\/wp\/v2\/users\/330"}],"replies":[{"embeddable":true,"href":"https:\/\/sisu.ut.ee\/yskills\/wp-json\/wp\/v2\/comments?post=25"}],"version-history":[{"count":6,"href":"https:\/\/sisu.ut.ee\/yskills\/wp-json\/wp\/v2\/pages\/25\/revisions"}],"predecessor-version":[{"id":179,"href":"https:\/\/sisu.ut.ee\/yskills\/wp-json\/wp\/v2\/pages\/25\/revisions\/179"}],"wp:attachment":[{"href":"https:\/\/sisu.ut.ee\/yskills\/wp-json\/wp\/v2\/media?parent=25"}],"curies":[{"name":"wp","href":"https:\/\/api.w.org\/{rel}","templated":true}]}}