{"id":24,"date":"2024-04-04T09:10:48","date_gmt":"2024-04-04T06:10:48","guid":{"rendered":"https:\/\/sisu.ut.ee\/yskills\/9-soovitust-tugispetsialistidele\/"},"modified":"2024-04-04T09:11:18","modified_gmt":"2024-04-04T06:11:18","slug":"9-soovitust-tugispetsialistidele","status":"publish","type":"page","link":"https:\/\/sisu.ut.ee\/yskills\/9-soovitust-tugispetsialistidele\/","title":{"rendered":"Soovitused tugispetsialistidele"},"content":{"rendered":"<p dir=\"ltr\" style=\"text-align: justify\">\n\t<a data-url=\"https:\/\/sites.google.com\/fcsh.unl.pt\/tugispetsialistidele\" href=\"https:\/\/sites.google.com\/fcsh.unl.pt\/tugispetsialistidele\" target=\"_blank\" title=\"\" rel=\"noopener\"><img loading=\"lazy\" decoding=\"async\" width=\"692\" height=\"622\" class=\"alignnone wp-image-43\" style=\"width:250px;height:225px;float:right\" src=\"https:\/\/sisu.ut.ee\/wp-content\/uploads\/sites\/668\/screenshot_2024-01-19_at_16.36.35.png\" title=\"screenshot_2024-01-19_at_16.36.35.png\" alt=\"vaim3\" srcset=\"https:\/\/sisu.ut.ee\/wp-content\/uploads\/sites\/668\/screenshot_2024-01-19_at_16.36.35.png 692w, https:\/\/sisu.ut.ee\/wp-content\/uploads\/sites\/668\/screenshot_2024-01-19_at_16.36.35-300x270.png 300w\" sizes=\"auto, (max-width: 692px) 100vw, 692px\"><\/a>\n<\/p>\n<p dir=\"ltr\" style=\"text-align: justify\">\n\tDigitehnoloogiate kasutamine v\u00f5ib noorte vaimsele tervisele\u00a0avaldada nii\u00a0positiivset\u00a0kui\u00a0negatiivset m\u00f5ju.\n<\/p>\n<p dir=\"ltr\" style=\"text-align: justify\">\n\tUuringud n\u00e4itavad siiski, et noored tunnevad sageli, et nende tegevus digimaailmas ei ole toetatud. Oma netielu korraldamine v\u00f5ib olla nende jaoks keeruline.\n<\/p>\n<p dir=\"ltr\" style=\"text-align: justify\">\n\tEt saada teada, mida noored ise arvavad, r\u00e4\u00e4kisid Suurbritannia ja Norra teadlased\u00a0ySKILLS-i\u00a0projekti k\u00e4igus\u00a0noortega, kellel on olnud\u00a0vaimse tervise probleeme.\n<\/p>\n<p dir=\"ltr\" style=\"text-align: justify\">\n\t<strong>Vajuta pildile<\/strong>, et leida\u00a0m\u00f5ned n\u00f5uanded, kuidas toetada noori oma digielu juhtimisel.\n<\/p>\n<p dir=\"ltr\" style=\"text-align: justify\">\n\t\u00a0\n<\/p>\n<p dir=\"ltr\" style=\"text-align: right\">\n\t<span style=\"font-size:11px\">Pildi autori\u00f5igus:\u00a0storyset\u00a0(Freepik).<\/span><\/p>\n","protected":false},"excerpt":{"rendered":"<p>Digitehnoloogiate kasutamine v\u00f5ib noorte vaimsele tervisele\u00a0avaldada nii\u00a0positiivset\u00a0kui\u00a0negatiivset m\u00f5ju. Uuringud n\u00e4itavad siiski, et noored tunnevad sageli, et nende tegevus digimaailmas ei ole toetatud. Oma netielu korraldamine v\u00f5ib olla nende jaoks keeruline. Et saada teada, mida noored ise arvavad, r\u00e4\u00e4kisid Suurbritannia ja &#8230;<\/p>\n","protected":false},"author":330,"featured_media":0,"parent":0,"menu_order":0,"comment_status":"closed","ping_status":"closed","template":"","meta":{"_acf_changed":false,"inline_featured_image":false,"footnotes":""},"class_list":["post-24","page","type-page","status-publish","hentry"],"acf":[],"_links":{"self":[{"href":"https:\/\/sisu.ut.ee\/yskills\/wp-json\/wp\/v2\/pages\/24","targetHints":{"allow":["GET"]}}],"collection":[{"href":"https:\/\/sisu.ut.ee\/yskills\/wp-json\/wp\/v2\/pages"}],"about":[{"href":"https:\/\/sisu.ut.ee\/yskills\/wp-json\/wp\/v2\/types\/page"}],"author":[{"embeddable":true,"href":"https:\/\/sisu.ut.ee\/yskills\/wp-json\/wp\/v2\/users\/330"}],"replies":[{"embeddable":true,"href":"https:\/\/sisu.ut.ee\/yskills\/wp-json\/wp\/v2\/comments?post=24"}],"version-history":[{"count":1,"href":"https:\/\/sisu.ut.ee\/yskills\/wp-json\/wp\/v2\/pages\/24\/revisions"}],"predecessor-version":[{"id":88,"href":"https:\/\/sisu.ut.ee\/yskills\/wp-json\/wp\/v2\/pages\/24\/revisions\/88"}],"wp:attachment":[{"href":"https:\/\/sisu.ut.ee\/yskills\/wp-json\/wp\/v2\/media?parent=24"}],"curies":[{"name":"wp","href":"https:\/\/api.w.org\/{rel}","templated":true}]}}