{"id":21,"date":"2024-04-04T09:10:48","date_gmt":"2024-04-04T06:10:48","guid":{"rendered":"https:\/\/sisu.ut.ee\/yskills\/uudised-ja-sundmused\/"},"modified":"2024-04-04T09:11:17","modified_gmt":"2024-04-04T06:11:17","slug":"uudised-ja-sundmused","status":"publish","type":"page","link":"https:\/\/sisu.ut.ee\/yskills\/uudised-ja-sundmused\/","title":{"rendered":"Uudised ja s\u00fcndmused"},"content":{"rendered":"<p>\n\t\u00a0\n<\/p>\n<p>\n\tSellest rubriigist leiad\u00a0infot ySKILLS-i projekti j\u00e4reltegevuste ja <strong>s\u00fcndmuste, <\/strong>n\u00e4iteks <strong>koolituste, seminaride <\/strong>ja<strong> konverentside<\/strong> kohta.\n<\/p>\n<p>\n\tLisaks saad\u00a0lugeda <strong>pressiteateid<\/strong> ja\u00a0<strong>uudiskirju<\/strong>, mis annavad kiir\u00fclevaate projekti peamistest tegevustest ja v\u00e4ljunditest, sealhulgas olulisematest raportitest. Uudiskirjade originaalversioonid valmistas ette\u00a0Portugali uurimisruhm,\u00a0eestindasid Signe Opermann,\u00a0Mari-Liis Tikerperi ja\u00a0Veronika Kalmus. Kokku ilmus viis\u00a0uudiskirja.\n<\/p>\n<p>\n\tKolmandast alarubriigist leiad\u00a0projekti <strong>meediakajastuse<\/strong> \u2013 lingid uudistele, artiklitele ning raadio- ja teleintervjuudele.<\/p>\n","protected":false},"excerpt":{"rendered":"<p>\u00a0 Sellest rubriigist leiad\u00a0infot ySKILLS-i projekti j\u00e4reltegevuste ja s\u00fcndmuste, n\u00e4iteks koolituste, seminaride ja konverentside kohta. Lisaks saad\u00a0lugeda pressiteateid ja\u00a0uudiskirju, mis annavad kiir\u00fclevaate projekti peamistest tegevustest ja v\u00e4ljunditest, sealhulgas olulisematest raportitest. Uudiskirjade originaalversioonid valmistas ette\u00a0Portugali uurimisruhm,\u00a0eestindasid Signe Opermann,\u00a0Mari-Liis Tikerperi ja\u00a0Veronika Kalmus. &#8230;<\/p>\n","protected":false},"author":330,"featured_media":0,"parent":0,"menu_order":0,"comment_status":"closed","ping_status":"closed","template":"","meta":{"_acf_changed":false,"inline_featured_image":false,"footnotes":""},"class_list":["post-21","page","type-page","status-publish","hentry"],"acf":[],"_links":{"self":[{"href":"https:\/\/sisu.ut.ee\/yskills\/wp-json\/wp\/v2\/pages\/21","targetHints":{"allow":["GET"]}}],"collection":[{"href":"https:\/\/sisu.ut.ee\/yskills\/wp-json\/wp\/v2\/pages"}],"about":[{"href":"https:\/\/sisu.ut.ee\/yskills\/wp-json\/wp\/v2\/types\/page"}],"author":[{"embeddable":true,"href":"https:\/\/sisu.ut.ee\/yskills\/wp-json\/wp\/v2\/users\/330"}],"replies":[{"embeddable":true,"href":"https:\/\/sisu.ut.ee\/yskills\/wp-json\/wp\/v2\/comments?post=21"}],"version-history":[{"count":1,"href":"https:\/\/sisu.ut.ee\/yskills\/wp-json\/wp\/v2\/pages\/21\/revisions"}],"predecessor-version":[{"id":85,"href":"https:\/\/sisu.ut.ee\/yskills\/wp-json\/wp\/v2\/pages\/21\/revisions\/85"}],"wp:attachment":[{"href":"https:\/\/sisu.ut.ee\/yskills\/wp-json\/wp\/v2\/media?parent=21"}],"curies":[{"name":"wp","href":"https:\/\/api.w.org\/{rel}","templated":true}]}}