{"id":13,"date":"2024-04-04T09:10:47","date_gmt":"2024-04-04T06:10:47","guid":{"rendered":"https:\/\/sisu.ut.ee\/yskills\/seotud-projektid\/"},"modified":"2025-01-29T13:07:53","modified_gmt":"2025-01-29T11:07:53","slug":"seotud-projektid","status":"publish","type":"page","link":"https:\/\/sisu.ut.ee\/yskills\/seotud-projektid\/","title":{"rendered":"Seotud projektid"},"content":{"rendered":"<p dir=\"ltr\">\n<\/p><p dir=\"ltr\">Noorte digip\u00e4devuse teema on olulisel kohal ka teistes projektides ja teadlasv\u00f5rgustikes, milles ySKILLS-i Eesti uurimisr\u00fchma liikmed osalevad:<\/p>\n<p dir=\"ltr\">Rahvusvaheline uurimisv\u00f5rgustik <strong><a href=\"https:\/\/www.lse.ac.uk\/media-and-communications\/research\/research-projects\/eu-kids-online\">EU Kids Online<\/a><\/strong><\/p>\n<p dir=\"ltr\">Rahvusvaheline projekt ja veebivaramu <strong><a href=\"https:\/\/core-evidence.eu\">CO:RE<\/a><\/strong> \u2013 Lapsed internetis: teadus ja t\u00f5endid. Teadmusbaas lastest ja noortest digimaailmas<\/p>\n<p dir=\"ltr\">Rahvusvaheline projekt <strong><a href=\"https:\/\/remedis-chanse.eu\/\">REMEDIS<\/a><\/strong> \u2013 Meedia- ja digip\u00e4devuse \u00fcmberm\u00f5testamine Euroopas<\/p>\n<p>Eesti teadusprojekt <strong><a href=\"https:\/\/digiefekt.ut.ee\/avaleht\">Digiefekt<\/a><\/strong><\/p>\n","protected":false},"excerpt":{"rendered":"<p>Noorte digip\u00e4devuse teema on olulisel kohal ka teistes projektides ja teadlasv\u00f5rgustikes, milles ySKILLS-i Eesti uurimisr\u00fchma liikmed osalevad: Rahvusvaheline uurimisv\u00f5rgustik EU Kids Online Rahvusvaheline projekt ja veebivaramu CO:RE \u2013 Lapsed internetis: teadus ja t\u00f5endid. Teadmusbaas lastest ja noortest digimaailmas Rahvusvaheline projekt &#8230;<\/p>\n","protected":false},"author":330,"featured_media":0,"parent":0,"menu_order":0,"comment_status":"closed","ping_status":"closed","template":"","meta":{"_acf_changed":false,"inline_featured_image":false,"footnotes":""},"class_list":["post-13","page","type-page","status-publish","hentry"],"acf":[],"_links":{"self":[{"href":"https:\/\/sisu.ut.ee\/yskills\/wp-json\/wp\/v2\/pages\/13","targetHints":{"allow":["GET"]}}],"collection":[{"href":"https:\/\/sisu.ut.ee\/yskills\/wp-json\/wp\/v2\/pages"}],"about":[{"href":"https:\/\/sisu.ut.ee\/yskills\/wp-json\/wp\/v2\/types\/page"}],"author":[{"embeddable":true,"href":"https:\/\/sisu.ut.ee\/yskills\/wp-json\/wp\/v2\/users\/330"}],"replies":[{"embeddable":true,"href":"https:\/\/sisu.ut.ee\/yskills\/wp-json\/wp\/v2\/comments?post=13"}],"version-history":[{"count":2,"href":"https:\/\/sisu.ut.ee\/yskills\/wp-json\/wp\/v2\/pages\/13\/revisions"}],"predecessor-version":[{"id":172,"href":"https:\/\/sisu.ut.ee\/yskills\/wp-json\/wp\/v2\/pages\/13\/revisions\/172"}],"wp:attachment":[{"href":"https:\/\/sisu.ut.ee\/yskills\/wp-json\/wp\/v2\/media?parent=13"}],"curies":[{"name":"wp","href":"https:\/\/api.w.org\/{rel}","templated":true}]}}