{"id":12,"date":"2024-04-04T09:10:47","date_gmt":"2024-04-04T06:10:47","guid":{"rendered":"https:\/\/sisu.ut.ee\/yskills\/uurimisruhm\/"},"modified":"2025-01-29T13:00:41","modified_gmt":"2025-01-29T11:00:41","slug":"uurimisruhm","status":"publish","type":"page","link":"https:\/\/sisu.ut.ee\/yskills\/uurimisruhm\/","title":{"rendered":"Uurimisr\u00fchm"},"content":{"rendered":"<p dir=\"ltr\">ySKILLS-i Eesti uurimisr\u00fchma kuuluvad Tartu \u00dclikooli <strong><a title=\"\" href=\"https:\/\/uhiskond.ut.ee\/et\/avaleht\" target=\"_blank\" rel=\"noopener\" data-url=\"https:\/\/uhiskond.ut.ee\/et\/avaleht\">\u00fchiskonnateaduste instituudi<\/a><\/strong> ja <strong><a title=\"\" href=\"https:\/\/haridus.ut.ee\/et\/haridusteaduste-instituudi-avaleht\" target=\"_blank\" rel=\"noopener\" data-url=\"https:\/\/haridus.ut.ee\/et\/haridusteaduste-instituudi-avaleht\">haridusteaduste instituudi<\/a><\/strong> teadlased:<\/p>\n<p dir=\"ltr\"><strong><a href=\"https:\/\/www.etis.ee\/CV\/Veronika_Kalmus\/est\/\">Veronika Kalmus<\/a><\/strong>, sotsioloogia professor, uurimisr\u00fchma juht; veronika.kalmus[at]ut.ee<\/p>\n<p dir=\"ltr\"><strong><a href=\"https:\/\/www.etis.ee\/CV\/Mai_Beilmann\/est\/\">Mai Beilmann<\/a><\/strong>, empiirilise sotsioloogia kaasprofessor; mai.beilmann[at]ut.ee<\/p>\n<p dir=\"ltr\"><strong><a href=\"https:\/\/www.etis.ee\/CV\/Marit_Sukk1\/est\/\">Marit Napp<\/a><\/strong>, anal\u00fc\u00fctik; marit.sukk[at]ut.ee<\/p>\n<p dir=\"ltr\"><strong><a href=\"https:\/\/www.etis.ee\/CV\/Signe_Opermann\/est\/\">Signe Opermann<\/a><\/strong>, meediasotsioloogia teadur; signe.opermann[at]ut.ee<\/p>\n<p dir=\"ltr\"><strong><a href=\"https:\/\/www.etis.ee\/CV\/Margus_Pedaste\/est\/\">Margus Pedaste<\/a><\/strong>, haridusinnovatsiooni professor; margus.pedaste[at]ut.ee<\/p>\n<p dir=\"ltr\"><strong><a href=\"https:\/\/www.etis.ee\/CV\/Indrek_Soidla\/est\/\">Indrek Soidla<\/a><\/strong>, sotsiaalse anal\u00fc\u00fcsi nooremlektor; indrek.soidla[at]ut.ee<\/p>\n<p dir=\"ltr\"><strong><a href=\"https:\/\/www.etis.ee\/CV\/Kadri_Soo\/est\/\">Kadri Soo<\/a><\/strong>, sotsiaalse heaolu lektor; kadri.soo[at]ut.ee<\/p>\n<p dir=\"ltr\"><strong><a href=\"https:\/\/www.etis.ee\/CV\/Mari-Liis_Tikerperi\/est\/\">Mari-Liis Tikerperi<\/a><\/strong>, teadust\u00f6\u00f6 aluste nooremlektor, koolik\u00fcsitluse koordinaator; mari-liis.tikerperi[at]ut.ee<\/p>\n<p><strong><a href=\"https:\/\/www.etis.ee\/CV\/Andre_Uibos\/est\/\">Andre Uibos<\/a><\/strong>, doktorant; andre.uibos[at]gmail.com<\/p>\n","protected":false},"excerpt":{"rendered":"<p>ySKILLS-i Eesti uurimisr\u00fchma kuuluvad Tartu \u00dclikooli \u00fchiskonnateaduste instituudi ja haridusteaduste instituudi teadlased: Veronika Kalmus, sotsioloogia professor, uurimisr\u00fchma juht; veronika.kalmus[at]ut.ee Mai Beilmann, empiirilise sotsioloogia kaasprofessor; mai.beilmann[at]ut.ee Marit Napp, anal\u00fc\u00fctik; marit.sukk[at]ut.ee Signe Opermann, meediasotsioloogia teadur; signe.opermann[at]ut.ee Margus Pedaste, haridusinnovatsiooni professor; margus.pedaste[at]ut.ee Indrek &#8230;<\/p>\n","protected":false},"author":330,"featured_media":0,"parent":0,"menu_order":0,"comment_status":"closed","ping_status":"closed","template":"","meta":{"_acf_changed":false,"inline_featured_image":false,"footnotes":""},"class_list":["post-12","page","type-page","status-publish","hentry"],"acf":[],"_links":{"self":[{"href":"https:\/\/sisu.ut.ee\/yskills\/wp-json\/wp\/v2\/pages\/12","targetHints":{"allow":["GET"]}}],"collection":[{"href":"https:\/\/sisu.ut.ee\/yskills\/wp-json\/wp\/v2\/pages"}],"about":[{"href":"https:\/\/sisu.ut.ee\/yskills\/wp-json\/wp\/v2\/types\/page"}],"author":[{"embeddable":true,"href":"https:\/\/sisu.ut.ee\/yskills\/wp-json\/wp\/v2\/users\/330"}],"replies":[{"embeddable":true,"href":"https:\/\/sisu.ut.ee\/yskills\/wp-json\/wp\/v2\/comments?post=12"}],"version-history":[{"count":3,"href":"https:\/\/sisu.ut.ee\/yskills\/wp-json\/wp\/v2\/pages\/12\/revisions"}],"predecessor-version":[{"id":169,"href":"https:\/\/sisu.ut.ee\/yskills\/wp-json\/wp\/v2\/pages\/12\/revisions\/169"}],"wp:attachment":[{"href":"https:\/\/sisu.ut.ee\/yskills\/wp-json\/wp\/v2\/media?parent=12"}],"curies":[{"name":"wp","href":"https:\/\/api.w.org\/{rel}","templated":true}]}}