{"id":29,"date":"2025-01-14T00:19:00","date_gmt":"2025-01-13T22:19:00","guid":{"rendered":"https:\/\/sisu.ut.ee\/youngfolklorists2025\/?page_id=29"},"modified":"2025-09-26T07:52:51","modified_gmt":"2025-09-26T04:52:51","slug":"conference-calendar","status":"publish","type":"page","link":"https:\/\/sisu.ut.ee\/youngfolklorists2025\/conference-calendar\/","title":{"rendered":"Programme"},"content":{"rendered":"<h2 class=\"wp-block-heading has-text-align-center\"><strong>Day 1<\/strong><\/h2>\n\n\n\n<figure class=\"wp-block-table aligncenter has-regular-font-size\"><table class=\"table table-hover\"><tbody><tr><td colspan=\"4\"><br><strong>September 25, 2025 (Thursday)<\/strong><br><\/td><\/tr><tr><td colspan=\"4\"><br><strong>09:00 \u2013 09:30 <\/strong>Registration <br><br>Venue: University of Tartu Library, W. Struve 1, Tartu<br><\/td><\/tr><tr><td colspan=\"4\"><br><strong>09:30 \u2013 09:45 <\/strong>Opening of the Conference <br><br>Location: (Conference Hall)<br><\/td><\/tr><tr><td colspan=\"4\"><strong>\u00a0<\/strong> <br><strong>09:45 \u2013 11:00<\/strong> Keynote Lecture by <strong>Dorothy Noyes <\/strong>on the topic \u2013 <em>The Vernacular Ground and the Field of Folklore<\/em> \u00a0 <br><br>Location: (Conference Hall)<br><br>Moderated by <strong>\u00dclo Valk<\/strong> \u00a0<br><\/td><\/tr><tr><td colspan=\"4\"><br><strong>11:00 \u2013 11:30<\/strong> Coffee Break<br><\/td><\/tr><tr><td colspan=\"2\"><strong>Session 1: Folkloristic Theories I<\/strong> <br><br>Location: (Conference Hall)<strong>\u00a0<\/strong> <br><br><strong>Chair: Lodewyk Barkhuizen<\/strong><\/td><td class=\"has-text-align-center\" data-align=\"center\"><strong>Session 2: Human-Animal Interactions<\/strong> <strong>\u00a0<\/strong> <br><br>Location: (Seminar room T\u00f5stamaa)<br><br><strong>Chair: Margaret Lyngdoh<\/strong><\/td><td class=\"has-text-align-center\" data-align=\"center\"><strong>Session 3: Performance and (un)tellability<\/strong> <strong>\u00a0<\/strong> <br><br>Location: (Seminar room Kodavere)<br><br><strong>Chair: Marje Ermel<\/strong><\/td><\/tr><tr><td>11:30 \u2013 12:00<\/td><td class=\"has-text-align-center\" data-align=\"center\"><strong>Evgeniya Litvin<\/strong>, University of Salento, <em>Humble Theory in Minority Language Literature Research<\/em><\/td><td class=\"has-text-align-center\" data-align=\"center\"><strong>Haozhen Li<\/strong>, University of Tartu, <em>Between Religious Revival and Reinvention: Three Strategies of Revitalisation for Shamanism in Northeast China<\/em><\/td><td><strong>Jaana Ahtiainen<\/strong>, University of Helsinki, <em>Beyond Institutional Lenses: Rethinking Sex Work Research Through Folklore Studies<\/em><\/td><\/tr><tr><td>12:00 \u2013 12:30<\/td><td class=\"has-text-align-center\" data-align=\"center\"><strong>Digne \u016adre-Lielb\u0101rde<\/strong>, University of Latvia, <em>Academic Endeavours and Popular Imaginations: The Question of Lay and Academic Voices in Folklore Studies<\/em><\/td><td class=\"has-text-align-center\" data-align=\"center\"><strong>Jasmina Rejec<\/strong>, Institute IRRIS for Research, <em>Animal Folk Tales as Vehicles of Moral Values and Social Critique<\/em><\/td><td><strong>Pema Choedon<\/strong>, Independent scholar, <em>Gorshey: An Expression of Resilience and a Unified Identity through Tibetan Folk Dance<\/em><\/td><\/tr><tr><td>12:30 \u2013 13:00<\/td><td class=\"has-text-align-center\" data-align=\"center\"><strong>Ivan Pra\u0161talo<\/strong>, University of Belgrade, <em>Between Grand and Humble Theory: What Can We Learn from the History of the Discipline through Sima Trojanovi\u0107<\/em><\/td><td class=\"has-text-align-center\" data-align=\"center\"><strong>Chloe Lundrigan<\/strong>, Memorial University of Newfoundland and Labrador, <em>\u201cIt\u2019s Tradition, but also Breaking Tradition\u201d: Performing Multi-species Environments in Newfoundland<\/em><\/td><td><strong>Yun Dai<\/strong>, University of Tartu, <em>Bear Grandmother: Hearthside Storytelling<\/em><\/td><\/tr><tr><td colspan=\"4\"><strong>13:00 \u2013 14:30<\/strong> Lunch Break<\/td><\/tr><tr><td colspan=\"2\"><strong>Session 4: Folkloristic Theories II<\/strong> <strong>\u00a0<\/strong> <br><br>Location: (Conference Hall)<br><br><strong>Chair: Alina Oprelianska<\/strong><\/td><td class=\"has-text-align-center\" data-align=\"center\"><strong>Session 5: Narrative Reflections<\/strong> <strong>\u00a0<\/strong> <br><br>Location: (Seminar room T\u00f5stamaa)<br><br><strong>Chair: Pihla Maria Siim<\/strong><\/td><td class=\"has-text-align-center\" data-align=\"center\"><strong>Session 6: Vernacular Expressions<\/strong> <strong>\u00a0<\/strong> <br><br>Location: (Seminar room Kodavere)<br><br><strong>Chair: Haozhen Li<\/strong><\/td><\/tr><tr><td>14:30 \u2013 15:00<\/td><td class=\"has-text-align-center\" data-align=\"center\"><strong>Abhirup Sarkar<\/strong>, University of Tartu, <em>Some Notes on the Viability of the \u2018Humble Approach\u2019 in Folkloristics<\/em><\/td><td class=\"has-text-align-center\" data-align=\"center\"><strong>Iida R\u00e4ty<\/strong>, University of Turku, <em>Illness Narrative as an \u2018in Between\u2019 Category<\/em><\/td><td><strong>Dan Zhou<\/strong>, Kwansei Gakuin University, <em>Reframing \u2018Vernacular\u2019: The Localisation of a Global Concept in Japanese Folkloristics<\/em><\/td><\/tr><tr><td>15:00 \u2013 15:30<\/td><td class=\"has-text-align-center\" data-align=\"center\"><strong>Li Feng<\/strong>, Fudan University, <em>Why Is Chinese Folkloristics Theory Still Not So Humble?<\/em><\/td><td class=\"has-text-align-center\" data-align=\"center\"><strong>Mirjami Sipil\u00e4<\/strong>, University of Turku, <em>Exploring Livonian Counting Rhymes and Their Presentation in the Volkslieder der Liven (1936) Collection<\/em><\/td><td><strong>Anja Mlakar<\/strong>, Institute IRRIS Slovenia, <em>Folklore as Contested Knowledge and the Struggle for the Vernacular<\/em><\/td><\/tr><tr><td>15:30 \u2013 16:00<\/td><td class=\"has-text-align-center\" data-align=\"center\"><strong>Mar\u2019yana Svarnyk<\/strong>, University of Tartu, <em>Sustainability: A Concept without a Theory?<\/em><\/td><td class=\"has-text-align-center\" data-align=\"center\"><\/td><td><strong>Susanna Jurvanen<\/strong>, University of Helsinki, <em>Bridging Theory and Ethnography: Multimodality in the Study of the Finnish Helka Festival<\/em><\/td><\/tr><tr><td colspan=\"4\"><br><strong>\u00a0<\/strong> <strong>18:00-21:00<\/strong> Reception at <strong>University Cafe (\u00dclikooli 20) <\/strong>for Registered Participants <strong>\u00a0<\/strong> <br><br>Musical Performance by Estonian flute duo <strong>Kuula Hetke (K\u00e4rt Pihlap &amp; Katariina Tirmaste)<\/strong><br><\/td><\/tr><\/tbody><\/table><\/figure>\n\n\n\n<h2 class=\"wp-block-heading has-text-align-center\"><strong>Day 2<\/strong><\/h2>\n\n\n\n<figure class=\"wp-block-table has-regular-font-size\"><table class=\"table table-hover\"><tbody><tr><td class=\"has-text-align-center\" data-align=\"center\" colspan=\"4\"><br><strong>September 26, 2025 (Friday)<\/strong><br><\/td><\/tr><tr><td class=\"has-text-align-center\" data-align=\"center\" colspan=\"4\"><strong>\u00a0<\/strong> <br><strong>09:45 \u2013 11:00<\/strong> Keynote Lecture by <strong>Mariya Lesiv <\/strong>on topic \u2013 <em>Folklore of Anger in the Precarity of War: Humble Theory and the Unhumble Vernacular<\/em> <em>\u00a0<\/em> <br><br>Location: (Conference Hall)<br><br>Moderated by <strong>Anastasiya Astapova<\/strong> \u00a0<br><\/td><\/tr><tr><td class=\"has-text-align-center\" data-align=\"center\" colspan=\"4\"><br><strong>11:00 \u2013 11:30<\/strong> Coffee Break<br><\/td><\/tr><tr><td class=\"has-text-align-center\" data-align=\"center\" colspan=\"2\"><strong>Session 7: Placelore<\/strong> <strong>\u00a0<\/strong> <br><br>Location: (Conference Hall)<br><br><strong>Chair: Kikee Doma Bhutia<\/strong><\/td><td class=\"has-text-align-center\" data-align=\"center\"><strong>Session 8: Social Media and AI<\/strong> <strong>\u00a0<\/strong> <br><br>Location: (Seminar room T\u00f5stamaa)<br><br><strong>Chair: Andrus Tins<\/strong><\/td><td class=\"has-text-align-center\" data-align=\"center\"><strong>Session 9: Belief Narratives<\/strong> <strong>\u00a0<\/strong> <br><br>Location: (Seminar room Kodavere)<br><br><strong>Chair: Kristel Kivari<\/strong><\/td><\/tr><tr><td class=\"has-text-align-center\" data-align=\"center\">11:30 \u2013 12:00<\/td><td class=\"has-text-align-center\" data-align=\"center\"><strong>Lachlan Bell<\/strong>, University of Tartu, <em>The S\u00f5rve Bunyip: Reimagining a Colonial Cryptid in an Australian-Estonian Context<\/em><\/td><td class=\"has-text-align-center\" data-align=\"center\"><strong>Hanna-Kaisa Lassila<\/strong>, University of Turku, <em>The Everyday Entertainment of Vernacular Disciplining on Social Media<\/em><\/td><td class=\"has-text-align-center\" data-align=\"center\"><strong>Roope Kotiniemi<\/strong>, University of Helsinki, <em>Navigating Contradictions: Analysing Magical Pouches in Finnish and Karelian Belief Narratives<\/em><\/td><\/tr><tr><td class=\"has-text-align-center\" data-align=\"center\">12:00 \u2013 12:30<\/td><td class=\"has-text-align-center\" data-align=\"center\"><strong>Linda Saraswati Klausner<\/strong>, University of Tartu, <em>When Trees Wear Saris: Ritual Dressing and Sacred Power<\/em><\/td><td class=\"has-text-align-center\" data-align=\"center\"><strong>Joan J\u00fcrgens<\/strong>, University of Tartu, <em>\u2018Timeless Reading\u2019: Fortune Telling with Tarot Cards in Estonian-speaking Social Media Channels<\/em><\/td><td class=\"has-text-align-center\" data-align=\"center\"><strong>Anete Saul\u012bte-Sta\u010dkune<\/strong>, University of Latvia, <em>Personal Insight as an Aid, Not the Enemy: an Example on Latvian Folk Belief Research<\/em><\/td><\/tr><tr><td class=\"has-text-align-center\" data-align=\"center\">12:30 \u2013 13:00<\/td><td class=\"has-text-align-center\" data-align=\"center\"><\/td><td class=\"has-text-align-center\" data-align=\"center\"><strong>Ismet Suleimanov<\/strong>, University of Tartu, <em>Adjustment and Humour: Humorous Vernacular Commentary on Being a Ukrainian Refugee<\/em><\/td><td class=\"has-text-align-center\" data-align=\"center\"><strong>Hanna Dudkowiak<\/strong>, University of Warsaw, <em>Our Lady and the Golden Foam: Tracing the Medieval Polish Magical Charm<\/em><\/td><\/tr><tr><td class=\"has-text-align-center\" data-align=\"center\" colspan=\"4\"><br><strong>13:00 \u2013 14:30<\/strong> Lunch Break<br><\/td><\/tr><tr><td class=\"has-text-align-center\" data-align=\"center\" colspan=\"2\"><strong>Session 10: Ritual Practice<\/strong> <strong>\u00a0<\/strong><br><br>Location: (Conference Hall)<br><br><strong>Chair: Alevtina Solovyeva<\/strong><\/td><td class=\"has-text-align-center\" data-align=\"center\"><strong>Session 11: Material Folklore<\/strong> <strong>\u00a0<\/strong> <br><br>Location: (Seminar room T\u00f5stamaa)<br><br><strong>Chair: Digne \u016adre-Lielb\u0101rde<\/strong><\/td><td class=\"has-text-align-center\" data-align=\"center\"><\/td><\/tr><tr><td class=\"has-text-align-center\" data-align=\"center\">14:30 \u2013 15:00<\/td><td class=\"has-text-align-center\" data-align=\"center\"><strong>Nataliia Rygovska<\/strong>, University of Tartu, <em>The Invisible Front: Vernacular Spiritual Practices in Contemporary Ukraine<\/em><\/td><td class=\"has-text-align-center\" data-align=\"center\"><strong>Mila Santala<\/strong>, University of Turku, <em>From Tradition to Modernity: The Enduring Legacy of Kalevala Jewellery and the Kalevala Women\u2019s Association<\/em><\/td><td class=\"has-text-align-center\" data-align=\"center\"><\/td><\/tr><tr><td class=\"has-text-align-center\" data-align=\"center\">15:00 \u2013 15:30<\/td><td class=\"has-text-align-center\" data-align=\"center\"><strong>Lodewyk Barkhuizen<\/strong>, University of Tartu, <em>Existential Weakness as Method in the Spiritual Teachings of South African Traditional Healers<\/em><\/td><td class=\"has-text-align-center\" data-align=\"center\"><strong>Edgar Mirjamsdotter<\/strong>, \u00c5bo Akademi University, <em>Following the Threads \u2013 Exploring the Aibo Tapestry though Ethnography<\/em><\/td><td class=\"has-text-align-center\" data-align=\"center\"><\/td><\/tr><tr><td class=\"has-text-align-center\" data-align=\"center\">15:30 \u2013 16:00<\/td><td class=\"has-text-align-center\" data-align=\"center\"><strong>Baobao<\/strong>, University of Tartu, <em>Sut<\/em><em>\u0255<\/em><em>ywu and Sut<\/em><em>\u0255<\/em><em>ywum<\/em><em>\u0268<\/em><em>ni of Misfortune Transferability in the Eastern Minyag Community<\/em><\/td><td class=\"has-text-align-center\" data-align=\"center\"><strong>Kikee Doma Bhutia<\/strong>, University of Tartu, <em>Thensay Yaksay and the Burden of Ritual Gift-Giving in Sikkimese Villages<\/em><\/td><td class=\"has-text-align-center\" data-align=\"center\"><\/td><\/tr><tr><td class=\"has-text-align-center\" data-align=\"center\" colspan=\"4\"><br><strong>16:00 \u2013 16:30<\/strong> Closing of the Conference<br><\/td><\/tr><\/tbody><\/table><\/figure>\n\n\n\n<div class=\"wp-block-buttons is-content-justification-center is-layout-flex wp-container-core-buttons-is-layout-16018d1d wp-block-buttons-is-layout-flex\">\n<div class=\"wp-block-button\"><a class=\"wp-block-button__link wp-element-button\" href=\"https:\/\/sisu.ut.ee\/wp-content\/uploads\/sites\/867\/YOFO-2025_Programme-2.pdf\" target=\"_blank\" rel=\"noreferrer noopener\">Download the Conference Programme<\/a><\/div>\n<\/div>\n\n\n\n<p><\/p>\n","protected":false},"excerpt":{"rendered":"<p>Day 1 September 25, 2025 (Thursday) 09:00 \u2013 09:30 Registration Venue: University of Tartu Library, W. Struve 1, Tartu 09:30 \u2013 09:45 Opening of the Conference Location: (Conference Hall) \u00a0 09:45 \u2013 11:00 Keynote Lecture by Dorothy Noyes on the &#8230;<\/p>\n","protected":false},"author":752,"featured_media":0,"parent":0,"menu_order":0,"comment_status":"closed","ping_status":"closed","template":"","meta":{"_acf_changed":false,"inline_featured_image":false,"footnotes":""},"class_list":["post-29","page","type-page","status-publish","hentry"],"acf":[],"_links":{"self":[{"href":"https:\/\/sisu.ut.ee\/youngfolklorists2025\/wp-json\/wp\/v2\/pages\/29","targetHints":{"allow":["GET"]}}],"collection":[{"href":"https:\/\/sisu.ut.ee\/youngfolklorists2025\/wp-json\/wp\/v2\/pages"}],"about":[{"href":"https:\/\/sisu.ut.ee\/youngfolklorists2025\/wp-json\/wp\/v2\/types\/page"}],"author":[{"embeddable":true,"href":"https:\/\/sisu.ut.ee\/youngfolklorists2025\/wp-json\/wp\/v2\/users\/752"}],"replies":[{"embeddable":true,"href":"https:\/\/sisu.ut.ee\/youngfolklorists2025\/wp-json\/wp\/v2\/comments?post=29"}],"version-history":[{"count":30,"href":"https:\/\/sisu.ut.ee\/youngfolklorists2025\/wp-json\/wp\/v2\/pages\/29\/revisions"}],"predecessor-version":[{"id":741,"href":"https:\/\/sisu.ut.ee\/youngfolklorists2025\/wp-json\/wp\/v2\/pages\/29\/revisions\/741"}],"wp:attachment":[{"href":"https:\/\/sisu.ut.ee\/youngfolklorists2025\/wp-json\/wp\/v2\/media?parent=29"}],"curies":[{"name":"wp","href":"https:\/\/api.w.org\/{rel}","templated":true}]}}