{"id":9,"date":"2024-04-03T23:16:21","date_gmt":"2024-04-03T20:16:21","guid":{"rendered":"https:\/\/sisu.ut.ee\/ykp1\/miks-need-kolm-koorijuhti\/"},"modified":"2024-04-11T14:08:39","modified_gmt":"2024-04-11T11:08:39","slug":"miks-need-kolm-koorijuhti","status":"publish","type":"page","link":"https:\/\/sisu.ut.ee\/ykp1\/miks-need-kolm-koorijuhti\/","title":{"rendered":"Miks need kolm koorijuhti?"},"content":{"rendered":"<p><span style=\"font-family: verdana,geneva; font-size: small;\"><strong>Miks osutusid vangistatuteks just need kolm koorijuhti?<\/strong>\u00a0 P\u00e4rast patukahetsuskirjade avaldamist olid P\u00e4ts ja Vettik avalikkuse jaoks \u201evaenlastena\u201c \u00e4ra markeeritud, t\u00f5endeid nende vastu oli kogunenud piisavalt.<\/span><\/p>\n<p><span style=\"font-family: verdana,geneva; font-size: small;\"><strong>Karindi juhtum<\/strong> oli alguspunkti osas siiski teiseilmeline, tema jaoks hakkasid s\u00fcndmused ootamatus suunas arenema 1944. a novembris, kui s\u00f5jast j\u00f5udis tagasi 1941. a Punaarmeesse mobiliseeritud vend. Alfred Karindi t\u00f5ttas kohvilaua jaoks naabrite juurest piima tooma. Ootamatult selgus, et Rannam\u00f5isa piirkond oli muudetud keelutsooniks, elanikke sellest teavitamata, nii v\u00f5eti Karindi piiririkkujana kinni ning toimetati esmalt Harku piirivalvekordonisse, sealt edasi juba \u00fclekuulamisele Tallinnasse Pagari t\u00e4navale. Kuue p\u00e4eva p\u00e4rast vabastati Karindi tingimusel, et ta teeb julgeolekuga koost\u00f6\u00f6d \u201e\u00fcmbruskonna puhastamiseks n\u00f5ukogude korra vastastest\u201c. Reaalsest koost\u00f6\u00f6st hoidis Karindi k\u00f5rvale, veelgi enam, 1949. a oktoobris tegi ta julgeolekule avalduse oma allkirjast lahti\u00fctlemise kohta, millega ta agentide nimekirjast kustutati, tema selline tegevus kvalifitseeriti kuritegelikuks ning m\u00f5ne aja p\u00e4rast kirjutati Karindi suhtes v\u00e4lja vahistamism\u00e4\u00e4rus, mis realiseerus <strong>2. veebruaril 1950<\/strong>.<\/span><\/p>\n<p><span style=\"font-family: verdana,geneva; font-size: small;\">1949. a oktoobris tehti Karindile \u00fclesandeks j\u00e4lgida P\u00e4tsi ja Vettiku tegevust, millest ta keeldus. Selline samm ei saanud karistuseta j\u00e4\u00e4da, k\u00fcsimus oli ilmselt vaid karistatavate ringi suuruses, keda koos Karindiga veel s\u00fc\u00fcpinki t\u00f5mmata? Vaid paar p\u00e4eva enne Karindi vahistamist kutsuti julgeolekusse tunnistusi andma <strong>Nikolai Goldschmidt<\/strong>. Tegu on muusikategelasega, kes oli Eesti Vabariigi ajal tegev Tallinna T\u00f6\u00f6lismuusika \u00dchingu juhina ja kes n\u00e4itas \u00fcles agarust n\u00f5ukogude v\u00f5imu kehtestamisel lootuses saada konservatooriumi direktoriks, 1930. aastatel olid tal \u00a0kontaktid N\u00f5ukogude saatkonnaga, s\u00f5ja ajal n\u00f5ukogude tagalas v\u00e4rvati ta \u201evalvama\u201c Semperi jt j\u00e4rele, ta j\u00e4tkas andmete edastamist julgeolekule ka hiljem. Jaanuaris 1951 Goldschmidt arreteeriti ja arvati agentuurist v\u00e4lja kuna tema viimased ettekanded olid olnud liiga \u00fcldised ja v\u00e4hev\u00e4\u00e4rtuslikud.<\/span><\/p>\n<p><span style=\"font-family: verdana,geneva; font-size: small;\">Kolme helilooja juhtumi puhul on Nikolai Goldschmidti tunnistustel oluline koht. P\u00e4rast tema tunnistusi oli uurijal vajalik s\u00fc\u00fcasi p\u00f5hipunktides koos, millele tuli veel m\u00f5ningast t\u00e4iendust ning s\u00fc\u00fcaluste \u00fclestunnistused juurde hankida. <strong>30. jaanuaril 1950<\/strong> r\u00e4\u00e4kis Goldschmidt \u00fcsna p\u00f5hjalikult P\u00e4tsi, Vettiku, Karindi n\u00f5ukogudevastasest tegevusest Eesti Vabariigi, saksa okupatsiooni ning n\u00f5ukogude ajal. Sellega t\u00e4itis ta talle pandud \u00fclesande. Kuid tema teenetele vaatamata, ei \u00f5nnestunud tal saada laiemat tunnustust, mida ta elas v\u00e4lja s\u00f5nav\u00f5ttudega \u00a0koosolekutel, kirjades parteile v\u00f5i ettekannetes julgeolekule, \u00f5ige pea muutus ta julgeolekule \u00fcleliigseks.<\/span><\/p>\n<p><span style=\"font-family: verdana,geneva; font-size: small;\">P\u00e4rast Karindi vahistamist ning esmast \u00fclekuulamist, j\u00e4eti ta ootele, tema uus \u201et\u00f6\u00f6tlemine\u201c algas k\u00fcmne p\u00e4eva p\u00e4rast <strong>16. veebruaril<\/strong>, samal p\u00e4eval arreteeriti <strong>Vettik<\/strong> ja koostati alus P\u00e4tsi vahistamiseks. Muusikute juhtumit m\u00e4\u00e4rati uurima <strong>leitnant Kljutsko<\/strong>, kes juurdluse hilisemas faasis vahetati v\u00e4lja <strong>uurijate K\u00fctt ja Leppik<\/strong> vastu. Vettiku esmane viis p\u00e4eva kestev k\u00fcsitlusvoor algas p\u00fchap\u00e4eval, 19. veebruari l\u00f5una ajal. <strong>Riho P\u00e4tsi<\/strong> esimene \u00fclekuulamine leidis aset <strong>3. m\u00e4rtsi<\/strong> \u00f6\u00f6tundidel. Lisaks iseenda tegevusele tuli meestel \u00fclekuulamistel aru anda ka teiste, s\u00f5prade, kolleegide, sugulaste tegevusest, uurija Kljutsko asus kaardistama s\u00f5pruskondi, formalistlikke grupeeringuid, et heliloojate tegevusele laiemat \u201ckuritegelikku sisu\u201d anda.<\/span><\/p>\n<p><span style=\"font-family: verdana,geneva; font-size: small;\">P\u00e4ts, Vettik, Karindi. (Fotod:Isikute uurimistoimikud, ERAF)<\/span><\/p>\n\n\n<figure class=\"wp-block-gallery has-nested-images columns-3 is-cropped wp-block-gallery-1 is-layout-flex wp-block-gallery-is-layout-flex\">\n<figure class=\"wp-block-image size-large\"><a href=\"https:\/\/sisu.ut.ee\/wp-content\/uploads\/sites\/71\/pats-scaled.jpg\"><img decoding=\"async\" data-id=\"22\" src=\"https:\/\/sisu.ut.ee\/wp-content\/uploads\/sites\/71\/pats-scaled.jpg\" alt=\"\" class=\"wp-ima&lt;\/figcaption&gt;&lt;\/figure&gt;\n\n\n\n&lt;figure class=\" wp-block-image size-large><\/a><a href=\"https:\/\/sisu.ut.ee\/wp-content\/uploads\/sites\/71\/vettik.jpg\"><img decoding=\"async\" data-id=\"23\" src=\"https:\/\/sisu.ut.ee\/wp-content\/uploads\/sites\/71\/vettik.jpg\" alt=\"\" class=\"wp-ima&lt;\/figcaption&gt;&lt;\/figure&gt;\n\n\n\n&lt;figure class=\" wp-block-image size-large><\/a><a href=\"https:\/\/sisu.ut.ee\/wp-content\/uploads\/sites\/71\/karindi-scaled.jpg\"><img decoding=\"async\" data-id=\"24\" src=\"https:\/\/sisu.ut.ee\/wp-content\/uploads\/sites\/71\/karindi-scaled.jpg\" alt=\"\" class=\"wp-ima&lt;\/figcaption&gt;&lt;\/figure&gt;\n&lt;\/figure&gt;\n\"><\/a><\/figure><\/figure>","protected":false},"excerpt":{"rendered":"<p>Miks osutusid vangistatuteks just need kolm koorijuhti?\u00a0 P\u00e4rast patukahetsuskirjade avaldamist olid P\u00e4ts ja Vettik avalikkuse jaoks \u201evaenlastena\u201c \u00e4ra markeeritud, t\u00f5endeid nende vastu oli kogunenud piisavalt. Karindi juhtum oli alguspunkti osas siiski teiseilmeline, tema jaoks hakkasid s\u00fcndmused ootamatus suunas arenema 1944. &#8230;<\/p>\n","protected":false},"author":26,"featured_media":0,"parent":0,"menu_order":0,"comment_status":"closed","ping_status":"closed","template":"","meta":{"_acf_changed":false,"inline_featured_image":false,"footnotes":""},"class_list":["post-9","page","type-page","status-publish","hentry"],"acf":[],"_links":{"self":[{"href":"https:\/\/sisu.ut.ee\/ykp1\/wp-json\/wp\/v2\/pages\/9","targetHints":{"allow":["GET"]}}],"collection":[{"href":"https:\/\/sisu.ut.ee\/ykp1\/wp-json\/wp\/v2\/pages"}],"about":[{"href":"https:\/\/sisu.ut.ee\/ykp1\/wp-json\/wp\/v2\/types\/page"}],"author":[{"embeddable":true,"href":"https:\/\/sisu.ut.ee\/ykp1\/wp-json\/wp\/v2\/users\/26"}],"replies":[{"embeddable":true,"href":"https:\/\/sisu.ut.ee\/ykp1\/wp-json\/wp\/v2\/comments?post=9"}],"version-history":[{"count":3,"href":"https:\/\/sisu.ut.ee\/ykp1\/wp-json\/wp\/v2\/pages\/9\/revisions"}],"predecessor-version":[{"id":98,"href":"https:\/\/sisu.ut.ee\/ykp1\/wp-json\/wp\/v2\/pages\/9\/revisions\/98"}],"wp:attachment":[{"href":"https:\/\/sisu.ut.ee\/ykp1\/wp-json\/wp\/v2\/media?parent=9"}],"curies":[{"name":"wp","href":"https:\/\/api.w.org\/{rel}","templated":true}]}}