{"id":8,"date":"2024-04-03T23:16:21","date_gmt":"2024-04-03T20:16:21","guid":{"rendered":"https:\/\/sisu.ut.ee\/ykp1\/isiku-tutvustus\/"},"modified":"2024-04-03T23:18:34","modified_gmt":"2024-04-03T20:18:34","slug":"isiku-tutvustus","status":"publish","type":"page","link":"https:\/\/sisu.ut.ee\/ykp1\/isiku-tutvustus\/","title":{"rendered":"Isiku tutvustus"},"content":{"rendered":"<p><span style=\"font-family: verdana,geneva;font-size: small\"><img loading=\"lazy\" decoding=\"async\" width=\"287\" height=\"260\" class=\"alignnone wp-image-21\" style=\"float: left\" src=\"https:\/\/sisu.ut.ee\/wp-content\/uploads\/sites\/71\/pats_klaver.jpg\" title=\"pats_klaver.jpg\" alt=\"pats_klaver.jpg\">Helilooja, koorijuht, muusikaajakirjanik <strong>Riho P\u00e4ts<\/strong> (26.06.1899 Tartu \u2013 15.01.1977 Tallinn) s\u00fcndis 1899. aastal Tartus. <\/span>(Foto: Internet)<\/p>\n<p><span style=\"font-family: verdana,geneva;font-size: small\">Muusika\u00f5pinguid alustas ta 1915. aastal eraviisiliselt Mart Saare juures, 1920. aastast \u00f5ppis Tartu K\u00f5rgemas Muusikakoolis, 1923-1927 \u00f5ppis ta Tallinna konservatooriumis esialgu Artur Lemba klaveriklassis, hiljem Artur Kapi juures kompositsiooni erialal. Riho P\u00e4ts t\u00f6\u00f6tas paljudes koolides muusika\u00f5petajana ning oli aastatel 1940-1941 ja 1944-1950 Tallinna Riikliku Konservatooriumi \u00f5ppej\u00f5ud. 1950. aastal P\u00e4ts arreteeriti ja saadeti Vjatka sunnit\u00f6\u00f6laagrisse, kust vabanes 1955. a novembris (rehabiliteeriti 1968. a.). Vabanenuna asus t\u00f6\u00f6le Tallinna Pedagoogilisse Instituuti (1956-1972). P\u00e4tsi elut\u00f6\u00f6ks sai muusikapedagoogika edendamine Eestis, ta oli paljude \u00f5pikute, laulikute ja t\u00f6\u00f6vihikute koostaja, nt \u201eLeelo\u201c, \u201eLemmiklaulik\u201c, \u201eKlaverim\u00e4ngu \u00f5petus\u201c jpt. P\u00e4ts pidas v\u00e4ga oluliseks, et lapsed \u00f5piksid eakohaseid ja tingimata h\u00e4id laule. Ta juhatas mitmeid koolikoore ja oli laulupidudel lastekooride \u00fcldjuht. Tema abikaasa, Made P\u00e4ts-Jakobson (1896-1953) oli tuntud lauljanna ja laulupedagoog (abikaasa arreteerimise ajal oli ta Konservatooriumi dotsent). Nende t\u00fctar Leelo P\u00e4ts-K\u00f5lar (s\u00fcnd 1927) on samuti muusikapedagoog (isa arreteerimise ajal Konservatooriumi 5. kursuse tudeng ja \u00f5petaja muusikakoolis).<\/span><\/p>\n<p><span style=\"font-family: verdana,geneva;font-size: small\">Veel: Aastatel 1930-40 oli Riho P\u00e4ts ajakirja \u201eMuusikaleht\u201c toimetaja, kuulus Eesti Akadeemilisse Helikunsti Seltsi, Eesti Autorikaitse \u00fchingusse, Eesti Lauljate Liidu juhatuse liige. 1940 m\u00e4\u00e4rati m\u00f5neks ajaks Tallinna Riikliku Konservatooriumi direktori kohuset\u00e4itjaks, samal ajal professor. 1941, Saksa okupatsiooni ajal vabastati t\u00f6\u00f6lt, t\u00f6\u00f6tas seej\u00e4rel Tallinna \u00d5petajate Seminaris. 1944 kutsuti Konservatooriumisse tagasi, oli interpretatsiooniteaduskonna dekaan ja muusikapedagoogika kateedri professor, 1948. aastast dotsent. Oli \u00fcks 1947. aastal toimunud laulupeo \u00fcldjuhte.<\/span><\/p>\n","protected":false},"excerpt":{"rendered":"<p>Helilooja, koorijuht, muusikaajakirjanik Riho P\u00e4ts (26.06.1899 Tartu \u2013 15.01.1977 Tallinn) s\u00fcndis 1899. aastal Tartus. (Foto: Internet) Muusika\u00f5pinguid alustas ta 1915. aastal eraviisiliselt Mart Saare juures, 1920. aastast \u00f5ppis Tartu K\u00f5rgemas Muusikakoolis, 1923-1927 \u00f5ppis ta Tallinna konservatooriumis esialgu Artur Lemba klaveriklassis, &#8230;<\/p>\n","protected":false},"author":26,"featured_media":0,"parent":0,"menu_order":0,"comment_status":"closed","ping_status":"closed","template":"","meta":{"_acf_changed":false,"inline_featured_image":false,"footnotes":""},"class_list":["post-8","page","type-page","status-publish","hentry"],"acf":[],"_links":{"self":[{"href":"https:\/\/sisu.ut.ee\/ykp1\/wp-json\/wp\/v2\/pages\/8","targetHints":{"allow":["GET"]}}],"collection":[{"href":"https:\/\/sisu.ut.ee\/ykp1\/wp-json\/wp\/v2\/pages"}],"about":[{"href":"https:\/\/sisu.ut.ee\/ykp1\/wp-json\/wp\/v2\/types\/page"}],"author":[{"embeddable":true,"href":"https:\/\/sisu.ut.ee\/ykp1\/wp-json\/wp\/v2\/users\/26"}],"replies":[{"embeddable":true,"href":"https:\/\/sisu.ut.ee\/ykp1\/wp-json\/wp\/v2\/comments?post=8"}],"version-history":[{"count":1,"href":"https:\/\/sisu.ut.ee\/ykp1\/wp-json\/wp\/v2\/pages\/8\/revisions"}],"predecessor-version":[{"id":82,"href":"https:\/\/sisu.ut.ee\/ykp1\/wp-json\/wp\/v2\/pages\/8\/revisions\/82"}],"wp:attachment":[{"href":"https:\/\/sisu.ut.ee\/ykp1\/wp-json\/wp\/v2\/media?parent=8"}],"curies":[{"name":"wp","href":"https:\/\/api.w.org\/{rel}","templated":true}]}}