{"id":6,"date":"2024-04-03T23:16:21","date_gmt":"2024-04-03T20:16:21","guid":{"rendered":"https:\/\/sisu.ut.ee\/ykp1\/ajastu-tutvustus\/"},"modified":"2024-04-03T23:18:34","modified_gmt":"2024-04-03T20:18:34","slug":"ajastu-tutvustus","status":"publish","type":"page","link":"https:\/\/sisu.ut.ee\/ykp1\/ajastu-tutvustus\/","title":{"rendered":"Ajastu tutvustus"},"content":{"rendered":"<p><span style=\"font-family: verdana,geneva;font-size: small\">N\u00f5ukogude v\u00f5imu kehtestamine Balti riikides 1940. a suvel toimus erinevate meetmete toel. Kuigi Eesti poliitikud allusid NSVL poolt esitatud n\u00f5udmistele, soovides sel moel oma rahvast kaitsta, valides s\u00f5ja asemel rahu, osutus saavutatud rahu olukord n\u00e4iliseks. N\u00f5ukogude mudeli juuru\u00adtamine t\u00e4hendas rahva eluj\u00e4rje j\u00e4rsku halvenemist, 20 aastat omariiklust maitsta saanud riigis jagus inimesi, kes suutnuksid vastupanu organiseerida. Seda k\u00f5ike tuli ennetada, see t\u00e4hendas et Eesti \u00fchiskonnalt tuli kiirelt \u00fcle v\u00f5tta tema relvaj\u00f5ud ja juhtiv elavj\u00f5ud, mis t\u00e4hendas inimeste arreteerimist. Nii sai inimeste vahistamisest, nende hukkamisest, NSVL sunnit\u00f6\u00f6laagritesse ja asumisele saatmisest \u00fcks n\u00f5ukogude v\u00f5imu kindlustamise komponentidest. <\/span><\/p>\n<p><span style=\"font-family: verdana,geneva;font-size: small\">Stalinismi perioodil (1940-1953) l\u00e4bi viidud \u201cpuhastuste\u201d abil vabaneti poliitilistest vastastest (nii tegelikest kui kujuteldavatest), ideoloogiliselt valedest, vaenulikku suhtumist ilmutavatest ja potentsiaalset opositsiooni kandvatest isikutest. Re\u017eiimi vastastest tehti mitte ainult n\u00f5ukogude riigi vaid kogu rahva vaenlased, nende otsimise ja paljastamise kampaa\u00adniad olid iseloomulikud kogu n\u00f5ukogude ajale. Represseerimisega kaasnenud hirmu \u00f5hkkond sundis inimesi toimuvate muutustega kohanema ja uusi elustrateegiaid valima.<\/span><\/p>\n<p><span style=\"font-family: verdana,geneva;font-size: small\"><img loading=\"lazy\" decoding=\"async\" width=\"1057\" height=\"848\" class=\"alignnone wp-image-18\" src=\"https:\/\/sisu.ut.ee\/wp-content\/uploads\/sites\/71\/ulekuulamine_potsast2.jpg\" title=\"ulekuulamine_potsast2.jpg\" alt=\"ulekuulamine_potsast2.jpg\" srcset=\"https:\/\/sisu.ut.ee\/wp-content\/uploads\/sites\/71\/ulekuulamine_potsast2.jpg 1057w, https:\/\/sisu.ut.ee\/wp-content\/uploads\/sites\/71\/ulekuulamine_potsast2-300x241.jpg 300w, https:\/\/sisu.ut.ee\/wp-content\/uploads\/sites\/71\/ulekuulamine_potsast2-1024x822.jpg 1024w, https:\/\/sisu.ut.ee\/wp-content\/uploads\/sites\/71\/ulekuulamine_potsast2-768x616.jpg 768w\" sizes=\"auto, (max-width: 1057px) 100vw, 1057px\"><\/span><\/p>\n<p>\u00dclekuulamine. (Foto: erakogu)<\/p>\n","protected":false},"excerpt":{"rendered":"<p>N\u00f5ukogude v\u00f5imu kehtestamine Balti riikides 1940. a suvel toimus erinevate meetmete toel. Kuigi Eesti poliitikud allusid NSVL poolt esitatud n\u00f5udmistele, soovides sel moel oma rahvast kaitsta, valides s\u00f5ja asemel rahu, osutus saavutatud rahu olukord n\u00e4iliseks. N\u00f5ukogude mudeli juuru\u00adtamine t\u00e4hendas rahva &#8230;<\/p>\n","protected":false},"author":26,"featured_media":0,"parent":0,"menu_order":0,"comment_status":"closed","ping_status":"closed","template":"","meta":{"_acf_changed":false,"inline_featured_image":false,"footnotes":""},"class_list":["post-6","page","type-page","status-publish","hentry"],"acf":[],"_links":{"self":[{"href":"https:\/\/sisu.ut.ee\/ykp1\/wp-json\/wp\/v2\/pages\/6","targetHints":{"allow":["GET"]}}],"collection":[{"href":"https:\/\/sisu.ut.ee\/ykp1\/wp-json\/wp\/v2\/pages"}],"about":[{"href":"https:\/\/sisu.ut.ee\/ykp1\/wp-json\/wp\/v2\/types\/page"}],"author":[{"embeddable":true,"href":"https:\/\/sisu.ut.ee\/ykp1\/wp-json\/wp\/v2\/users\/26"}],"replies":[{"embeddable":true,"href":"https:\/\/sisu.ut.ee\/ykp1\/wp-json\/wp\/v2\/comments?post=6"}],"version-history":[{"count":1,"href":"https:\/\/sisu.ut.ee\/ykp1\/wp-json\/wp\/v2\/pages\/6\/revisions"}],"predecessor-version":[{"id":84,"href":"https:\/\/sisu.ut.ee\/ykp1\/wp-json\/wp\/v2\/pages\/6\/revisions\/84"}],"wp:attachment":[{"href":"https:\/\/sisu.ut.ee\/ykp1\/wp-json\/wp\/v2\/media?parent=6"}],"curies":[{"name":"wp","href":"https:\/\/api.w.org\/{rel}","templated":true}]}}