{"id":4,"date":"2024-04-03T23:16:21","date_gmt":"2024-04-03T20:16:21","guid":{"rendered":"https:\/\/sisu.ut.ee\/ykp1\/avaleht\/"},"modified":"2024-04-11T14:04:53","modified_gmt":"2024-04-11T11:04:53","slug":"avaleht","status":"publish","type":"page","link":"https:\/\/sisu.ut.ee\/ykp1\/","title":{"rendered":"Avaleht"},"content":{"rendered":"<p align=\"center\"><span style=\"color: #000000;font-family: verdana,geneva;font-size: small\">Autor: <strong>Aigi Rahi-Tamm<br><\/strong><span style=\"line-height: 1.6em\">T\u00dc Ajaloo ja arheoloogia instituut, dotsent<br><\/span><\/span><span style=\"font-family: verdana,geneva;font-size: small;color: #000000\"><strong>2013<\/strong><\/span><\/p>\n<p><span style=\"font-family: verdana,geneva;font-size: small\"><strong>NKVD \u00fclekuulamisprotokollid<\/strong> on kaheldamatult \u00fcks keerulisemaid ja emotsionaalsemaid ajaloo allikaid. Nende materjalide lugemine ja t\u00f5lgendamine n\u00f5uab h\u00e4id erialaseid oskusi ning ajastu erip\u00e4rade tundmist. K\u00e4esolev \u00f5piobjekt annab esmaseid baasteadmisi selle allikaliigi tundma\u00f5ppimiseks ja kasutamiseks.<\/span><\/p>\n<p><span style=\"font-family: verdana,geneva;font-size: small\">\u00d5piobjekti maht: <strong>0,15 EAP<\/strong><\/span><\/p>\n<p><span style=\"font-family: verdana,geneva;font-size: small\"><strong>Sihtr\u00fchm:<\/strong> ajaloo eriala magistrandid, doktorandid<\/span><\/p>\n<p><span style=\"font-family: verdana,geneva;font-size: small\">\u00d5piobjekt sisaldab k\u00fcmme alapeat\u00fckki mis kujundavad \u00fclekuulamisprotokollide lugemiseks vajaliku raamistiku. Materjali tundma\u00f5ppimiseks on vene keelne alustekst t\u00f5lgitud eesti keelde ning seotud testiga, mis annab \u00fclevaate isikule esitatud s\u00fc\u00fcdistustest ning \u00f5petab tundma \u00f5ppima v\u00f5imude loogikat \u201evaenlasteks\u201c nimetatud isikute \u201et\u00f6\u00f6tlemisel\u201c.<\/span><\/p>\n<p><span style=\"font-family: verdana,geneva;font-size: small\"><strong>Eesm\u00e4rgid:<\/strong> Tudengid omandavad algteadmised k\u00e4sitletava allikaliigi erip\u00e4radest, ajastu konteksti teadmise vajalikkusest, milleta ei ole materjal kasutatav. <\/span><\/p>\n<p><span style=\"font-family: verdana,geneva;font-size: small\"><strong>\u00d5piv\u00e4ljundid:<\/strong> \u00d5piobjekti l\u00e4bit\u00f6\u00f6tanud \u00fcli\u00f5pilane on v\u00f5imeline looma p\u00f5hjus-tagaj\u00e4rg seoseid isiku tegevuse ja selle partei ning julgeoleku poolse t\u00f5lgendamise vahel stalinismi oludes, \u00fcli\u00f5pilane oskab anal\u00fc\u00fcsida s\u00fcndmuste vahelisi arenguid.<\/span><\/p>\n<p><span style=\"font-family: verdana,geneva;font-size: small\"><strong>\u00d5pijuhis:<\/strong> Loe m\u00f5testatult l\u00e4bi alapeat\u00fckid ja soorita enesekontrolli test.\u00a0\u00a0<\/span><\/p>\n<p><span style=\"font-family: verdana,geneva;font-size: small\"><strong>\u00a0<img loading=\"lazy\" decoding=\"async\" width=\"1496\" height=\"784\" class=\"alignnone wp-image-16\" src=\"https:\/\/sisu.ut.ee\/wp-content\/uploads\/sites\/71\/toimiku_kaaned.png\" title=\"toimiku_kaaned.png\" alt=\"toimiku_kaaned.png\" srcset=\"https:\/\/sisu.ut.ee\/wp-content\/uploads\/sites\/71\/toimiku_kaaned.png 1496w, https:\/\/sisu.ut.ee\/wp-content\/uploads\/sites\/71\/toimiku_kaaned-300x157.png 300w, https:\/\/sisu.ut.ee\/wp-content\/uploads\/sites\/71\/toimiku_kaaned-1024x537.png 1024w, https:\/\/sisu.ut.ee\/wp-content\/uploads\/sites\/71\/toimiku_kaaned-768x402.png 768w\" sizes=\"auto, (max-width: 1496px) 100vw, 1496px\"><\/strong><\/span><\/p>\n<p>Arreteeritute uurimistoimikud, ERAF. (Foto: erakogu)<\/p>\n","protected":false},"excerpt":{"rendered":"<p>Autor: Aigi Rahi-TammT\u00dc Ajaloo ja arheoloogia instituut, dotsent2013 NKVD \u00fclekuulamisprotokollid on kaheldamatult \u00fcks keerulisemaid ja emotsionaalsemaid ajaloo allikaid. Nende materjalide lugemine ja t\u00f5lgendamine n\u00f5uab h\u00e4id erialaseid oskusi ning ajastu erip\u00e4rade tundmist. K\u00e4esolev \u00f5piobjekt annab esmaseid baasteadmisi selle allikaliigi tundma\u00f5ppimiseks ja &#8230;<\/p>\n","protected":false},"author":26,"featured_media":0,"parent":0,"menu_order":0,"comment_status":"closed","ping_status":"closed","template":"","meta":{"_acf_changed":false,"inline_featured_image":false,"footnotes":""},"class_list":["post-4","page","type-page","status-publish","hentry"],"acf":[],"_links":{"self":[{"href":"https:\/\/sisu.ut.ee\/ykp1\/wp-json\/wp\/v2\/pages\/4","targetHints":{"allow":["GET"]}}],"collection":[{"href":"https:\/\/sisu.ut.ee\/ykp1\/wp-json\/wp\/v2\/pages"}],"about":[{"href":"https:\/\/sisu.ut.ee\/ykp1\/wp-json\/wp\/v2\/types\/page"}],"author":[{"embeddable":true,"href":"https:\/\/sisu.ut.ee\/ykp1\/wp-json\/wp\/v2\/users\/26"}],"replies":[{"embeddable":true,"href":"https:\/\/sisu.ut.ee\/ykp1\/wp-json\/wp\/v2\/comments?post=4"}],"version-history":[{"count":2,"href":"https:\/\/sisu.ut.ee\/ykp1\/wp-json\/wp\/v2\/pages\/4\/revisions"}],"predecessor-version":[{"id":95,"href":"https:\/\/sisu.ut.ee\/ykp1\/wp-json\/wp\/v2\/pages\/4\/revisions\/95"}],"wp:attachment":[{"href":"https:\/\/sisu.ut.ee\/ykp1\/wp-json\/wp\/v2\/media?parent=4"}],"curies":[{"name":"wp","href":"https:\/\/api.w.org\/{rel}","templated":true}]}}