{"id":13,"date":"2024-04-03T23:16:22","date_gmt":"2024-04-03T20:16:22","guid":{"rendered":"https:\/\/sisu.ut.ee\/ykp1\/kirjandus\/"},"modified":"2024-04-03T23:18:34","modified_gmt":"2024-04-03T20:18:34","slug":"kirjandus","status":"publish","type":"page","link":"https:\/\/sisu.ut.ee\/ykp1\/kirjandus\/","title":{"rendered":"Kirjandus"},"content":{"rendered":"<p><span style=\"font-family: verdana,geneva;font-size: small\">Riho P\u00e4ts. Oh seda endista eluda\u2026 Meenutusi m\u00f6\u00f6dunud aegadest. Toim L. K\u00f5lar, A. Liimets. Tallinna Pedagoogika\u00fclikool, Tallinn, 1999.<\/span><\/p>\n<p><span style=\"font-family: verdana,geneva;font-size: small\">Helju Tauk. Muusikast v\u00f5lutud. Ilmamaa, 2010.<\/span><\/p>\n<p><span style=\"font-family: verdana,geneva;font-size: small\">Urve Lippus. Muutuste k\u00fcmnend. EV Tallinna Konservatooriumi l\u00f5pp ja TRK algus. Eesti muusika- ja teatriakadeemia, Tallinn, 2011.<\/span><\/p>\n<p><span style=\"font-family: verdana,geneva;font-size: small\">Urve Lippus. Eesti muusika kaotused n\u00f5ukogude okupatsiooni l\u00e4bi. \u2013 Kannatuste aastad 1940\u20131941. 1. vihik. SA Valge Raamat, Tallinn, 2008.<\/span><\/p>\n<p><span style=\"font-family: verdana,geneva;font-size: small\">Monika Topman. Tallinna Riiklik Konservatoorium 1940. aastate teisel poolel. \u2013 Eesti kultuur 1940. aastate teisel poolel. Toim. K. ja M. Kirme. Tallinna Pedagoogika\u00fclikooli Toimetised, A 19 Humaniora. Tallinn, 2001.<\/span><\/p>\n<p><span style=\"font-family: verdana,geneva;font-size: small\">Toomas Karjah\u00e4rm, Helle-Mai Luts. Kultuurigenotsiid Eestis. Kunstnikud ja muusikud 1940-1953. Argo, 2005.<\/span><\/p>\n<p><span style=\"font-family: verdana,geneva;font-size: small\">Sirje Annist. Tartu haritlaste vestlused NKVD-ga 1945-1946. \u2013 Varia historica I. Eesti Ajaloomuuseum. T\u00f6id ajaloo alalt 6. Tallinn, 2006.<\/span><\/p>\n<p><span style=\"font-family: verdana,geneva;font-size: small\">V\u00e4ino Sirk. Haritlaskond osutus visaks vastaseks. Jooni stalinlikust intelligentsipoliitikast. \u2013 Tuna, 1, 2004.<\/span><\/p>\n<p><span style=\"font-family: verdana,geneva;font-size: small\">Tiina \u00d5un. Vastuoluline Nikolai Goldschmidt. \u2013 Teater. Muusika. Kino, 1994, 8-9.<span style=\"color: red\"><\/span><\/span><\/p>\n<p><span style=\"font-family: verdana,geneva;font-size: small\">Laine Randj\u00e4rv. Sillad \u00fcle piiride. Tuudur Vettiku kirjad abikaasa Lonni Paigaline-Vettikule aastatel 1955-1956. Tuudur Vettiku ja Roland Laasm\u00e4e kirjavahetus aastatel 1959-1975. Tallinn, 2012.<\/span><\/p>\n<p><span style=\"font-family: verdana,geneva;font-size: small\">Aigi Rahi-Tamm, Meelis Saueauk. <\/span>N\u00f5ukogude julgeolekuasutuste Stalini-aegseist \u00fclekuulamisprotokollidest: Allikakriitiline \u00fclevaade. Eesti Ajalooarhiivi toimetised = Acta et commentationes Archivi Historici Estoniae, 23 (30), 2015, 218\u2212243.<\/p>\n<p><span style=\"font-family: verdana,geneva;font-size: small\"><\/span><\/p>\n<p><span style=\"font-family: verdana,geneva;font-size: small\">\u00a0<\/span><\/p>\n","protected":false},"excerpt":{"rendered":"<p>Riho P\u00e4ts. Oh seda endista eluda\u2026 Meenutusi m\u00f6\u00f6dunud aegadest. Toim L. K\u00f5lar, A. Liimets. Tallinna Pedagoogika\u00fclikool, Tallinn, 1999. Helju Tauk. Muusikast v\u00f5lutud. Ilmamaa, 2010. Urve Lippus. Muutuste k\u00fcmnend. EV Tallinna Konservatooriumi l\u00f5pp ja TRK algus. Eesti muusika- ja teatriakadeemia, Tallinn, &#8230;<\/p>\n","protected":false},"author":26,"featured_media":0,"parent":0,"menu_order":0,"comment_status":"closed","ping_status":"closed","template":"","meta":{"_acf_changed":false,"inline_featured_image":false,"footnotes":""},"class_list":["post-13","page","type-page","status-publish","hentry"],"acf":[],"_links":{"self":[{"href":"https:\/\/sisu.ut.ee\/ykp1\/wp-json\/wp\/v2\/pages\/13","targetHints":{"allow":["GET"]}}],"collection":[{"href":"https:\/\/sisu.ut.ee\/ykp1\/wp-json\/wp\/v2\/pages"}],"about":[{"href":"https:\/\/sisu.ut.ee\/ykp1\/wp-json\/wp\/v2\/types\/page"}],"author":[{"embeddable":true,"href":"https:\/\/sisu.ut.ee\/ykp1\/wp-json\/wp\/v2\/users\/26"}],"replies":[{"embeddable":true,"href":"https:\/\/sisu.ut.ee\/ykp1\/wp-json\/wp\/v2\/comments?post=13"}],"version-history":[{"count":1,"href":"https:\/\/sisu.ut.ee\/ykp1\/wp-json\/wp\/v2\/pages\/13\/revisions"}],"predecessor-version":[{"id":77,"href":"https:\/\/sisu.ut.ee\/ykp1\/wp-json\/wp\/v2\/pages\/13\/revisions\/77"}],"wp:attachment":[{"href":"https:\/\/sisu.ut.ee\/ykp1\/wp-json\/wp\/v2\/media?parent=13"}],"curies":[{"name":"wp","href":"https:\/\/api.w.org\/{rel}","templated":true}]}}