{"id":12,"date":"2024-04-03T23:16:22","date_gmt":"2024-04-03T20:16:22","guid":{"rendered":"https:\/\/sisu.ut.ee\/ykp1\/suuasja-komponendid\/"},"modified":"2024-04-03T23:18:34","modified_gmt":"2024-04-03T20:18:34","slug":"suuasja-komponendid","status":"publish","type":"page","link":"https:\/\/sisu.ut.ee\/ykp1\/suuasja-komponendid\/","title":{"rendered":"S\u00fc\u00fcasja komponendid"},"content":{"rendered":"<p><span style=\"font-family: verdana,geneva;font-size: small\"><strong>Mis olid need \u201evead\u201c Eesti muusikaelus, mille \u00fcmber s\u00fc\u00fcdistusi p\u00f5imiti?<\/strong><\/span><\/p>\n<p><span style=\"font-family: verdana,geneva;font-size: small\">K\u00f5iki kolme s\u00fc\u00fcdistati kodanlikus natsionalismis ja n\u00f5ukogudevastases tegevuses, mis avaldus nende vaadetes, loomingus, t\u00f6\u00f6- ja \u00f5ppemeetodites, suhtlemises tudengitega ning minevikus, millest nad vabaneda polnud suutnud. <\/span><\/p>\n<table class=\"table table-hover\" style=\"width: 700px;height: 724px\" border=\"0\">\n<tbody>\n<tr>\n<td><img loading=\"lazy\" decoding=\"async\" width=\"211\" height=\"254\" class=\"alignnone wp-image-56\" src=\"https:\/\/sisu.ut.ee\/wp-content\/uploads\/sites\/71\/paragrahv2.jpg\" title=\"paragrahv2.jpg\" alt=\"paragrahv2.jpg\"><\/td>\n<td style=\"background-color: #f4f2ed\">\n<p><span style=\"font-family: verdana,geneva;font-size: small\">22. detsembril 1950 j\u00f5udis <strong>Riho P\u00e4tsi<\/strong> asi ENSV \u00dclemkohtusse, kus ta paragrahvide 58-3, 58-10 lg 1, 2 alusel 25+5 aastaks vangistusse m\u00f5isteti s\u00fc\u00fcdistatuna kokkuv\u00f5tvalt j\u00e4rgmistes punktides: <\/span><\/p>\n<ul>\n<li><span style=\"font-family: verdana,geneva;font-size: small\">oli kodanlik natsionalist ja n\u00f5ukogudevastaselt meelestatud isik, <\/span><\/li>\n<li><span style=\"font-family: verdana,geneva;font-size: small\">tegi aktiivset koost\u00f6\u00f6d saksa okupantidega, <\/span><\/li>\n<li><span style=\"font-family: verdana,geneva;font-size: small\">s\u00f5jaj\u00e4rgselt ei l\u00fclitunud aktiivselt loomingulisse tegevusse, <\/span><\/li>\n<li><span style=\"font-family: verdana,geneva;font-size: small\">levitas \u00fcli\u00f5pilaste seas kodanlik natsionalistlikke vaateid, <\/span><\/li>\n<li><span style=\"font-family: verdana,geneva;font-size: small\">hoidis n\u00f5ukogudevastast kirjandust.<\/span><\/li>\n<\/ul>\n<\/td>\n<\/tr>\n<tr>\n<td>\n<p><img loading=\"lazy\" decoding=\"async\" width=\"211\" height=\"254\" class=\"alignnone wp-image-56\" src=\"https:\/\/sisu.ut.ee\/wp-content\/uploads\/sites\/71\/paragrahv2.jpg\" title=\"paragrahv2.jpg\" alt=\"paragrahv2.jpg\"><\/p>\n<\/td>\n<td>\n<p><span style=\"font-family: verdana,geneva;font-size: small\">Sama r\u00e4nk karistus \u00a7\u00a7 58-1a, 58-10 lg 2 alusel m\u00e4\u00e4rati 15. jaanuaril 1951 s\u00f5jatribunali poolt <strong>Tuudur Vettikule<\/strong>, tema s\u00fc\u00fcdistuste loetelu oli sarnane P\u00e4tsiga, millele lisandus veel paar t\u00e4iendust:<\/span><\/p>\n<ul>\n<li><span style=\"font-family: verdana,geneva;font-size: small\">andis reeturlikke tunnistusi n\u00f5ukogude kodaniku Aado Velmeti kohta,<\/span><\/li>\n<li><span style=\"font-family: verdana,geneva;font-size: small\">p\u00fc\u00fcdis levitada laiades massides muusika ja laulude kaudu kodanlik natsionalistlikku m\u00f5ju.<\/span><\/li>\n<\/ul>\n<\/td>\n<\/tr>\n<tr>\n<td>\n<p><span style=\"font-family: verdana,geneva;font-size: small\"><img loading=\"lazy\" decoding=\"async\" width=\"211\" height=\"254\" class=\"alignnone wp-image-56\" src=\"https:\/\/sisu.ut.ee\/wp-content\/uploads\/sites\/71\/paragrahv2.jpg\" title=\"paragrahv2.jpg\" alt=\"paragrahv2.jpg\"><\/span><\/p>\n<\/td>\n<td style=\"background-color: #f4f2ed\">\n<p><span style=\"font-family: verdana,geneva;font-size: small\"><strong>Alfred Karindi<\/strong> asi saadeti otsustamisele Moskvasse kuna see oli seotud julgeolekuorganite kaast\u00f6\u00f6tajatega. Erin\u00f5upidamise poolt esitati Karindile s\u00fc\u00fcdistus \u00a7 58-1a, 58-10 lg 2, 121 alusel, mis formuleerus 14. aprillil 1951 10-aastaseks karistuseks paranduslike t\u00f6\u00f6de laagris \u00fches kogu varanduse konfiskeerimisega, viimane punkt langes osaks ka P\u00e4tsile ja Vettikule. S\u00fc\u00fcdistuste l\u00fchikokkuv\u00f5te Karindile k\u00f5las j\u00e4rgmiselt:<\/span><\/p>\n<ul>\n<li><span style=\"font-family: verdana,geneva;font-size: small\">oli kodanlik natsionalist ja n\u00f5ukogudevastaselt meelestatud isik, <\/span><\/li>\n<li><span style=\"font-family: verdana,geneva;font-size: small\">tegi aktiivset koost\u00f6\u00f6d saksa okupantidega, <\/span><\/li>\n<li><span style=\"font-family: verdana,geneva;font-size: small\">tegeles n\u00f5ukogudevastase ja reeturliku tegevusega,<\/span><\/li>\n<li><span style=\"font-family: verdana,geneva;font-size: small\">paljastas avaldamisele mittekuuluvaid andmeid, <\/span><\/li>\n<li><span style=\"font-family: verdana,geneva;font-size: small\">hoidis keelatud kontrrevolutsioonilist kirjandust ja oma t\u00fctre n\u00f5ukogudevastase sisuga kirju.<\/span><\/li>\n<\/ul>\n<\/td>\n<td><\/td>\n<\/tr>\n<\/tbody>\n<\/table>\n","protected":false},"excerpt":{"rendered":"<p>Mis olid need \u201evead\u201c Eesti muusikaelus, mille \u00fcmber s\u00fc\u00fcdistusi p\u00f5imiti? K\u00f5iki kolme s\u00fc\u00fcdistati kodanlikus natsionalismis ja n\u00f5ukogudevastases tegevuses, mis avaldus nende vaadetes, loomingus, t\u00f6\u00f6- ja \u00f5ppemeetodites, suhtlemises tudengitega ning minevikus, millest nad vabaneda polnud suutnud. 22. detsembril 1950 j\u00f5udis Riho &#8230;<\/p>\n","protected":false},"author":26,"featured_media":0,"parent":0,"menu_order":0,"comment_status":"closed","ping_status":"closed","template":"","meta":{"_acf_changed":false,"inline_featured_image":false,"footnotes":""},"class_list":["post-12","page","type-page","status-publish","hentry"],"acf":[],"_links":{"self":[{"href":"https:\/\/sisu.ut.ee\/ykp1\/wp-json\/wp\/v2\/pages\/12","targetHints":{"allow":["GET"]}}],"collection":[{"href":"https:\/\/sisu.ut.ee\/ykp1\/wp-json\/wp\/v2\/pages"}],"about":[{"href":"https:\/\/sisu.ut.ee\/ykp1\/wp-json\/wp\/v2\/types\/page"}],"author":[{"embeddable":true,"href":"https:\/\/sisu.ut.ee\/ykp1\/wp-json\/wp\/v2\/users\/26"}],"replies":[{"embeddable":true,"href":"https:\/\/sisu.ut.ee\/ykp1\/wp-json\/wp\/v2\/comments?post=12"}],"version-history":[{"count":1,"href":"https:\/\/sisu.ut.ee\/ykp1\/wp-json\/wp\/v2\/pages\/12\/revisions"}],"predecessor-version":[{"id":78,"href":"https:\/\/sisu.ut.ee\/ykp1\/wp-json\/wp\/v2\/pages\/12\/revisions\/78"}],"wp:attachment":[{"href":"https:\/\/sisu.ut.ee\/ykp1\/wp-json\/wp\/v2\/media?parent=12"}],"curies":[{"name":"wp","href":"https:\/\/api.w.org\/{rel}","templated":true}]}}