{"id":11,"date":"2024-04-03T23:16:22","date_gmt":"2024-04-03T20:16:22","guid":{"rendered":"https:\/\/sisu.ut.ee\/ykp1\/toimiku-naidis\/"},"modified":"2024-04-03T23:18:34","modified_gmt":"2024-04-03T20:18:34","slug":"toimiku-naidis","status":"publish","type":"page","link":"https:\/\/sisu.ut.ee\/ykp1\/toimiku-naidis\/","title":{"rendered":"Toimiku n\u00e4idis"},"content":{"rendered":"<p><span style=\"color: #000000;font-family: verdana,geneva\">Allj\u00e4rgnevalt on esitatud m\u00f5ningad <strong>n\u00e4idislehek\u00fcljed isikutoimikust<\/strong>. <\/span><\/p><ul><li><span style=\"color: #000000;font-family: verdana,geneva\">Esmalt toimiku (delo) kaas;<\/span><\/li><li><span style=\"color: #000000;font-family: verdana,geneva\">arreteerimism\u00e4\u00e4rus (postanovlenije)(eesti keeles \u201cm\u00e4\u00e4rus kahjuliku tegevuse katkestamiseks\u201d, vene keeles \u201cm\u00e4\u00e4rus t\u00f5kendabin\u00f5ude valimiseks\u201d) <span style=\"font-family: Times New Roman;font-size: medium\"><\/span>isiku kinnipidamise kohta; <\/span><\/li><li><span style=\"color: #000000;font-family: verdana,geneva\">order isiku arreteerimiseks ja l\u00e4biotsimise toestmiseks;<br><\/span><\/li><li><span style=\"color: #000000;font-family: verdana,geneva\">arreteeritu isikuankeet (3lk), mille l\u00f5pus on ka isiku foto ja s\u00f5rmej\u00e4lg;<br><\/span><\/li><li><span style=\"color: #000000;font-family: verdana,geneva\">loend (opis) (2lk) kinnipeetule kuulunud esemete kohta;<\/span><\/li><li><span style=\"color: #000000;font-family: verdana,geneva\"> akt l\u00e4biotsimise kohta (2lk), millele on alla kirjutanud ka l\u00e4biotsimise juures viibinud isikud;<\/span><\/li><li><span style=\"color: #000000;font-family: verdana,geneva\">3.03.1950 teostatud \u00fclekuulamise t\u00e4ismahus protokoll (10lk), mille l\u00f5pus on kinnipeetava kinnitus, et tema poolt antud tunnistused on \u00fcles t\u00e4hendatud \u00f5igesti, mida ta kinnitab sealjuures allkirjaga. Parandused, mis protokolli \u00fclelugemisel tehti, tuli kinnipeetava poolt samuti allkirjaga kinnitada konkreetse lehek\u00fclje allservas.<\/span><\/li><\/ul><p><span style=\"color: #000000;font-family: verdana,geneva\">P\u00e4tsi uurimistoimik. (Fotod: ERAF)<\/span><\/p><br><figure class=\"wp-block-gallery has-nested-images columns-3 is-cropped wp-block-gallery-1 is-layout-flex wp-block-gallery-is-layout-flex\"><figure class=\"wp-block-image size-large\"><a href=\"https:\/\/sisu.ut.ee\/wp-content\/uploads\/sites\/71\/img_1664-scaled.jpg\"><img decoding=\"async\" data-id=\"36\" src=\"https:\/\/sisu.ut.ee\/wp-content\/uploads\/sites\/71\/img_1664-scaled.jpg\" alt=\"\" class=\"wp-ima&lt;\/figcaption&gt;&lt;\/figure&gt;&lt;figure class=\" wp-block-image size-large><\/a><a href=\"https:\/\/sisu.ut.ee\/wp-content\/uploads\/sites\/71\/img_1665-scaled.jpg\"><img decoding=\"async\" data-id=\"37\" src=\"https:\/\/sisu.ut.ee\/wp-content\/uploads\/sites\/71\/img_1665-scaled.jpg\" alt=\"\" class=\"wp-ima&lt;\/figcaption&gt;&lt;\/figure&gt;&lt;figure class=\" wp-block-image size-large><\/a><a href=\"https:\/\/sisu.ut.ee\/wp-content\/uploads\/sites\/71\/img_1666-scaled.jpg\"><img decoding=\"async\" data-id=\"38\" src=\"https:\/\/sisu.ut.ee\/wp-content\/uploads\/sites\/71\/img_1666-scaled.jpg\" alt=\"\" class=\"wp-ima&lt;\/figcaption&gt;&lt;\/figure&gt;&lt;figure class=\" wp-block-image size-large><\/a><a href=\"https:\/\/sisu.ut.ee\/wp-content\/uploads\/sites\/71\/img_1667-scaled.jpg\"><img decoding=\"async\" data-id=\"39\" src=\"https:\/\/sisu.ut.ee\/wp-content\/uploads\/sites\/71\/img_1667-scaled.jpg\" alt=\"\" class=\"wp-ima&lt;\/figcaption&gt;&lt;\/figure&gt;&lt;figure class=\" wp-block-image size-large><\/a><a href=\"https:\/\/sisu.ut.ee\/wp-content\/uploads\/sites\/71\/img_1668-scaled.jpg\"><img decoding=\"async\" data-id=\"40\" src=\"https:\/\/sisu.ut.ee\/wp-content\/uploads\/sites\/71\/img_1668-scaled.jpg\" alt=\"\" class=\"wp-ima&lt;\/figcaption&gt;&lt;\/figure&gt;&lt;figure class=\" wp-block-image size-large><\/a><a href=\"https:\/\/sisu.ut.ee\/wp-content\/uploads\/sites\/71\/img_1669-scaled.jpg\"><img decoding=\"async\" data-id=\"41\" src=\"https:\/\/sisu.ut.ee\/wp-content\/uploads\/sites\/71\/img_1669-scaled.jpg\" alt=\"\" class=\"wp-ima&lt;\/figcaption&gt;&lt;\/figure&gt;&lt;figure class=\" wp-block-image size-large><\/a><a href=\"https:\/\/sisu.ut.ee\/wp-content\/uploads\/sites\/71\/img_1670-scaled.jpg\"><img decoding=\"async\" data-id=\"42\" src=\"https:\/\/sisu.ut.ee\/wp-content\/uploads\/sites\/71\/img_1670-scaled.jpg\" alt=\"\" class=\"wp-ima&lt;\/figcaption&gt;&lt;\/figure&gt;&lt;figure class=\" wp-block-image size-large><\/a><a href=\"https:\/\/sisu.ut.ee\/wp-content\/uploads\/sites\/71\/img_1671-scaled.jpg\"><img decoding=\"async\" data-id=\"43\" src=\"https:\/\/sisu.ut.ee\/wp-content\/uploads\/sites\/71\/img_1671-scaled.jpg\" alt=\"\" class=\"wp-ima&lt;\/figcaption&gt;&lt;\/figure&gt;&lt;figure class=\" wp-block-image size-large><\/a><a href=\"https:\/\/sisu.ut.ee\/wp-content\/uploads\/sites\/71\/img_1672-scaled.jpg\"><img decoding=\"async\" data-id=\"44\" src=\"https:\/\/sisu.ut.ee\/wp-content\/uploads\/sites\/71\/img_1672-scaled.jpg\" alt=\"\" class=\"wp-ima&lt;\/figcaption&gt;&lt;\/figure&gt;&lt;figure class=\" wp-block-image size-large><\/a><a href=\"https:\/\/sisu.ut.ee\/wp-content\/uploads\/sites\/71\/img_1673-scaled.jpg\"><img decoding=\"async\" data-id=\"45\" src=\"https:\/\/sisu.ut.ee\/wp-content\/uploads\/sites\/71\/img_1673-scaled.jpg\" alt=\"\" class=\"wp-ima&lt;\/figcaption&gt;&lt;\/figure&gt;&lt;figure class=\" wp-block-image size-large><\/a><a href=\"https:\/\/sisu.ut.ee\/wp-content\/uploads\/sites\/71\/img_1674-scaled.jpg\"><img decoding=\"async\" data-id=\"46\" src=\"https:\/\/sisu.ut.ee\/wp-content\/uploads\/sites\/71\/img_1674-scaled.jpg\" alt=\"\" class=\"wp-ima&lt;\/figcaption&gt;&lt;\/figure&gt;&lt;figure class=\" wp-block-image size-large><\/a><a href=\"https:\/\/sisu.ut.ee\/wp-content\/uploads\/sites\/71\/img_1675-scaled.jpg\"><img decoding=\"async\" data-id=\"47\" src=\"https:\/\/sisu.ut.ee\/wp-content\/uploads\/sites\/71\/img_1675-scaled.jpg\" alt=\"\" class=\"wp-ima&lt;\/figcaption&gt;&lt;\/figure&gt;&lt;figure class=\" wp-block-image size-large><\/a><a href=\"https:\/\/sisu.ut.ee\/wp-content\/uploads\/sites\/71\/img_1676-scaled.jpg\"><img decoding=\"async\" data-id=\"48\" src=\"https:\/\/sisu.ut.ee\/wp-content\/uploads\/sites\/71\/img_1676-scaled.jpg\" alt=\"\" class=\"wp-ima&lt;\/figcaption&gt;&lt;\/figure&gt;&lt;figure class=\" wp-block-image size-large><\/a><a href=\"https:\/\/sisu.ut.ee\/wp-content\/uploads\/sites\/71\/img_1677-scaled.jpg\"><img decoding=\"async\" data-id=\"49\" src=\"https:\/\/sisu.ut.ee\/wp-content\/uploads\/sites\/71\/img_1677-scaled.jpg\" alt=\"\" class=\"wp-ima&lt;\/figcaption&gt;&lt;\/figure&gt;&lt;figure class=\" wp-block-image size-large><\/a><a href=\"https:\/\/sisu.ut.ee\/wp-content\/uploads\/sites\/71\/img_1678-scaled.jpg\"><img decoding=\"async\" data-id=\"50\" src=\"https:\/\/sisu.ut.ee\/wp-content\/uploads\/sites\/71\/img_1678-scaled.jpg\" alt=\"\" class=\"wp-ima&lt;\/figcaption&gt;&lt;\/figure&gt;&lt;figure class=\" wp-block-image size-large><\/a><a href=\"https:\/\/sisu.ut.ee\/wp-content\/uploads\/sites\/71\/img_1679-scaled.jpg\"><img decoding=\"async\" data-id=\"51\" src=\"https:\/\/sisu.ut.ee\/wp-content\/uploads\/sites\/71\/img_1679-scaled.jpg\" alt=\"\" class=\"wp-ima&lt;\/figcaption&gt;&lt;\/figure&gt;&lt;figure class=\" wp-block-image size-large><\/a><a href=\"https:\/\/sisu.ut.ee\/wp-content\/uploads\/sites\/71\/img_1680-scaled.jpg\"><img decoding=\"async\" data-id=\"52\" src=\"https:\/\/sisu.ut.ee\/wp-content\/uploads\/sites\/71\/img_1680-scaled.jpg\" alt=\"\" class=\"wp-ima&lt;\/figcaption&gt;&lt;\/figure&gt;&lt;figure class=\" wp-block-image size-large><\/a><a href=\"https:\/\/sisu.ut.ee\/wp-content\/uploads\/sites\/71\/img_1681-scaled.jpg\"><img decoding=\"async\" data-id=\"53\" src=\"https:\/\/sisu.ut.ee\/wp-content\/uploads\/sites\/71\/img_1681-scaled.jpg\" alt=\"\" class=\"wp-ima&lt;\/figcaption&gt;&lt;\/figure&gt;&lt;figure class=\" wp-block-image size-large><\/a><a href=\"https:\/\/sisu.ut.ee\/wp-content\/uploads\/sites\/71\/img_1682-scaled.jpg\"><img decoding=\"async\" data-id=\"54\" src=\"https:\/\/sisu.ut.ee\/wp-content\/uploads\/sites\/71\/img_1682-scaled.jpg\" alt=\"\" class=\"wp-ima&lt;\/figcaption&gt;&lt;\/figure&gt;&lt;figure class=\" wp-block-image size-large><\/a><a href=\"https:\/\/sisu.ut.ee\/wp-content\/uploads\/sites\/71\/img_1683-scaled.jpg\"><img decoding=\"async\" data-id=\"55\" src=\"https:\/\/sisu.ut.ee\/wp-content\/uploads\/sites\/71\/img_1683-scaled.jpg\" alt=\"\" class=\"wp-ima&lt;\/figcaption&gt;&lt;\/figure&gt;&lt;\/figure&gt;\"><\/a><\/figure><\/figure>","protected":false},"excerpt":{"rendered":"<p>Allj\u00e4rgnevalt on esitatud m\u00f5ningad n\u00e4idislehek\u00fcljed isikutoimikust. Esmalt toimiku (delo) kaas; arreteerimism\u00e4\u00e4rus (postanovlenije)(eesti keeles \u201cm\u00e4\u00e4rus kahjuliku tegevuse katkestamiseks\u201d, vene keeles \u201cm\u00e4\u00e4rus t\u00f5kendabin\u00f5ude valimiseks\u201d) isiku kinnipidamise kohta; order isiku arreteerimiseks ja l\u00e4biotsimise toestmiseks; arreteeritu isikuankeet (3lk), mille l\u00f5pus on ka isiku foto &#8230;<\/p>\n","protected":false},"author":26,"featured_media":0,"parent":0,"menu_order":0,"comment_status":"closed","ping_status":"closed","template":"","meta":{"_acf_changed":false,"inline_featured_image":false,"footnotes":""},"class_list":["post-11","page","type-page","status-publish","hentry"],"acf":[],"_links":{"self":[{"href":"https:\/\/sisu.ut.ee\/ykp1\/wp-json\/wp\/v2\/pages\/11","targetHints":{"allow":["GET"]}}],"collection":[{"href":"https:\/\/sisu.ut.ee\/ykp1\/wp-json\/wp\/v2\/pages"}],"about":[{"href":"https:\/\/sisu.ut.ee\/ykp1\/wp-json\/wp\/v2\/types\/page"}],"author":[{"embeddable":true,"href":"https:\/\/sisu.ut.ee\/ykp1\/wp-json\/wp\/v2\/users\/26"}],"replies":[{"embeddable":true,"href":"https:\/\/sisu.ut.ee\/ykp1\/wp-json\/wp\/v2\/comments?post=11"}],"version-history":[{"count":2,"href":"https:\/\/sisu.ut.ee\/ykp1\/wp-json\/wp\/v2\/pages\/11\/revisions"}],"predecessor-version":[{"id":89,"href":"https:\/\/sisu.ut.ee\/ykp1\/wp-json\/wp\/v2\/pages\/11\/revisions\/89"}],"wp:attachment":[{"href":"https:\/\/sisu.ut.ee\/ykp1\/wp-json\/wp\/v2\/media?parent=11"}],"curies":[{"name":"wp","href":"https:\/\/api.w.org\/{rel}","templated":true}]}}