{"id":9,"date":"2024-04-04T04:16:21","date_gmt":"2024-04-04T01:16:21","guid":{"rendered":"https:\/\/sisu.ut.ee\/voimlemine\/lugemiseks\/"},"modified":"2024-04-04T04:16:28","modified_gmt":"2024-04-04T01:16:28","slug":"lugemiseks","status":"publish","type":"page","link":"https:\/\/sisu.ut.ee\/voimlemine\/lugemiseks\/","title":{"rendered":"Lugemiseks"},"content":{"rendered":"<p><strong>Kasulikud lingid:<\/strong><\/p>\n<ul>\n<li><a style=\"background-color: #ffffff\" href=\"http:\/\/www.ergoweb.com\/\" target=\"_blank\" rel=\"noopener\">http:\/\/www.ergoweb.com\/<\/a><\/li>\n<li>V\u00f5imlev ScreenSaver \u2013 <a style=\"background-color: #ffffff\" href=\"http:\/\/www.fitatwork.com\/\" target=\"_blank\" rel=\"noopener\">http:\/\/www.fitatwork.com\/<\/a><\/li>\n<\/ul>\n<p><strong>Kasulikud raamatud:<\/strong><\/p>\n<ul>\n<li>K. Hermlin. Kehahoiu ABC. T\u00dc Kirjastus, 2001<\/li>\n<li>E. Maiste, T. Mertsin, V. Utso. Tervise ja kehalise t\u00f6\u00f6v\u00f5ime arendamine noorukieas. T\u00dc Kirjastus, 1999<\/li>\n<\/ul>\n<p><strong>Kasutatud kirjandus:<\/strong><\/p>\n<ul>\n<li>Merisalo, T., Cedercreutz, G., Kukkonen, R., Lepist\u00f6, M., Luopoj\u00e4rvi, T., Waltari, L. The Neck and Work, Finnish Institute of Occupational Health, 1985<\/li>\n<\/ul>\n","protected":false},"excerpt":{"rendered":"<p>Kasulikud lingid: http:\/\/www.ergoweb.com\/ V\u00f5imlev ScreenSaver \u2013 http:\/\/www.fitatwork.com\/ Kasulikud raamatud: K. Hermlin. Kehahoiu ABC. T\u00dc Kirjastus, 2001 E. Maiste, T. Mertsin, V. Utso. Tervise ja kehalise t\u00f6\u00f6v\u00f5ime arendamine noorukieas. T\u00dc Kirjastus, 1999 Kasutatud kirjandus: Merisalo, T., Cedercreutz, G., Kukkonen, R., Lepist\u00f6, &#8230;<\/p>\n","protected":false},"author":9,"featured_media":0,"parent":0,"menu_order":0,"comment_status":"closed","ping_status":"closed","template":"","meta":{"_acf_changed":false,"inline_featured_image":false,"footnotes":""},"class_list":["post-9","page","type-page","status-publish","hentry"],"acf":[],"_links":{"self":[{"href":"https:\/\/sisu.ut.ee\/voimlemine\/wp-json\/wp\/v2\/pages\/9","targetHints":{"allow":["GET"]}}],"collection":[{"href":"https:\/\/sisu.ut.ee\/voimlemine\/wp-json\/wp\/v2\/pages"}],"about":[{"href":"https:\/\/sisu.ut.ee\/voimlemine\/wp-json\/wp\/v2\/types\/page"}],"author":[{"embeddable":true,"href":"https:\/\/sisu.ut.ee\/voimlemine\/wp-json\/wp\/v2\/users\/9"}],"replies":[{"embeddable":true,"href":"https:\/\/sisu.ut.ee\/voimlemine\/wp-json\/wp\/v2\/comments?post=9"}],"version-history":[{"count":1,"href":"https:\/\/sisu.ut.ee\/voimlemine\/wp-json\/wp\/v2\/pages\/9\/revisions"}],"predecessor-version":[{"id":93,"href":"https:\/\/sisu.ut.ee\/voimlemine\/wp-json\/wp\/v2\/pages\/9\/revisions\/93"}],"wp:attachment":[{"href":"https:\/\/sisu.ut.ee\/voimlemine\/wp-json\/wp\/v2\/media?parent=9"}],"curies":[{"name":"wp","href":"https:\/\/api.w.org\/{rel}","templated":true}]}}