{"id":10,"date":"2024-04-04T04:16:21","date_gmt":"2024-04-04T01:16:21","guid":{"rendered":"https:\/\/sisu.ut.ee\/voimlemine\/avaleht\/"},"modified":"2024-04-10T09:02:50","modified_gmt":"2024-04-10T06:02:50","slug":"avaleht","status":"publish","type":"page","link":"https:\/\/sisu.ut.ee\/voimlemine\/","title":{"rendered":"Avaleht"},"content":{"rendered":"<p><img loading=\"lazy\" decoding=\"async\" width=\"200\" height=\"149\" class=\"alignnone wp-image-64\" style=\"float: right; margin: 50px 20px;\" title=\"sissejuhatus2.jpg\" src=\"https:\/\/sisu.ut.ee\/wp-content\/uploads\/sites\/275\/sissejuhatus2.jpg\" alt=\"sissejuhatus2.jpg\"><\/p>\n<p style=\"text-align: left;\">Tere tulemast kursusele V\u00f5imlemine t\u00f6\u00f6kohal!<\/p>\n<p>Kursuse koostajad:<\/p>\n<ul>\n<li>Kaja Hermlin \u2013 Tartu \u00dclikooli Spordipedagoogika ja treeningu\u00f5petuse instituudi treeningu\u00f5petuse \u00f5ppetooli \u00f5ppej\u00f5ud. Peamised uurimisvaldkonnad teadust\u00f6\u00f6s on kehahoid ja r\u00fchivead ning r\u00fchitreeningu m\u00f5ju l\u00fclisamba ja puusaliigese funktsionaalsele seisundile. Raamatu \u201cKehahoiu ABS\u201d ning \u00f5ppefilmi \u201cR\u00fcht ja r\u00fchivead\u201d autor.<\/li>\n<li>Mai M\u00fc\u00fcr \u2013 MSc liikumis- ja sporditeadustes, tugi-ja liikumiselundkonna f\u00fcsioteraapiale ja ergonoomikale spetsialiseerunud f\u00fcsioterapeut.<\/li>\n<li>Krista Lukner \u2013 Tartu \u00dclikooli Kehakultuuriteaduskonna magistrant, spordi- ja terviseklubi Arena treener.<\/li>\n<\/ul>\n<p>Tehniline teostus: Triin Marandi (T\u00dc avatud \u00fclikooli keskuse haridustehnoloog) ja Karin Ruul (e-\u00d5ppe Arenduskeskuse koolituse projektijuht).<\/p>\n\n\n<figure class=\"wp-block-image aligncenter size-full\"><img loading=\"lazy\" decoding=\"async\" width=\"230\" height=\"122\" src=\"https:\/\/sisu.ut.ee\/wp-content\/uploads\/sites\/275\/rak1.png\" alt=\"\" class=\"wp-image-77\"><\/figure>\n","protected":false},"excerpt":{"rendered":"<p>Tere tulemast kursusele V\u00f5imlemine t\u00f6\u00f6kohal! Kursuse koostajad: Kaja Hermlin \u2013 Tartu \u00dclikooli Spordipedagoogika ja treeningu\u00f5petuse instituudi treeningu\u00f5petuse \u00f5ppetooli \u00f5ppej\u00f5ud. Peamised uurimisvaldkonnad teadust\u00f6\u00f6s on kehahoid ja r\u00fchivead ning r\u00fchitreeningu m\u00f5ju l\u00fclisamba ja puusaliigese funktsionaalsele seisundile. Raamatu \u201cKehahoiu ABS\u201d ning \u00f5ppefilmi \u201cR\u00fcht &#8230;<\/p>\n","protected":false},"author":9,"featured_media":0,"parent":0,"menu_order":0,"comment_status":"closed","ping_status":"closed","template":"","meta":{"_acf_changed":false,"inline_featured_image":false,"footnotes":""},"class_list":["post-10","page","type-page","status-publish","hentry"],"acf":[],"_links":{"self":[{"href":"https:\/\/sisu.ut.ee\/voimlemine\/wp-json\/wp\/v2\/pages\/10","targetHints":{"allow":["GET"]}}],"collection":[{"href":"https:\/\/sisu.ut.ee\/voimlemine\/wp-json\/wp\/v2\/pages"}],"about":[{"href":"https:\/\/sisu.ut.ee\/voimlemine\/wp-json\/wp\/v2\/types\/page"}],"author":[{"embeddable":true,"href":"https:\/\/sisu.ut.ee\/voimlemine\/wp-json\/wp\/v2\/users\/9"}],"replies":[{"embeddable":true,"href":"https:\/\/sisu.ut.ee\/voimlemine\/wp-json\/wp\/v2\/comments?post=10"}],"version-history":[{"count":3,"href":"https:\/\/sisu.ut.ee\/voimlemine\/wp-json\/wp\/v2\/pages\/10\/revisions"}],"predecessor-version":[{"id":104,"href":"https:\/\/sisu.ut.ee\/voimlemine\/wp-json\/wp\/v2\/pages\/10\/revisions\/104"}],"wp:attachment":[{"href":"https:\/\/sisu.ut.ee\/voimlemine\/wp-json\/wp\/v2\/media?parent=10"}],"curies":[{"name":"wp","href":"https:\/\/api.w.org\/{rel}","templated":true}]}}