{"id":8,"date":"2024-04-04T02:58:11","date_gmt":"2024-04-03T23:58:11","guid":{"rendered":"https:\/\/sisu.ut.ee\/virumudel\/juhtkomitee\/"},"modified":"2024-04-04T02:58:20","modified_gmt":"2024-04-03T23:58:20","slug":"juhtkomitee","status":"publish","type":"page","link":"https:\/\/sisu.ut.ee\/virumudel\/juhtkomitee\/","title":{"rendered":"Juhtkomitee"},"content":{"rendered":"<p>Projekti juhtkomiteesse kuuluvad:<\/p>\n<p>Esimees: Erik Puura, Tartu \u00dclikooli arendusprorektor<\/p>\n<p>Liikmed:<\/p>\n<ul>\n<li>Argo J\u00f5eleht, projekti vastutav t\u00e4itja ja h\u00fcdrogeoloogia t\u00f6\u00f6r\u00fchma juht, T\u00dc geoloogia vanemteadur<\/li>\n<li>Alvar Soesoo, projekti maavarade t\u00f6\u00f6r\u00fchma juht, T\u00dc ja TT\u00dc professor<\/li>\n<li>Janne Tamm, Keskkonnaministeeriumi maap\u00f5ue osakonna peaspetsialist<\/li>\n<li>Kersti T\u00fcrk, Keskkonnaministeeriumi veeosakonna peaspetsialist<\/li>\n<li>Eduard Pukkonen, ettev\u00f5tluse esindaja, Eesti Energia geoloog<\/li>\n<li>\n<div>Enno Vinni, Ida-Virumaa Omavalitsuste Liidu esindaja<\/div>\n<\/li>\n<li>\n<div>Maria Karus, Keskkonnaameti maavarade peaspetsialist<\/div>\n<\/li>\n<li>Erik Teinemaa, Eesti Keskkonnauuringute Keskuse \u00f5hukvaliteedi juhtimise osakonna juhataja<\/li>\n<li>Kadri Tamm\u00e4e, Kemit tarkvaraosakonna juhataja<\/li>\n<\/ul>\n","protected":false},"excerpt":{"rendered":"<p>Projekti juhtkomiteesse kuuluvad: Esimees: Erik Puura, Tartu \u00dclikooli arendusprorektor Liikmed: Argo J\u00f5eleht, projekti vastutav t\u00e4itja ja h\u00fcdrogeoloogia t\u00f6\u00f6r\u00fchma juht, T\u00dc geoloogia vanemteadur Alvar Soesoo, projekti maavarade t\u00f6\u00f6r\u00fchma juht, T\u00dc ja TT\u00dc professor Janne Tamm, Keskkonnaministeeriumi maap\u00f5ue osakonna peaspetsialist Kersti T\u00fcrk, &#8230;<\/p>\n","protected":false},"author":87,"featured_media":0,"parent":0,"menu_order":0,"comment_status":"closed","ping_status":"closed","template":"","meta":{"_acf_changed":false,"inline_featured_image":false,"footnotes":""},"class_list":["post-8","page","type-page","status-publish","hentry"],"acf":[],"_links":{"self":[{"href":"https:\/\/sisu.ut.ee\/virumudel\/wp-json\/wp\/v2\/pages\/8","targetHints":{"allow":["GET"]}}],"collection":[{"href":"https:\/\/sisu.ut.ee\/virumudel\/wp-json\/wp\/v2\/pages"}],"about":[{"href":"https:\/\/sisu.ut.ee\/virumudel\/wp-json\/wp\/v2\/types\/page"}],"author":[{"embeddable":true,"href":"https:\/\/sisu.ut.ee\/virumudel\/wp-json\/wp\/v2\/users\/87"}],"replies":[{"embeddable":true,"href":"https:\/\/sisu.ut.ee\/virumudel\/wp-json\/wp\/v2\/comments?post=8"}],"version-history":[{"count":1,"href":"https:\/\/sisu.ut.ee\/virumudel\/wp-json\/wp\/v2\/pages\/8\/revisions"}],"predecessor-version":[{"id":66,"href":"https:\/\/sisu.ut.ee\/virumudel\/wp-json\/wp\/v2\/pages\/8\/revisions\/66"}],"wp:attachment":[{"href":"https:\/\/sisu.ut.ee\/virumudel\/wp-json\/wp\/v2\/media?parent=8"}],"curies":[{"name":"wp","href":"https:\/\/api.w.org\/{rel}","templated":true}]}}