{"id":7,"date":"2024-04-04T02:58:11","date_gmt":"2024-04-03T23:58:11","guid":{"rendered":"https:\/\/sisu.ut.ee\/virumudel\/projekt\/"},"modified":"2024-04-04T02:58:20","modified_gmt":"2024-04-03T23:58:20","slug":"projekt","status":"publish","type":"page","link":"https:\/\/sisu.ut.ee\/virumudel\/projekt\/","title":{"rendered":"Projekt"},"content":{"rendered":"<p>Projekti \u201cVirumaa maavarade v\u00f5imaliku kaevandamise keskkonnam\u00f5jud p\u00f5hja- ja pinnaveele ning maastikule keskkonnageoloogiliste mudelitega anal\u00fc\u00fcsituna koos alternatiivsete leevendusmeetmetega\u201d \u00fcldeesm\u00e4rk on koostada teaduslikud Virumaa reaalsele geoloogilisele situatsioonile vastavad keskkonnageoloogilised mudelid, mis hindavad ja demonstreerivad v\u00f5imaliku kaevandamise keskkonnam\u00f5ju vastavalt v\u00f5imaliku kaevandamise ruumilisele ulatusele ja testida leevendus- ja korrastamismeetmete efektiivsust m\u00f5jude v\u00e4hendamiseks. Modelleerimise tulemused on kasutatavad nii avalikkuse harimiseks kui \u00f5ppeotstarbel.<\/p>\n<p>Projekt annab asjakohast sisendit Eesti maap\u00f5ue strateegia koostamise protsessile, l\u00e4bi anal\u00fc\u00fcsitud n\u00e4ited v\u00f5imaldavad strateegia koostamise tulemusi v\u00e4ga h\u00e4sti illustreerida ning demonstreerida, et p\u00f5him\u00f5tteliste keskkonnak\u00fcsimuste k\u00e4sitlemine peab eelnema majanduslikele uuringutele (nt potentsiaalse maavara rikastamise tehnoloogiate arendamine, tulude-kulude anal\u00fc\u00fcside koostamine jne).<\/p>\n<p>Projekti tulemusena valminud regionaalne h\u00fcdrogeoloogiline mudel, mis on seostatud Keskkonnaagentuuri andmebaasidega, ja \u00fchtlasi k\u00f5ik teised projekti tulemused antakse \u00fcle Keskkonnaministeeriumi haldusalasse, tulemused avalikustatakse juhtkogu poolt kokku lepitud viisil.<\/p>\n<p>Regionaalse h\u00fcdrogeoloogilise mudeli alusel on v\u00f5imalik k\u00e4ivitada uusi objekti-, juhtumi- ja stsenaariumip\u00f5hiseid uurimis- ja modelleerimist\u00f6id, muuhulgas nt p\u00f5levkivi arengukava t\u00e4itmise vajadustele vastavalt.<\/p>\n<p>Projekti tulemusena l\u00e4bi viidud p\u00f5hja- ja pinnavee modelleerimine ja maastikukujunduse praktikate ja p\u00f5hjendatud stsenaariumide n\u00e4itlikustamine annab tervikpildi, missugused on v\u00f5imalike uute kaevanduste keskkonnam\u00f5jud ja nende leevendusmeetmed Virumaal m\u00f5jude suhtes p\u00f5hja- ja pinnaveele ning maastikule.<\/p>\n<p>Projekti tulemusi on v\u00f5imalik edukalt kasutada \u00f5ppematerjalina k\u00f5ikidel haridustasemetel.<\/p>\n<p>Projekti kestvus on 1.07.2016 \u2013 31.05.2018.<\/p>\n","protected":false},"excerpt":{"rendered":"<p>Projekti \u201cVirumaa maavarade v\u00f5imaliku kaevandamise keskkonnam\u00f5jud p\u00f5hja- ja pinnaveele ning maastikule keskkonnageoloogiliste mudelitega anal\u00fc\u00fcsituna koos alternatiivsete leevendusmeetmetega\u201d \u00fcldeesm\u00e4rk on koostada teaduslikud Virumaa reaalsele geoloogilisele situatsioonile vastavad keskkonnageoloogilised mudelid, mis hindavad ja demonstreerivad v\u00f5imaliku kaevandamise keskkonnam\u00f5ju vastavalt v\u00f5imaliku kaevandamise ruumilisele ulatusele &#8230;<\/p>\n","protected":false},"author":87,"featured_media":0,"parent":0,"menu_order":0,"comment_status":"closed","ping_status":"closed","template":"","meta":{"_acf_changed":false,"inline_featured_image":false,"footnotes":""},"class_list":["post-7","page","type-page","status-publish","hentry"],"acf":[],"_links":{"self":[{"href":"https:\/\/sisu.ut.ee\/virumudel\/wp-json\/wp\/v2\/pages\/7","targetHints":{"allow":["GET"]}}],"collection":[{"href":"https:\/\/sisu.ut.ee\/virumudel\/wp-json\/wp\/v2\/pages"}],"about":[{"href":"https:\/\/sisu.ut.ee\/virumudel\/wp-json\/wp\/v2\/types\/page"}],"author":[{"embeddable":true,"href":"https:\/\/sisu.ut.ee\/virumudel\/wp-json\/wp\/v2\/users\/87"}],"replies":[{"embeddable":true,"href":"https:\/\/sisu.ut.ee\/virumudel\/wp-json\/wp\/v2\/comments?post=7"}],"version-history":[{"count":1,"href":"https:\/\/sisu.ut.ee\/virumudel\/wp-json\/wp\/v2\/pages\/7\/revisions"}],"predecessor-version":[{"id":67,"href":"https:\/\/sisu.ut.ee\/virumudel\/wp-json\/wp\/v2\/pages\/7\/revisions\/67"}],"wp:attachment":[{"href":"https:\/\/sisu.ut.ee\/virumudel\/wp-json\/wp\/v2\/media?parent=7"}],"curies":[{"name":"wp","href":"https:\/\/api.w.org\/{rel}","templated":true}]}}