{"id":6,"date":"2024-04-04T02:58:11","date_gmt":"2024-04-03T23:58:11","guid":{"rendered":"https:\/\/sisu.ut.ee\/virumudel\/avaleht\/"},"modified":"2024-04-22T14:26:01","modified_gmt":"2024-04-22T11:26:01","slug":"avaleht","status":"publish","type":"page","link":"https:\/\/sisu.ut.ee\/virumudel\/","title":{"rendered":"Avaleht"},"content":{"rendered":"<p><img loading=\"lazy\" decoding=\"async\" class=\"alignnone size-full wp-image-35\" src=\"https:\/\/sisu.ut.ee\/wp-content\/uploads\/sites\/179\/ban2.png\" alt=\"\" width=\"887\" height=\"67\" srcset=\"https:\/\/sisu.ut.ee\/wp-content\/uploads\/sites\/179\/ban2.png 887w, https:\/\/sisu.ut.ee\/wp-content\/uploads\/sites\/179\/ban2-300x23.png 300w, https:\/\/sisu.ut.ee\/wp-content\/uploads\/sites\/179\/ban2-768x58.png 768w\" sizes=\"auto, (max-width: 887px) 100vw, 887px\"><\/p>\n<p><img loading=\"lazy\" decoding=\"async\" width=\"980\" height=\"653\" class=\"alignnone wp-image-13\" title=\"img_0258b.png\" src=\"https:\/\/sisu.ut.ee\/wp-content\/uploads\/sites\/179\/img_0258b.png\" alt=\"img_0258b.png\" srcset=\"https:\/\/sisu.ut.ee\/wp-content\/uploads\/sites\/179\/img_0258b.png 980w, https:\/\/sisu.ut.ee\/wp-content\/uploads\/sites\/179\/img_0258b-300x200.png 300w, https:\/\/sisu.ut.ee\/wp-content\/uploads\/sites\/179\/img_0258b-768x512.png 768w\" sizes=\"auto, (max-width: 980px) 100vw, 980px\"><\/p>\n<h5 style=\"text-align: right;\">Karel Kravik, 2011<br>\nAhtme kaevanduse v\u00e4ljavool<\/h5>\n<p>Missugust m\u00f5ju p\u00f5hja- ja pinnaveele avaldab Virumaal p\u00f5levkivikaevanduste sulgemine ja avamine? Missugust m\u00f5ju avaldaks fosforiidi kaevandamine fosforiidi erinevatel levialadel? Kui seejuures kasutada t\u00f5husaid leevendusmeetmeid, missugune on nende ligikaudne maksumus ja kui palju ligikaudu t\u00f5useks toorme hind?<\/p>\n<p>Need on m\u00f5ned peamised k\u00fcsimused, millele annab vastuse Tartu \u00dclikooli poolt l\u00e4bi viidav ning Keskkonnainvesteeringute Keskuse poolt toetatud projekt \u201cVirumaa maavarade v\u00f5imaliku kaevandamise keskkonnam\u00f5jud p\u00f5hja- ja pinnaveele ning maastikule keskkonnageoloogiliste mudelitega anal\u00fc\u00fcsituna koos alternatiivsete leevendusmeetmetega\u201d (juuli 2016 \u2013 mai 2018).<\/p>\n<p>Projekti raames t\u00f6\u00f6tab kaks t\u00f6\u00f6r\u00fchma: h\u00fcdrogeoloogia t\u00f6\u00f6r\u00fchm vanemteadur Argo J\u00f5elehe juhtimisel ja maavarade t\u00f6\u00f6r\u00fchm professor Alvar Soesoo juhtimisel.<\/p>\n","protected":false},"excerpt":{"rendered":"<p>Karel Kravik, 2011 Ahtme kaevanduse v\u00e4ljavool Missugust m\u00f5ju p\u00f5hja- ja pinnaveele avaldab Virumaal p\u00f5levkivikaevanduste sulgemine ja avamine? Missugust m\u00f5ju avaldaks fosforiidi kaevandamine fosforiidi erinevatel levialadel? Kui seejuures kasutada t\u00f5husaid leevendusmeetmeid, missugune on nende ligikaudne maksumus ja kui palju ligikaudu t\u00f5useks &#8230;<\/p>\n","protected":false},"author":87,"featured_media":0,"parent":0,"menu_order":0,"comment_status":"closed","ping_status":"closed","template":"","meta":{"_acf_changed":false,"inline_featured_image":false,"footnotes":""},"class_list":["post-6","page","type-page","status-publish","hentry"],"acf":[],"_links":{"self":[{"href":"https:\/\/sisu.ut.ee\/virumudel\/wp-json\/wp\/v2\/pages\/6","targetHints":{"allow":["GET"]}}],"collection":[{"href":"https:\/\/sisu.ut.ee\/virumudel\/wp-json\/wp\/v2\/pages"}],"about":[{"href":"https:\/\/sisu.ut.ee\/virumudel\/wp-json\/wp\/v2\/types\/page"}],"author":[{"embeddable":true,"href":"https:\/\/sisu.ut.ee\/virumudel\/wp-json\/wp\/v2\/users\/87"}],"replies":[{"embeddable":true,"href":"https:\/\/sisu.ut.ee\/virumudel\/wp-json\/wp\/v2\/comments?post=6"}],"version-history":[{"count":2,"href":"https:\/\/sisu.ut.ee\/virumudel\/wp-json\/wp\/v2\/pages\/6\/revisions"}],"predecessor-version":[{"id":75,"href":"https:\/\/sisu.ut.ee\/virumudel\/wp-json\/wp\/v2\/pages\/6\/revisions\/75"}],"wp:attachment":[{"href":"https:\/\/sisu.ut.ee\/virumudel\/wp-json\/wp\/v2\/media?parent=6"}],"curies":[{"name":"wp","href":"https:\/\/api.w.org\/{rel}","templated":true}]}}