{"id":12,"date":"2024-04-04T02:58:11","date_gmt":"2024-04-03T23:58:11","guid":{"rendered":"https:\/\/sisu.ut.ee\/virumudel\/inimesed\/"},"modified":"2024-04-04T02:58:20","modified_gmt":"2024-04-03T23:58:20","slug":"inimesed","status":"publish","type":"page","link":"https:\/\/sisu.ut.ee\/virumudel\/inimesed\/","title":{"rendered":"Inimesed"},"content":{"rendered":"<p>Projekti meeskonda kuuluvad<\/p>\n<ul>\n<li>Argo J\u00f5eleht, vanemteadur, projekti vastutav t\u00e4itja ja h\u00fcdrogeoloogia t\u00f6\u00f6r\u00fchma juht (<a style=\"background-color: #ffffff\" href=\"mailto:argo.joeleht@ut.ee\">argo.joeleht@ut.ee<\/a>)<\/li>\n<li>Jane Puura, projekti tehniline koordinaator (<a style=\"background-color: #ffffff\" href=\"mailto:jane.puura@ut.ee\">jane.puura@ut.ee<\/a>)<\/li>\n<\/ul>\n<h3>Maavarade geoloogia t\u00f6\u00f6r\u00fchm<\/h3>\n<ul>\n<li>Alvar Soesoo, k\u00fclalisprofessor, maavarade geoloogia t\u00f6\u00f6r\u00fchma juht (<a style=\"background-color: #ffffff\" href=\"mailto:alvar.soesoo@gmail.com\">alvar.soesoo@gmail.com<\/a>)<\/li>\n<li>V\u00e4ino Puura, emeriitprofessor, projekti arendusn\u00f5unik (<a style=\"background-color: #ffffff\" href=\"mailto:vaino.puura@gmail.com\">vaino.puura@gmail.com<\/a>)<\/li>\n<li>J\u00fcri Plado, vanemteadur (<a style=\"background-color: #ffffff\" href=\"mailto:juri.plado@ut.ee\">juri.plado@ut.ee<\/a>)<\/li>\n<li>Katrin Kalla, maavarade geoinfos\u00fcsteemide spetsialist (<a style=\"background-color: #ffffff\" href=\"mailto:kartin.kalla@ut.ee\">kartin.kalla@ut.ee<\/a>)<\/li>\n<li>Kaidi Sarv, maastiku\u00f6koloogia spetsialist (kaidi.sarv@ut.ee)<\/li>\n<\/ul>\n<h3>H\u00fcdrogeoloogia t\u00f6\u00f6r\u00fchm<\/h3>\n<ul>\n<li>Argo J\u00f5eleht, vanemteadur, projekti vastutav t\u00e4itja ja h\u00fcdrogeoloogia t\u00f6\u00f6r\u00fchma juht (<a style=\"background-color: #ffffff\" href=\"mailto:argo.joeleht@ut.ee\">argo.joeleht@ut.ee<\/a>)<\/li>\n<li>Maile Polikarpus, h\u00fcdrogeoloogia peaspetsialist\u00a0(<a style=\"background-color: #ffffff\" href=\"mailto:maile.polikarpus@ut.ee\">maile.polikarpus@ut.ee<\/a>)<\/li>\n<li>Kristjan Rooni, h\u00fcdrogeoloogia spetsialist (<a style=\"background-color: #ffffff\" href=\"mailto:kristjan.rooni@ut.ee\">kristjan.rooni@ut.ee<\/a>)<\/li>\n<li>Andres Marandi, vanemteadur (andres.marandi@ut.ee)\u00a0<\/li>\n<li>Raul Paat, h\u00fcdrogeokeemia spetsialist (raul.paat@ut.ee)<\/li>\n<li>Marko Kohv, rakendusgeoloogia teadur (marko.kohv@ut.ee)<\/li>\n<\/ul>\n","protected":false},"excerpt":{"rendered":"<p>Projekti meeskonda kuuluvad Argo J\u00f5eleht, vanemteadur, projekti vastutav t\u00e4itja ja h\u00fcdrogeoloogia t\u00f6\u00f6r\u00fchma juht (argo.joeleht@ut.ee) Jane Puura, projekti tehniline koordinaator (jane.puura@ut.ee) Maavarade geoloogia t\u00f6\u00f6r\u00fchm Alvar Soesoo, k\u00fclalisprofessor, maavarade geoloogia t\u00f6\u00f6r\u00fchma juht (alvar.soesoo@gmail.com) V\u00e4ino Puura, emeriitprofessor, projekti arendusn\u00f5unik (vaino.puura@gmail.com) J\u00fcri Plado, vanemteadur &#8230;<\/p>\n","protected":false},"author":87,"featured_media":0,"parent":0,"menu_order":0,"comment_status":"closed","ping_status":"closed","template":"","meta":{"_acf_changed":false,"inline_featured_image":false,"footnotes":""},"class_list":["post-12","page","type-page","status-publish","hentry"],"acf":[],"_links":{"self":[{"href":"https:\/\/sisu.ut.ee\/virumudel\/wp-json\/wp\/v2\/pages\/12","targetHints":{"allow":["GET"]}}],"collection":[{"href":"https:\/\/sisu.ut.ee\/virumudel\/wp-json\/wp\/v2\/pages"}],"about":[{"href":"https:\/\/sisu.ut.ee\/virumudel\/wp-json\/wp\/v2\/types\/page"}],"author":[{"embeddable":true,"href":"https:\/\/sisu.ut.ee\/virumudel\/wp-json\/wp\/v2\/users\/87"}],"replies":[{"embeddable":true,"href":"https:\/\/sisu.ut.ee\/virumudel\/wp-json\/wp\/v2\/comments?post=12"}],"version-history":[{"count":1,"href":"https:\/\/sisu.ut.ee\/virumudel\/wp-json\/wp\/v2\/pages\/12\/revisions"}],"predecessor-version":[{"id":62,"href":"https:\/\/sisu.ut.ee\/virumudel\/wp-json\/wp\/v2\/pages\/12\/revisions\/62"}],"wp:attachment":[{"href":"https:\/\/sisu.ut.ee\/virumudel\/wp-json\/wp\/v2\/media?parent=12"}],"curies":[{"name":"wp","href":"https:\/\/api.w.org\/{rel}","templated":true}]}}